{"id":10,"date":"2021-04-13T08:27:41","date_gmt":"2021-04-13T06:27:41","guid":{"rendered":"https:\/\/lidovaremesla.cz\/web\/?page_id=10"},"modified":"2024-03-14T06:58:11","modified_gmt":"2024-03-14T05:58:11","slug":"nositele-tradice","status":"publish","type":"page","link":"https:\/\/lidovaremesla.cz\/web\/nositele-tradice\/","title":{"rendered":"Nositel\u00e9 tradice lidov\u00fdch \u0159emesel"},"content":{"rendered":"\n<h2 class=\"wp-block-heading\">Dr\u017eitel\u00e9 titulu Nositel tradice lidov\u00fdch \u0159emesel<\/h2>\n\n\n\n<p>Od roku 2001 ud\u011bluje ministr kultury \u010cesk\u00e9 republiky ka\u017edoro\u010dn\u011b vybran\u00fdm lidov\u00fdm v\u00fdrobc\u016fm titul Nositel tradice lidov\u00fdch \u0159emesel. Ud\u011blov\u00e1n\u00ed titulu je v sou\u010dasnosti upraveno na\u0159\u00edzen\u00edm vl\u00e1dy \u010d. 5\/2003 Sb. o ocen\u011bn\u00edch v oblasti kultury. Jedn\u00e1 se o \u010deskou verzi projektu UNESCO, nazvan\u00e9ho \u017dij\u00edc\u00ed lidsk\u00e9 poklady. Titul je ud\u011blov\u00e1n u p\u0159\u00edle\u017eitosti n\u00e1rodn\u00edho zah\u00e1jen\u00ed Dn\u016f evropsk\u00e9ho d\u011bdictv\u00ed, po\u0159\u00e1dan\u00e9ho Sdru\u017een\u00edm historick\u00fdch s\u00eddel \u010cech, Moravy a Slezska.<\/p>\n\n\n\n<ul class=\"wp-block-list\">\n<li><strong><a href=\"https:\/\/lidovaremesla.cz\/web\/wp-content\/uploads\/2021\/04\/sb004-03.pdf\" data-type=\"URL\" data-id=\"https:\/\/lidovaremesla.cz\/web\/wp-content\/uploads\/2021\/04\/sb004-03.pdf\">Na\u0159\u00edzen\u00ed vl\u00e1dy \u010d. 5\/2003 Sb., o ocen\u011bn\u00edch v oblasti kultury, ud\u011blovan\u00fdch Ministerstvem kultury<\/a><\/strong><\/li>\n\n\n\n<li><strong><a href=\"https:\/\/lidovaremesla.cz\/web\/wp-content\/uploads\/2021\/05\/prikazministrakultury2003.pdf\">P\u0159\u00edkaz ministra kultury \u010d. 13\/2003, kter\u00fdm se prov\u00e1d\u00ed na\u0159\u00edzen\u00ed vl\u00e1dy \u010d. 5\/2003 Sb., o ocen\u011bn\u00edch v oblasti kultury, ud\u011blovan\u00fdch Ministerstvem kultury \u00a7 29 s odkazem na \u00a7 25 a \u00a7 26 Titul &#8222;Nositel tradice lidov\u00fdch \u0159emesel&#8220;<\/a><\/strong><\/li>\n\n\n\n<li><strong><a href=\"https:\/\/lidovaremesla.cz\/web\/wp-content\/uploads\/2021\/05\/jednaci_rad_komise.pdf\">Jednac\u00ed \u0159\u00e1d komise pro v\u00fdb\u011br kandid\u00e1t\u016f k ud\u011blen\u00ed titulu &#8222;Nositel tradice lidov\u00fdch \u0159emesel&#8220;<\/a><\/strong><\/li>\n\n\n\n<li><strong><a href=\"https:\/\/lidovaremesla.cz\/web\/wp-content\/uploads\/2024\/03\/clenove24.docx\" data-type=\"URL\" data-id=\"https:\/\/lidovaremesla.cz\/web\/wp-content\/uploads\/2021\/04\/clenove_komise_2019_2020.pdf\">Komise pro v\u00fdb\u011br kandid\u00e1ta k ud\u011blen\u00ed titulu &#8222;Nositel tradice lidov\u00fdch \u0159emesel&#8220;<\/a><\/strong><\/li>\n\n\n\n<li><strong><a href=\"https:\/\/lidovaremesla.cz\/web\/wp-content\/uploads\/2021\/04\/nalezitosti_navrhu_na_udeleni_titulu.docx\" data-type=\"URL\" data-id=\"https:\/\/lidovaremesla.cz\/web\/wp-content\/uploads\/2021\/04\/nalezitosti_navrhu_na_udeleni_titulu.docx\">N\u00e1le\u017eitosti n\u00e1vrhu na ud\u011blen\u00ed titulu &#8222;Nositel tradice lidov\u00fdch \u0159emesel&#8220;<\/a><\/strong><\/li>\n\n\n\n<li><strong><a href=\"https:\/\/lidovaremesla.cz\/web\/wp-content\/uploads\/2021\/04\/metodicky_pokyn-zpracovani_nominace_na_udeleni_titulu_NTLR.pdf\" data-type=\"URL\" data-id=\"https:\/\/lidovaremesla.cz\/web\/wp-content\/uploads\/2021\/04\/metodicky_pokyn-zpracovani_nominace_na_udeleni_titulu_NTLR.pdf\">Metodick\u00fd pokyn k navrhov\u00e1n\u00ed titulu &#8222;Nositel tradice lidov\u00fdch \u0159emesel&#8220;<\/a><\/strong><\/li>\n\n\n\n<li><strong><a href=\"https:\/\/lidovaremesla.cz\/web\/wp-content\/uploads\/2021\/04\/souhlas_se_zpracovanim_osobnich_udaju.docx\" data-type=\"URL\" data-id=\"https:\/\/lidovaremesla.cz\/web\/wp-content\/uploads\/2021\/04\/souhlas_se_zpracovanim_osobnich_udaju.docx\">Souhlas se zpracov\u00e1n\u00edm osobn\u00edch \u00fadaj\u016f<\/a><\/strong><\/li>\n\n\n\n<li><strong><a href=\"https:\/\/lidovaremesla.cz\/web\/wp-content\/uploads\/2021\/04\/vzorova_nominace.pdf\" data-type=\"URL\" data-id=\"https:\/\/lidovaremesla.cz\/web\/wp-content\/uploads\/2021\/04\/vzorova_nominace.pdf\">Vzorov\u00e1 nominace<\/a><\/strong><\/li>\n<\/ul>\n","protected":false},"excerpt":{"rendered":"<p>Dr\u017eitel\u00e9 titulu Nositel tradice lidov\u00fdch \u0159emesel Od roku 2001 ud\u011bluje ministr kultury \u010cesk\u00e9 republiky ka\u017edoro\u010dn\u011b vybran\u00fdm lidov\u00fdm v\u00fdrobc\u016fm titul Nositel tradice lidov\u00fdch \u0159emesel. Ud\u011blov\u00e1n\u00ed titulu &hellip; <\/p>\n","protected":false},"author":1,"featured_media":0,"parent":0,"menu_order":0,"comment_status":"closed","ping_status":"closed","template":"","meta":{"footnotes":""},"class_list":["post-10","page","type-page","status-publish","hentry"],"_links":{"self":[{"href":"https:\/\/lidovaremesla.cz\/web\/wp-json\/wp\/v2\/pages\/10","targetHints":{"allow":["GET"]}}],"collection":[{"href":"https:\/\/lidovaremesla.cz\/web\/wp-json\/wp\/v2\/pages"}],"about":[{"href":"https:\/\/lidovaremesla.cz\/web\/wp-json\/wp\/v2\/types\/page"}],"author":[{"embeddable":true,"href":"https:\/\/lidovaremesla.cz\/web\/wp-json\/wp\/v2\/users\/1"}],"replies":[{"embeddable":true,"href":"https:\/\/lidovaremesla.cz\/web\/wp-json\/wp\/v2\/comments?post=10"}],"version-history":[{"count":9,"href":"https:\/\/lidovaremesla.cz\/web\/wp-json\/wp\/v2\/pages\/10\/revisions"}],"predecessor-version":[{"id":641,"href":"https:\/\/lidovaremesla.cz\/web\/wp-json\/wp\/v2\/pages\/10\/revisions\/641"}],"wp:attachment":[{"href":"https:\/\/lidovaremesla.cz\/web\/wp-json\/wp\/v2\/media?parent=10"}],"curies":[{"name":"wp","href":"https:\/\/api.w.org\/{rel}","templated":true}]}}