{"id":109,"date":"2021-04-13T09:14:32","date_gmt":"2021-04-13T07:14:32","guid":{"rendered":"https:\/\/lidovaremesla.cz\/web\/?page_id=109"},"modified":"2021-04-13T09:14:32","modified_gmt":"2021-04-13T07:14:32","slug":"spanelsko-adresar","status":"publish","type":"page","link":"https:\/\/lidovaremesla.cz\/web\/evropska-federace-remesel\/spanelsko-adresar\/","title":{"rendered":"\u0160pan\u011blsko &#8211; adres\u00e1\u0159"},"content":{"rendered":"\n<figure class=\"wp-block-image size-large is-resized\"><img loading=\"lazy\" decoding=\"async\" src=\"https:\/\/lidovaremesla.cz\/web\/wp-content\/uploads\/2021\/04\/1200px-Flag_of_Spain.svg_-1024x683.png\" alt=\"\" class=\"wp-image-110\" width=\"159\" height=\"105\" srcset=\"https:\/\/lidovaremesla.cz\/web\/wp-content\/uploads\/2021\/04\/1200px-Flag_of_Spain.svg_-1024x683.png 1024w, https:\/\/lidovaremesla.cz\/web\/wp-content\/uploads\/2021\/04\/1200px-Flag_of_Spain.svg_-300x200.png 300w, https:\/\/lidovaremesla.cz\/web\/wp-content\/uploads\/2021\/04\/1200px-Flag_of_Spain.svg_-768x512.png 768w, https:\/\/lidovaremesla.cz\/web\/wp-content\/uploads\/2021\/04\/1200px-Flag_of_Spain.svg_.png 1200w\" sizes=\"auto, (max-width: 159px) 100vw, 159px\" \/><\/figure>\n\n\n\n<h2 class=\"wp-block-heading\">Fundaci\u00f3n Espa\u0148ola Artesania (Nadace)<\/h2>\n\n\n\n<p><strong>C\u00cdLE ORGANIZACE<\/strong><\/p>\n\n\n\n<p>\u0160pan\u011blsk\u00e1 Nadace je neziskov\u00e1 organizace, kter\u00e1 se v\u011bnuje p\u0159edev\u0161\u00edm propagaci sektoru \u0159emesel, a to ve \u0160pan\u011blsku, Evrop\u011b a Latinsk\u00e9 Americe. Aktivn\u011b prov\u00e1d\u00ed v\u00fdzkum a v\u00fduku, rovn\u011b\u017e poskytuje technick\u00e9 poradenstv\u00ed, spolupracuje s&nbsp;vl\u00e1dn\u00edmi \u00fa\u0159ady, mezin\u00e1rodn\u00edmi organizacemi a um\u011bleck\u00fdmi organizacemi.<\/p>\n\n\n\n<p><strong>TECHNICK\u00c9 KANCEL\u00c1\u0158E VE \u0160PAN\u011aLSKU<\/strong><\/p>\n\n\n\n<p>Andalucia Region: Asociaci\u00f3n de empresarios Artesanos de Andalucia, Antequera &#8211; M\u00e1laga Castilla a Le\u00f3n Region: Centro de Artesania L\u00edzo, San Esteban de la Sierra &#8211; Salamanca Comunidad Valenciana Region: Imedes, Valencia<\/p>\n\n\n\n<p><strong>StrUKTURA ORGANIZACE<\/strong><\/p>\n\n\n\n<p>Nadace, v jej\u00edm\u017e p\u0159edstavenstvu jsou \u010dlenov\u00e9 Ministerstva v\u011bdy a technologie a Ministerstva \u0161kolstv\u00ed a kultury, zam\u011bstn\u00e1v\u00e1 profesion\u00e1ly v&nbsp;n\u00ed\u017ee uveden\u00fdch oblastech:<\/p>\n\n\n\n<ul class=\"wp-block-list\"><li>V\u00fdzkum a shroma\u017e\u010fov\u00e1n\u00ed dat<\/li><li>Obchodn\u00ed a technick\u00e1 v\u00fduka<\/li><li>Technick\u00e9 poradenstv\u00ed pro produkci a prodej<\/li><li>Evropsk\u00e9 programy<\/li><li>Spolupr\u00e1ce s&nbsp;Latinskou Amerikou<\/li><\/ul>\n\n\n\n<p><strong>SPECI\u00c1LN\u00cd AKTIVITY<\/strong><\/p>\n\n\n\n<ul class=\"wp-block-list\"><li>Pr\u016fvodce z\u00e1kazn\u00edka k&nbsp;evropsk\u00e9mu \u0159emeslnictv\u00ed (Evropsk\u00e1 unie)<\/li><li>Koordinace technick\u00fdch konferenc\u00ed, a to na \u00farovni n\u00e1rodn\u00ed, evropsk\u00e9 a latinsko-americk\u00e9<\/li><li>Informa\u010dn\u00ed slu\u017eba zdarma &#8211; v\u00edce ne\u017e 1500 konzultac\u00ed za rok<\/li><li>Programy na obnovu tradi\u010dn\u00edch \u0159emesel (UNESCO)<\/li><\/ul>\n\n\n\n<p><strong>VL\u00c1DA A FINANCOV\u00c1N\u00cd<\/strong><\/p>\n\n\n\n<p>Nadace nedost\u00e1v\u00e1 \u017e\u00e1dnou vl\u00e1dn\u00ed finan\u010dn\u00ed podporu, financuje si ve\u0161ker\u00e9 sv\u00e9 aktivity sama.<\/p>\n\n\n\n<figure class=\"wp-block-table\"><table><tbody><tr><th>Adresa:<\/th><td>Fundaci\u00f3n Espa\u0148ola ArtesaniaPresident: Manuel L\u00f3pez RuizMayor 4280 13 MadridSpain<\/td><\/tr><tr><th>Telefon:<\/th><td>00 34 91 5325103<\/td><\/tr><tr><th>Fax:<\/th><td>00 34 91 5329812<\/td><\/tr><tr><th>email:<\/th><td><a href=\"mailto:fundesarte@euroflat.es\">fundesarte@euroflat.es<\/a><\/td><\/tr><\/tbody><\/table><\/figure>\n\n\n\n<p><strong>KONTAKTY PRO MEZIN\u00c1RODN\u00cd VZTAHY<\/strong>Pedro Mart\u00ednez MASSA &#8211; gener\u00e1ln\u00ed \u0159editelConcha Dom\u00ednguez DE LA CONCHA &#8211; databankaAlfonso Aguilar CANTERA &#8211; technick\u00e9 poradenstv\u00ed<\/p>\n\n\n\n<h2 class=\"wp-block-heading\">Ofici\u00e1ln\u00ed str\u00e1nky Nadace<\/h2>\n\n\n\n<p>\u0160pan\u011blsk\u00e1 nadace lidov\u00fdch \u0159emesel m\u00e1 ofici\u00e1ln\u00ed str\u00e1nky na adrese&nbsp;<a href=\"http:\/\/www.fundesarte.org\/curso1.htm\">www.fundesarte.org\/curso1.htm<\/a>&nbsp;. Op\u011bt objev\u00edme \u0159adu odkaz\u016f:<\/p>\n\n\n\n<p><em>\u0160pan\u011blsk\u00e1 nadace lidov\u00fdch \u0159emesel<\/em>&nbsp;je zde uvedena charakteristika Nadace a jej\u00ed z\u00e1kladn\u00ed c\u00edle, datum zalo\u017een\u00ed.<\/p>\n\n\n\n<p><em>Organizace<\/em>&nbsp;popisuje financov\u00e1n\u00ed, pod kter\u00e9 patron\u00e1ty spad\u00e1, \u010dleny p\u0159edstavenstva (prezident Ilmo. Mr. luis Carlos More Garci&#8217;a), v\u0161ude jsou pododkazy na podrobn\u011bj\u0161\u00ed informace.<\/p>\n\n\n\n<p><em>Programy<\/em>&nbsp;obsahuje aktivn\u00ed obr\u00e1zky, jejich\u017e ozna\u010den\u00edm z\u00edsk\u00e1me detaily<\/p>\n\n\n\n<p><em>Projekty<\/em>&nbsp;na aktivn\u00ed map\u011b je mo\u017en\u00e9 zvolit oblast (\u0160pan\u011blsko, Latinsk\u00e1 Amerika, atd.), zobraz\u00ed se zam\u00fd\u0161len\u00e9 i aktu\u00e1ln\u00ed projekty .<\/p>\n\n\n\n<p><em>Specifick\u00e9 slu\u017eby Nadace<\/em>&nbsp;v\u00fd\u010det studi\u00ed a projekt\u016f, odkaz\u016f na design a technologii, kurzy, kongresy a sout\u011b\u017ee.<\/p>\n\n\n\n<p><em>Velk\u00e9 v\u00fdzvy<\/em>&nbsp;uv\u00e1d\u00ed hlavn\u00ed c\u00edle, kter\u00e9 si Nadace klade, a to v&nbsp;n\u00e1sleduj\u00edc\u00edch oblastech: modernizace podsektor\u016f, za\u010dlen\u011bn\u00ed sektoru \u0159emesel do pr\u016fmyslov\u00e9 spole\u010dnosti, zachov\u00e1n\u00ed kulturn\u00ed identity aj.<\/p>\n","protected":false},"excerpt":{"rendered":"<p>Fundaci\u00f3n Espa\u0148ola Artesania (Nadace) C\u00cdLE ORGANIZACE \u0160pan\u011blsk\u00e1 Nadace je neziskov\u00e1 organizace, kter\u00e1 se v\u011bnuje p\u0159edev\u0161\u00edm propagaci sektoru \u0159emesel, a to ve \u0160pan\u011blsku, Evrop\u011b a Latinsk\u00e9 &hellip; <\/p>\n","protected":false},"author":1,"featured_media":0,"parent":18,"menu_order":0,"comment_status":"closed","ping_status":"closed","template":"","meta":{"footnotes":""},"class_list":["post-109","page","type-page","status-publish","hentry"],"_links":{"self":[{"href":"https:\/\/lidovaremesla.cz\/web\/wp-json\/wp\/v2\/pages\/109","targetHints":{"allow":["GET"]}}],"collection":[{"href":"https:\/\/lidovaremesla.cz\/web\/wp-json\/wp\/v2\/pages"}],"about":[{"href":"https:\/\/lidovaremesla.cz\/web\/wp-json\/wp\/v2\/types\/page"}],"author":[{"embeddable":true,"href":"https:\/\/lidovaremesla.cz\/web\/wp-json\/wp\/v2\/users\/1"}],"replies":[{"embeddable":true,"href":"https:\/\/lidovaremesla.cz\/web\/wp-json\/wp\/v2\/comments?post=109"}],"version-history":[{"count":1,"href":"https:\/\/lidovaremesla.cz\/web\/wp-json\/wp\/v2\/pages\/109\/revisions"}],"predecessor-version":[{"id":111,"href":"https:\/\/lidovaremesla.cz\/web\/wp-json\/wp\/v2\/pages\/109\/revisions\/111"}],"up":[{"embeddable":true,"href":"https:\/\/lidovaremesla.cz\/web\/wp-json\/wp\/v2\/pages\/18"}],"wp:attachment":[{"href":"https:\/\/lidovaremesla.cz\/web\/wp-json\/wp\/v2\/media?parent=109"}],"curies":[{"name":"wp","href":"https:\/\/api.w.org\/{rel}","templated":true}]}}