{"id":112,"date":"2021-04-13T09:19:05","date_gmt":"2021-04-13T07:19:05","guid":{"rendered":"https:\/\/lidovaremesla.cz\/web\/?page_id=112"},"modified":"2021-04-13T09:19:05","modified_gmt":"2021-04-13T07:19:05","slug":"svedsko-historie","status":"publish","type":"page","link":"https:\/\/lidovaremesla.cz\/web\/evropska-federace-remesel\/svedsko-historie\/","title":{"rendered":"\u0160v\u00e9dsko &#8211; historie"},"content":{"rendered":"\n<figure class=\"wp-block-image is-resized\"><img loading=\"lazy\" decoding=\"async\" src=\"https:\/\/www.lidovaremesla.cz\/images\/Sweden.gif\" alt=\"\" width=\"166\" height=\"104\"\/><\/figure>\n\n\n\n<p>N\u00c1RODN\u00cd ASOCIACE \u0160V\u00c9DSK\u00ddCH SPOLE\u010cNOST\u00cd \u0158EMESEL &#8211; SHR<\/p>\n\n\n\n<p><strong>\u00davod<\/strong><\/p>\n\n\n\n<p>N\u00e1rodn\u00ed asociace \u0161v\u00e9dsk\u00fdch \u0159emesln\u00fdch spole\u010dnost\u00ed, SHR uspo\u0159\u00e1dala v\u00fdstavu &#8222;Du\u0161e \u0159emeslnictv\u00ed&#8220;, kterou oslavila na\u0161e organizace sv\u00e9 80t\u00e9 narozeniny v l\u00e9t\u011b 1992.<\/p>\n\n\n\n<p>SHR bylo zalo\u017eeno v roce 1912 a je to neziskov\u00e1 organizace s 26 pobo\u010dkami po cel\u00e9m \u0160v\u00e9dsku. Asociace p\u0159edstavuje a prezentuje \u0161v\u00e9dsk\u00e9 \u0159emeslnictv\u00ed \u0161ir\u0161\u00ed ve\u0159ejnosti prost\u0159ednictv\u00edm v\u00fduky a v\u00fdstav, a d\u00e1le pak se zab\u00fdv\u00e1 v\u00fdvojem a prodejem nov\u00fdch \u0159emeslnick\u00fdch produkt\u016f. C\u00edlem asociace je inspirovat sv\u00e9 vlastn\u00ed \u010dleny i \u0161ir\u0161\u00ed ve\u0159ejnost.<\/p>\n\n\n\n<p>&#8222;Du\u0161e \u0159emeslnictv\u00ed&#8220; je aktraktivn\u00ed v\u00fdstava s&nbsp;mo\u017enost\u00ed aktivn\u00ed tvo\u0159iv\u00e9 \u00fa\u010dasti pln\u00e1 v\u016fn\u00ed a zvuk\u016f l\u00e9ta. Chceme, aby v\u00fdstava p\u0159edstavovala hnut\u00ed \u0159emesln\u00edk\u016f, jak opravdu dnes vypad\u00e1 a aby inspirovala \u0159emesln\u00edky k v\u011bt\u0161\u00ed kreativit\u011b a odv\u00e1\u017enosti ve sv\u00e9 pr\u00e1ci.<\/p>\n\n\n\n<p>Tato v\u00fdstava byla prvn\u00edm krokem slo\u017eit\u011bj\u0161\u00edho pl\u00e1nu, v\u011bd\u011bli jsme, \u017ee bude nutn\u00e9 projekt d\u00e1le rozv\u00edjet.<\/p>\n\n\n\n<p><strong>P\u0159\u00edpravy na v\u00fdstavu<\/strong><\/p>\n\n\n\n<p>Na p\u0159\u00edpravy jsme m\u011bli pom\u011brn\u011b kr\u00e1tkou dobu, pouze jeden rok. Uv\u011bdomili jsme si, \u017ee bude efektivn\u011bj\u0161\u00ed pracovat v mal\u00e9m m\u011b\u0159\u00edtku a t\u00edm p\u00e1dem zalo\u017eit pouze \u010dty\u0159\u010dlennou skupinu, jej\u00edmi\u017e \u010dleny byli: Kerstin Andresson Ahlin, Eva Ohlsson, Raine Navin a Bj\u00f6rn Ed.<\/p>\n\n\n\n<p>Kerstin i j\u00e1 m\u00e1me ji\u017e za sebou minulost coby \u0159emeslni\u010dt\u00ed konzultanti. Pro tento projekt jsme t\u00edm p\u00e1dem pracovali jako &#8222;vedouc\u00ed t\u00fdm&#8220;.<\/p>\n\n\n\n<p>Raine Navin je um\u011blec zab\u00fdvaj\u00edc\u00ed se textiliemi, jeho\u017e \u00fakolem bylo inspirovat skupinu a p\u0159im\u011bt ji nal\u00e9zt neobvykl\u00e1 kreativn\u00ed \u0159e\u0161en\u00ed.<\/p>\n\n\n\n<p>Bj\u00f6rn Ed byl pro v\u00fdstavu architektem. Vybrali jsme si architekta, kter\u00fd by mohl b\u00fdt sou\u010dasn\u011b architektem i sc\u00e9nografem, kter\u00fd by mohl nal\u00e9zt inovativn\u00ed zp\u016fsoby vystavov\u00e1n\u00ed \u0159emeslnick\u00fdch d\u011bl. Jak Raine, tak Bj\u00f6rn jsou s SHR coby asociac\u00ed zab\u00fdvaj\u00edc\u00ed se \u0159emeslnick\u00fdmi v\u00fdrobky relativn\u011b dob\u0159e obezn\u00e1meni; jejich dlouholet\u00e9 zku\u0161enosti jim jejich pr\u00e1ci velmi usnadnily.<\/p>\n\n\n\n<p><strong>Vyb\u00edr\u00e1n\u00ed vystavovan\u00fdch p\u0159edm\u011bt\u016f<\/strong><\/p>\n\n\n\n<p>B\u011bhem podzimu 1991 jsme my \u010dty\u0159i procestovali \u0160v\u00e9dsko. Prezentovali jsme n\u00e1\u0161 n\u00e1vrh v\u00fdstavy na 5 region\u00e1ln\u00edch sch\u016fz\u00edch p\u0159edstavitel\u016f ka\u017ed\u00e9 \u0161v\u00e9dsk\u00e9 provincie. Tito p\u0159edstavitel\u00e9 n\u00e1m uk\u00e1zali sb\u00edrku \u0159emeslnick\u00fdch prac\u00ed z ka\u017ed\u00e9 oblasti a navrhli schopn\u00e9 \u0159emesln\u00edky. Po t\u011bchto p\u011bti sch\u016fz\u00edch jsme se vr\u00e1tili do Stockholmu a sestavili jsme seznamy produkt\u016f, kter\u00e9 jsme pak zaslali jednotliv\u00fdm p\u0159edstavitel\u016fm. Toho \u010dasu jsme v\u011bd\u011bli, \u017ee po\u017eadujeme v\u00edce p\u0159edm\u011bt\u016f ne\u017e budeme schopni vystavit. Pot\u0159ebovali jsme ve\u0161ker\u00e9 p\u0159edm\u011bty shrom\u00e1\u017edit v liljevalchsu a pod\u00edvat se, jak vypadaj\u00ed i ve vztahu k sob\u011b navz\u00e1jem, ne\u017e jsme se pro konkr\u00e9tn\u00ed objekt rozhodli.<\/p>\n\n\n\n<p>V t\u00e9to f\u00e1zi projektu pro n\u00e1s byla nedoceniteln\u00e1 pomoc mnoh\u00fdch \u0159emeslnick\u00fdch konzultant\u016f. V sou\u010dasnosti m\u00e1 \u0160v\u00e9dsko 60 \u0159emeslnick\u00fdch konzultant\u016f, jejich\u017e aktivity financuj\u00ed lok\u00e1ln\u00ed a n\u00e1rodn\u00ed \u00fa\u0159ady. Jejich \u00fakolem je zachovat kulturu, p\u0159en\u00e1\u0161et v\u011bdomosti, inspirovat a organizovat. Jejich c\u00edlem je navr\u00e1tit \u0159emeslnictv\u00ed do jeho p\u0159irozen\u00e9 pozice ve spole\u010dnosti.<\/p>\n\n\n\n<p><strong>Uspo\u0159\u00e1d\u00e1n\u00ed v\u00fdstavy<\/strong><\/p>\n\n\n\n<p>V\u00fdstava sest\u00e1vala t\u00e9m\u011b\u0159 z 900 objekt\u016f vystaven\u00fdch ve 12 m\u00edstnostech, plus velk\u00e9ho mno\u017estv\u00ed sc\u00e9nografie. Na jej\u00ed odstartov\u00e1n\u00ed jsme m\u011bli pouh\u00fdch 11 dn\u016f. Byla organizov\u00e1na tematicky po m\u00edstnostech. V ka\u017ed\u00e9 z 12 m\u00edstnost\u00ed byla zam\u011bstn\u00e1na jedna osoba jako m\u00edstn\u00ed manager.Ji\u017e byly p\u0159ipraveny detailn\u00ed n\u00e1\u010drty a seznamy objekt\u016f v ka\u017ed\u00e9 m\u00edstnosti. Co mo\u017en\u00e1 nejv\u00edc konstruk\u010dn\u00edch a mal\u00ed\u0159sk\u00fdch prac\u00ed se ud\u011blalo s p\u0159edstihem.<\/p>\n\n\n\n<p>Pom\u00e1halo n\u00e1m 30 \u0159emeslnick\u00fdch poradc\u016f a v\u00fdstavn\u00ed t\u00fdm liljevalchu. Bylo to n\u00e1ro\u010dn\u00fdch 11 dn\u00ed, ale d\u00edky dob\u0159e organizovan\u00fdm pl\u00e1n\u016fm a zru\u010dn\u00e9mu instalat\u00e9rsk\u00e9mu t\u00fdmu jsme byli schopni n\u00e1\u0161 \u00fakol dokon\u010dit bez p\u0159\u00edli\u0161n\u00e9ho mno\u017estv\u00ed p\u0159es\u010das\u016f.<\/p>\n\n\n\n<p><strong>liljevalchsk\u00e1 um\u011bleck\u00e1 galerie<\/strong><\/p>\n\n\n\n<p>liljevalch je prostorn\u00e1 galerie nach\u00e1zej\u00edc\u00ed se na ostrov\u011b v centr\u00e1ln\u00edm Stockholmu. SHR a liljevalch\u00b4s spolu ji\u017e p\u0159i mnoh\u00fdch p\u0159\u00edle\u017eitostech spolupracovali, a to ji\u017e od po\u010d\u00e1te\u010dn\u00edch let dvac\u00e1t\u00fdch. SHR m\u011blo svou exhibici u p\u0159\u00edle\u017eitosti sv\u00fdch 70t\u00fdch narozenin pr\u00e1v\u011b v t\u00e9to galerii.<\/p>\n\n\n\n<p>&#8222;Du\u0161e a \u0159emeslo&#8220; byla otev\u0159en\u00e1 po 11 t\u00fddn\u016f a m\u011bla v l\u00e9t\u011b nep\u0159etr\u017eit\u00fd proud n\u00e1v\u0161t\u011bvn\u00edk\u016f. Ke konci 11 t\u00fddne \u010dekali lid\u00e9 v dlouh\u00fdch front\u00e1ch na neobvykle hork\u00e9m stockholmsk\u00e9m slunci. Ne\u017e byla exhibice v srpnu uzav\u0159ena, vid\u011blo ji 116 000 (sto\u0161estn\u00e1ct tis\u00edc) n\u00e1v\u0161t\u011bvn\u00edk\u016f.<\/p>\n\n\n\n<p>Vn\u011bj\u0161ek budovy jsme vyzdobili tradi\u010dn\u00edmi m\u00e1jkami, t\u011bmi, kter\u00fdmi my \u0160v\u00e9dov\u00e9 oslavujeme letn\u00ed slunovrat. Ka\u017ed\u00e1 oblast \u0160v\u00e9dska m\u00e1 sv\u016fj speci\u00e1ln\u00ed zp\u016fsob zdoben\u00ed m\u00e1jek. Tyto jsou typick\u00e9 pro stockholmsk\u00e9 archipelago.<\/p>\n\n\n\n<p><strong>M\u00edstnosti<\/strong><\/p>\n\n\n\n<p>Ka\u017ed\u00e1 z m\u00edstnost\u00ed exhibice m\u011bla sv\u00e9 vlastn\u00ed t\u00e9ma. V\u0161echny objekty a sc\u00e9nografie dan\u00e9 m\u00edstnosti byly vybr\u00e1ny tak, aby byly s dan\u00fdm t\u00e9matem v souladu. Informa\u010dn\u00ed tabule v\u00fdstavy ve \u0161v\u00e9d\u0161tin\u011b i angli\u010dtin\u011b pod\u00e1valy informace o \u0159emesln\u00fdch technik\u00e1ch a materi\u00e1lech.<\/p>\n\n\n\n<p>Vztah mezi stavbou lod\u011b a \u0159emeslnictv\u00edm je \u00fast\u0159edn\u00edm t\u00e9matem LOD\u00cd. Zde jsou k vid\u011bn\u00ed v\u0161elijak\u00e9 mal\u00e9 \u0161v\u00e9dsk\u00e9 lod\u011b a tradi\u010dn\u00ed stavebn\u00ed techniky. Lod\u011b tohoto typu ji\u017e u\u017e\u00edvaly generace za generacemi, dokud nevyvinuly lo\u010f, kter\u00e1 byla pro jejich \u00fa\u010dely dokonal\u00e1.<\/p>\n\n\n\n<p>Dal\u0161\u00ed objekty vystaven\u00e9 v t\u00e9to m\u00edstnosti jsou svetry, hadrov\u00e9 roho\u017ee a cel\u00e1 \u0159ada ko\u0161\u016f slou\u017e\u00edc\u00edch k chyt\u00e1n\u00ed ryb.<\/p>\n\n\n\n<p>CIRKUS je v\u00fdplodem bujn\u00e9 fantazie Rainea Navina. Zde n\u00e1m ukazuje &#8222;\u0159emeslnictv\u00ed jako kv\u011btiny, \u0159emeslnictv\u00ed, kter\u00e9 m\u00e1 humor a \u0159emeslnictv\u00ed jako inspiraci.&#8220; Cirkus je m\u00edstnost, kter\u00e1 ukazuje snahu \u0159emeslnictv\u00ed prorazit tradi\u010dn\u00ed hranice a zp\u016fsoby my\u0161len\u00ed. Tato m\u00edstnost byla centrem mnoh\u00fdch aktivit b\u011bhem v\u00fdstavy, koncerty po\u010d\u00ednaje a workshopy kon\u010de.<\/p>\n\n\n\n<p>V centru RO\u010cN\u00cd OBDOB\u00cd SAMI je kata, typ samijsk\u00e9ho p\u0159\u00edbytku p\u0159ipom\u00ednaj\u00edc\u00ed stan. Kata je tradi\u010dn\u011b zdoben\u00e1 a obsahuje mnoho ru\u010dn\u011b vyroben\u00e9ho n\u00e1\u0159ad\u00ed a praktick\u00fdch p\u0159edm\u011bt\u016f. Samiov\u00e9 jsou domorod\u00ed nom\u00e1d\u0161t\u00ed obyvatel\u00e9, kte\u0159\u00ed \u017eij\u00ed p\u0159ev\u00e1\u017en\u011b v Laponsku v severn\u00edm \u0160v\u00e9dsku. Jsou to past\u00fd\u0159i sob\u016f a maj\u00ed sv\u00e9r\u00e1znou kulturu, kter\u00e1 se od modern\u00ed \u0161v\u00e9dsk\u00e9 kultury dramaticky li\u0161\u00ed. Samijsk\u00fd rok se rozd\u011bluje na osm ro\u010dn\u00edch obdob\u00ed, z \u010deho\u017e plyne, \u017ee si samij\u0161t\u00ed \u0159emesln\u00edci mus\u00ed pro ka\u017ed\u00e9 obdob\u00ed zhotovit n\u00e1\u0159ad\u00ed.<\/p>\n\n\n\n<p>P\u0159i uspo\u0159\u00e1d\u00e1n\u00ed t\u00e9to m\u00edstnosti jsme \u00fazce spolupracovali se Samisk\u00fdmi \u0159emeslnick\u00fdmi poradci.<\/p>\n\n\n\n<p>Jevi\u0161t\u011b je p\u0159ipraveno pro slavnostn\u00ed p\u0159\u00edle\u017eitost v&nbsp;d\u00edlu OSLAVY. Relativn\u00ed jednotv\u00e1rnost tradi\u010dn\u00edho ka\u017edodenn\u00edho \u017eivota byla obohacena dekoracemi o V\u00e1noc\u00edch, svatb\u00e1ch, k\u0159tech s dal\u0161\u00edch p\u0159\u00edle\u017eitostech. Mnoho z \u0159emesln\u00fdch v\u00fdrobk\u016f, kter\u00e9 se dnes vyr\u00e1b\u00ed, je inspirov\u00e1no pr\u00e1v\u011b t\u011bmito dekorativn\u00edmi objekty. V t\u00e9to m\u00edstnosti jsou rovn\u011b\u017e soubory \u0161v\u00e9dsk\u00fdch lidov\u00fdch kroj\u016f a svatebn\u00edch oblek\u016f.<\/p>\n\n\n\n<p>Svatebn\u00ed noc je zdobena velmi st\u0159\u00eddm\u011b a m\u00e1 a\u017e jakousi ob\u0159adn\u00ed jednoduchost. L\u00e1tka pokr\u00fdvaj\u00edc\u00ed svatebn\u00ed lo\u017ee je ln\u011bn\u00e1 s krajkov\u00fdm lemem ze \u0160v\u00e9dsk\u00e9 asociace krajek. Dal\u0161\u00ed exempl\u00e1\u0159e krajek jsou vystaveny v t\u00e9\u017ee m\u00edstnosti.<\/p>\n\n\n\n<p>\u017divouc\u00ed tradice ukazuj\u00ed p\u0159\u00edklady tradi\u010dn\u00edho \u0159emesla. \u010casto anonymn\u00ed \u0159emesln\u00edci kombinovali prakti\u010dnost s materi\u00e1lem a designem v jedin\u00e9m p\u0159edm\u011btu. Tyto nad\u010dasov\u00e9 kousky p\u0159en\u00e1\u0161ej\u00ed s\u00edlu ru\u010dn\u011b tvo\u0159en\u00fdch p\u0159edm\u011bt\u016f.<\/p>\n\n\n\n<p>\u0158emeslnick\u00fd obchod nab\u00edz\u00ed jedine\u010dnou selekci \u0159emeslnick\u00fdch prac\u00ed vybran\u00fdch z cel\u00e9ho \u0160v\u00e9dska. Vybran\u00e9 p\u0159edm\u011bty musely b\u00fdt:<\/p>\n\n\n\n<ul class=\"wp-block-list\"><li>s dobr\u00fdm designem, funk\u010dn\u00ed a dost\u00e1vat jist\u00fdm standard\u016fm kvality<\/li><li>typick\u00e9 pro provincii v\u00fdroby<\/li><li>prodejn\u00e9 z hlediska ceny<\/li><li>snadno doobjednateln\u00e9, tj \u0159emesln\u00edk musel b\u00fdt schopen dodr\u017eovat uz\u00e1v\u011brky produkce<\/li><\/ul>\n\n\n\n<p>Obchod byl vybudov\u00e1n pro v\u00fdstavu architekta Mikaela L\u00f6fstr\u00f6ma a m\u011bl velmi p\u011bkn\u00fd designersk\u00fd profil. Obrat obchodu v dob\u011b trv\u00e1n\u00ed v\u00fdstavy byl tak\u0159ka t\u0159i mili\u00f3ny korun (v\u010detn\u011b \u0161v\u00e9dsk\u00e9 obchodn\u00ed dan\u011b), co\u017e je t\u00e9m\u011b\u0159 p\u016fl milionu americk\u00fdch dolar\u016f.<\/p>\n\n\n\n<p>O\u00e1za kombinuje \u0159emesla, socha\u0159stv\u00ed a p\u0159edm\u011bty do zahrady. Nach\u00e1z\u00ed se na verand\u011b galerie a je z n\u00ed v\u00fdhled na restauraci a zahradu.<\/p>\n\n\n\n<p>Uprost\u0159ed \u017eehl\u00edc\u00ed m\u00edstnosti stoj\u00ed staro\u017eitn\u00fd mangl a na st\u011bn\u00e1ch je pov\u011b\u0161en t\u0159pytiv\u00fd dama\u0161ek a len. B\u011bhem l\u00e9ta se po\u0159\u00e1daly workshopy na v\u00fdrobu a \u00fadr\u017ebu ln\u011bn\u00fdch tkanin.<\/p>\n\n\n\n<p>V odd\u00edlu&nbsp;Co roste venku jste mohli vid\u011bt mnoho typ\u016f \u0161v\u00e9dsk\u00e9ho vy\u0161\u00edv\u00e1n\u00ed; t\u00e9m\u011b\u0159 co provincie, to jin\u00fd styl vy\u0161\u00edv\u00e1n\u00ed. Takov\u00fdto \u0161irok\u00fd rozsah vych\u00e1z\u00ed z r\u016fzn\u00fdch p\u0159\u00edrodn\u00edch materi\u00e1l\u016f, kter\u00e9 jsou k dispozici v ka\u017ed\u00e9 provincii. Mus\u00edme m\u00edt neust\u00e1le na pam\u011bti, \u017ee existuje pom\u011brn\u011b dramatick\u00fd rozd\u00edl mezi severn\u00edm a ji\u017en\u00edm \u0160v\u00e9dskem.<\/p>\n\n\n\n<p>Vzorky textili\u00ed u\u017e\u00edvan\u00fdch k dekoraci interi\u00e9r\u016f a ve\u0159ejn\u00fdch prostor jsou v Perspektiv\u00e1ch textili\u00ed. M\u00edstnost uspo\u0159\u00e1dala Maja Cronsj\u00f6, architekta interi\u00e9r\u016f, kter\u00e1 v\u011b\u0159\u00ed, \u017ee pro jej\u00ed obor jsou \u0159emesla obrovsk\u00fdm zdrojem. Mlad\u00ed n\u00e1vrh\u00e1\u0159i shled\u00e1vaj\u00ed tradi\u010dn\u00ed tkaniny velmi inspirativn\u00ed.<\/p>\n\n\n\n<p><strong>Portr\u00e9ty p\u011bti \u0159emesln\u00edk\u016f<\/strong><\/p>\n\n\n\n<p>Vybrali jsme t\u011bchto p\u011bt \u0159emesln\u00edk\u016f, proto\u017ee ka\u017ed\u00fd z nich je mistrem tradi\u010dn\u00ed techniky a zavedli velmi sv\u00e9r\u00e1zn\u00fd p\u0159\u00edstup ke sv\u00e9mu um\u011bn\u00ed. Ka\u017ed\u00fd z nich je rovn\u011b\u017e d\u016fle\u017eit\u00fd jako zdroj v\u011bd\u011bn\u00ed a inspirace ostatn\u00edm \u0159emesln\u00edk\u016fm:<\/p>\n\n\n\n<p>MATS SJ\u00d6BERG se specializuje na malov\u00e1n\u00ed krabic z oh\u00fdban\u00e9ho d\u0159eva. Tuto techniku obnovil pou\u017eit\u00edm vlastn\u00edho smyslu pro barvy a vzory.<\/p>\n\n\n\n<p>MATS KALliN vytv\u00e1\u0159\u00ed barevn\u00e9 skulptury, kter\u00e9 lze nejl\u00e9pe popsat jako hra\u010dky pro d\u011bti jak\u00e9hokoli v\u011bku. V\u0161echny hra\u010dky se stejn\u00fdm zp\u016fsobem pohybuj\u00ed; bu\u010f maj\u00ed klouby nebo pomoc\u00ed kole\u010dek.<\/p>\n\n\n\n<p>BRITT-MARIE HELLGREN pracuje s &#8222;tuftingem&#8220;, pestrobarevnou vlnou, z n\u00ed\u017e vyr\u00e1b\u00ed v\u0161e od p\u0159ehoz\u016f na n\u00e1bytek a\u017e po oble\u010den\u00ed. Tufting je starod\u00e1vn\u00e1 textiln\u00ed technika, kter\u00e1 se \u010dasto pou\u017e\u00edvala v severn\u00edm \u0160v\u00e9dsku. Britt-Marie pou\u017e\u00edv\u00e1 tuto starod\u00e1vnou techniku nov\u00fdm a jedine\u010dn\u00fdm zp\u016fsobem.<\/p>\n\n\n\n<p>BRITT-MARIE CHRISTOFFERSSON je um\u011blkyn\u00ed pracuj\u00edc\u00ed s textilem, kter\u00e1 vyvinula vysoce sv\u011bdomit\u00fd a osobn\u00ed p\u0159\u00edstup k pleten\u00ed. Krom\u011b dokumentace tradi\u010dn\u00edch \u0161v\u00e9dsk\u00fdch vzor\u016f pleten\u00ed n\u00e1m Britt-Marie uk\u00e1zala, jak se lze inspirovat minulost\u00ed a p\u0159itom naj\u00edt nov\u00e1 \u0159e\u0161en\u00ed.<\/p>\n\n\n\n<p>P\u00e1t\u00fdm \u0159emesln\u00edkem je KAY EMBRETSEN. Je mistrem obt\u00ed\u017en\u00e9 techniky Damascus a jedn\u00edm z m\u00e1la z v\u00fdrobc\u016f no\u017e\u016f, kter\u00fd se t\u00edmto um\u011bn\u00edm zab\u00fdv\u00e1 na pln\u00fd \u00favazek ve \u0160v\u00e9dsku. V exhibi\u010dn\u00edm katalogu m\u016f\u017eete vid\u011bt p\u0159\u00edklady jeho pr\u00e1ce.<\/p>\n\n\n\n<p>M\u00edstnost surov\u00e9ho materi\u00e1lu obsahuje vzorky mnoha materi\u00e1l\u016f, kter\u00fdch se v \u0159emeslnictv\u00ed u\u017e\u00edv\u00e1. Konzultanti \u0159emesel byli k dispozici, aby zodpov\u00eddali dotazy n\u00e1v\u0161t\u011bvn\u00edk\u016f.<\/p>\n\n\n\n<p>T\u00fddny provinci\u00ed byly mimo\u0159\u00e1dn\u011b popul\u00e1rn\u00ed jak u m\u00e9di\u00ed, tak u n\u00e1v\u0161t\u011bvn\u00edk\u016f. N\u011bkte\u0159\u00ed lid\u00e9 dokonce v\u00fdstavu nav\u0161t\u00edvili n\u011bkolikr\u00e1t, aby se mohli \u00fa\u010dastnit r\u016fzn\u00fdch akc\u00ed. Ka\u017ed\u00fd t\u00fdden konzultant \u0159emeslnictv\u00ed z jedn\u00e9 z 24 \u0161v\u00e9dsk\u00fdch provinci\u00ed p\u0159edv\u00e1d\u011bl techniky typick\u00e9 pro danou oblast.<\/p>\n\n\n\n<p><strong>Rockov\u00e1n\u00ed<\/strong><\/p>\n\n\n\n<blockquote class=\"wp-block-quote is-layout-flow wp-block-quote-is-layout-flow\"><p>V\u00fdstava skon\u010dila pon\u011bkud neobvykle a slavnostn\u011b: multimedi\u00e1ln\u00ed<\/p><\/blockquote>\n\n\n\n<p>System Message: WARNING\/2 (&lt;string&gt;, line 228)Block quote ends without a blank line; unexpected unindent.<\/p>\n\n\n\n<p>akc\u00ed, kde se kombinovala lidov\u00e1 hudba, rock a p\u0159edv\u00e1d\u011bn\u00ed \u0159emesln\u00fdch technologi\u00ed. Tuto akci re\u017e\u00edroval J\u00f6gge Sundquist, kter\u00fd je \u0159emeslnick\u00fdm konzultantem, \u0159emesln\u00edkem a rockov\u00fdm hudebn\u00edkem. Tato akce za\u010dala pouze jako experiment, ale m\u011bla takov\u00fd \u00fasp\u011bch, \u017ee se s n\u00ed pokra\u010dovalo jako s uli\u010dn\u00ed show, kter\u00e1 bude na podzim 1994 proj\u00ed\u017ed\u011bt \u0160v\u00e9dskem. C\u00edlov\u00ed div\u00e1ci pat\u0159\u00ed do v\u011bkov\u00e9 skupiny 15 a\u017e 20 let a c\u00edlem je vyu\u017e\u00edt hudbu, aby podn\u00edtila jejich z\u00e1jem o \u0159emesla.<\/p>\n\n\n\n<p><strong>Navazuj\u00edc\u00ed pr\u00e1ce<\/strong><\/p>\n\n\n\n<p>Jak jsme ji\u017e zm\u00ednili, v\u011bd\u011bli jsme, \u017ee je v\u00fdstava pouh\u00fdm za\u010d\u00e1tkem, zdrojem inspirace pro dal\u0161\u00ed projekty a ud\u00e1losti. Uv\u011bdomili jsme si pot\u0159ebu pon\u011bkud mobiln\u011bj\u0161\u00ed verze &#8222;Du\u0161e \u0159emeslnictv\u00ed&#8220;, kter\u00e1 by mohla jezdit na turn\u00e9 po cel\u00e9m \u0160v\u00e9dsku.<\/p>\n\n\n\n<p>S pomoc\u00ed \u0160v\u00e9dsk\u00fdch drah jsme byli schopni realizovat tento n\u00e1\u0161 n\u00e1pad v projektu zvan\u00e9m \u0158emeslnick\u00fd vl\u00e1\u010dek, kter\u00fd se skl\u00e1dal ze \u010dty\u0159 vag\u00f3n\u016f stejn\u00e9ho typu, jak\u00fdm byste norm\u00e1ln\u011b cestovali nap\u0159. z Malm\u00f6 do Stockholmu. Vag\u00f3ny jsou pln\u00e9 r\u016fzn\u00fdch hotov\u00fdch \u0159emeslnick\u00fdch d\u011bl a materi\u00e1l\u016f. Jeden vag\u00f3n slou\u017e\u00ed jako obytn\u00fd pro \u0161t\u00e1b \u0159emeslnick\u00fdch konzultant\u016f, kte\u0159\u00ed cestuj\u00ed spole\u010dn\u011b s v\u00fdstavou. Konzultanti pracovali s p\u0159edstaviteli ka\u017ed\u00e9 oblasti turn\u00e9 a za\u0159\u00eddili mo\u017enost n\u00e1v\u0161t\u011bvy vlaku pro mlad\u00e9 lid\u00ed od 15 do 20 let. C\u00edlem bylo doplnit teoretick\u00e9 \u0159emeslnick\u00e9 vzd\u011bl\u00e1n\u00ed, kter\u00e9 je sou\u010d\u00e1st\u00ed \u0161v\u00e9dsk\u00fdch \u0161koln\u00edch osnov.<\/p>\n\n\n\n<p><strong>Marketingov\u00e1 strategie<\/strong><\/p>\n\n\n\n<p>M\u011bli jsme konkr\u00e9tn\u00ed &#8222;exhibi\u010dn\u00ed profil&#8220; a dob\u0159e promy\u0161len\u00fd marketingov\u00fd pl\u00e1n od sam\u00e9ho po\u010d\u00e1tku v\u00fdstavy. Za marketing v\u00fdstavy odpov\u00eddala specifick\u00e1 osoba (Kerstin Maxe, kter\u00e1 m\u00e1 zku\u0161enosti jak s \u0159emeslnictv\u00edm, tak s marketingem\/PR).<\/p>\n\n\n\n<p>Prvn\u00ed tiskov\u00e1 konference se konala v \u0159\u00edjnu 1991, v\u00edce ne\u017e \u0161est m\u011bs\u00edc\u016f p\u0159ed vlastn\u00ed v\u00fdstavou. Novin\u00e1\u0159\u016fm v\u010detn\u011b fotograf\u016f byly rozd\u00e1ny publikace a materi\u00e1ly s dostate\u010dn\u00fdm p\u0159edstihem. N\u00e1\u0161 z\u00e1stupce udr\u017eoval s m\u00e9dii neust\u00e1l\u00fd kontakt. Um\u00eds\u0165ovali jsme reklamy do r\u016fzn\u00fdch tiskopis\u016f a m\u011bli jsme v\u00fdstavku v nejprominentn\u011bj\u0161\u00edm stockholmsk\u00e9m obchodn\u00edm dom\u011b, NK. Jakmile se exhibice otev\u0159ela, byli jsme st\u0159edem neb\u00fdval\u00e9 pozornosti, nejen ze strany novin a \u010dasopis\u016f, ale i televize a r\u00e1dia.<\/p>\n\n\n\n<p>Vyu\u017eili jsme pomoc grafick\u00e9ho n\u00e1vrh\u00e1\u0159e Christera Jonssona, aby n\u00e1m pomohl vytvo\u0159it speci\u00e1ln\u00ed profil. Vytvo\u0159il n\u00e1vrh loga v\u00fdstavy, plak\u00e1ty, pozn\u00e1mkov\u00e9 bloky, bro\u017eury a pozv\u00e1nky na otev\u0159en\u00ed.<\/p>\n\n\n\n<p>Rovn\u011b\u017e jsme vyrobili pln\u011b barevn\u00fd katalog s profesion\u00e1ln\u00edmi fotografiemi vyti\u0161t\u011bn\u00fd na vysoce kvalitn\u00edm pap\u00edru. Nejd\u016fle\u017eit\u011bj\u0161\u00ed \u010d\u00e1sti textu byly p\u0159elo\u017eeny do angli\u010dtiny. Bro\u017eury v\u00fdstavy byly k dost\u00e1n\u00ed u recep\u010dn\u00edho stolu jak ve \u0161v\u00e9d\u0161tin\u011b, tak v angli\u010dtin\u011b, a to bezplatn\u011b pro ka\u017ed\u00e9ho n\u00e1v\u0161t\u011bvn\u00edka.<\/p>\n\n\n\n<p>Eva Ohlsson, Kerstin Andersson-Ahlin<\/p>\n","protected":false},"excerpt":{"rendered":"<p>N\u00c1RODN\u00cd ASOCIACE \u0160V\u00c9DSK\u00ddCH SPOLE\u010cNOST\u00cd \u0158EMESEL &#8211; SHR \u00davod N\u00e1rodn\u00ed asociace \u0161v\u00e9dsk\u00fdch \u0159emesln\u00fdch spole\u010dnost\u00ed, SHR uspo\u0159\u00e1dala v\u00fdstavu &#8222;Du\u0161e \u0159emeslnictv\u00ed&#8220;, kterou oslavila na\u0161e organizace sv\u00e9 80t\u00e9 narozeniny &hellip; <\/p>\n","protected":false},"author":1,"featured_media":0,"parent":18,"menu_order":0,"comment_status":"closed","ping_status":"closed","template":"","meta":{"footnotes":""},"class_list":["post-112","page","type-page","status-publish","hentry"],"_links":{"self":[{"href":"https:\/\/lidovaremesla.cz\/web\/wp-json\/wp\/v2\/pages\/112","targetHints":{"allow":["GET"]}}],"collection":[{"href":"https:\/\/lidovaremesla.cz\/web\/wp-json\/wp\/v2\/pages"}],"about":[{"href":"https:\/\/lidovaremesla.cz\/web\/wp-json\/wp\/v2\/types\/page"}],"author":[{"embeddable":true,"href":"https:\/\/lidovaremesla.cz\/web\/wp-json\/wp\/v2\/users\/1"}],"replies":[{"embeddable":true,"href":"https:\/\/lidovaremesla.cz\/web\/wp-json\/wp\/v2\/comments?post=112"}],"version-history":[{"count":1,"href":"https:\/\/lidovaremesla.cz\/web\/wp-json\/wp\/v2\/pages\/112\/revisions"}],"predecessor-version":[{"id":113,"href":"https:\/\/lidovaremesla.cz\/web\/wp-json\/wp\/v2\/pages\/112\/revisions\/113"}],"up":[{"embeddable":true,"href":"https:\/\/lidovaremesla.cz\/web\/wp-json\/wp\/v2\/pages\/18"}],"wp:attachment":[{"href":"https:\/\/lidovaremesla.cz\/web\/wp-json\/wp\/v2\/media?parent=112"}],"curies":[{"name":"wp","href":"https:\/\/api.w.org\/{rel}","templated":true}]}}