{"id":114,"date":"2021-04-13T09:19:41","date_gmt":"2021-04-13T07:19:41","guid":{"rendered":"https:\/\/lidovaremesla.cz\/web\/?page_id=114"},"modified":"2021-04-13T09:19:41","modified_gmt":"2021-04-13T07:19:41","slug":"svedsko-adresar","status":"publish","type":"page","link":"https:\/\/lidovaremesla.cz\/web\/evropska-federace-remesel\/svedsko-adresar\/","title":{"rendered":"\u0160v\u00e9dsko &#8211; adres\u00e1\u0159"},"content":{"rendered":"\n<figure class=\"wp-block-image is-resized\"><img loading=\"lazy\" decoding=\"async\" src=\"https:\/\/www.lidovaremesla.cz\/images\/Sweden.gif\" alt=\"\u0160v\u00e9dsko\" width=\"163\" height=\"102\"\/><\/figure>\n\n\n\n<p>N\u00e1rodn\u00ed asociace \u0161v\u00e9dsk\u00e9ho \u0159emesla (SHR) byla zalo\u017eena roku 1912. SHR se skl\u00e1d\u00e1 z&nbsp;25 spole\u010denstv\u00ed na lok\u00e1ln\u00ed \u00farovni, kter\u00e9 reprezentuj\u00ed jednotliv\u00e9 oblasti.<\/p>\n\n\n\n<p>V sou\u010dasnosti tato asociace vytvo\u0159ila pobo\u010dky ve v\u011bt\u0161in\u011b okres\u016f.<\/p>\n\n\n\n<p>Spolupracuje s&nbsp;muzei a \u0161kolami, kter\u00e9 vyu\u010duj\u00ed ru\u010dn\u00edmu \u0159emeslnictv\u00ed.<\/p>\n\n\n\n<p>Zakl\u00e1d\u00e1 r\u016fzn\u00e9 d\u00edlny pro ml\u00e1de\u017e.<\/p>\n\n\n\n<p>Ve v\u00fdukov\u00e9m st\u0159edisku asociace prob\u00edh\u00e1 v\u00fduka a poradenstv\u00ed.<\/p>\n\n\n\n<p>SHR je n\u00e1rodn\u00ed neziskov\u00e1 organizace financov\u00e1na \u0161v\u00e9dsk\u00fdm ministerstvem kultury. SHR po\u0159\u00e1d\u00e1 kurzy \u0159emesel a rovn\u011b\u017e organizuje v\u00fdstavy.<\/p>\n\n\n\n<p>D\u00e1le tato str\u00e1nka obsahuje adresu, telefon, fax, e-mail a adresu ofici\u00e1ln\u00edch str\u00e1nek Hemsl\u00f6jden.<\/p>\n\n\n\n<figure class=\"wp-block-table\"><table><tbody><tr><th>Adresa:<\/th><td>National Association of Swedish HandcraftTorsplan 7113 64 Stockholm<\/td><\/tr><tr><th>Telefon:<\/th><td>046 (0)8 54549450<\/td><\/tr><tr><th>Fax:<\/th><td>046 (0)8 54549459<\/td><\/tr><tr><th>WWW:<\/th><td><a href=\"http:\/\/www.hemslojden.org\/\" target=\"_blank\" rel=\"noreferrer noopener\">www.hemslojden.org<\/a><\/td><\/tr><tr><th>Email:<\/th><td><a href=\"mailto:kansli@shrslojd.se\">kansli@shrslojd.se<\/a><\/td><\/tr><\/tbody><\/table><\/figure>\n\n\n\n<p><strong>Ofici\u00e1ln\u00ed str\u00e1nky SHR<\/strong><\/p>\n\n\n\n<p>Adresa t\u011bchto str\u00e1nek je&nbsp;<a href=\"http:\/\/www.hemslojden.org\/\">www.hemslojden.org<\/a>&nbsp;. Bohu\u017eel jsou tyto str\u00e1nky pouze ve \u0161v\u00e9d\u0161tin\u011b. Obsahuje op\u011bt celou \u0159adu odkaz\u016f, z&nbsp;nich\u017e je pro n\u00e1s zaj\u00edmav\u00fd odkaz Press\/Tisk. \u0160v\u00e9dsk\u00fd Hemsl\u00f6jden toti\u017e jednak vyd\u00e1v\u00e1 vlastn\u00ed \u010dasopis, ale i jin\u00e9 publikace, kter\u00e9 nejsou periodick\u00e9. Konkr\u00e9tn\u011b knihu Den Svenska Hemslojden (\u0160v\u00e9dsk\u00e1 \u0159emesla) lze zakoupit a objednat p\u0159es internet prost\u0159ednictv\u00edm str\u00e1nek&nbsp;<a href=\"http:\/\/www.popula.com\/\" target=\"_blank\" rel=\"noreferrer noopener\">www.popula.com<\/a>, kde najdeme i stru\u010dn\u00fd popis a obsah knihy, a to za $15,00.<\/p>\n\n\n\n<p>Dal\u0161\u00ed v\u00fdsledky vyhled\u00e1v\u00e1n\u00ed se t\u00fdkaj\u00ed p\u0159edev\u0161\u00edm obchod\u016f, nab\u00eddky a prodeje v\u00fdrobk\u016f, cestovn\u00edho ruchu nebo Hemsl\u00f6jden.<\/p>\n","protected":false},"excerpt":{"rendered":"<p>N\u00e1rodn\u00ed asociace \u0161v\u00e9dsk\u00e9ho \u0159emesla (SHR) byla zalo\u017eena roku 1912. SHR se skl\u00e1d\u00e1 z&nbsp;25 spole\u010denstv\u00ed na lok\u00e1ln\u00ed \u00farovni, kter\u00e9 reprezentuj\u00ed jednotliv\u00e9 oblasti. V sou\u010dasnosti tato asociace &hellip; <\/p>\n","protected":false},"author":1,"featured_media":0,"parent":18,"menu_order":0,"comment_status":"closed","ping_status":"closed","template":"","meta":{"footnotes":""},"class_list":["post-114","page","type-page","status-publish","hentry"],"_links":{"self":[{"href":"https:\/\/lidovaremesla.cz\/web\/wp-json\/wp\/v2\/pages\/114","targetHints":{"allow":["GET"]}}],"collection":[{"href":"https:\/\/lidovaremesla.cz\/web\/wp-json\/wp\/v2\/pages"}],"about":[{"href":"https:\/\/lidovaremesla.cz\/web\/wp-json\/wp\/v2\/types\/page"}],"author":[{"embeddable":true,"href":"https:\/\/lidovaremesla.cz\/web\/wp-json\/wp\/v2\/users\/1"}],"replies":[{"embeddable":true,"href":"https:\/\/lidovaremesla.cz\/web\/wp-json\/wp\/v2\/comments?post=114"}],"version-history":[{"count":1,"href":"https:\/\/lidovaremesla.cz\/web\/wp-json\/wp\/v2\/pages\/114\/revisions"}],"predecessor-version":[{"id":115,"href":"https:\/\/lidovaremesla.cz\/web\/wp-json\/wp\/v2\/pages\/114\/revisions\/115"}],"up":[{"embeddable":true,"href":"https:\/\/lidovaremesla.cz\/web\/wp-json\/wp\/v2\/pages\/18"}],"wp:attachment":[{"href":"https:\/\/lidovaremesla.cz\/web\/wp-json\/wp\/v2\/media?parent=114"}],"curies":[{"name":"wp","href":"https:\/\/api.w.org\/{rel}","templated":true}]}}