{"id":118,"date":"2021-04-13T09:21:05","date_gmt":"2021-04-13T07:21:05","guid":{"rendered":"https:\/\/lidovaremesla.cz\/web\/?page_id=118"},"modified":"2021-04-13T09:21:05","modified_gmt":"2021-04-13T07:21:05","slug":"svycarsko-adresar","status":"publish","type":"page","link":"https:\/\/lidovaremesla.cz\/web\/evropska-federace-remesel\/svycarsko-adresar\/","title":{"rendered":"\u0160v\u00fdcarsko &#8211; adres\u00e1\u0159"},"content":{"rendered":"\n<figure class=\"wp-block-image is-resized\"><img loading=\"lazy\" decoding=\"async\" src=\"https:\/\/www.lidovaremesla.cz\/images\/Switzerland.gif\" alt=\"D\u00e1nsko\" width=\"88\" height=\"88\"\/><\/figure>\n\n\n\n<p><strong>Ofici\u00e1ln\u00ed str\u00e1nky Schweizer Heimatwerk<\/strong><\/p>\n\n\n\n<p>Adresa t\u011bchto str\u00e1nek je&nbsp;<a href=\"http:\/\/www.heimatwerk.ch\/\">www.heimatwerk.ch<\/a>&nbsp;. Informace jsou v angli\u010dtin\u011b nebo v&nbsp;n\u011bm\u010din\u011b. N\u00e1v\u0161t\u011bvn\u00edci str\u00e1nek maj\u00ed k&nbsp;dispozici n\u011bkolik odkaz\u016f:<\/p>\n\n\n\n<p><em>Novinky<\/em>&nbsp;&#8211; obsahuje stru\u010dn\u00e9 reklamy a\u0165 u\u017e na nejnov\u011bj\u0161\u00ed v\u00fdrobky \u010di aktu\u00e1ln\u00ed v\u00fdstavy. V\u011bt\u0161inou obsahuje fotky a odkazy na bli\u017e\u0161\u00ed informace.<\/p>\n\n\n\n<p><em>V\u00fdstavy<\/em>&nbsp;&#8211; v\u00fdstavy a prezentace v\u00e1m poskytnou pohled na rozmanitou tradi\u010dn\u00ed i sou\u010dasnou lidovou um\u011bleckou a \u0159emeslnickou tvorbu ve \u0160v\u00fdcarsku. Op\u011bt uv\u00e1d\u00ed t\u00e9ma, datum a m\u00edsto v\u00fdstavy plus odkaz na podrobn\u011bj\u0161\u00ed informace.<\/p>\n\n\n\n<p><em>O n\u00e1s<\/em>&nbsp;&#8211;&nbsp;<strong>Schweizer Heimatwerk<\/strong>&nbsp;byla zalo\u017eena roku 1930, znamen\u00e1 vysokou kvalitu, funk\u010dnost a design sou\u010dasn\u00fdch \u0161v\u00fdcarsk\u00fdch lidov\u011b um\u011bleck\u00fdch a \u0159emesln\u00fdch v\u00fdrobk\u016f, existuje cel\u00e1 \u0159ada takov\u00fdchto exkluzivn\u00edch \u0161v\u00fdcarsk\u00fdch produkt\u016f. Na\u0161ich deset pobo\u010dek nab\u00edz\u00ed p\u0159edev\u0161\u00edm p\u0159edm\u011bty do dom\u00e1cnosti, dekora\u010dn\u00ed dopl\u0148ky, \u0161perky, oble\u010den\u00ed a hra\u010dky. Vyberte si nebo si nechte poradit od na\u0161eho kompetentn\u00edho person\u00e1lu. T\u011b\u0161\u00edme se na v\u00e1s.<\/p>\n\n\n\n<p><em>Pobo\u010dky<\/em>&nbsp;&#8211; Tato str\u00e1nka obsahuje adresy, telefony, faxy a otev\u00edrac\u00ed doby jednotliv\u00fdch pobo\u010dek a obchod\u016f Schweizer Heimatwerk.ZurichRudolf brun-brucke8001 ZurichTel. 044&nbsp;217 83 17, Fax 044&nbsp;217 83 01Po &#8211; P\u00e1 09:00 &#8211; 20:00; So 08:30 &#8211; 17:00<br>Rennweg 148001 ZurichTel. 044&nbsp;221 35 73, Fax 044&nbsp;221 35 77Po &#8211; P\u00e1 10:00 &#8211; 18:30; So 09:00 &#8211; 17:00<br>Bahnhofstrasse 28001 ZurichTel. 044&nbsp;221 08 37, Fax 044&nbsp;212 17 48Po &#8211; P\u00e1 09:00 &#8211; 20:00; So 09:00 &#8211; 17:00<br>Central Station, Main Hall8001 ZurichTel. 044&nbsp;212 27 97, Fax 044&nbsp;212 34 29Po &#8211; So 09:00 &#8211; 21:00; Ne 09:00 &#8211; 20:00<br>Zurich AirportAirport transit Hall E8058 Zurich AirportTel. 043&nbsp;816 45 14, Fax 043&nbsp;255 66 26Po &#8211; Ne 06:00 &#8211; 22:00<br>Zurich AirportAirport transit Hall ABasement8058 Zurich AirportTel. 043&nbsp;816 46 65, Fax 044&nbsp;813 89 34Po &#8211; Ne 06:00 &#8211; 22:00<br>Airport Airside Center8058 Zurich AirportTel. 043&nbsp;816 40 85, Fax 044&nbsp;813 39 34Otev\u00edr\u00e1 se 10 &#8211; 12 Z\u00e1\u0159\u00ed 2004-09-14<br>AarauGraben 165000 AarauTel. 062&nbsp;822 34 89, Fax 062&nbsp;822 34 69Po 13:30 &#8211; 18:30; \u00dat,St,P\u00e1 09:00 &#8211; 18:30; \u010ct 09:00 &#8211; 20:00; So 08:30 &#8211; 16:00<br>BasilejSchneidergasse 24051 BaselTel. 061&nbsp;261 91 78, Fax 061&nbsp;263 13 16Po,\u00dat,St,P\u00e1 09:00 &#8211; 19:00; \u010ct 09:00 &#8211; 21:00; So 09:00 &#8211; 17:00<br>\u017denevaP.O. Box 7511215 Geneva AirportTel. 022&nbsp;788 33 00, Fax 022&nbsp;788 33 35Po &#8211; Ne 07:00 &#8211; 20:00<br>Mnichovthe House of CraftTerminal 2, Level 05DE &#8211; 85356 Munich AirportTel. +49 (0)89&nbsp;975 84510, Fax +49 (0)89&nbsp;975 84511Po &#8211; Ne 06:20 &#8211; 22:00<\/p>\n\n\n\n<p><em>V\u00fdrobky<\/em>&nbsp;-Ru\u010dn\u00ed \u0159emesln\u00e1 d\u00edla &#8211; vyroben\u00e1 tady, vyroben\u00e1 dnes.Uv\u00e1d\u00ed p\u0159ehled zbo\u017e\u00ed pod odkazy tradi\u010dn\u00ed, Sou\u010dasn\u00e9 a D\u00e1rkov\u00e9 pouk\u00e1zky. Vyrobte sami sob\u011b nebo n\u011bkomu d\u00e1rek! D\u00e1rky, kter\u00e9 jsou v\u017edy velk\u00fdm \u00fasp\u011bchem.<\/p>\n\n\n\n<p><em>Informace<\/em>&nbsp;&#8211; o organizaci, obchodu i v\u00fdrobc\u00edch. Jsou uvedeny prost\u0159ednictv\u00edm katalog\u016f, kter\u00e9 lze na t\u00e9to str\u00e1nce st\u00e1hnout &#8211; jsou k&nbsp;dispozici posledn\u00ed t\u0159i \u010d\u00edsla.<\/p>\n\n\n\n<figure class=\"wp-block-table\"><table><tbody><tr><th>Adresa:<\/th><td>Schweizer HeimatwerkRudolf brun-bruckeP.O.Box8023 Zurich<\/td><\/tr><tr><th>Telefon:<\/th><td>+41 1&nbsp;217 83 00<\/td><\/tr><tr><th>Fax:<\/th><td>+41 1&nbsp;217 83 01<\/td><\/tr><tr><th>email:<\/th><td><a href=\"mailto:info@heimatwerk.ch\">info@heimatwerk.ch<\/a><\/td><\/tr><\/tbody><\/table><\/figure>\n","protected":false},"excerpt":{"rendered":"<p>Ofici\u00e1ln\u00ed str\u00e1nky Schweizer Heimatwerk Adresa t\u011bchto str\u00e1nek je&nbsp;www.heimatwerk.ch&nbsp;. Informace jsou v angli\u010dtin\u011b nebo v&nbsp;n\u011bm\u010din\u011b. N\u00e1v\u0161t\u011bvn\u00edci str\u00e1nek maj\u00ed k&nbsp;dispozici n\u011bkolik odkaz\u016f: Novinky&nbsp;&#8211; obsahuje stru\u010dn\u00e9 reklamy a\u0165 &hellip; <\/p>\n","protected":false},"author":1,"featured_media":0,"parent":18,"menu_order":0,"comment_status":"closed","ping_status":"closed","template":"","meta":{"footnotes":""},"class_list":["post-118","page","type-page","status-publish","hentry"],"_links":{"self":[{"href":"https:\/\/lidovaremesla.cz\/web\/wp-json\/wp\/v2\/pages\/118","targetHints":{"allow":["GET"]}}],"collection":[{"href":"https:\/\/lidovaremesla.cz\/web\/wp-json\/wp\/v2\/pages"}],"about":[{"href":"https:\/\/lidovaremesla.cz\/web\/wp-json\/wp\/v2\/types\/page"}],"author":[{"embeddable":true,"href":"https:\/\/lidovaremesla.cz\/web\/wp-json\/wp\/v2\/users\/1"}],"replies":[{"embeddable":true,"href":"https:\/\/lidovaremesla.cz\/web\/wp-json\/wp\/v2\/comments?post=118"}],"version-history":[{"count":1,"href":"https:\/\/lidovaremesla.cz\/web\/wp-json\/wp\/v2\/pages\/118\/revisions"}],"predecessor-version":[{"id":119,"href":"https:\/\/lidovaremesla.cz\/web\/wp-json\/wp\/v2\/pages\/118\/revisions\/119"}],"up":[{"embeddable":true,"href":"https:\/\/lidovaremesla.cz\/web\/wp-json\/wp\/v2\/pages\/18"}],"wp:attachment":[{"href":"https:\/\/lidovaremesla.cz\/web\/wp-json\/wp\/v2\/media?parent=118"}],"curies":[{"name":"wp","href":"https:\/\/api.w.org\/{rel}","templated":true}]}}