{"id":14,"date":"2021-04-13T08:28:55","date_gmt":"2021-04-13T06:28:55","guid":{"rendered":"https:\/\/lidovaremesla.cz\/web\/?page_id=14"},"modified":"2026-01-26T09:07:33","modified_gmt":"2026-01-26T08:07:33","slug":"drzitele-titulu-nositel-lidoveho-remesla","status":"publish","type":"page","link":"https:\/\/lidovaremesla.cz\/web\/drzitele-titulu-nositel-lidoveho-remesla\/","title":{"rendered":"Dr\u017eitel\u00e9 titulu Nositel tradice lidov\u00fdch \u0159emesel"},"content":{"rendered":"\n<p><\/p>\n\n\n\n<figure class=\"wp-block-table\"><table><tbody><tr><td><strong>2025<\/strong><\/td><td><a href=\"https:\/\/lidovaremesla.cz\/web\/wp-content\/uploads\/2026\/01\/Nositele_tradice_Ivo_Rudolf.pdf\" data-type=\"attachment\" data-id=\"653\">Ivo Rudolf &#8211; tradi\u010dn\u00ed kov\u00e1\u0159stv\u00ed<\/a><br><a href=\"https:\/\/lidovaremesla.cz\/web\/wp-content\/uploads\/2026\/01\/Nositele_tradice_Jan_Sup.pdf\" data-type=\"attachment\" data-id=\"654\">Jan \u0160up &#8211; pleten\u00ed z prout\u00ed, loubku a ko\u0159ene<\/a><br><a href=\"https:\/\/lidovaremesla.cz\/web\/wp-content\/uploads\/2026\/01\/Nositele_tradice_Petr_Cip.pdf\" data-type=\"attachment\" data-id=\"655\">Petr \u010c\u00edp &#8211; v\u00fdroba lidov\u00fdch hudebn\u00edch n\u00e1stroj\u016f<\/a><br><a href=\"https:\/\/lidovaremesla.cz\/web\/wp-content\/uploads\/2026\/01\/Nositele_tradice_Stanislav_Bata.pdf\" data-type=\"attachment\" data-id=\"656\">Stanislav Ba\u0165a &#8211; tradi\u010dn\u00ed v\u00fdroba d\u00fdmek<\/a><\/td><\/tr><tr><td><strong>2024<\/strong><\/td><td><a href=\"https:\/\/lidovaremesla.cz\/web\/wp-content\/uploads\/2025\/02\/Nositele_tradice_karty_hrabovska.pdf\">Marcela Hrabovsk\u00e1 &#8211; kraslice zdoben\u00e9 sl\u00e1mou<\/a><br><a href=\"https:\/\/lidovaremesla.cz\/web\/wp-content\/uploads\/2025\/02\/Nositele_tradice_karty_potesilova.pdf\">Renata Pot\u011b\u0161ilov\u00e1 &#8211; vrapen\u00ed f\u011brtoch\u016f, v\u00fdroba hor\u0148\u00e1ck\u00fd kroj\u016f<\/a><br><a href=\"https:\/\/lidovaremesla.cz\/web\/wp-content\/uploads\/2025\/02\/Nositele_tradice_karty_strycnlova.pdf\">Ji\u0159ina \u0160trynclov\u00e1 &#8211; ru\u010dn\u00ed v\u00fdroba sklen\u011bn\u00fdch figurek<\/a><\/td><\/tr><tr><td><strong>2023<\/strong><\/td><td><a href=\"https:\/\/lidovaremesla.cz\/web\/wp-content\/uploads\/2024\/01\/bartakova_web_2023.pdf\">Mark\u00e9ta Bart\u00e1kov\u00e1 &#8211; pleten\u00ed ze sl\u00e1my<\/a><br><a href=\"https:\/\/lidovaremesla.cz\/web\/wp-content\/uploads\/2024\/01\/kravackova_web_2023.pdf\">Jarmila Krav\u00e1\u010dkov\u00e1 &#8211; v\u00fd\u0161ivka na v\u00fd\u0159ez<\/a><br><a href=\"https:\/\/lidovaremesla.cz\/web\/wp-content\/uploads\/2024\/01\/michna_web_2023.pdf\">Milan Michna &#8211; tradi\u010dn\u00ed kov\u00e1\u0159stv\u00ed<\/a><br><a href=\"https:\/\/lidovaremesla.cz\/web\/wp-content\/uploads\/2024\/01\/vachunova_web_2023.pdf\">Marie Vachunov\u00e1 &#8211; v\u00e1z\u00e1n\u00ed \u0161\u00e1tk\u016f, v\u00fdroba hor\u0148\u00e1ck\u00fdch kroj\u016f<\/a><br><a href=\"https:\/\/lidovaremesla.cz\/web\/wp-content\/uploads\/2024\/01\/volf_web_2023.pdf\">Martin Volf &#8211; v\u00fdroba kolove\u010dsk\u00e9 hrn\u010diny<\/a><\/td><\/tr><tr><td><strong>2022<\/strong><\/td><td><a href=\"https:\/\/lidovaremesla.cz\/web\/wp-content\/uploads\/2022\/10\/jablunkova2022.pdf\">Romana Jablunkov\u00e1 &#8211; galantern\u00ed ko\u0161\u00edk\u00e1\u0159stv\u00ed<\/a><br><a href=\"https:\/\/lidovaremesla.cz\/web\/wp-content\/uploads\/2022\/10\/ruzicka2022.pdf\">Petr R\u016f\u017ei\u010dka &#8211; tradi\u010dn\u00ed tesa\u0159stv\u00ed<\/a><br><a href=\"https:\/\/lidovaremesla.cz\/web\/wp-content\/uploads\/2022\/10\/srytr2022.pdf\">Pavel \u0160rytr &#8211; lidov\u00e1 vy\u0161ivka v Podje\u0161t\u011bd\u00ed<\/a><\/td><\/tr><tr><td><strong>2021<\/strong><\/td><td><a href=\"https:\/\/lidovaremesla.cz\/web\/wp-content\/uploads\/2021\/11\/vrtena-_w.pdf\">Miroslav Vrt\u011bna &#8211; bedn\u00e1\u0159stv\u00ed<\/a><br><a href=\"https:\/\/lidovaremesla.cz\/web\/wp-content\/uploads\/2021\/11\/farkasova_w.pdf\">Ludmila Farka\u0161ov\u00e1 &#8211; v\u00fd\u0159ezov\u00e1 v\u00fd\u0161ivka<\/a><br><a href=\"https:\/\/lidovaremesla.cz\/web\/wp-content\/uploads\/2021\/11\/trunecka_w.pdf\">Filip Trune\u010dka &#8211; zpracov\u00e1n\u00ed v\u00e1penn\u00fdch om\u00edtek<\/a><br><a href=\"https:\/\/lidovaremesla.cz\/web\/wp-content\/uploads\/2021\/11\/danzinger_ml_w.pdf\">Ji\u0159\u00ed Danzinger &#8211; v\u00fdroba modrotisku<\/a><\/td><\/tr><tr><td><strong>2020<\/strong><\/td><td><a href=\"https:\/\/lidovaremesla.cz\/web\/wp-content\/uploads\/2024\/01\/nulk_nositele_karta_bartos_plucha_w20.pdf\">Milan Barto\u0161 a Jaroslav Plucha \u2013 v\u00fdroba forem na modrotisk<\/a><br><a href=\"https:\/\/lidovaremesla.cz\/web\/wp-content\/uploads\/2024\/01\/nulk_nositele_karta_bilikova_w20.pdf\">Marie Bil\u00edkov\u00e1 \u2013 tkan\u00e9 v\u00fdrobky z&nbsp;kuku\u0159i\u010dn\u00e9ho \u0161ust\u00ed<\/a><br><a href=\"https:\/\/lidovaremesla.cz\/web\/wp-content\/uploads\/2021\/05\/slavik.pdf\">Alexandr Slav\u00edk \u2013 \u0159ezb\u00e1\u0159stv\u00ed reli\u00e9fn\u00edch forem na potraviny<\/a><br><a href=\"https:\/\/lidovaremesla.cz\/web\/wp-content\/uploads\/2024\/01\/nulk_nositele_karta_stefkova_w20.pdf\">Jana \u0160tefkov\u00e1 \u2013 tradi\u010dn\u00ed vambereck\u00e1 mnohop\u00e1rov\u00e1 a p\u00e1skov\u00e1 krajka<\/a><br><a href=\"https:\/\/lidovaremesla.cz\/web\/wp-content\/uploads\/2024\/01\/nulk_nositele_karta_vlckova_w20.pdf\">Marie Vl\u010dkov\u00e1 \u2013 batikovan\u00e9 a zelov\u00e9 kraslice z&nbsp;Uherskoostro\u017eska<\/a><\/td><\/tr><tr><td><strong>2019<\/strong><\/td><td><a href=\"https:\/\/lidovaremesla.cz\/web\/wp-content\/uploads\/2021\/05\/horak.pdf\">Pavel Hor\u00e1k \u2013 lidov\u00e9 brou\u0161en\u00e9 sklo <\/a><br><a href=\"https:\/\/lidovaremesla.cz\/web\/wp-content\/uploads\/2021\/05\/sarauer.pdf\">Pavel Sarauer \u2013 \u0161t\u00edpan\u00e1 \u0161umavsk\u00e1 holubi\u010dka <\/a><br><a href=\"https:\/\/lidovaremesla.cz\/web\/wp-content\/uploads\/2021\/05\/hejdovi.pdf\">Petr a Zlatu\u0161e Hejdovi \u2013 v\u00fdroba krojov\u00e9 obuvi a opask\u016f<\/a><\/td><\/tr><tr><td><strong>2018<\/strong><\/td><td><a href=\"https:\/\/lidovaremesla.cz\/web\/wp-content\/uploads\/2021\/05\/hyza.pdf\">Ji\u0159\u00ed H\u00fd\u017ea \u2013 v\u00fdroba krojov\u00e9 obuvi <\/a><br><a href=\"https:\/\/lidovaremesla.cz\/web\/wp-content\/uploads\/2021\/05\/hrubesova.pdf\">Vladislava Hrube\u0161ov\u00e1 \u2013 v\u00fdroba vala\u0161sk\u00fdch kroj\u016f <\/a><br><a href=\"https:\/\/lidovaremesla.cz\/web\/wp-content\/uploads\/2021\/05\/kanovska.pdf\">Alexandra Ka\u0148ovsk\u00e1 \u2013 v\u00fdroba tradi\u010dn\u00ed faj\u00e1nse <\/a><br><a href=\"https:\/\/lidovaremesla.cz\/web\/wp-content\/uploads\/2021\/05\/maceckova.pdf\">Lenka Mace\u010dkov\u00e1 \u2013 textiln\u00ed techniky \u2013 s\u00ed\u0165ov\u00e1n\u00ed <\/a><br><a href=\"https:\/\/lidovaremesla.cz\/web\/wp-content\/uploads\/2021\/05\/muzik.pdf\">Petr Mu\u017e\u00edk \u2013 v\u00fdroba perle\u0165ov\u00fdch spon<\/a><\/td><\/tr><tr><td><strong>2017<\/strong><\/td><td><a href=\"https:\/\/lidovaremesla.cz\/web\/wp-content\/uploads\/2024\/01\/nulk_nositele_karta_lakomy_w.pdf\">Jaroslav Lakom\u00fd \u2013 pokr\u00fdva\u010dstv\u00ed tradi\u010dn\u00edmi krytinami <\/a><br><a href=\"https:\/\/lidovaremesla.cz\/web\/wp-content\/uploads\/2021\/05\/kral.pdf\">Petr Kr\u00e1l \u2013 pleten\u00ed z prout\u00ed <\/a><br><a href=\"https:\/\/lidovaremesla.cz\/web\/wp-content\/uploads\/2021\/05\/malanikova.pdf\">Mark\u00e9ta Mal\u00e1n\u00edkov\u00e1 \u2013 v\u00fdroba mu\u017esk\u00fdch lidov\u00fdch kroj\u016f <\/a><br><a href=\"https:\/\/lidovaremesla.cz\/web\/wp-content\/uploads\/2021\/05\/zabojova.pdf\">Zde\u0148ka Z\u00e1bojov\u00e1 \u2013 ru\u010dn\u00ed tkalcovstv\u00ed <\/a><br><a href=\"https:\/\/lidovaremesla.cz\/web\/wp-content\/uploads\/2021\/05\/zuska.pdf\">Franti\u0161ek Zuska \u2013 pleten\u00ed ze sl\u00e1my<\/a><\/td><\/tr><tr><td><strong>2016<\/strong><\/td><td><a href=\"https:\/\/lidovaremesla.cz\/web\/wp-content\/uploads\/2021\/05\/fidler.pdf\">Josef Fiedler \u2013 ru\u010dn\u00ed tkalcovstv\u00ed \u2013 v\u00fdroba \u017einylky <\/a><br><a href=\"https:\/\/lidovaremesla.cz\/web\/wp-content\/uploads\/2021\/05\/rucker.pdf\">Ji\u0159\u00ed R\u00fccker \u2013 \u0159ezb\u00e1\u0159 reli\u00e9fn\u00edch forem na pern\u00edk<\/a><\/td><\/tr><tr><td><strong>2015<\/strong><\/td><td><a href=\"https:\/\/lidovaremesla.cz\/web\/wp-content\/uploads\/2021\/05\/komarek.pdf\">Josef Kom\u00e1rek \u2013 \u0159ezba kr\u00e1lick\u00fdch figurek a betl\u00e9m\u016f<\/a><br><a href=\"https:\/\/lidovaremesla.cz\/web\/wp-content\/uploads\/2021\/05\/fryzelka.pdf\">Josef Fryzelka \u2013 tradi\u010dn\u00ed bedn\u00e1\u0159stv\u00ed <\/a><br><a href=\"https:\/\/lidovaremesla.cz\/web\/wp-content\/uploads\/2021\/05\/vrazelova.pdf\">Bo\u017eena Vr\u00e1\u017eelov\u00e1 \u2013 v\u00fdroba \u0161t\u00edpan\u00fdch holubi\u010dek <\/a><br><a href=\"https:\/\/lidovaremesla.cz\/web\/wp-content\/uploads\/2021\/05\/honiss.pdf\">Ji\u0159\u00ed Honiss \u2013 podmalba na skle <\/a><br><a href=\"https:\/\/lidovaremesla.cz\/web\/wp-content\/uploads\/2021\/05\/uherka.pdf\">Ale\u0161 Uherka \u2013 tradi\u010dn\u00ed kol\u00e1\u0159stv\u00ed<\/a><\/td><\/tr><tr><td><strong>2014<\/strong><\/td><td><a href=\"https:\/\/lidovaremesla.cz\/web\/wp-content\/uploads\/2021\/05\/urban.pdf\">Miroslav Urban \u2013 tradi\u010dn\u00ed tkalcovstv\u00ed <\/a><br><a href=\"https:\/\/lidovaremesla.cz\/web\/wp-content\/uploads\/2021\/05\/pyrchalova.pdf\">Marie Pyrchalov\u00e1 \u2013 zubersk\u00e1 v\u00fd\u0161ivka <\/a><br><a href=\"https:\/\/lidovaremesla.cz\/web\/wp-content\/uploads\/2024\/01\/nulk_nositele_karta_kozumplikova_w.pdf\">R\u016f\u017eena Kozumpl\u00edkov\u00e1 \u2013 pleten\u00ed z orobince<\/a><\/td><\/tr><tr><td><strong>2013<\/strong><\/td><td><a href=\"https:\/\/lidovaremesla.cz\/web\/wp-content\/uploads\/2021\/05\/vitoslavska.pdf\">Jarmila Vitoslavsk\u00e1 \u2013 v\u00fdroba tradi\u010dn\u00edch han\u00e1ck\u00fdch kroj\u016f<\/a><\/td><\/tr><tr><td><strong>2012<\/strong><\/td><td><a href=\"https:\/\/lidovaremesla.cz\/web\/wp-content\/uploads\/2021\/05\/hruza.pdf\">Josef Hr\u016fza \u2013 tradi\u010dn\u00ed bedn\u00e1\u0159stv\u00ed <\/a><br><a href=\"https:\/\/lidovaremesla.cz\/web\/wp-content\/uploads\/2024\/01\/nulk_nositele_karta_nosek_w.pdf\">Josef Nosek \u2013 v\u00fdroba oh\u00fdban\u00fdch s\u00e1n\u00ed <\/a><br><a href=\"https:\/\/lidovaremesla.cz\/web\/wp-content\/uploads\/2021\/05\/stecher.pdf\">Miroslav Stecher \u2013 v\u00fdroba lidov\u00fdch hudebn\u00edch n\u00e1stroj\u016f \u2013 \u010desk\u00fdch dud a fanfrnoch\u016f <\/a><br><a href=\"https:\/\/lidovaremesla.cz\/web\/wp-content\/uploads\/2021\/05\/stejskal.pdf\">David Stejskal \u2013 tradi\u010dn\u00ed tesa\u0159sk\u00e9 technologie<\/a><\/td><\/tr><tr><td><strong>2011<\/strong><\/td><td><a href=\"https:\/\/lidovaremesla.cz\/web\/wp-content\/uploads\/2024\/01\/nulk_nositele_karta_hajek_w.pdf\">Anton\u00edn H\u00e1jek \u2013 soustru\u017een\u00ed d\u0159eva, zdoben\u00ed vyl\u00e9v\u00e1n\u00ed kovem <\/a><br><a href=\"https:\/\/lidovaremesla.cz\/web\/wp-content\/uploads\/2021\/05\/hartlova.pdf\">Zuzana Hartlov\u00e1 \u2013 v\u00fdroba lidov\u00e9 faj\u00e1nse tupesk\u00e9ho typu <\/a><br><a href=\"https:\/\/lidovaremesla.cz\/web\/wp-content\/uploads\/2024\/01\/nulk_nositele_karta_mlynek_w.pdf\">Richard Ml\u00fdnek \u2013 tradi\u010dn\u00ed pokr\u00fdv\u00e1n\u00ed st\u0159ech b\u0159idlic\u00ed <\/a><br><a href=\"https:\/\/lidovaremesla.cz\/web\/wp-content\/uploads\/2021\/05\/tilajcikova.pdf\">Zuzana Tilajcsikov\u00e1  \u2013 tradi\u010dn\u00ed ko\u0161\u00edk\u00e1\u0159stv\u00ed<\/a><\/td><\/tr><tr><td><strong>2010<\/strong><\/td><td><a href=\"https:\/\/lidovaremesla.cz\/web\/wp-content\/uploads\/2021\/05\/stawaritsch.pdf\">Alfred Stawaritsch \u2013 tradi\u010dn\u00ed kov\u00e1\u0159stv\u00ed <\/a><br><a href=\"https:\/\/lidovaremesla.cz\/web\/wp-content\/uploads\/2021\/05\/krystynik.pdf\">Augustin Krystyn\u00edk \u2013 kol\u00e1\u0159stv\u00ed <\/a><br><a href=\"https:\/\/lidovaremesla.cz\/web\/wp-content\/uploads\/2021\/05\/strmiska.pdf\">Milan Strmiska \u2013 zpracov\u00e1n\u00ed rohoviny a perleti<\/a><\/td><\/tr><tr><td><strong>2009<\/strong><\/td><td><a href=\"https:\/\/lidovaremesla.cz\/web\/wp-content\/uploads\/2021\/05\/habartova.pdf\">Bo\u017eena Habartov\u00e1 \u2013 v\u00fdroba tradi\u010dn\u00edho lidov\u00e9ho od\u011bvu <\/a><br><a href=\"https:\/\/lidovaremesla.cz\/web\/wp-content\/uploads\/2021\/05\/hanak.pdf\">Karel Han\u00e1k \u2013 v\u00fdroba hab\u00e1nsk\u00e9 faj\u00e1nse <\/a><br><a href=\"https:\/\/lidovaremesla.cz\/web\/wp-content\/uploads\/2021\/05\/chladek.pdf\">Ladislav Chl\u00e1dek \u2013 v\u00fdroba hra\u010dek \u0161t\u00edpan\u00fdch ze soustru\u017een\u00e9ho bloku <\/a><br><a href=\"https:\/\/lidovaremesla.cz\/web\/wp-content\/uploads\/2021\/05\/kasparik.pdf\">V\u00edt Ka\u0161pa\u0159\u00edk \u2013 v\u00fdroba tradi\u010dn\u00edch hudebn\u00edch n\u00e1stroj\u016f <\/a><br><a href=\"https:\/\/lidovaremesla.cz\/web\/wp-content\/uploads\/2021\/05\/mikyska.pdf\">Franti\u0161ek Miky\u0161ka \u2013 sekernick\u00e9 zpracov\u00e1n\u00ed d\u0159eva<\/a><\/td><\/tr><tr><td><strong>2008<\/strong><\/td><td><a href=\"https:\/\/lidovaremesla.cz\/web\/wp-content\/uploads\/2024\/01\/nulk_nositele_karta_minksova_w.pdf\">Eva Minksov\u00e1 \u2013 hor\u0148\u00e1ck\u00e1 vy\u0161ivka <\/a><br><a href=\"https:\/\/lidovaremesla.cz\/web\/wp-content\/uploads\/2021\/05\/pavlica.pdf\">Franti\u0161ek Pavlica \u2013 v\u00fdroba a pokl\u00e1d\u00e1n\u00ed slam\u011bn\u00fdch do\u0161k\u016f <\/a><br><a href=\"https:\/\/lidovaremesla.cz\/web\/wp-content\/uploads\/2021\/05\/dominova.pdf\">Ludmila Dominov\u00e1 \u2013 v\u00fd\u0161ivka ryb\u00ed \u0161upinou <\/a><br><a href=\"https:\/\/lidovaremesla.cz\/web\/wp-content\/uploads\/2021\/05\/skrezinova.pdf\">Marie Skre\u017einov\u00e1 \u2013 v\u00fdroba um\u011bl\u00fdch kv\u011btin <\/a><br><a href=\"https:\/\/lidovaremesla.cz\/web\/wp-content\/uploads\/2021\/05\/cip.pdf\">Pavel \u010c\u00edp \u2013 v\u00fdroba historick\u00fdch hudebn\u00edch n\u00e1stroj\u016f<\/a><\/td><\/tr><tr><td><strong>2007<\/strong><\/td><td><a href=\"https:\/\/lidovaremesla.cz\/web\/wp-content\/uploads\/2021\/05\/mikolajkova.pdf\">Blanka Ammann Mikolajkov\u00e1 \u2013 pleten\u00ed na r\u00e1mu \u2013 krosienka <\/a><br><a href=\"https:\/\/lidovaremesla.cz\/web\/wp-content\/uploads\/2024\/01\/nulk_nositele_karta_turecek_w.pdf\">Franti\u0161ek Ture\u010dek \u2013 v\u00fdroba krojov\u00e9 obuvi <\/a><br><a href=\"https:\/\/lidovaremesla.cz\/web\/wp-content\/uploads\/2021\/05\/buchtelova.pdf\">Hana Buchtelov\u00e1 \u2013 tkan\u00ed na stavu <\/a><br><a href=\"https:\/\/lidovaremesla.cz\/web\/wp-content\/uploads\/2021\/05\/dandova.pdf\">Iveta Dandov\u00e1 \u2013 pleten\u00ed z orobince <\/a><br><a href=\"https:\/\/lidovaremesla.cz\/web\/wp-content\/uploads\/2024\/01\/nulk_nositele_karta_blazkova_w.pdf\">Roz\u00e1lie Bla\u017ekov\u00e1 \u2013 pleten\u00ed z kuku\u0159i\u010dn\u00e9ho \u0161ust\u00ed<\/a><\/td><\/tr><tr><td><strong>2006<\/strong><\/td><td><a href=\"https:\/\/lidovaremesla.cz\/web\/wp-content\/uploads\/2021\/05\/ptackova.pdf\">Dana Pt\u00e1\u010dkov\u00e1 \u2013 pr\u00e1ce z vrbov\u00e9ho prout\u00ed a pedigu <\/a><br><a href=\"https:\/\/lidovaremesla.cz\/web\/wp-content\/uploads\/2024\/01\/nulk_nositele_karta_suchacek_w.pdf\">Jaroslav Such\u00e1\u010dek st. \u2013 ru\u010dn\u00ed v\u00fdroba kamenn\u00fdch brousk\u016f<\/a> <br><a href=\"https:\/\/lidovaremesla.cz\/web\/wp-content\/uploads\/2021\/05\/hruska.pdf\">Josef Hru\u0161ka \u2013 tradicn\u00ed kov\u00e1rstv\u00ed <\/a><br><a href=\"https:\/\/lidovaremesla.cz\/web\/wp-content\/uploads\/2024\/01\/nulk_nositele_karta_kocisova_w.pdf\">Ludmila Ko\u010di\u0161ov\u00e1 \u2013 v\u00fdroba figurek z kuku\u0159i\u010dn\u00e9ho \u0161ust\u00ed <\/a><br><a href=\"https:\/\/lidovaremesla.cz\/web\/wp-content\/uploads\/2021\/05\/zatloukalova.pdf\">Miloslava Zatloukalov\u00e1 \u2013 pr\u00e1ce z l\u00fdka a sl\u00e1my<\/a><\/td><\/tr><tr><td><strong>2005<\/strong><\/td><td><a href=\"https:\/\/lidovaremesla.cz\/web\/wp-content\/uploads\/2021\/05\/smejkal.pdf\">Drahom\u00edr Smejkal \u2013 v\u00fdsek piln\u00edk\u016f a ra\u0161pl\u00ed <\/a><br><a href=\"https:\/\/lidovaremesla.cz\/web\/wp-content\/uploads\/2024\/01\/nulk_nositele_karta_janulik_w.pdf\">Josef Janul\u00edk \u2013 v\u00fdroba krojov\u00e9 obuvi <\/a><br><a href=\"https:\/\/lidovaremesla.cz\/web\/wp-content\/uploads\/2021\/05\/ondrej.pdf\">Ji\u0159\u00ed Ond\u0159ej \u2013 v\u00fdroba b\u0159ezov\u00fdch metel<\/a><\/td><\/tr><tr><td><strong>2004<\/strong><\/td><td><a href=\"https:\/\/lidovaremesla.cz\/web\/wp-content\/uploads\/2021\/05\/joch.pdf\">Franti\u0161ek Joch \u2013 tradi\u010dn\u00ed modrotisk <\/a><br><a href=\"https:\/\/lidovaremesla.cz\/web\/wp-content\/uploads\/2021\/05\/kanalos.pdf\">\u0160tefan Kanalo\u0161 \u2013 dlab\u00e1n\u00ed d\u0159eva <\/a><br><a href=\"https:\/\/lidovaremesla.cz\/web\/wp-content\/uploads\/2021\/05\/mikyska.pdf\">Ji\u0159\u00ed My\u0161ka \u2013 sekernick\u00e9 zpracov\u00e1n\u00ed d\u0159eva <\/a><br><a href=\"https:\/\/lidovaremesla.cz\/web\/wp-content\/uploads\/2024\/01\/nulk_nositele_karta_oharkova_w.pdf\">Jarmila Oharkov\u00e1 \u2013 ru\u010dn\u00ed tkan\u00ed<\/a><\/td><\/tr><tr><td><strong>2003<\/strong><\/td><td><a href=\"https:\/\/lidovaremesla.cz\/web\/wp-content\/uploads\/2021\/05\/kopcan.pdf\">Josef Kop\u010dan \u2013 tesa\u0159sk\u00e9 a sekernick\u00e9 zpracov\u00e1n\u00ed d\u0159eva <\/a><br><a href=\"https:\/\/lidovaremesla.cz\/web\/wp-content\/uploads\/2021\/05\/kubak.pdf\">Zden\u011bk Kub\u00e1k \u2013 tradi\u010dn\u00ed tkan\u00ed l\u00e1tek <\/a><br><a href=\"https:\/\/lidovaremesla.cz\/web\/wp-content\/uploads\/2021\/05\/kvapil.pdf\">Old\u0159ich Kvapil \u2013 \u0159ezb\u00e1\u0159 reli\u00e9fn\u00edch forem na pern\u00edk <\/a><br><a href=\"https:\/\/lidovaremesla.cz\/web\/wp-content\/uploads\/2021\/05\/macho.pdf\">Milan Urban Macho \u2013 pleten\u00ed z loubku <\/a><br><a href=\"https:\/\/lidovaremesla.cz\/web\/wp-content\/uploads\/2021\/05\/stoklasa.pdf\">Petr Stoklasa \u2013 v\u00fdroba \u0161t\u00edpan\u00fdch holubi\u010dek<\/a><\/td><\/tr><tr><td><strong>2002<\/strong><\/td><td><a href=\"https:\/\/lidovaremesla.cz\/web\/wp-content\/uploads\/2021\/05\/bukacek.pdf\">Zden\u011bk Buk\u00e1\u010dek \u2013 soustru\u017een\u00e9 hra\u010dky <\/a><br><a href=\"https:\/\/lidovaremesla.cz\/web\/wp-content\/uploads\/2021\/05\/juricova.pdf\">Jana Ju\u0159icov\u00e1 \u2013 b\u00edl\u00e9 vy\u0161\u00edv\u00e1n\u00ed <\/a><br><a href=\"https:\/\/lidovaremesla.cz\/web\/wp-content\/uploads\/2021\/05\/nimrichter.pdf\">Ivo Nimrichter \u2013 \u010dern\u00e1 hrn\u010dina <\/a><br><a href=\"https:\/\/lidovaremesla.cz\/web\/wp-content\/uploads\/2021\/05\/danzinger.pdf\">Ji\u0159\u00ed Danzinger \u2013 tradi\u010dn\u00ed modrotisk <\/a><br><a href=\"https:\/\/lidovaremesla.cz\/web\/wp-content\/uploads\/2024\/01\/nulk_nositele_karta_trefanec_w.pdf\">Miloslav Trefanec \u2013 tradi\u010dn\u00ed kov\u00e1\u0159stv\u00ed<\/a><\/td><\/tr><tr><td><strong>2001<\/strong><\/td><td><a href=\"https:\/\/lidovaremesla.cz\/web\/wp-content\/uploads\/2021\/05\/mostek.pdf\">Anton\u00edn Mo\u0161t\u011bk \u2013 v\u00fdroba faj\u00e1nse <\/a><br><a href=\"https:\/\/lidovaremesla.cz\/web\/wp-content\/uploads\/2024\/01\/nulk_nositele_karta_rejent_w.pdf\">Ladislav Rejent \u2013 soustru\u017een\u00ed a vyb\u00edjen\u00ed d\u0159eva <\/a><br><a href=\"https:\/\/lidovaremesla.cz\/web\/wp-content\/uploads\/2021\/05\/volf.pdf\">Rudolf Volf \u2013 v\u00fdroba kolove\u010dsk\u00e9 hrn\u010diny <\/a><br><a href=\"https:\/\/lidovaremesla.cz\/web\/wp-content\/uploads\/2024\/01\/nulk_nositele_karta_stepanek_w.pdf\">Stanislav \u0160t\u011bp\u00e1nek \u2013 pleten\u00ed z prout\u00ed <\/a><br><a href=\"https:\/\/lidovaremesla.cz\/web\/wp-content\/uploads\/2021\/05\/drhovsky.pdf\">Ji\u0159\u00ed Drhovsk\u00fd \u2013 v\u00fdroba d\u0159ev\u011bn\u00fdch hra\u010dek<\/a><\/td><\/tr><\/tbody><\/table><\/figure>\n","protected":false},"excerpt":{"rendered":"<p>2025 Ivo Rudolf &#8211; tradi\u010dn\u00ed kov\u00e1\u0159stv\u00edJan \u0160up &#8211; pleten\u00ed z prout\u00ed, loubku a ko\u0159enePetr \u010c\u00edp &#8211; v\u00fdroba lidov\u00fdch hudebn\u00edch n\u00e1stroj\u016fStanislav Ba\u0165a &#8211; tradi\u010dn\u00ed v\u00fdroba d\u00fdmek &hellip; <\/p>\n","protected":false},"author":1,"featured_media":0,"parent":0,"menu_order":0,"comment_status":"closed","ping_status":"closed","template":"","meta":{"footnotes":""},"class_list":["post-14","page","type-page","status-publish","hentry"],"_links":{"self":[{"href":"https:\/\/lidovaremesla.cz\/web\/wp-json\/wp\/v2\/pages\/14","targetHints":{"allow":["GET"]}}],"collection":[{"href":"https:\/\/lidovaremesla.cz\/web\/wp-json\/wp\/v2\/pages"}],"about":[{"href":"https:\/\/lidovaremesla.cz\/web\/wp-json\/wp\/v2\/types\/page"}],"author":[{"embeddable":true,"href":"https:\/\/lidovaremesla.cz\/web\/wp-json\/wp\/v2\/users\/1"}],"replies":[{"embeddable":true,"href":"https:\/\/lidovaremesla.cz\/web\/wp-json\/wp\/v2\/comments?post=14"}],"version-history":[{"count":53,"href":"https:\/\/lidovaremesla.cz\/web\/wp-json\/wp\/v2\/pages\/14\/revisions"}],"predecessor-version":[{"id":659,"href":"https:\/\/lidovaremesla.cz\/web\/wp-json\/wp\/v2\/pages\/14\/revisions\/659"}],"wp:attachment":[{"href":"https:\/\/lidovaremesla.cz\/web\/wp-json\/wp\/v2\/media?parent=14"}],"curies":[{"name":"wp","href":"https:\/\/api.w.org\/{rel}","templated":true}]}}