{"id":18,"date":"2021-04-13T08:31:09","date_gmt":"2021-04-13T06:31:09","guid":{"rendered":"https:\/\/lidovaremesla.cz\/web\/?page_id=18"},"modified":"2021-05-14T13:43:19","modified_gmt":"2021-05-14T11:43:19","slug":"evropska-federace-remesel","status":"publish","type":"page","link":"https:\/\/lidovaremesla.cz\/web\/evropska-federace-remesel\/","title":{"rendered":"Evropsk\u00e1 federace \u0159emesel"},"content":{"rendered":"\n<p><strong>Estonsko<\/strong> &#8211; <a href=\"https:\/\/lidovaremesla.cz\/web\/evropska-federace-remesel\/estonsko-adresar\/\" data-type=\"page\" data-id=\"83\">adres\u00e1\u0159<\/a> &#8211; <a href=\"https:\/\/lidovaremesla.cz\/web\/evropska-federace-remesel\/estonsko-historie\/\" data-type=\"page\" data-id=\"81\">historie<\/a><br><strong>Finsko<\/strong> &#8211; <a href=\"https:\/\/lidovaremesla.cz\/web\/evropska-federace-remesel\/finsko-adresar\/\" data-type=\"page\" data-id=\"89\">adres\u00e1\u0159<\/a> &#8211; <a href=\"https:\/\/lidovaremesla.cz\/web\/evropska-federace-remesel\/finsko-historie\/\" data-type=\"page\" data-id=\"85\">historie<\/a><br><strong>It\u00e1lie<\/strong> &#8211; adres\u00e1\u0159 &#8211; <a href=\"https:\/\/lidovaremesla.cz\/web\/evropska-federace-remesel\/italie-historie\/\" data-type=\"page\" data-id=\"91\">historie<\/a><br><strong>Ma\u010farsko<\/strong> &#8211; <a href=\"https:\/\/lidovaremesla.cz\/web\/evropska-federace-remesel\/madarsko-adresar\/\" data-type=\"page\" data-id=\"93\">adres\u00e1\u0159<\/a> &#8211; historie<br><strong>Norsko<\/strong> &#8211; <a href=\"https:\/\/lidovaremesla.cz\/web\/evropska-federace-remesel\/norsko-adresar\/\" data-type=\"page\" data-id=\"97\">adres\u00e1\u0159<\/a> &#8211; <a href=\"https:\/\/lidovaremesla.cz\/web\/evropska-federace-remesel\/norsko-historie\/\" data-type=\"page\" data-id=\"95\">historie<\/a><br><strong>Polsko<\/strong> &#8211; adres\u00e1\u0159 &#8211; <a href=\"https:\/\/lidovaremesla.cz\/web\/evropska-federace-remesel\/polsko-historie\/\" data-type=\"page\" data-id=\"99\">historie<\/a><br><strong>Rakousko <\/strong>&#8211; <a href=\"https:\/\/lidovaremesla.cz\/web\/evropska-federace-remesel\/rakousko\/\" data-type=\"page\" data-id=\"101\">adres\u00e1\u0159<\/a> &#8211; <a href=\"https:\/\/lidovaremesla.cz\/web\/evropska-federace-remesel\/rakousko\/\" data-type=\"page\" data-id=\"101\">historie<\/a><br><strong>Slovensko <\/strong>&#8211; adres\u00e1\u0159 &#8211; <a href=\"https:\/\/lidovaremesla.cz\/web\/evropska-federace-remesel\/slovensko-historie-2\/\" data-type=\"page\" data-id=\"105\">historie<\/a><br><strong>\u0160pan\u011blsko<\/strong> &#8211; <a href=\"https:\/\/lidovaremesla.cz\/web\/evropska-federace-remesel\/spanelsko-adresar\/\" data-type=\"page\" data-id=\"109\">adres\u00e1\u0159<\/a> &#8211; <a href=\"https:\/\/lidovaremesla.cz\/web\/evropska-federace-remesel\/spanelsko-historie\/\" data-type=\"page\" data-id=\"107\">historie<\/a><br><strong>\u0160v\u00e9dsko<\/strong> &#8211; <a href=\"https:\/\/lidovaremesla.cz\/web\/evropska-federace-remesel\/svedsko-adresar\/\" data-type=\"page\" data-id=\"114\">adres\u00e1\u0159<\/a> &#8211; <a href=\"https:\/\/lidovaremesla.cz\/web\/evropska-federace-remesel\/svedsko-historie\/\" data-type=\"page\" data-id=\"112\">historie<\/a><br><strong>\u0160v\u00fdcarsko<\/strong> &#8211; <a href=\"https:\/\/lidovaremesla.cz\/web\/evropska-federace-remesel\/svycarsko-adresar\/\" data-type=\"page\" data-id=\"118\">adres\u00e1\u0159 <\/a>&#8211; <a href=\"https:\/\/lidovaremesla.cz\/web\/evropska-federace-remesel\/svycarsko-historie\/\" data-type=\"page\" data-id=\"116\">historie<\/a><\/p>\n","protected":false},"excerpt":{"rendered":"<p>Estonsko &#8211; adres\u00e1\u0159 &#8211; historieFinsko &#8211; adres\u00e1\u0159 &#8211; historieIt\u00e1lie &#8211; adres\u00e1\u0159 &#8211; historieMa\u010farsko &#8211; adres\u00e1\u0159 &#8211; historieNorsko &#8211; adres\u00e1\u0159 &#8211; historiePolsko &#8211; adres\u00e1\u0159 &#8211; historieRakousko &hellip; <\/p>\n","protected":false},"author":1,"featured_media":0,"parent":0,"menu_order":0,"comment_status":"closed","ping_status":"closed","template":"","meta":{"footnotes":""},"class_list":["post-18","page","type-page","status-publish","hentry"],"_links":{"self":[{"href":"https:\/\/lidovaremesla.cz\/web\/wp-json\/wp\/v2\/pages\/18","targetHints":{"allow":["GET"]}}],"collection":[{"href":"https:\/\/lidovaremesla.cz\/web\/wp-json\/wp\/v2\/pages"}],"about":[{"href":"https:\/\/lidovaremesla.cz\/web\/wp-json\/wp\/v2\/types\/page"}],"author":[{"embeddable":true,"href":"https:\/\/lidovaremesla.cz\/web\/wp-json\/wp\/v2\/users\/1"}],"replies":[{"embeddable":true,"href":"https:\/\/lidovaremesla.cz\/web\/wp-json\/wp\/v2\/comments?post=18"}],"version-history":[{"count":4,"href":"https:\/\/lidovaremesla.cz\/web\/wp-json\/wp\/v2\/pages\/18\/revisions"}],"predecessor-version":[{"id":440,"href":"https:\/\/lidovaremesla.cz\/web\/wp-json\/wp\/v2\/pages\/18\/revisions\/440"}],"wp:attachment":[{"href":"https:\/\/lidovaremesla.cz\/web\/wp-json\/wp\/v2\/media?parent=18"}],"curies":[{"name":"wp","href":"https:\/\/api.w.org\/{rel}","templated":true}]}}