{"id":20,"date":"2021-04-13T08:31:46","date_gmt":"2021-04-13T06:31:46","guid":{"rendered":"https:\/\/lidovaremesla.cz\/web\/?page_id=20"},"modified":"2021-04-13T09:39:33","modified_gmt":"2021-04-13T07:39:33","slug":"studie-a-clanky","status":"publish","type":"page","link":"https:\/\/lidovaremesla.cz\/web\/studie-a-clanky\/","title":{"rendered":"Studie a \u010dl\u00e1nky"},"content":{"rendered":"\n<ul class=\"wp-block-list\"><li><a href=\"https:\/\/lidovaremesla.cz\/web\/wp-content\/uploads\/2021\/04\/lide_a_veci.pdf\" data-type=\"URL\" data-id=\"https:\/\/lidovaremesla.cz\/web\/wp-content\/uploads\/2021\/04\/lide_a_veci.pdf\">Lid\u00e9 a v\u011bci<\/a><\/li><li><a href=\"https:\/\/lidovaremesla.cz\/web\/wp-content\/uploads\/2021\/04\/lidova_vysivka.pdf\" data-type=\"URL\" data-id=\"https:\/\/lidovaremesla.cz\/web\/wp-content\/uploads\/2021\/04\/lidova_vysivka.pdf\">Pozn\u00e1mky k sou\u010dasn\u00e9 problematice lidov\u00e9 v\u00fd\u0161ivky<\/a><\/li><li><a href=\"https:\/\/lidovaremesla.cz\/web\/wp-content\/uploads\/2021\/04\/lidovy_textil_aplikace.pdf\" data-type=\"URL\" data-id=\"https:\/\/lidovaremesla.cz\/web\/wp-content\/uploads\/2021\/04\/lidovy_textil_aplikace.pdf\">Lidov\u00fd textil a jeho aplikace<\/a><\/li><li><a href=\"https:\/\/lidovaremesla.cz\/web\/wp-content\/uploads\/2021\/04\/modrotisk_na_morave.pdf\" data-type=\"URL\" data-id=\"https:\/\/lidovaremesla.cz\/web\/wp-content\/uploads\/2021\/04\/modrotisk_na_morave.pdf\">Modrotisk na Morav\u011b<\/a><\/li><li><a href=\"https:\/\/lidovaremesla.cz\/web\/wp-content\/uploads\/2021\/04\/rukodelna_vyroba.pdf\" data-type=\"URL\" data-id=\"https:\/\/lidovaremesla.cz\/web\/wp-content\/uploads\/2021\/04\/rukodelna_vyroba.pdf\">Rukod\u011bln\u00e1 v\u00fdroba jako sou\u010d\u00e1st n\u00e1rodn\u00edho kulturn\u00edho d\u011bdictv\u00ed<\/a><\/li><li><a href=\"https:\/\/lidovaremesla.cz\/web\/wp-content\/uploads\/2021\/04\/slovacke_fajanse.pdf\" data-type=\"URL\" data-id=\"https:\/\/lidovaremesla.cz\/web\/wp-content\/uploads\/2021\/04\/slovacke_fajanse.pdf\">Slov\u00e1ck\u00e9 faj\u00e1nse<\/a><\/li><li><a href=\"https:\/\/lidovaremesla.cz\/web\/wp-content\/uploads\/2021\/04\/stipane_drevo-komprimovany-1.pdf\" data-type=\"URL\" data-id=\"https:\/\/lidovaremesla.cz\/web\/wp-content\/uploads\/2021\/04\/stipane_drevo-komprimovany-1.pdf\">P\u0159\u00edprava a u\u017eit\u00ed \u0161t\u00edpan\u00e9ho d\u0159eva v tradi\u010dn\u00ed v\u00fdrob\u011b<\/a><\/li><li><a href=\"https:\/\/lidovaremesla.cz\/web\/wp-content\/uploads\/2021\/04\/textil_vyroba_a_lidova_tradice.pdf\" data-type=\"URL\" data-id=\"https:\/\/lidovaremesla.cz\/web\/wp-content\/uploads\/2021\/04\/textil_vyroba_a_lidova_tradice.pdf\">Textiln\u00ed v\u00fdroba a lidov\u00e1 tradice<\/a><\/li><li><a href=\"https:\/\/lidovaremesla.cz\/web\/wp-content\/uploads\/2021\/04\/tkalcovstvi_cechy_morava.pdf\" data-type=\"URL\" data-id=\"https:\/\/lidovaremesla.cz\/web\/wp-content\/uploads\/2021\/04\/tkalcovstvi_cechy_morava.pdf\">Lidov\u00e9 tkalcovstv\u00ed v \u010cech\u00e1ch a na Morav\u011b<\/a><\/li><li><a href=\"https:\/\/lidovaremesla.cz\/web\/wp-content\/uploads\/2021\/04\/vyvazovana_batika.pdf\" data-type=\"URL\" data-id=\"https:\/\/lidovaremesla.cz\/web\/wp-content\/uploads\/2021\/04\/vyvazovana_batika.pdf\">Vyvazovan\u00e1 a \u0161it\u00e1 batika<\/a><\/li><li><a href=\"https:\/\/lidovaremesla.cz\/web\/wp-content\/uploads\/2021\/04\/zuzitkovani_kukuricneho_susti.pdf\" data-type=\"URL\" data-id=\"https:\/\/lidovaremesla.cz\/web\/wp-content\/uploads\/2021\/04\/zuzitkovani_kukuricneho_susti.pdf\">Zu\u017eitkov\u00e1n\u00ed kuku\u0159i\u010dn\u00e9ho \u0161ust\u00ed na ji\u017en\u00ed Morav\u011b<\/a><\/li><\/ul>\n","protected":false},"excerpt":{"rendered":"<p>Lid\u00e9 a v\u011bci Pozn\u00e1mky k sou\u010dasn\u00e9 problematice lidov\u00e9 v\u00fd\u0161ivky Lidov\u00fd textil a jeho aplikace Modrotisk na Morav\u011b Rukod\u011bln\u00e1 v\u00fdroba jako sou\u010d\u00e1st n\u00e1rodn\u00edho kulturn\u00edho d\u011bdictv\u00ed Slov\u00e1ck\u00e9 &hellip; <\/p>\n","protected":false},"author":1,"featured_media":0,"parent":0,"menu_order":0,"comment_status":"closed","ping_status":"closed","template":"","meta":{"footnotes":""},"class_list":["post-20","page","type-page","status-publish","hentry"],"_links":{"self":[{"href":"https:\/\/lidovaremesla.cz\/web\/wp-json\/wp\/v2\/pages\/20","targetHints":{"allow":["GET"]}}],"collection":[{"href":"https:\/\/lidovaremesla.cz\/web\/wp-json\/wp\/v2\/pages"}],"about":[{"href":"https:\/\/lidovaremesla.cz\/web\/wp-json\/wp\/v2\/types\/page"}],"author":[{"embeddable":true,"href":"https:\/\/lidovaremesla.cz\/web\/wp-json\/wp\/v2\/users\/1"}],"replies":[{"embeddable":true,"href":"https:\/\/lidovaremesla.cz\/web\/wp-json\/wp\/v2\/comments?post=20"}],"version-history":[{"count":5,"href":"https:\/\/lidovaremesla.cz\/web\/wp-json\/wp\/v2\/pages\/20\/revisions"}],"predecessor-version":[{"id":143,"href":"https:\/\/lidovaremesla.cz\/web\/wp-json\/wp\/v2\/pages\/20\/revisions\/143"}],"wp:attachment":[{"href":"https:\/\/lidovaremesla.cz\/web\/wp-json\/wp\/v2\/media?parent=20"}],"curies":[{"name":"wp","href":"https:\/\/api.w.org\/{rel}","templated":true}]}}