{"id":22,"date":"2021-04-13T08:33:49","date_gmt":"2021-04-13T06:33:49","guid":{"rendered":"https:\/\/lidovaremesla.cz\/web\/?page_id=22"},"modified":"2021-05-13T15:50:03","modified_gmt":"2021-05-13T13:50:03","slug":"bibliografie","status":"publish","type":"page","link":"https:\/\/lidovaremesla.cz\/web\/bibliografie\/","title":{"rendered":"Bibliografie"},"content":{"rendered":"\n<p>Tato v\u00fdb\u011brov\u00e1 bibliografie m\u00e1 usnadnit pr\u00e1ci badatel\u016fm, z\u00e1jemc\u016fm z \u0159ad profesn\u00edch organizac\u00ed, pop\u0159\u00edpad\u011b instituc\u00edm st\u00e1tn\u00ed spr\u00e1vy a samospr\u00e1vy p\u0159i vyu\u017e\u00edv\u00e1n\u00ed datab\u00e1ze port\u00e1l\u016f Lidov\u00e1 \u0159emesla. Bude postupn\u011b dopl\u0148ov\u00e1na v p\u0159edlo\u017een\u00e9 struktu\u0159e podle materi\u00e1l\u016f a vyu\u017e\u00edv\u00e1na jako podn\u011bt pro zpracov\u00e1n\u00ed podrobn\u011bj\u0161\u00edch specializovan\u00fdch bibliografi\u00ed jednotliv\u00fdch obor\u016f lidov\u00fdch \u0159emesel. K nim je p\u0159i\u0159azen seznam videodokumentac\u00ed po\u0159\u00edzen\u00fdch\u00a0<a rel=\"noreferrer noopener\" href=\"http:\/\/www.nulk.cz\/\" target=\"_blank\">N\u00daLK<\/a>.<\/p>\n\n\n\n<ul class=\"wp-block-list\"><li><a href=\"https:\/\/lidovaremesla.cz\/web\/bibliografie\/celkove-prace\/\">celkov\u00e9 pr\u00e1ce<\/a><\/li><li><a href=\"https:\/\/lidovaremesla.cz\/web\/bibliografie\/drevo\/\">d\u0159evo<\/a><\/li><li><a href=\"https:\/\/lidovaremesla.cz\/web\/bibliografie\/kamen\/\">k\u00e1men<\/a><\/li><li><a href=\"https:\/\/lidovaremesla.cz\/web\/bibliografie\/keramika\/\">keramika<\/a><\/li><li><a href=\"https:\/\/lidovaremesla.cz\/web\/bibliografie\/kov\/\">kov<\/a><\/li><li><a href=\"https:\/\/lidovaremesla.cz\/web\/bibliografie\/kuze\/\">k\u016f\u017ee<\/a><\/li><li><a href=\"https:\/\/lidovaremesla.cz\/web\/bibliografie\/pletiva\/\">pletiva<\/a><\/li><li><a href=\"https:\/\/lidovaremesla.cz\/web\/bibliografie\/ruzne\/\">r\u016fzn\u00e9<\/a><\/li><li><a href=\"https:\/\/lidovaremesla.cz\/web\/bibliografie\/sklo\/\">sklo<\/a><\/li><li><a href=\"https:\/\/lidovaremesla.cz\/web\/bibliografie\/textil\/\">textil<\/a><\/li><\/ul>\n\n\n\n<p><\/p>\n","protected":false},"excerpt":{"rendered":"<p>Tato v\u00fdb\u011brov\u00e1 bibliografie m\u00e1 usnadnit pr\u00e1ci badatel\u016fm, z\u00e1jemc\u016fm z \u0159ad profesn\u00edch organizac\u00ed, pop\u0159\u00edpad\u011b instituc\u00edm st\u00e1tn\u00ed spr\u00e1vy a samospr\u00e1vy p\u0159i vyu\u017e\u00edv\u00e1n\u00ed datab\u00e1ze port\u00e1l\u016f Lidov\u00e1 \u0159emesla. Bude &hellip; <\/p>\n","protected":false},"author":1,"featured_media":0,"parent":0,"menu_order":0,"comment_status":"closed","ping_status":"closed","template":"","meta":{"footnotes":""},"class_list":["post-22","page","type-page","status-publish","hentry"],"_links":{"self":[{"href":"https:\/\/lidovaremesla.cz\/web\/wp-json\/wp\/v2\/pages\/22","targetHints":{"allow":["GET"]}}],"collection":[{"href":"https:\/\/lidovaremesla.cz\/web\/wp-json\/wp\/v2\/pages"}],"about":[{"href":"https:\/\/lidovaremesla.cz\/web\/wp-json\/wp\/v2\/types\/page"}],"author":[{"embeddable":true,"href":"https:\/\/lidovaremesla.cz\/web\/wp-json\/wp\/v2\/users\/1"}],"replies":[{"embeddable":true,"href":"https:\/\/lidovaremesla.cz\/web\/wp-json\/wp\/v2\/comments?post=22"}],"version-history":[{"count":2,"href":"https:\/\/lidovaremesla.cz\/web\/wp-json\/wp\/v2\/pages\/22\/revisions"}],"predecessor-version":[{"id":287,"href":"https:\/\/lidovaremesla.cz\/web\/wp-json\/wp\/v2\/pages\/22\/revisions\/287"}],"wp:attachment":[{"href":"https:\/\/lidovaremesla.cz\/web\/wp-json\/wp\/v2\/media?parent=22"}],"curies":[{"name":"wp","href":"https:\/\/api.w.org\/{rel}","templated":true}]}}