{"id":26,"date":"2021-04-13T08:35:01","date_gmt":"2021-04-13T06:35:01","guid":{"rendered":"https:\/\/lidovaremesla.cz\/web\/?page_id=26"},"modified":"2021-04-13T08:35:01","modified_gmt":"2021-04-13T06:35:01","slug":"drevo","status":"publish","type":"page","link":"https:\/\/lidovaremesla.cz\/web\/bibliografie\/drevo\/","title":{"rendered":"D\u0159evo"},"content":{"rendered":"\n<p><strong>B\u011aL\u00cdK, V.<\/strong>: Johan Burian, majstr stola\u0159sk\u00fd z Mohelna. [Malovan\u00fd n\u00e1bytek.]&nbsp;<em>Vlastiv\u011bdn\u00fd v\u011bstn\u00edk moravsk\u00fd<\/em>, 1, 1946, \u010d. 2-3, s. 145-148. T\u00e9\u017e in: VSV, 1, 1956, VS, s. 165-166.<\/p>\n\n\n\n<p><strong>BENE\u0160, A.<\/strong>:&nbsp;<em>Nauka o bedn\u00e1\u0159stv\u00ed<\/em>: u\u010debnice pro odbor a theoret. vzd\u011bl. bedn\u00e1\u0159\u016f. Praha, n\u00e1kl. vl. 1906. 468 s.: obr.<\/p>\n\n\n\n<p><strong>BENE\u0160, J.<\/strong>: O pr\u00e1ci vl\u010dnovsk\u00e9ho kol\u00e1\u0159e. In:&nbsp;<em>Slov\u00e1cko<\/em>, 4-5, 1962-63, s. 95-100.<\/p>\n\n\n\n<p><strong>DU\u0160A, F.<\/strong>:&nbsp;<em>Lidov\u00fd d\u0159evoryt 18. a 19. stolet\u00ed<\/em>. Brno, vl.n. 1938. 25 s., 36. obr. p\u0159\u00edl.<\/p>\n\n\n\n<p><strong>DVO\u0158\u00c1KOV\u00c1, H.<\/strong>: Hor\u00e1ck\u00e1 hra\u010dka ve sv\u011btle dobov\u00e9 produkce sousedn\u00edch zem\u00ed.&nbsp;<em>N\u00e1rodopisn\u00e1 revue<\/em>, 4, 1994, s. 17-22.<\/p>\n\n\n\n<p><strong>FIXL, V.<\/strong>: P\u016flstolet\u00ed \u010deskoslovensk\u00e9 hra\u010dky.&nbsp;<em>Um\u011bn\u00ed a \u0159emesla<\/em>, 1976, \u010d.4, s. 20-23.<\/p>\n\n\n\n<p><strong>HERAIN, K.<\/strong>: Na\u0161e lidov\u00e9 hra\u010dky.&nbsp;<em>V\u011bci a lid\u00e9<\/em>, 4, 1952-1953, s. 236-250.<\/p>\n\n\n\n<p><strong>HERC\u00cdK, E.<\/strong>:&nbsp;<em>\u010ceskoslovensk\u00e9 lidov\u00e9 hra\u010dky<\/em>&nbsp;: kapitoly o hra\u010dk\u00e1ch od prav\u011bku do na\u0161\u00ed doby. Praha, Orbis 1951. 62 s., 176 tb.<\/p>\n\n\n\n<p><strong>HLINOVSK\u00dd, F. J. &#8211; MICHAL\u010c\u00cdK, A.<\/strong>:&nbsp;<em>Lidov\u00e9 \u0159ezb\u00e1\u0159stv\u00ed<\/em>&nbsp;: soubor reprodukc\u00ed z \u010d. a slov. lid. \u0159ezb\u00e1\u0159stv\u00ed. Praha, Orbis 1955. 110 s.: [8] barev. obr. p\u0159\u00edl.<\/p>\n\n\n\n<p><strong>HLUBU\u010cEK, K.<\/strong>: Lidov\u00fd \u0159ezb\u00e1\u0159i doudleb\u0161t\u00ed.&nbsp;<em>Doudlebsk\u00fd arch\u00edv historick\u00fd a n\u00e1rodopisn\u00fd<\/em>, 1951, \u010d. 3, s. 1-8.<\/p>\n\n\n\n<p><strong>HRU\u0160KA, J. F.<\/strong>: Chodsk\u00fd d\u0159evorubec a jeho pr\u00e1ce.&nbsp;<em>\u010cesk\u00fd lid<\/em>, 6, 1897, s. 446-455.<\/p>\n\n\n\n<p><strong>JAB\u016eRKOV\u00c1, H. &#8211; JAKE\u0160, K.<\/strong>: Netradi\u010dn\u00ed setk\u00e1n\u00ed s tradi\u010dn\u00ed bedn\u00e1\u0159skou v\u00fdrobou aneb Co se v ml\u00e1d\u00ed nau\u010d\u00ed\u0161, ve \u010dtvrt\u00e9 generaci jako kdy\u017e najde\u0161.&nbsp;<em>Vala\u0161sko<\/em>, 1999, \u010d. 2, s. 32-33.<\/p>\n\n\n\n<p><strong>JAN\u010c\u00c1\u0158, J.<\/strong>:&nbsp;<em>Pr\u00e1ce ze d\u0159eva<\/em>. \u010d\u00e1st 2. : skripta ke stejnojmenn\u00e9 videokazet\u011b. Str\u00e1\u017enice, \u00dastav lidov\u00e9 kultury 1998. 46 s.: obr + videokazeta. (Lidov\u00e1 \u0159emesla a lidov\u00e1 um\u011bleck\u00e1 v\u00fdroba v \u010cesk\u00e9 republice).<\/p>\n\n\n\n<p><strong>JAN\u010c\u00c1\u0158, J.<\/strong>: V\u00fdroba d\u0159ev\u011bn\u00e9ho n\u00e1\u0159ad\u00ed na Pod\u0159evnicku.&nbsp;<em>\u010cesk\u00fd lid<\/em>, 52, 1965, \u010d. 2, s. 124-125.<\/p>\n\n\n\n<p><strong>JANOTKA, M.<\/strong>: D\u0159evo v tradi\u010dn\u00ed rukod\u011bln\u00e9 v\u00fdrob\u011b : p\u0159\u00edsp\u011bvek k \u010dlen\u011bn\u00ed problematiky.&nbsp;<em>Muzejn\u00ed a vlastiv\u011bdn\u00e1 pr\u00e1ce<\/em>, 5, 1967, s. 196-205.<\/p>\n\n\n\n<p><strong>JANOTKA, M.<\/strong>: D\u0159evo v tradi\u010dn\u00ed rukod\u011bln\u00e9 v\u00fdrob\u011b.&nbsp;<em>Um\u011bn\u00ed a \u0159emesla<\/em>, 1963, \u010d. 6, s. 224-29.<\/p>\n\n\n\n<p><strong>JANOTKA, M.<\/strong>: P\u0159\u00edprava a u\u017eit\u00ed \u0161t\u00edpan\u00e9ho d\u0159eva v tradi\u010dn\u00ed v\u00fdrob\u011b.&nbsp;<em>\u010cesk\u00fd lid<\/em>, 50, 1963, s. 152-163.<\/p>\n\n\n\n<p><strong>JANOTKA, M.<\/strong>: P\u0159\u00edprava a u\u017eit\u00ed \u0161t\u00edpan\u00e9ho d\u0159eva v tradi\u010dn\u00ed v\u00fdrob\u011b. \u00davod do problematiky.&nbsp;<em>\u010cesk\u00fd lid<\/em>, 50, 1963, s. 152-163.<\/p>\n\n\n\n<p><strong>JANOTKA, M.<\/strong>: Samorosty v tradi\u010dn\u00ed d\u0159eva\u0159sk\u00e9 v\u00fdrob\u011b.&nbsp;<em>\u010cesk\u00fd lid<\/em>, 48, 1961, s. 247-255.<\/p>\n\n\n\n<p><strong>JANOVSK\u00dd, R.<\/strong>: Um\u011bleck\u00fd pr\u016fmysl vala\u0161sk\u00fdch truhl\u00e1\u0159\u016f z 18. stolet\u00ed. Na\u0161e&nbsp;<em>Vala\u0161sko<\/em>, 3, 1932, s. 40-41.<\/p>\n\n\n\n<p><strong>JE\u0158\u00c1BEK, R.<\/strong>: Dlaban\u00e9 obiln\u00ed n\u00e1doby na Vala\u0161sku.&nbsp;<em>Lidov\u00e1 kultura v\u00fdch. Moravy<\/em>, 1, 1960, s. 57-62.<\/p>\n\n\n\n<p><strong>JE\u0158\u00c1BEK, R.<\/strong>:&nbsp;<a href=\"https:\/\/www.lidovaremesla.cz\/http%3C\/span%3E:\/\/na.nulk.cz\/1971\/1\/Nr.html#37\" target=\"_blank\" rel=\"noreferrer noopener\">Dva p\u0159\u00edsp\u011bvky k studiu materi\u00e1ln\u00ed kultury na Vala\u0161sku v 19. stolet\u00ed<\/a>. [Pr\u00e1ce na pile a v\u00fdroba d\u0159ev\u011bn\u00e9ho popela.]&nbsp;<em>N\u00e1rodopisn\u00e9 aktuality<\/em>, 8, 1971, s. 99-102.<\/p>\n\n\n\n<p><strong>JOHNOV\u00c1, H.<\/strong>: Hor\u00e1ck\u00e9 d\u0159ev\u011bn\u00e9 hra\u010dky.&nbsp;<em>Um\u011bn\u00ed a \u0159emesla<\/em>, 1976, \u010d. 4, s. 24-26.<\/p>\n\n\n\n<p><strong>KOCURA, J.<\/strong>:&nbsp;<em>Kol\u00e1\u0159stv\u00ed<\/em>. Praha, SZN 1956. 213, [3] s.<\/p>\n\n\n\n<p><strong>KOHOUT, J. &#8211; TOBEK, A.<\/strong>:&nbsp;<em>Tesa\u0159stv\u00ed<\/em>&nbsp;: tradice z pohledu dne\u0161ka. Praha, Grada 1996. 255 s. : il.<\/p>\n\n\n\n<p><strong>KUNZ, L.<\/strong>: Jak hory \u017eivily lidi na rajnochovicku. [D\u0159evorubectv\u00ed, sv\u00e1\u017een\u00ed d\u0159eva, v\u00fdroba \u0161indel\u016f]&nbsp;<em>Na\u0161e Vala\u0161sko<\/em>, 13, 1950, s. 49-57.<\/p>\n\n\n\n<p><strong>KYDL\u00cd\u010cEK, K. &#8211; SCH\u00c4FFER, R.<\/strong>:&nbsp;<em>Tesa\u0159<\/em>. St\u00e1tn\u00ed nakladatelstv\u00ed technick\u00e9 literatury 1959. 279 s., obr.<\/p>\n\n\n\n<p><strong>LANGER, K.<\/strong>: D\u0159evo v dom\u00e1ck\u00e9 a lidov\u00e9 v\u00fdrob\u011b.&nbsp;<em>V\u011bci a lid\u00e9<\/em>, 2, 1949-50, s. 364-372.<\/p>\n\n\n\n<p><strong>LANGER, K.<\/strong>: D\u0159evo v lidov\u00e9 um\u011bleck\u00e9 v\u00fdrob\u011b. In:&nbsp;<strong>HASALOV\u00c1, V.<\/strong>:&nbsp;<em>Tvo\u0159ivost \u010desk\u00e9ho lidu v tradi\u010dn\u00ed um\u011bleck\u00e9 v\u00fdrob\u011b<\/em>: sborn\u00edk stat\u00ed. Praha, Orbis 1953. s. 39-45.<\/p>\n\n\n\n<p><em>Lidov\u00fd ornament na d\u0159ev\u011b v \u010desk\u00fdch zem\u00edch<\/em>. Praha, V\u00fdzkumn\u00fd \u00fastav v\u00fdrobn\u00edho dru\u017estevnictv\u00ed 1980. 123 s. (Studie o lidov\u00e9 um\u011bleck\u00e9 v\u00fdrob\u011b, \u010c. 9).<\/p>\n\n\n\n<p><strong>L\u00cd\u0160KOV\u00c1, A. &#8211; HRN\u00cd\u010cKO, V.<\/strong>: Lidov\u00e9 hra\u010dky a sou\u010dasnost.&nbsp;<em>Um\u011bn\u00ed a \u0159emesla<\/em>, 1982, \u010d. 1, s. 21-26.<\/p>\n\n\n\n<p><strong>MELNIKOV\u00c1-Papou\u0161kov\u00e1, N.<\/strong>:&nbsp;<em>Lidov\u00e9 hra\u010dky<\/em>. Praha, Orbis 1948. 32 s. Ref.: V. \u0160tefanov\u00e1. Malovan\u00fd kraj, 3, 1948, s. 59-60.<\/p>\n\n\n\n<p><strong>MELNIKOV\u00c1-Papou\u0161kov\u00e1, N.<\/strong>: Lidov\u00fd d\u0159evo\u0159ez.&nbsp;<em>Um\u011bn\u00ed a \u0159emesla<\/em>, 1965, s. 217-222.<\/p>\n\n\n\n<p><strong>MELNIKOV\u00c1-Papou\u0161kov\u00e1, N.<\/strong>: N\u011bkolik my\u0161lenek kolem lidov\u00e9ho d\u0159evo\u0159ezu.&nbsp;<em>Hollar<\/em>, 31, 1961, s. 6-21.<\/p>\n\n\n\n<p><strong>MILDER, V.<\/strong>: O ru\u010dn\u00ed v\u00fdrob\u011b \u0161indele.&nbsp;<em>Severn\u00ed Morava<\/em>, 2, 1957, s. 59-60.<\/p>\n\n\n\n<p><strong>OREL, J.<\/strong>: S\u00fasek ve vala\u0161sk\u00e9m lidov\u00e9m invent\u00e1\u0159i. [Technika v\u00fdroby, n\u00e1zvy, pokus o ur\u010den\u00ed oblasti roz\u0161\u00ed\u0159en\u00ed a p\u016fvodu.]&nbsp;<em>Na\u0161e Vala\u0161sko<\/em>, 12, 1949, s. 102-108.<\/p>\n\n\n\n<p><strong>PAJER, J.<\/strong>: Str\u00e1\u017eni\u010dt\u00ed bedn\u00e1\u0159i.&nbsp;<em>Malovan\u00fd kraj<\/em>, 19, 1983, \u010d. 4, s. 6-7.<\/p>\n\n\n\n<p><strong>PAVLI\u0160T\u00cdK, K.<\/strong>:&nbsp;<em>Dom\u00e1ck\u00e1 v\u00fdroba d\u0159ev\u011bn\u00e9ho n\u00e1\u0159ad\u00ed a n\u00e1\u010din\u00ed na Pod\u0159evnicku<\/em>. Zl\u00edn, Muzeum jihov\u00fdchodn\u00ed Moravy 1993. Ref.: J. Jan\u010d\u00e1\u0159. N\u00e1rodopisn\u00e1 revue, 3, 1993, s. 134. &#8211; I. Frolec. Slov\u00e1cko, 36, 1994, s. 69-70. &#8211; S. \u0160vecov\u00e1. Slovensk\u00fd n\u00e1rodopis, 42, 1994, s. 244-245.<\/p>\n\n\n\n<p><strong>PAVLI\u0160T\u00cdK, K.<\/strong>:&nbsp;<em>Pr\u00e1ce ze d\u0159eva<\/em>. \u010d\u00e1st 1. : skripta ke stejnojmenn\u00e9 videokazet\u011b. Str\u00e1\u017enice, \u00dastav lidov\u00e9 kultury 1998. 68 s.: obr + videokazeta. (Lidov\u00e1 \u0159emesla a lidov\u00e1 um\u011bleck\u00e1 v\u00fdroba v \u010cesk\u00e9 republice).<\/p>\n\n\n\n<p><strong>ROUS, J.<\/strong>: V\u00fdroba d\u0159ev\u011bn\u00e9ho n\u00e1\u010din\u00ed na Vala\u0161sku. S ilustracemi K. Hofmana.&nbsp;<em>Na\u0161e Vala\u0161sko<\/em>, 1, 1929-30, s. 15-21.<\/p>\n\n\n\n<p><strong>SEDL\u00c1K, J.<\/strong>:&nbsp;<em>Tesa\u0159stv\u00ed<\/em>. (D\u0159ev\u011bn\u00e9 stavby a konstrukce.) D\u00edl I. Vlastnosti d\u0159eva, z\u00e1kladn\u00ed konstrukce tesa\u0159sk\u00e9, krovy soustavy vaznicov\u00e9, se 76 celostr\u00e1nkov\u00fdmi obrazci. Praha, B. Py\u0161vejc 1948. 180 s.<\/p>\n\n\n\n<p><strong>SKRAML\u00cdK, K.<\/strong>:&nbsp;<em>Tesa\u0159stv\u00ed<\/em>&nbsp;: p\u0159\u00edru\u010dn\u00ed kniha praktick\u00e9ho tesa\u0159stv\u00ed pro pot\u0159ebu \u0161kol i d\u011bln\u00edk\u016f, za p\u0159isp\u011bn\u00ed zku\u0161en\u00fdch odborn\u00edk\u016f. Praha, Kober [1920]. 124 s. : tab.<\/p>\n\n\n\n<p><strong>STANOVSK\u00dd, V. &#8211; TVRD\u00cdKOV\u00c1, M.<\/strong>: Chv\u00e1la \u0159emesla. [Pr\u00e1ce lidov\u00fdch truhl\u00e1\u0159\u016f a barv\u00ed\u0159\u016f na ji\u017en\u00ed Morav\u011b.]&nbsp;<em>Domov,<\/em>&nbsp;1972, \u010d. 3, s. 42-44; \u010d. 4, s. 46-48.<\/p>\n\n\n\n<p><strong>STAR\u00dd, F.<\/strong>: Zanikl\u00e1 v\u00fdroba \u0161indele, kolomazi a d\u0159ev\u011bn\u00e9ho uhl\u00ed.&nbsp;<em>\u010cesk\u00fd lid<\/em>, 25, 1925, s. 99-105.<\/p>\n\n\n\n<p><strong>STOKLAS, E.<\/strong>: Do\u0161k\u00e1\u0159i a \u0161indel\u00e1\u0159i na Litovelsku.&nbsp;<em>Vlastiv\u011bdn\u00fd v\u011bstn\u00edk moravsk\u00fd<\/em>, 2, 1947, s. 142-143.<\/p>\n\n\n\n<p><strong>STR\u00c1NSK\u00c1, D.<\/strong>: Tv\u016frci lidov\u00e9ho um\u011bn\u00ed. Truhl\u00e1\u0159i lidov\u00e9ho n\u00e1bytku v Moheln\u011b.&nbsp;<em>\u010cesk\u00fd lid<\/em>, 43, 1956, s. 69-76.<\/p>\n\n\n\n<p><strong>STRNAD, J.<\/strong>:&nbsp;<em>Kol\u00e1\u0159stv\u00ed v theorii a praxi \u010dili stavba v\u0161ech druh\u016f vozidel<\/em>. Praha-Vinohrady ; Praha VII, 1921-1923]. 143 s. : 40 obr. p\u0159\u00edl.<\/p>\n\n\n\n<p><strong>\u0160ENFELDOV\u00c1, H.<\/strong>:&nbsp;<em>Lidov\u00e9 techniky zdoben\u00ed d\u0159eva<\/em>. Praha, SNTL 1984. 135 s.. Ref.: M. N\u00e1plavov\u00e1. Slov\u00e1cko, 26, 1984, s. 125.<\/p>\n\n\n\n<p><strong>\u0160OTOLA, M.<\/strong>: Na\u0161e vyl\u00e9van\u00e9 d\u0159evo.&nbsp;<em>V\u011bci a lid\u00e9<\/em>, 6, 1954, s. 397-417.<\/p>\n\n\n\n<p><strong>TRUTOVSK\u00dd, A.E.<\/strong>:&nbsp;<em>Truhl\u00e1\u0159 pro v\u00fdrobu n\u00e1bytku<\/em>&nbsp;: z\u00e1kl. p\u0159\u00edru\u010dka pro truhl\u00e1\u0159sk\u00fd dorost a pro mistrovsk\u00e9 kursy a odb. u\u010dili\u0161t\u011b. Praha, SNTL 1954. 310 s.<\/p>\n\n\n\n<p><strong>URBACHOV\u00c1, E.<\/strong>: D\u0159evo v historii Vala\u0161ska. In:&nbsp;<em>D\u0159evo v \u017eivot\u011b vala\u0161sk\u00e9ho lidu<\/em>. Vset\u00edn 1972, s. 4-8.<\/p>\n\n\n\n<p><strong>VINTER, J.<\/strong>:&nbsp;<em>Pr\u00e1ce se d\u0159evem<\/em>. Praha, 1973.<\/p>\n\n\n\n<p><strong>VYDRA, J.<\/strong>: Lidov\u00e1 hra\u010dka.&nbsp;<em>V\u011bci a lid\u00e9<\/em>, 4, 1952\/53, s. 211-235.<\/p>\n\n\n\n<p><strong>Z\u00c1ME\u010cN\u00cdK, A.<\/strong>: D\u0159eva\u0159stv\u00ed na Vala\u0161sku. In:&nbsp;<em>Sborn\u00edk Musejn\u00ed spole\u010dnosti ve Vala\u0161sk\u00e9m Mezi\u0159\u00ed\u010d\u00ed<\/em>, 13, 1907, s. 48-54.<\/p>\n","protected":false},"excerpt":{"rendered":"<p>B\u011aL\u00cdK, V.: Johan Burian, majstr stola\u0159sk\u00fd z Mohelna. [Malovan\u00fd n\u00e1bytek.]&nbsp;Vlastiv\u011bdn\u00fd v\u011bstn\u00edk moravsk\u00fd, 1, 1946, \u010d. 2-3, s. 145-148. T\u00e9\u017e in: VSV, 1, 1956, VS, s. &hellip; <\/p>\n","protected":false},"author":1,"featured_media":0,"parent":22,"menu_order":0,"comment_status":"closed","ping_status":"closed","template":"","meta":{"footnotes":""},"class_list":["post-26","page","type-page","status-publish","hentry"],"_links":{"self":[{"href":"https:\/\/lidovaremesla.cz\/web\/wp-json\/wp\/v2\/pages\/26","targetHints":{"allow":["GET"]}}],"collection":[{"href":"https:\/\/lidovaremesla.cz\/web\/wp-json\/wp\/v2\/pages"}],"about":[{"href":"https:\/\/lidovaremesla.cz\/web\/wp-json\/wp\/v2\/types\/page"}],"author":[{"embeddable":true,"href":"https:\/\/lidovaremesla.cz\/web\/wp-json\/wp\/v2\/users\/1"}],"replies":[{"embeddable":true,"href":"https:\/\/lidovaremesla.cz\/web\/wp-json\/wp\/v2\/comments?post=26"}],"version-history":[{"count":1,"href":"https:\/\/lidovaremesla.cz\/web\/wp-json\/wp\/v2\/pages\/26\/revisions"}],"predecessor-version":[{"id":27,"href":"https:\/\/lidovaremesla.cz\/web\/wp-json\/wp\/v2\/pages\/26\/revisions\/27"}],"up":[{"embeddable":true,"href":"https:\/\/lidovaremesla.cz\/web\/wp-json\/wp\/v2\/pages\/22"}],"wp:attachment":[{"href":"https:\/\/lidovaremesla.cz\/web\/wp-json\/wp\/v2\/media?parent=26"}],"curies":[{"name":"wp","href":"https:\/\/api.w.org\/{rel}","templated":true}]}}