{"id":28,"date":"2021-04-13T08:36:05","date_gmt":"2021-04-13T06:36:05","guid":{"rendered":"https:\/\/lidovaremesla.cz\/web\/?page_id=28"},"modified":"2021-04-13T08:37:42","modified_gmt":"2021-04-13T06:37:42","slug":"kamen","status":"publish","type":"page","link":"https:\/\/lidovaremesla.cz\/web\/bibliografie\/kamen\/","title":{"rendered":"K\u00e1men"},"content":{"rendered":"\n<p><strong>HANZL, Z.<\/strong>:&nbsp;<em>K\u00e1men v rukod\u011bln\u00e9 v\u00fdrob\u011b \u010desk\u00e9ho venkova<\/em>. Praha, Lidov\u00e9 noviny 2003. 262 s. : il.<\/p>\n\n\n\n<p><strong>URBACHOV\u00c1, E.<\/strong>: Lidov\u00e1 v\u00fdroba brousk\u016f na Vset\u00ednsku.&nbsp;<em>Pr\u00e1ce Vlastiv\u011bdn\u00e9ho \u00fastavu Vset\u00edn<\/em>, 1972, \u010d. 2, s. 25-33.<\/p>\n","protected":false},"excerpt":{"rendered":"<p>HANZL, Z.:&nbsp;K\u00e1men v rukod\u011bln\u00e9 v\u00fdrob\u011b \u010desk\u00e9ho venkova. Praha, Lidov\u00e9 noviny 2003. 262 s. : il. URBACHOV\u00c1, E.: Lidov\u00e1 v\u00fdroba brousk\u016f na Vset\u00ednsku.&nbsp;Pr\u00e1ce Vlastiv\u011bdn\u00e9ho \u00fastavu Vset\u00edn, &hellip; <\/p>\n","protected":false},"author":1,"featured_media":0,"parent":22,"menu_order":0,"comment_status":"closed","ping_status":"closed","template":"","meta":{"footnotes":""},"class_list":["post-28","page","type-page","status-publish","hentry"],"_links":{"self":[{"href":"https:\/\/lidovaremesla.cz\/web\/wp-json\/wp\/v2\/pages\/28","targetHints":{"allow":["GET"]}}],"collection":[{"href":"https:\/\/lidovaremesla.cz\/web\/wp-json\/wp\/v2\/pages"}],"about":[{"href":"https:\/\/lidovaremesla.cz\/web\/wp-json\/wp\/v2\/types\/page"}],"author":[{"embeddable":true,"href":"https:\/\/lidovaremesla.cz\/web\/wp-json\/wp\/v2\/users\/1"}],"replies":[{"embeddable":true,"href":"https:\/\/lidovaremesla.cz\/web\/wp-json\/wp\/v2\/comments?post=28"}],"version-history":[{"count":1,"href":"https:\/\/lidovaremesla.cz\/web\/wp-json\/wp\/v2\/pages\/28\/revisions"}],"predecessor-version":[{"id":29,"href":"https:\/\/lidovaremesla.cz\/web\/wp-json\/wp\/v2\/pages\/28\/revisions\/29"}],"up":[{"embeddable":true,"href":"https:\/\/lidovaremesla.cz\/web\/wp-json\/wp\/v2\/pages\/22"}],"wp:attachment":[{"href":"https:\/\/lidovaremesla.cz\/web\/wp-json\/wp\/v2\/media?parent=28"}],"curies":[{"name":"wp","href":"https:\/\/api.w.org\/{rel}","templated":true}]}}