{"id":30,"date":"2021-04-13T08:37:03","date_gmt":"2021-04-13T06:37:03","guid":{"rendered":"https:\/\/lidovaremesla.cz\/web\/?page_id=30"},"modified":"2021-04-13T08:38:02","modified_gmt":"2021-04-13T06:38:02","slug":"keramika","status":"publish","type":"page","link":"https:\/\/lidovaremesla.cz\/web\/bibliografie\/keramika\/","title":{"rendered":"Keramika"},"content":{"rendered":"\n<p><strong>BALETKA, L.<\/strong>: Rajnochovick\u00e1 keramikan : v\u00fdrobn\u00ed pom\u011bry a produkce v manufaktur\u00e1ch na v\u00fdrobu kameniny v Mikul\u016fvce a na L\u00e1zech na Vset\u00ednsku.&nbsp;<em>\u010cesk\u00fd lid<\/em>, 77, 1990, s. 165-171.<\/p>\n\n\n\n<p><strong>BOU\u010cEK, V.<\/strong>: Pozn\u00e1mky ke zvelebov\u00e1n\u00ed probl\u00e9mu b\u00edl\u00e9 lidov\u00e9 majoliky.&nbsp;<em>V\u011bci a lid\u00e9<\/em>, 2, 1949-50, s. 259-269.<\/p>\n\n\n\n<p><strong>\u010cERNOHORSK\u00dd, K. &#8211; FABIAN, V. &#8211; GEISSLER, R. &#8211; PL\u00c1NI\u010cKA &#8211; SVOBODA, J. F.<\/strong>: \u010ceskoslovensk\u00e1 lidov\u00e1 keramika.&nbsp;<em>N\u00e1rodopisn\u00fd v\u011bstn\u00edk \u010deskoslovansk\u00fd<\/em>, 23, 1930, s. 97-122, 169-216, 273-300; 24, 1931, s. 92-132, 163-202.<\/p>\n\n\n\n<p><strong>\u010cERNOHORSK\u00dd, K.<\/strong>:&nbsp;<em>Jak se vyr\u00e1b\u011bly vy\u0161kovsk\u00e9 fajance<\/em>. Vy\u0161kov, Mus. spolek 1928. 61 s., p\u0159\u00edl.<\/p>\n\n\n\n<p><strong>\u010cERNOHORSK\u00dd, K.<\/strong>: K po\u010d\u00e1tk\u016fm fajansov\u00e9 v\u00fdroby na \u00fazem\u00ed \u010ceskoslovenska.&nbsp;<em>\u010cesk\u00fd lid<\/em>, 39, 1952, s. 21-28.<\/p>\n\n\n\n<p><strong>\u010cERNOHORSK\u00dd, K.<\/strong>:&nbsp;<em>Moravsk\u00e1 lidov\u00e1 keramika<\/em>. Praha, J. Otto 1941. 284 s., 24 obr. p\u0159\u00edl. Ref.: V. Richter. \u010casopis Matice moravsk\u00e9, 66, 1944-46, s. 213-214; O. \u0158\u00edha. Sborn\u00edk pro hospod\u00e1\u0159sk\u00e9 a soci\u00e1ln\u00ed d\u011bjiny, 1, 1946, s. 113-114.<\/p>\n\n\n\n<p><strong>\u010cERNOHORSK\u00dd, K.<\/strong>:&nbsp;<em>Po\u010d\u00e1tky hab\u00e1nsk\u00fdch faj\u00e1ns\u00ed<\/em>. Opava, Slezsk\u00e9 zemsk\u00e9 muzeum 1931. 47 s. Zvl. otisk z V\u011bstn\u00edku Slezsk\u00e9ho zemsk\u00e9ho muzea v Opav\u011b, 2, 1930, s. 103-143. Ref.: J. F. Svoboda. N\u00e1rodopisn\u00fd v\u011bstn\u00edk \u010deskoslovansk\u00fd, 24, 1931, s. 306-307. &#8211; STS. \u010casopis Matice moravsk\u00e9, 55, 1931, s. 299-300.<\/p>\n\n\n\n<p><strong>\u010cERNOHORSK\u00dd, K.<\/strong>: P\u0159\u00edsp\u011bvek k d\u011bjin\u00e1m faj\u00e1nsov\u00e9 v\u00fdroby ve Vala\u0161sk\u00e9m Mezi\u0159\u00ed\u010d\u00ed.&nbsp;<em>Na\u0161e Vala\u0161sko<\/em>, 3, 1932, s. 58-66.<\/p>\n\n\n\n<p><strong>\u010cERNOHORSK\u00dd, K.<\/strong>: V\u00fdroba faj\u00e1ns\u00ed v Bu\u010dovic\u00edch. In.&nbsp;<em>Bu\u010dovice, st\u00e1tn\u00ed z\u00e1mek a okol\u00ed<\/em>. Praha 1955, s. 22-24.<\/p>\n\n\n\n<p><strong>HRBKOV\u00c1, R.<\/strong>:&nbsp;<em>Hab\u00e1ni na Morav\u011b<\/em>&nbsp;[faj\u00e1ns]. Olomouc, Vlastiv\u011bd. \u00fast. 1972. 18 s., 9 s. p\u0159\u00edl. Pr\u00e1ce odboru spole\u010densk\u00fdch v\u011bd Vlastiv\u011bdn\u00e9ho \u00fastavu v Olomouci, \u010d. 28.<\/p>\n\n\n\n<p><strong>HRBKOV\u00c1, R.<\/strong>: Hab\u00e1nsk\u00e1 keramika. In:&nbsp;<em>Ro\u010denka muse\u00ed Olomouck\u00e9ho kraje<\/em>. Olomouc 1957, s. 133-138.<\/p>\n\n\n\n<p><strong>HRBKOV\u00c1, R.<\/strong>:&nbsp;<em>Litovelsk\u00e1 hrn\u010dina<\/em>. Olomouc,Vlastiv\u011bdn\u00fd \u00fastav 1970. 15 s., 24 obr. p\u0159\u00edl. Pr\u00e1ce odboru spol. v\u011bd V\u00da v Olomouci, \u010d. 26. Ref.: V. Scheufler. \u010cesk\u00fd lid, 58, 1971, s. 356.<\/p>\n\n\n\n<p><strong>HRBKOV\u00c1, R.<\/strong>: Olm\u00fctzer und Sternberger Fayensen. In:&nbsp;<em>Ethnographica<\/em>, 1, 1959, s. 100-109.<\/p>\n\n\n\n<p><strong>HRBKOV\u00c1, R.<\/strong>: Olomouck\u00e9 a \u0161ternbersk\u00e9 fajanse.&nbsp;<em>\u010cesk\u00fd lid<\/em>, 45, 1958, s. 75-77.<\/p>\n\n\n\n<p><strong>CHADRABA, R.<\/strong>: Pro\u010d zanikla lidov\u00e1 keramika v Olomouck\u00e9m kraji.&nbsp;<em>V\u011bci a lid\u00e9<\/em>, 3, 1951-52, s. 357-368.<\/p>\n\n\n\n<p><strong>JAN\u010c\u00c1\u0158, J.<\/strong>:&nbsp;<em>Lidov\u00e1 keramika<\/em>&nbsp;: skripta ke stejnojmenn\u00e9 videokazet\u011b. Str\u00e1\u017enice, \u00dastav lidov\u00e9 kultury 1997. 59 s.: obr + videokazeta. (Lidov\u00e1 \u0159emesla a lidov\u00e1 um\u011bleck\u00e1 v\u00fdroba v \u010cesk\u00e9 republice).<\/p>\n\n\n\n<p><strong>JAN\u010c\u00c1\u0158, J.<\/strong>: Lidov\u00e1 keramika na Slov\u00e1cku od po\u010d\u00e1tku 20. stolet\u00ed.&nbsp;<em>\u010cesk\u00fd lid<\/em>, 52, 1965, s. 25-33.<\/p>\n\n\n\n<p><strong>JAN\u010c\u00c1\u0158, J.<\/strong>:&nbsp;<a href=\"http:\/\/na.nulk.cz\/1983\/3\/Nr.html#04\" target=\"_blank\" rel=\"noreferrer noopener\">Slov\u00e1ck\u00e9 faj\u00e1nse.<\/a>&nbsp;<em>N\u00e1rodopisn\u00e9 aktuality<\/em>, 20, 1983, s. 191-197.<\/p>\n\n\n\n<p><strong>JE\u0158\u00c1BEK, R.<\/strong>: P\u00e1r slov o keramice, zvl\u00e1\u0161t\u011b lidov\u00e9. In:&nbsp;<em>Studie Muzea Krom\u011b\u0159\u00ed\u017eska `82<\/em>. Krom\u011b\u0159\u00ed\u017e 1983, s. 55-58.<\/p>\n\n\n\n<p><strong>JOHNOV\u00c1, H.<\/strong>: Dom\u00e1ck\u00e1 v\u00fdroba cihel na Jablunkovsku.&nbsp;<em>V\u011bstn\u00edk N\u00e1rodopisn\u00e9 spole\u010dnosti \u010deskoslovensk\u00e9 p\u0159i \u010cSAV<\/em>, 1960, \u010d. 2, s. 6-10.<\/p>\n\n\n\n<p><strong>KALINOV\u00c1, A.<\/strong>: Keramick\u00e1 tov\u00e1rna v Olomu\u010danech u Blanska a \u017eivot v lidov\u00e9m prost\u0159ed\u00ed na p\u0159elomu 19. a 20. stolet\u00ed. In:&nbsp;<em>Ethnographica<\/em>, 17, 1983, s. 271-281, 8 obr. na p\u0159\u00edl.<\/p>\n\n\n\n<p><strong>KLIME\u0160OV\u00c1, E.<\/strong>: Podkladov\u00e9 materi\u00e1ly pro ur\u010dov\u00e1n\u00ed proskovsk\u00e9 faj\u00e1nse.&nbsp;<em>\u010casopis Slezsk\u00e9ho muzea<\/em>, 23, 1974, B, s. 38-59.<\/p>\n\n\n\n<p><strong>KRAHULEC, A.<\/strong>: Keramick\u00e1 tov\u00e1rna ve Vranov\u011b n\/Dyj\u00ed.&nbsp;<em>Tvar<\/em>, 3, 1950, s. 218-223.<\/p>\n\n\n\n<p><strong>KRETZ, F.<\/strong>: Keramick\u00e1 tov\u00e1rna v Hranic\u00edch.&nbsp;<em>Z\u00e1horsk\u00e1 kronika<\/em>, 9, 1926-27, s. 105-106.<\/p>\n\n\n\n<p><strong>KRETZ, F.<\/strong>: Keramika hab\u00e1nsk\u00e1 a selsk\u00e1.&nbsp;<em>\u010casopis Vlastiv\u011bdn\u00e9ho spolku muzejn\u00edho v Olomouci<\/em>, 29, 1912, s. 161-165.<\/p>\n\n\n\n<p><strong>KRETZ, F.<\/strong>: Rajnochovsk\u00e1 keramika.&nbsp;<em>Z\u00e1horsk\u00e1 kronika<\/em>, 10, 1927-28, s. 37-39.<\/p>\n\n\n\n<p><strong>KRETZ, F.<\/strong>: Zanikl\u00e9 tov\u00e1rny keramick\u00e9 na Morav\u011b.&nbsp;<em>\u010cesk\u00fd lid<\/em>, 9, 1900, s. 180-184.<\/p>\n\n\n\n<p><strong>KUNZ, L.<\/strong>: Rajnochovsk\u00e1 keramika : na okraj v\u00fdstavy keramick\u00fdch v\u00fdrobk\u016f d\u00edlen a kameninu v Rajnochovic\u00edch, v L\u00e1zech, v Loukov\u011b a na Mikul\u016fvce.&nbsp;<em>Na\u0161e Vala\u0161sko<\/em>, 5, 1956, s. 54-57.<\/p>\n\n\n\n<p><strong>KUNZ, L.<\/strong>: Uherskobrod\u0161t\u00ed kamn\u00e1\u0159i a hrn\u010d\u00ed\u0159i : p\u0159\u00edsp\u011bvek k \u010deskopolsk\u00fdm styk\u016fm v lidov\u00fdch \u0159emeslech.&nbsp;<em>\u010cesk\u00fd lid<\/em>, 73, 1986, s. 98-103.<\/p>\n\n\n\n<p><strong>KUNZ, L.<\/strong>: V\u00fdroba a p\u00e1len\u00ed cihel v Rajnochovic\u00edch.&nbsp;<em>Na\u0161e Vala\u0161sko<\/em>, 12, 1949, s. 150-153.<\/p>\n\n\n\n<p><strong>LANDSFELD, H.<\/strong>:&nbsp;<em>Lidov\u00e9 hrn\u010d\u00ed\u0159stv\u00ed a d\u017eb\u00e1nka\u0159stv\u00ed<\/em>&nbsp;: besedy o \u0159emesle d\u017eb\u00e1nka\u0159sk\u00e9m a kamn\u00e1\u0159sk\u00e9m. Praha, Orbis 1950. 341 s., p\u0159\u00edl. Ref.: L. L\u00e1bek. N\u00e1rodopisn\u00fd v\u011bstn\u00edk \u010deskoslovansk\u00fd, 32, 1951, s. 189-191.<\/p>\n\n\n\n<p><strong>LANDSFELD, H.<\/strong>:&nbsp;<em>Tis\u00edc let keramick\u00e9 v\u00fdroby ve Str\u00e1\u017enici<\/em>. Gottwaldov, Kraj. museum 1956. 15 s. Studie Krajsk\u00e9ho musea v Gottwaldov\u011b. \u0158ada SV, \u010d. 5.<\/p>\n\n\n\n<p><strong>LANDSFELD, H.<\/strong>: V\u00fdroba &#8220; \u010dern\u00e9ho&#8220; n\u00e1dob\u00ed v Modr\u00e9 u Velehradu. In:&nbsp;<em>Slov\u00e1cko<\/em>, 3, 1961, s. 85-89.<\/p>\n\n\n\n<p><strong>LANG, A.<\/strong>: Z historie lo\u0161tick\u00e9ho hrn\u010d\u00ed\u0159stv\u00ed.&nbsp;<em>Severn\u00ed Morava<\/em>, 1, 1957, s. 27-32.<\/p>\n\n\n\n<p><em>Lidov\u00e1 keramika v \u010desk\u00fdch zem\u00edch<\/em>. Praha, V\u00fdzkumn\u00fd \u00fastav v\u00fdrobn\u00edho dru\u017estevnictv\u00ed 1978. 123 s. (Studie o lidov\u00e9 um\u011bleck\u00e9 v\u00fdrob\u011b, \u010c. 8).<\/p>\n\n\n\n<p><strong>NOVOTN\u00c1, M.<\/strong>: Hrn\u010d\u00ed\u0159stv\u00ed a kamn\u00e1\u0159stv\u00ed ve Svratce.&nbsp;<em>V\u011bstn\u00edk N\u00e1rodopisn\u00e9 spole\u010dnosti \u010deskoslovensk\u00e9 p\u0159i \u010cSAV<\/em>, 1960, \u010d. 2, s. 10-13.<\/p>\n\n\n\n<p><strong>PAJER, J.<\/strong>:&nbsp;<a href=\"http:\/\/na.nulk.cz\/1974\/3\/Nr.html#01\" target=\"_blank\" rel=\"noreferrer noopener\">K metodice hodnocen\u00ed lidov\u00e9 keramiky z archeologick\u00fdch n\u00e1lez\u016f.<\/a>&nbsp;(Na z\u00e1klad\u011b str\u00e1\u017enick\u00fdch n\u00e1lez\u016f.)&nbsp;<em>N\u00e1rodopisn\u00e9 aktuality<\/em>, 11, 1974, s. 169-184.<\/p>\n\n\n\n<p><strong>P\u011aTA, J.<\/strong>: Kun\u0161t\u00e1tsk\u00e9 hrn\u010d\u00ed\u0159stv\u00ed a jeho techniky.&nbsp;<em>V\u011bci a lid\u00e9<\/em>, 4, 1952, s. 133-139.<\/p>\n\n\n\n<p><strong>PLICKOV\u00c1, E. &#8211; SCHEUFLER, V.<\/strong>:&nbsp;<em>Lidov\u00e1 hrn\u010dina v \u010ceskoslovensku<\/em>. Uh. Hradi\u0161t\u011b, Slov\u00e1ck\u00e9 muzeum 1966. 78 s., 16 obr. p\u0159\u00edl., 2 mp. Kultura a tradice, sv. 6. Ref.: V. Scheufler. \u010cesk\u00fd lid, 54, 1967, s. 118-119.<\/p>\n\n\n\n<p><strong>PRA\u017d\u00c1K, V. &#8211; TICH\u00dd, D.<\/strong>: Kun\u0161t\u00e1tsk\u00e9 hrn\u010d\u00ed\u0159stv\u00ed : soupis hrn\u010d\u00ed\u0159sk\u00fdch d\u00edlen a mistr\u016f hrn\u010d\u00ed\u0159\u016f v Kun\u0161t\u00e1t\u011b na Morav\u011b.&nbsp;<em>\u010casopis N\u00e1rodn\u00edho muzea<\/em>, odd\u00edl v\u011bd spole\u010densk\u00fdch, 132, 1963, s. 25-41.<\/p>\n\n\n\n<p><strong>PRA\u017d\u00c1K, V.<\/strong>: Kun\u0161t\u00e1tsk\u00e9 hrn\u010d\u00ed\u0159stv\u00ed : d\u011bjinn\u00fd v\u00fdvoj a v\u00fdrobn\u00ed pom\u011bry hrn\u010d\u00ed\u0159sk\u00e9ho \u0159emesla v Kun\u0161t\u00e1t\u011b na Morav\u011b.&nbsp;<em>N\u00e1rodopisn\u00fd v\u011bstn\u00edk \u010deskoslovansk\u00fd<\/em>, 33, 1953-56, s. 207-277.<\/p>\n\n\n\n<p><strong>PRA\u017d\u00c1K, V.<\/strong>: Technologie hrn\u010d\u00ed\u0159sk\u00e9 v\u00fdroby v Kun\u0161t\u00e1t\u011b.&nbsp;<em>\u010ceskoslovensk\u00e1 etnografie<\/em>, 8, 1960, s. 371-383; 9, 1961, s. 16-58, 113-134, 235-37.<\/p>\n\n\n\n<p><strong>SCHEUFLER, V.<\/strong>:&nbsp;<em>D\u011bjiny chodsk\u00e9 keramiky<\/em>. Plze\u0148, Krajsk\u00e9 nakladatelstv\u00ed 1959. 191 s.<\/p>\n\n\n\n<p><strong>SCHEUFLER, V.<\/strong>: Lidov\u00e1 keramika : n\u00e1stin technick\u00e9 a kulturn\u011bhistorick\u00e9 specifikace. In:&nbsp;<em>Studie Muzea Krom\u011b\u0159\u00ed\u017eska `82<\/em>. Krom\u011b\u0159\u00ed\u017e 1983, s. 59-70.<\/p>\n\n\n\n<p><strong>SCHEUFLER, V.<\/strong>:&nbsp;<em>Lidov\u00e9 hrn\u010d\u00ed\u0159stv\u00ed v \u010desk\u00fdch zem\u00edch<\/em>. Praha, Academia 1972. 222 s., 57 s. fot. p\u0159\u00edl., 4 mp. p\u0159\u00edl. Ref.: J. Sou\u010dek.&nbsp;<a href=\"http:\/\/na.nulk.cz\/1973\/2\/Nr.html#12\" target=\"_blank\" rel=\"noreferrer noopener\">N\u00e1rodopisn\u00e9 aktuality<\/a>, 10, 1973, s. 139-140.<\/p>\n\n\n\n<p><strong>SCHEUFLER, V.<\/strong>: Novov\u011bk\u00e9 n\u00e1lezy z Brunt\u00e1lu a brunt\u00e1lsk\u00e9 hrn\u010d\u00ed\u0159stv\u00ed nov\u00e9 doby.&nbsp;<em>\u010casopis Slezsk\u00e9ho muzea<\/em>, 24, 1975, B, s. 32-42.<\/p>\n\n\n\n<p><strong>SCHEUFLEROV\u00c1, J.<\/strong>: Lidov\u00e1 hrn\u010dina v \u010ceskoslovensku.&nbsp;<em>Um\u011bn\u00ed a \u0159emesla<\/em>, 1966, s. 195-200.<\/p>\n\n\n\n<p><strong>SKRU\u017dN\u00dd, L.<\/strong>: P\u0159\u00edsp\u011bvek k v\u00fdvoji hrn\u010d\u00ed\u0159sk\u00fdch cech\u016f a hrn\u010d\u00ed\u0159sk\u00fdch pracovn\u00edch n\u00e1stroj\u016f.&nbsp;<em>\u010cesk\u00fd lid<\/em>, 61, 1974, s. 155-175.<\/p>\n\n\n\n<p><strong>SN\u00c1\u0160IL, R.<\/strong>: P\u0159\u00edsp\u011bvek k technologii p\u00e1len\u00ed \u010dern\u00e9 hrn\u010diny na Slov\u00e1cku.&nbsp;<em>\u010cesk\u00fd lid<\/em>, 57, 1970, s. 328-335.<\/p>\n\n\n\n<p><strong>SVOBODA, J. F.<\/strong>: \u010ceskoslovensk\u00e1 lidov\u00e1 keramika.&nbsp;<em>N\u00e1rodopisn\u00fd v\u011bstn\u00edk \u010deskoslovansk\u00fd<\/em>, 22, 1929, s. 61-86.<\/p>\n\n\n\n<p><strong>SVOBODA, J. F.<\/strong>: Lidov\u00e1 keramika z\u00e1padomoravsk\u00e1.&nbsp;<em>N\u00e1rodopisn\u00fd v\u011bstn\u00edk \u010deskoslovansk\u00fd<\/em>, 20, 1927, s. 157-167, 233-248, 330-350.<\/p>\n\n\n\n<p><strong>\u0160UJAN, V.<\/strong>: Moravsk\u00e9 lidov\u00e9 faj\u00e1nse. In:&nbsp;<em>Slov\u00e1cko<\/em>, 12-13, 1970-71, s. 49-58.<\/p>\n\n\n\n<p><strong>TVRD\u00dd, J.<\/strong>: Vy\u0161kovsk\u00e1 keramika a jej\u00ed v\u00fdvoj.&nbsp;<em>N\u00e1rodopisn\u00fd v\u011bstn\u00edk \u010deskoslovansk\u00fd<\/em>, 6, 1911, s. 73-87, 97-121, 145-156.<\/p>\n\n\n\n<p><strong>UHROV\u00c1, O.<\/strong>: Z\u00e1padomoravsk\u00e1 keramika. [Oslavany, Ivan\u010dice, Velk\u00e1 B\u00edte\u0161, Re\u0161ice.]&nbsp;<em>Vlastiv\u011bdn\u00fd v\u011bstn\u00edk moravsk\u00fd<\/em>, 26, 1794, s. 288-301.<\/p>\n\n\n\n<p><strong>V\u00c1LKA, M.<\/strong>: Rajnochovick\u00e1 keramika : p\u0159\u00edsp\u011bvek k d\u011bjin\u00e1m keramick\u00e9 v\u00fdroby na v\u00fdchodn\u00ed Morav\u011b. In:&nbsp;<em>Studie Muzea Krom\u011b\u0159\u00ed\u017eska `82<\/em>. Krom\u011b\u0159\u00ed\u017e 1983, s. 85-88.<\/p>\n\n\n\n<p><strong>VYDRA, J. &#8211; KUNZ, L.<\/strong>:&nbsp;<em>Malerei auf Volksmajolika von der Wiedert\u00e4uferkeramik zur Volkskunst 1685-1925<\/em>. Praha, Artia 1956. 69, 6 s.: 156 s. obr. p\u0159\u00edl.<\/p>\n\n\n\n<p><strong>ZH\u00c1N\u011aL, J.<\/strong>: Vy\u0161kovsk\u00e1 lidov\u00e1 keramika. In:&nbsp;<em>Vy\u0161kov<\/em>. Praha 1954, s. 17-19.<\/p>\n","protected":false},"excerpt":{"rendered":"<p>BALETKA, L.: Rajnochovick\u00e1 keramikan : v\u00fdrobn\u00ed pom\u011bry a produkce v manufaktur\u00e1ch na v\u00fdrobu kameniny v Mikul\u016fvce a na L\u00e1zech na Vset\u00ednsku.&nbsp;\u010cesk\u00fd lid, 77, 1990, s. &hellip; <\/p>\n","protected":false},"author":1,"featured_media":0,"parent":22,"menu_order":0,"comment_status":"closed","ping_status":"closed","template":"","meta":{"footnotes":""},"class_list":["post-30","page","type-page","status-publish","hentry"],"_links":{"self":[{"href":"https:\/\/lidovaremesla.cz\/web\/wp-json\/wp\/v2\/pages\/30","targetHints":{"allow":["GET"]}}],"collection":[{"href":"https:\/\/lidovaremesla.cz\/web\/wp-json\/wp\/v2\/pages"}],"about":[{"href":"https:\/\/lidovaremesla.cz\/web\/wp-json\/wp\/v2\/types\/page"}],"author":[{"embeddable":true,"href":"https:\/\/lidovaremesla.cz\/web\/wp-json\/wp\/v2\/users\/1"}],"replies":[{"embeddable":true,"href":"https:\/\/lidovaremesla.cz\/web\/wp-json\/wp\/v2\/comments?post=30"}],"version-history":[{"count":1,"href":"https:\/\/lidovaremesla.cz\/web\/wp-json\/wp\/v2\/pages\/30\/revisions"}],"predecessor-version":[{"id":31,"href":"https:\/\/lidovaremesla.cz\/web\/wp-json\/wp\/v2\/pages\/30\/revisions\/31"}],"up":[{"embeddable":true,"href":"https:\/\/lidovaremesla.cz\/web\/wp-json\/wp\/v2\/pages\/22"}],"wp:attachment":[{"href":"https:\/\/lidovaremesla.cz\/web\/wp-json\/wp\/v2\/media?parent=30"}],"curies":[{"name":"wp","href":"https:\/\/api.w.org\/{rel}","templated":true}]}}