{"id":34,"date":"2021-04-13T08:38:43","date_gmt":"2021-04-13T06:38:43","guid":{"rendered":"https:\/\/lidovaremesla.cz\/web\/?page_id=34"},"modified":"2021-04-13T08:38:43","modified_gmt":"2021-04-13T06:38:43","slug":"kuze","status":"publish","type":"page","link":"https:\/\/lidovaremesla.cz\/web\/bibliografie\/kuze\/","title":{"rendered":"K\u016f\u017ee"},"content":{"rendered":"\n<p><strong>FLORI\u00c1NOV\u00c1, O.<\/strong>:&nbsp;<em>Pr\u00e1ce z k\u016f\u017ee<\/em>. \u010d\u00e1st 1. : skripta ke stejnojmenn\u00e9 videokazet\u011b. Str\u00e1\u017enice, \u00dastav lidov\u00e9 kultury 2001. 63 s.: obr + videokazeta. (Lidov\u00e1 \u0159emesla a lidov\u00e1 um\u011bleck\u00e1 v\u00fdroba v \u010cesk\u00e9 republice).<\/p>\n\n\n\n<p><strong>FLORI\u00c1NOV\u00c1, O.<\/strong>:&nbsp;<em>Pr\u00e1ce z k\u016f\u017ee<\/em>. \u010d\u00e1st 2. : doprovodn\u00e1 publikace ke stejnojmenn\u00e9 videokazet\u011b. Str\u00e1\u017enice, \u00dastav lidov\u00e9 kultury 2002. 55 s.: obr + videokazeta. (Lidov\u00e1 \u0159emesla a lidov\u00e1 um\u011bleck\u00e1 v\u00fdroba v \u010cesk\u00e9 republice).<\/p>\n\n\n\n<p><strong>SMUTN\u00dd, B.<\/strong>: K historii ko\u017eed\u011bln\u00e9 manufaktury ve Vesel\u00ed nad Moravou. In:&nbsp;<em>Ji\u017en\u00ed Morava<\/em>, 35, 1999, Sv. 38, s. 71-80.<\/p>\n\n\n\n<p><strong>\u0160\u0164ASTN\u00dd, V. &#8211; \u0160UMPELA, F.<\/strong>: Ko\u017eelu\u017estv\u00ed na Morav\u011b.&nbsp;<em>Vlastiv\u011bdn\u00fd v\u011bstn\u00edk moravsk\u00fd<\/em>, 3, 1998, s. 266-284.<\/p>\n","protected":false},"excerpt":{"rendered":"<p>FLORI\u00c1NOV\u00c1, O.:&nbsp;Pr\u00e1ce z k\u016f\u017ee. \u010d\u00e1st 1. : skripta ke stejnojmenn\u00e9 videokazet\u011b. Str\u00e1\u017enice, \u00dastav lidov\u00e9 kultury 2001. 63 s.: obr + videokazeta. (Lidov\u00e1 \u0159emesla a lidov\u00e1 &hellip; <\/p>\n","protected":false},"author":1,"featured_media":0,"parent":22,"menu_order":0,"comment_status":"closed","ping_status":"closed","template":"","meta":{"footnotes":""},"class_list":["post-34","page","type-page","status-publish","hentry"],"_links":{"self":[{"href":"https:\/\/lidovaremesla.cz\/web\/wp-json\/wp\/v2\/pages\/34","targetHints":{"allow":["GET"]}}],"collection":[{"href":"https:\/\/lidovaremesla.cz\/web\/wp-json\/wp\/v2\/pages"}],"about":[{"href":"https:\/\/lidovaremesla.cz\/web\/wp-json\/wp\/v2\/types\/page"}],"author":[{"embeddable":true,"href":"https:\/\/lidovaremesla.cz\/web\/wp-json\/wp\/v2\/users\/1"}],"replies":[{"embeddable":true,"href":"https:\/\/lidovaremesla.cz\/web\/wp-json\/wp\/v2\/comments?post=34"}],"version-history":[{"count":1,"href":"https:\/\/lidovaremesla.cz\/web\/wp-json\/wp\/v2\/pages\/34\/revisions"}],"predecessor-version":[{"id":35,"href":"https:\/\/lidovaremesla.cz\/web\/wp-json\/wp\/v2\/pages\/34\/revisions\/35"}],"up":[{"embeddable":true,"href":"https:\/\/lidovaremesla.cz\/web\/wp-json\/wp\/v2\/pages\/22"}],"wp:attachment":[{"href":"https:\/\/lidovaremesla.cz\/web\/wp-json\/wp\/v2\/media?parent=34"}],"curies":[{"name":"wp","href":"https:\/\/api.w.org\/{rel}","templated":true}]}}