{"id":36,"date":"2021-04-13T08:39:06","date_gmt":"2021-04-13T06:39:06","guid":{"rendered":"https:\/\/lidovaremesla.cz\/web\/?page_id=36"},"modified":"2021-04-13T08:39:06","modified_gmt":"2021-04-13T06:39:06","slug":"pletiva","status":"publish","type":"page","link":"https:\/\/lidovaremesla.cz\/web\/bibliografie\/pletiva\/","title":{"rendered":"Pletiva"},"content":{"rendered":"\n<p><strong>BARAN, L.<\/strong>: Jiho\u010desk\u00e9 n\u016f\u0161e.&nbsp;<em>\u010cesk\u00fd lid<\/em>, 46, 1959, s. 120-124.<\/p>\n\n\n\n<p><strong>BOU\u010cEK, V.<\/strong>: Sl\u00e1ma, orobinec, l\u00fdko v lidov\u00e9 tvorb\u011b.&nbsp;<em>Tvar<\/em>, 2, 1949, s. 217-219.<\/p>\n\n\n\n<p><strong>EBERHARDOV\u00c1, A. &#8211; \u0160ENFELDOV\u00c1, H.<\/strong>:&nbsp;<em>Sl\u00e1ma a orobinec<\/em>. Uh. Hradi\u0161t\u011b, Slov\u00e1ck\u00e9 muzeum 1970. 74 s., 38, 118 obr. v p\u0159\u00edl. Technologie lidov\u00e9 v\u00fdroby, \u010d. 1. Ref.: J. Sta\u0148kov\u00e1. \u010cesk\u00fd lid, 59, 1972, s. 114-115.<\/p>\n\n\n\n<p><strong>GABRIEL, S.<\/strong>:&nbsp;<em>Ko\u0161\u00edk\u00e1\u0159stv\u00ed<\/em>&nbsp;: [tradi\u010dn\u00ed \u0159emesla]. Brno, Computer Press 2003. 176 s.: il. (Hobby).<\/p>\n\n\n\n<p><strong>CHYTIL, J.<\/strong>: Spl\u00e9tan\u00e9 p\u0159\u00edrodn\u00ed materi\u00e1ly.&nbsp;<em>Tvar<\/em>, 5, 1952, s. 76-79.<\/p>\n\n\n\n<p><strong>JAN\u010c\u00c1\u0158, J.<\/strong>:&nbsp;<em>Pletiva<\/em>&nbsp;: skripta ke stejnojmenn\u00e9 videokazet\u011b. Str\u00e1\u017enice, \u00dastav lidov\u00e9 kultury 1998. 63 s.: obr + videokazeta. (Lidov\u00e1 \u0159emesla a lidov\u00e1 um\u011bleck\u00e1 v\u00fdroba v \u010cesk\u00e9 republice).<\/p>\n\n\n\n<p><strong>JE\u0158\u00c1BEK, R.<\/strong>: Pleten\u00e9 obiln\u00ed n\u00e1doby na Vala\u0161sku. In:&nbsp;<em>Historick\u00fd sborn\u00edk<\/em>. Gottwaldov 1957, s. 77-81.<\/p>\n\n\n\n<p><strong>JUR\u010c\u00c1K, V.<\/strong>: Vzpom\u00ednka na jasensk\u00e9 op\u00e1lk\u00e1\u0159e.&nbsp;<em>Region Pod\u0159evnicko<\/em>, 3, 1994, \u010d. 2, s. 16.<\/p>\n\n\n\n<p><strong>KALOUS, J.<\/strong>: Co je orobinec a jak jej vyu\u017e\u00edt.&nbsp;<em>Lidov\u00e1 tvo\u0159ivost<\/em>, 7, 1956, \u010d. 6, s. 134-135.<\/p>\n\n\n\n<p><em>Ko\u0161\u00edk\u00e1\u0159sk\u00e1 v\u00fdroba v \u010desk\u00fdch zem\u00edch<\/em>. Praha, V\u00fdzk. \u00fastav v\u00fdrob. dru\u017estevnictv\u00ed 1980. 150 s.: obr. (Studie o lidov\u00e9 um\u011bleck\u00e9 v\u00fdrob\u011b ; \u010d. 10).<\/p>\n\n\n\n<p><strong>KR\u010cMOV\u00c1, S.<\/strong>: Tradice v\u00fdrobk\u016f z orobince v Brumovic\u00edch.&nbsp;<em>Malovan\u00fd kraj<\/em>, 26, 1990, \u010d. 2, s. 27-28.<\/p>\n\n\n\n<p><strong>LI\u0160KA, L. &#8211; GOLDEMUND, E.<\/strong>: Tradice um\u011bleck\u00e9 v\u00fdroby na Prost\u011bjovsku [ze sl\u00e1my].&nbsp;<em>\u0160tafeta<\/em>, 7, 1975, \u010d. 2, s. 18-19.<\/p>\n\n\n\n<p><strong>MEVALDOV\u00c1, H.<\/strong>: Ko\u0161\u00edk\u00e1\u0159i na Berounsku a Ho\u0159ovicku. In:&nbsp;<em>Muzeum a sou\u010dasnost<\/em>. Sv. 12, 1993, s. 87-95.<\/p>\n\n\n\n<p><strong>NEJEDL\u00dd, J.<\/strong>:&nbsp;<em>Praktick\u00e9 vrba\u0159stv\u00ed<\/em>. Praha,Br\u00e1zda 1950. 189 s.<\/p>\n\n\n\n<p><strong>OREL, J.<\/strong>: Zu\u017eitkov\u00e1n\u00ed kuku\u0159i\u010dn\u00e9ho \u0161ust\u00ed na ji\u017en\u00ed Morav\u011b.&nbsp;<em>V\u011bci a lid\u00e9<\/em>, 6, 1954-55, s. 369-379.<\/p>\n\n\n\n<p><strong>ORL\u00cd\u010cEK, Z.<\/strong>: Zpracov\u00e1n\u00ed sl\u00e1my a l\u00fdka na Drahansk\u00e9 vyso\u010dice.&nbsp;<em>Um\u011bn\u00ed a \u0159emesla<\/em>, 1959, \u010d. 4, s. 158-162.<\/p>\n\n\n\n<p><strong>RAMBOUSEK, A.<\/strong>:&nbsp;<em>Ko\u0161ik\u00e1\u0159stv\u00ed ve \u0161kole a v dom\u00e1cnosti<\/em>&nbsp;[pr\u00e1ce z r\u00e1kosu]. Jilemnice, Baumgartner 1924. 75 s., 2 l.: 51 obr. (Um\u011bn\u00ed v dom\u00e1cnosti ; I).<\/p>\n\n\n\n<p><strong>RO\u0160ICK\u00dd, V.<\/strong>:&nbsp;<em>Ko\u0161ik\u00e1\u0159stv\u00ed<\/em>. Praha, 1897. 56 s.<\/p>\n\n\n\n<p><strong>R\u00ddZNAR, V.<\/strong>: Dom\u00e1ck\u00e9 ko\u0161ik\u00e1\u0159stv\u00ed a pometl\u00e1\u0159stv\u00ed na \u0160t\u00edtecku.&nbsp;<em>Severn\u00ed Morava<\/em>, 36, 1978, s. 74-76.<\/p>\n\n\n\n<p><strong>SEKANINA, F.<\/strong>: Vznik a rozvoj dom\u00e1c\u00edho slam\u011bn\u00e9ho a l\u00fdkov\u00e9ho pr\u016fmyslu v Lipov\u00e9.&nbsp;<em>V\u011bci a lid\u00e9<\/em>, 2, 1949-1950, s. 68-79.<\/p>\n\n\n\n<p><strong>STA\u0147KOV\u00c1, J.<\/strong>: V\u00fdroba roho\u017e\u00ed na vertik\u00e1ln\u00edm stavu ve B\u0159ez\u00ed na \u010ceskomoravsk\u00e9 vyso\u010din\u011b.&nbsp;<em>\u010cesk\u00fd lid<\/em>, 45, 1958, s. 263-267.<\/p>\n\n\n\n<p><strong>\u0160ENFELDOV\u00c1, H.<\/strong>:&nbsp;<em>Pleten\u00ed z loubk\u016f<\/em>. Uh. Hradi\u0161t\u011b, Slov\u00e1ck\u00e9 muzeum 1975. 139 s., obr. v textu. Technologie lidov\u00e9 v\u00fdroby, sv. 3. Ref.: J. Sta\u0148kov\u00e1. \u010cesk\u00fd lid, 67, 1980, s. 186.<\/p>\n\n\n\n<p><strong>\u0160ENFELDOV\u00c1, H.<\/strong>:&nbsp;<em>Pleten\u00ed z prout\u00ed od A do Z<\/em>. Praha, Sobot\u00e1les 2003. 112 s., [4] s. barev. obr. p\u0159\u00edl.: il.<\/p>\n\n\n\n<p><strong>\u0160ENFELDOV\u00c1, H.<\/strong>:&nbsp;<em>Pleten\u00ed ze sl\u00e1my<\/em>. Praha, Grada 2004. 96 s.: il.<\/p>\n\n\n\n<p><strong>VERMOUZEK, R.<\/strong>: Ko\u0161a\u0159i. [Zp\u016fsob v\u00fdroby.]&nbsp;<em>\u010cesk\u00fd lid<\/em>, 57, 1970, s. 149-154.<\/p>\n\n\n\n<p><strong>VERMOUZEK, R.<\/strong>: Op\u00e1lk\u00e1\u0159i. [Technologie a materi\u00e1ly.]&nbsp;<em>\u010cesk\u00fd lid<\/em>, 62, 1975, s. 37-39.<\/p>\n\n\n\n<p><strong>VYDRA, J.<\/strong>: Ko\u0159\u00ednky strom\u016f jako lidov\u00fd pleta\u0159sk\u00fd materi\u00e1l.&nbsp;<em>\u010ceskoslovensk\u00e1 etnografie<\/em>, 4, 1956, s. 271-275.<\/p>\n","protected":false},"excerpt":{"rendered":"<p>BARAN, L.: Jiho\u010desk\u00e9 n\u016f\u0161e.&nbsp;\u010cesk\u00fd lid, 46, 1959, s. 120-124. BOU\u010cEK, V.: Sl\u00e1ma, orobinec, l\u00fdko v lidov\u00e9 tvorb\u011b.&nbsp;Tvar, 2, 1949, s. 217-219. EBERHARDOV\u00c1, A. &#8211; \u0160ENFELDOV\u00c1, &hellip; <\/p>\n","protected":false},"author":1,"featured_media":0,"parent":22,"menu_order":0,"comment_status":"closed","ping_status":"closed","template":"","meta":{"footnotes":""},"class_list":["post-36","page","type-page","status-publish","hentry"],"_links":{"self":[{"href":"https:\/\/lidovaremesla.cz\/web\/wp-json\/wp\/v2\/pages\/36","targetHints":{"allow":["GET"]}}],"collection":[{"href":"https:\/\/lidovaremesla.cz\/web\/wp-json\/wp\/v2\/pages"}],"about":[{"href":"https:\/\/lidovaremesla.cz\/web\/wp-json\/wp\/v2\/types\/page"}],"author":[{"embeddable":true,"href":"https:\/\/lidovaremesla.cz\/web\/wp-json\/wp\/v2\/users\/1"}],"replies":[{"embeddable":true,"href":"https:\/\/lidovaremesla.cz\/web\/wp-json\/wp\/v2\/comments?post=36"}],"version-history":[{"count":1,"href":"https:\/\/lidovaremesla.cz\/web\/wp-json\/wp\/v2\/pages\/36\/revisions"}],"predecessor-version":[{"id":37,"href":"https:\/\/lidovaremesla.cz\/web\/wp-json\/wp\/v2\/pages\/36\/revisions\/37"}],"up":[{"embeddable":true,"href":"https:\/\/lidovaremesla.cz\/web\/wp-json\/wp\/v2\/pages\/22"}],"wp:attachment":[{"href":"https:\/\/lidovaremesla.cz\/web\/wp-json\/wp\/v2\/media?parent=36"}],"curies":[{"name":"wp","href":"https:\/\/api.w.org\/{rel}","templated":true}]}}