{"id":38,"date":"2021-04-13T08:39:48","date_gmt":"2021-04-13T06:39:48","guid":{"rendered":"https:\/\/lidovaremesla.cz\/web\/?page_id=38"},"modified":"2021-04-13T08:39:48","modified_gmt":"2021-04-13T06:39:48","slug":"ruzne","status":"publish","type":"page","link":"https:\/\/lidovaremesla.cz\/web\/bibliografie\/ruzne\/","title":{"rendered":"R\u016fzn\u00e9"},"content":{"rendered":"\n<p><a href=\"https:\/\/www.lidovaremesla.cz\/?page=bibliografie\/ruzne#betlemy\">betl\u00e9my<\/a>&nbsp;&#8211;&nbsp;<a href=\"https:\/\/www.lidovaremesla.cz\/?page=bibliografie\/ruzne#dratenictvi\">dr\u00e1tenictv\u00ed<\/a>&nbsp;&#8211;&nbsp;<a href=\"https:\/\/www.lidovaremesla.cz\/?page=bibliografie\/ruzne#dymkartstvi\">d\u00fdmka\u0159stv\u00ed<\/a>&nbsp;&#8211;&nbsp;<a href=\"https:\/\/www.lidovaremesla.cz\/?page=bibliografie\/ruzne#kraslice\">kraslice<\/a>&nbsp;&#8211;&nbsp;<a href=\"https:\/\/www.lidovaremesla.cz\/?page=bibliografie\/ruzne#malbasklo\">malba na skle<\/a>&nbsp;&#8211;&nbsp;<a href=\"https:\/\/www.lidovaremesla.cz\/?page=bibliografie\/ruzne#nastennemalby\">n\u00e1st\u011bnn\u00e9 malby<\/a>&nbsp;&#8211;&nbsp;<a href=\"https:\/\/www.lidovaremesla.cz\/?page=bibliografie\/ruzne#nozirstvi\">no\u017e\u00ed\u0159stv\u00ed<\/a>&nbsp;&#8211;&nbsp;<a href=\"https:\/\/www.lidovaremesla.cz\/?page=bibliografie\/ruzne#pecivo\">pe\u010divo<\/a>&nbsp;&#8211;&nbsp;<a href=\"https:\/\/www.lidovaremesla.cz\/?page=bibliografie\/ruzne#perletarstvi\">perle\u0165\u00e1\u0159stv\u00ed<\/a>&nbsp;&#8211;&nbsp;<a href=\"https:\/\/www.lidovaremesla.cz\/?page=bibliografie\/ruzne#provaznictvi\">provaznictv\u00ed<\/a>&nbsp;&#8211;&nbsp;<a href=\"https:\/\/www.lidovaremesla.cz\/?page=bibliografie\/ruzne#voskarstvi\">voska\u0159stv\u00ed<\/a><\/p>\n\n\n\n<p><strong>Betl\u00e9my<\/strong><\/p>\n\n\n\n<p><strong>HANZL, Z.<\/strong>: Boskovick\u00fd betl\u00e9m Jaroslava Koutn\u00e9ho.&nbsp;<em>Um\u011bn\u00ed a \u0159emesla<\/em>, 1988, \u010d. 3, s. 51-55.<\/p>\n\n\n\n<p><strong>JE\u0158\u00e1BEK, R.<\/strong>:&nbsp;<a href=\"http:\/\/na.nulk.cz\/1966\/3-4\/Nr.html#01\" target=\"_blank\" rel=\"noreferrer noopener\">Moravsk\u00e9 malovan\u00e9 betl\u00e9my jako etnografick\u00fd pramen.<\/a>&nbsp;<em>N\u00e1rodopisn\u00e9 aktuality<\/em>, 3, 1966, \u010d. 3-4, s. 1-11.<\/p>\n\n\n\n<p><strong>JE\u0158\u00e1BEK, R.<\/strong>: Vala\u0161sk\u00e9 malovan\u00e9 betl\u00e9my.&nbsp;<em>\u010cesk\u00fd lid<\/em>, 54, 1967, s. 333-342.<\/p>\n\n\n\n<p><strong>NOVOTN\u00fd, J.<\/strong>:&nbsp;<em>T\u0159e\u0161\u0165sk\u00e9 betl\u00e9m\u00e1\u0159stv\u00ed<\/em>. Perokresby V. Urb\u00e1nka. T\u0159e\u0161\u0165, Okr. osv\u011bt. sbor 1940. 19 s.<\/p>\n\n\n\n<p><strong>PIPEREK, L. F.<\/strong>: K Betl\u00e9mu posp\u00edchejme&#8230;: ko\u0159eny betl\u00e9m\u00e1\u0159sk\u00e9 tradice a jej\u00ed dozn\u00edv\u00e1n\u00ed na Vala\u0161sku a severov\u00fdchodn\u00ed Morav\u011b.&nbsp;<em>Vala\u0161sko<\/em>, 2000, \u010d. 5, s. 6-9.<\/p>\n\n\n\n<p><strong>PIPEREK, L. F.<\/strong>:&nbsp;<em>P\u016fjdem spolu do Betl\u00e9ma<\/em>&nbsp;: betl\u00e9m\u00e1\u0159stv\u00ed v\u00fdchodn\u00ed a severov\u00fdchodn\u00ed Moravy. Ro\u017enov p. R., Vala\u0161sk\u00e9 muzeum v p\u0159\u00edrod\u011b 1993. 27 s.<\/p>\n\n\n\n<p>Tradice na\u0161eho betl\u00e9m\u00e1\u0159stv\u00ed.&nbsp;<em>Na\u0161e vlast<\/em>, 4, 1956, s. 177-178.<\/p>\n\n\n\n<p><strong>VACL\u00edK, V.<\/strong>:&nbsp;<em>Lidov\u00e9 betl\u00e9my v \u010cech\u00e1ch a na Morav\u011b<\/em>. Praha, Vy\u0161ehrad 1987. 125 s., obr. p\u0159\u00edl. 2. vyd. 1988. 125 s., obr. p\u0159\u00edl. Ref.: M. Melzer. Vlastiv\u011bdn\u00fd sborn\u00edk okresu Nov\u00fd Ji\u010d\u00edn, 1989, sv. 44, s. 78. &#8211; J. Veselsk\u00e1. T\u011b\u0161\u00ednsko, 1989, \u010d. 1, s. 32.<\/p>\n\n\n\n<h3 class=\"wp-block-heading\">Dr\u00e1tenictv\u00ed<\/h3>\n\n\n\n<p>[<a href=\"https:\/\/www.lidovaremesla.cz\/?page=bibliografie\/ruzne#top\">nahoru<\/a>]<\/p>\n\n\n\n<p><strong>DR\u00e1PALA, D.<\/strong>: Dr\u00e1tenick\u00e9 metamorf\u00f3zy.&nbsp;<em>N\u00e1rodopisn\u00e1 revue<\/em>, 13, 2003, \u010d. 2, s. 94-97.<\/p>\n\n\n\n<p><strong>DR\u00e1PALA, D.<\/strong>: Znovu objevovan\u00e9 dr\u00e1tenictv\u00ed.&nbsp;<em>N\u00e1rodopisn\u00e1 revue<\/em>, 10, 2000, \u010d. 3-4, s. 109.<\/p>\n\n\n\n<p><strong>GULEJA, K. &#8211; KLIMEK, R. &#8211; SUCHY, T.<\/strong>:&nbsp;<em>Svet drot\u00e1rov<\/em>&nbsp;: umeleckohistorick\u00e1 etnograficko-technick\u00e1 soci\u00e1lna monografia; Z nem. orig. do slov. prel. Viliam Mru\u0161kovi\u010d. Martin, Matica slov. 1992. 248 s.: il.<\/p>\n\n\n\n<p><strong>PROCH\u00e1ZKOV\u00e1, S.<\/strong>:&nbsp;<em>Dr\u00e1tov\u00e1n\u00ed<\/em>&nbsp;: pracovn\u00ed n\u00e1vody s n\u00e1zorn\u00fdmi kresbami. \u010cesk\u00e9 Bud\u011bjovice, Rosa &#8211; jiho\u010desk\u00e1 spole\u010dnost pro ochranu p\u0159\u00edrody 2002. 23 s.: il.<\/p>\n\n\n\n<p><strong>VONDRU\u0161KOV\u00e1, A.<\/strong>:&nbsp;<em>Dr\u00e1tenictv\u00ed<\/em>. Praha, Grada 2002. 102 s.<\/p>\n\n\n\n<h3 class=\"wp-block-heading\">D\u00fdmka\u0159stv\u00ed<\/h3>\n\n\n\n<p>[<a href=\"https:\/\/www.lidovaremesla.cz\/?page=bibliografie\/ruzne#top\">nahoru<\/a>]<\/p>\n\n\n\n<p><strong>DOMLUVIL, E.<\/strong>: Pojedn\u00e1n\u00ed o dom\u00e1c\u00edch v\u00fdrob\u00e1ch lidu vala\u0161sk\u00e9ho II. D\u00fdmky a obu\u0161ky perlet\u00ed vyb\u00edjen\u00e9. In:&nbsp;<em>Sborn\u00edk Musejn\u00ed spole\u010dnosti ve Vala\u0161sk\u00e9m Mezi\u0159\u00ed\u010d\u00ed<\/em>. Vala\u0161sk\u00e9 Mezi\u0159\u00ed\u010d\u00ed, 4, 1900, s. 62-65.<\/p>\n\n\n\n<p><strong>MALIVA, J.<\/strong>: Kele\u010dsk\u00e9 d\u00fdmky. [V\u00fdroba.]&nbsp;<em>Zpr\u00e1vy OM v Gottwaldov\u011b<\/em>, 1958, s. 114-117.<\/p>\n\n\n\n<p><strong>ORSZ\u00e1G-Vraneck\u00fd, J.<\/strong>:&nbsp;<em>D\u00fdmka\u0159stv\u00ed na v\u00fdchodn\u00ed Morav\u011b<\/em>. Ro\u017enov pod Radho\u0161t\u011bm, Vala\u0161sk\u00e9 muzeum v p\u0159\u00edrod\u011b 1972. 49 s. Mal\u00e9 tisky Vala\u0161sk\u00e9ho muzea v p\u0159\u00edrod\u011b, sv. 2.<\/p>\n\n\n\n<p><strong>SV\u011aR\u00e1K, A.<\/strong>: D\u00fdmka\u0159stv\u00ed v Kel\u010di.&nbsp;<em>Na\u0161e Vala\u0161sko<\/em>, 2, 1931, s. 170-175.<\/p>\n\n\n\n<h3 class=\"wp-block-heading\">Kraslice<\/h3>\n\n\n\n<p>[<a href=\"https:\/\/www.lidovaremesla.cz\/?page=bibliografie\/ruzne#top\">nahoru<\/a>]<\/p>\n\n\n\n<p><strong>BRAHOV\u00e1, M.<\/strong>:&nbsp;<em>Malovan\u00e1 vaj\u00ed\u010dka<\/em>. Pod\u011bbrady, Tisk\u00e1rna Petr Po\u0161\u00edk 1999. 28 s.: barev. il.<\/p>\n\n\n\n<p><strong>FLORI\u00e1NOV\u00e1, O.<\/strong>:&nbsp;<em>Drobn\u00e9 um\u011bn\u00ed<\/em>. \u010d\u00e1st 2.: skripta ke stejnojmenn\u00e9 videokazet\u011b. Str\u00e1\u017enice, \u00dastav lidov\u00e9 kultury 1997. 78 s.: obr + videokazeta. (Lidov\u00e1 \u0159emesla a lidov\u00e1 um\u011bleck\u00e1 v\u00fdroba v \u010cesk\u00e9 republice).<\/p>\n\n\n\n<p><strong>GRUNDA, B.<\/strong>:&nbsp;<a href=\"http:\/\/na.nulk.cz\/1974\/2\/Nr.html#03\" target=\"_blank\" rel=\"noreferrer noopener\">Kraslice z Blanenska.<\/a>&nbsp;<em>N\u00e1rodopisn\u00e9 aktuality<\/em>, 11, 1974, \u010d. 2, s. 115-120.<\/p>\n\n\n\n<p><strong>HABARTOV\u00e1, R.<\/strong>: Krasli\u010d\u00e1\u0159sk\u00e1 tradice v Ostro\u017esk\u00e9 Nov\u00e9 Vsi. In:&nbsp;<em>Slov\u00e1cko<\/em>, 38, 1996, s. 75-101.<\/p>\n\n\n\n<p><strong>CHUD\u011aJOV\u00e1, R.<\/strong>: Lu\u017eensk\u00e9 kraslice.&nbsp;<em>Na\u0161e Vala\u0161sko<\/em>, 8, 1943, \u010d. 1-2, s. 40-42, obr.<\/p>\n\n\n\n<p><strong>KLVA\u0147A, J.<\/strong>: Kraslice moravsk\u00e9. (P\u0159\u00edsp\u011bvek k ornamentice lidov\u00e9.)&nbsp;<em>\u010cesk\u00fd lid<\/em>, 2, 1893, s. 480-488; 5, 1896, s. 429-432.<\/p>\n\n\n\n<p><strong>KLVA\u0147A, J.<\/strong>: Ornamentika kraslic moravsk\u00fdch.&nbsp;<em>\u010cesk\u00fd lid<\/em>, 27, 1927, s. 241-243.<\/p>\n\n\n\n<p><strong>OREL, J.<\/strong>: Kraslice ve sb\u00edrk\u00e1ch na\u0161ich muze\u00ed.&nbsp;<em>Muzejn\u00ed a vlastiv\u011bdn\u00e1 pr\u00e1ce<\/em>, 5(75), 1967, \u010d. 1, s. 4-12, 12 obr. na ob\u00e1lce.<\/p>\n\n\n\n<p><strong>OREL, J.<\/strong>:&nbsp;<em><a href=\"http:\/\/na.nulk.cz\/1974\/4\/Nr.html#11\" target=\"_blank\" rel=\"noreferrer noopener\">O kraslic\u00edch<\/a><\/em>. Uh. Hradi\u0161t\u011b, Slov\u00e1ck\u00e9 muzeum 1973. 189 s., foto v textu. Kultura a tradice, sv. 13. Technologie lidov\u00e9 v\u00fdroby, \u010d. 2. Ref.: J. Tome\u0161. N\u00e1rodopisn\u00e9 aktuality, 11, 1974, s. 299-301. &#8211; J. Sta\u0148kov\u00e1. \u010cL, 62, 1975, s. 51-52. &#8211; K. Severin. \u010casopis Matice moravsk\u00e9, 96, 1977, s. 223-226.<\/p>\n\n\n\n<p><strong>OREL, J.<\/strong>: Techniky zdoben\u00ed kraslic.&nbsp;<em>Um\u011bn\u00ed a \u0159emesla<\/em>, 1960, \u010d. 3, s. 118-122.<\/p>\n\n\n\n<p><strong>OREL, J.<\/strong>: Udr\u017eovat, chr\u00e1nit a rozv\u00edjet kraslicov\u00e9 um\u011bn\u00ed. In:&nbsp;<em>Slov\u00e1cko,<\/em>&nbsp;14-15, 1972-1973, s. 55-74.<\/p>\n\n\n\n<p><strong>SEVERIN, K.<\/strong>:&nbsp;<a href=\"http:\/\/na.nulk.cz\/1980\/1\/Nr.html#28\" target=\"_blank\" rel=\"noreferrer noopener\">Kraslice &#8211; iluze a skute\u010dnost.<\/a>&nbsp;[Sb\u00edrky na Morav\u011b.]&nbsp;<em>N\u00e1rodopisn\u00e9 aktuality<\/em>, 17, 1980, \u010d. 1, s. 76-79.<\/p>\n\n\n\n<p><strong>VE\u010cERKOV\u00e1, E. &#8211; HABARTOV\u00e1, R.<\/strong>: O vy\u0161krabovan\u00fdch kraslic\u00edch z okol\u00ed Uhersk\u00e9ho Hradi\u0161t\u011b. In:&nbsp;<em>Slov\u00e1cko<\/em>, 40, 1998, s. 45-58, obr.<\/p>\n\n\n\n<p><strong>VE\u010cERKOV\u00e1, E.<\/strong>: Dva p\u0159\u00edsp\u011bvky na t\u00e9ma kraslic a jejich tv\u016frc\u016f. In:&nbsp;<em>Folia Ethnographica<\/em>, 84, 1999, sv. 33, s. 119-1142, obr.<\/p>\n\n\n\n<p><strong>VE\u010cERKOV\u00e1, E.<\/strong>: Kraslice na ji\u017en\u00ed Morav\u011b (\u0161ir\u0161\u00ed okol\u00ed B\u0159eclavi). In:&nbsp;<em>Ji\u017en\u00ed Morava<\/em>, 36, 2000, sv. 39, s. 137-149, obr.<\/p>\n\n\n\n<p><strong>VE\u010cERKOV\u00e1, E.<\/strong>: Kraslice na ji\u017en\u00ed Morav\u011b (Uherskoostro\u017esko a Veselsko). In:&nbsp;<em>Ji\u017en\u00ed Morava<\/em>, 37, 2001, sv. 40, s. 221-238, barev. obr.<\/p>\n\n\n\n<p><strong>VE\u010cERKOV\u00e1, E.<\/strong>: Kraslice na ji\u017en\u00ed Morav\u011b : Kyjovsko. In:&nbsp;<em>Ji\u017en\u00ed Morava<\/em>, 35, 1999, sv. 38, s. 139-156, obr.<\/p>\n\n\n\n<p><strong>VE\u010cERKOV\u00e1, E.<\/strong>:&nbsp;<em>Kraslice na Morav\u011b<\/em>. Brno, Moravsk\u00e9 zemsk\u00e9 muzeum 2003. 169 s., barev. obr. v textu.<\/p>\n\n\n\n<p><strong>VE\u010cERKOV\u00e1, E.<\/strong>: Kraslice na Podlu\u017e\u00ed. In:&nbsp;<em>Folia Ethnographica<\/em>, 83, 1998, sv. 32, s. 163-176, obr.<\/p>\n\n\n\n<p><strong>VE\u010cERKOV\u00e1, E.<\/strong>:&nbsp;<em>Kraslice ve sb\u00edrk\u00e1ch Moravsk\u00e9ho muzea v Brn\u011b<\/em>. Brno, Mor. muzeum 1989. 57 s., 54 obr.<\/p>\n\n\n\n<p><strong>VE\u010cERKOV\u00e1, E.<\/strong>: O kraslic\u00edch na ji\u017en\u00ed Morav\u011b (han\u00e1ck\u00e9 Slov\u00e1cko). In:&nbsp;<em>Ji\u017en\u00ed Morava<\/em>, 38, 2002, sv. 41, s. 127-140, barev. obr.<\/p>\n\n\n\n<p><strong>VE\u010cERKOV\u00e1, E.<\/strong>: O kraslic\u00edch olepovan\u00fdch sl\u00e1mou.&nbsp;<em>Vlastiv\u011bdn\u00fd v\u011bstn\u00edk moravsk\u00fd<\/em>, 52, 2000, \u010d. 1, s. 26-40, obr.<\/p>\n\n\n\n<p><strong>VE\u010cERKOV\u00e1, E.<\/strong>: O tv\u016frc\u00edch kraslic na Slov\u00e1cku. In:&nbsp;<em>Slov\u00e1cko<\/em>, 41, 1999, s. 67-81, obr.<\/p>\n\n\n\n<p><strong>VE\u010cERKOV\u00e1, E.<\/strong>: Sl\u00e1mou vykl\u00e1dan\u00e9 kraslice na Morav\u011b ve 20. stolet\u00ed : o kraslic\u00edch a jejich tv\u016frc\u00edch na Konicku. In:&nbsp;<em>Folia ethnographica<\/em>, 79, 1994, sv. 28, s. 55-72, obr.<\/p>\n\n\n\n<h3 class=\"wp-block-heading\">Malba na skle<\/h3>\n\n\n\n<p>[<a href=\"https:\/\/www.lidovaremesla.cz\/?page=bibliografie\/ruzne#top\">nahoru<\/a>]<\/p>\n\n\n\n<p><strong>HASALOV\u00e1, V.<\/strong>: K sou\u010dasn\u00e9mu stavu vymezen\u00ed a klasifikace slezsk\u00fdch lidov\u00fdch obraz\u016f na skle.&nbsp;<em>Radostn\u00e1 zem\u011b<\/em>, 11, 1961, s. 22-30, 106-114.<\/p>\n\n\n\n<p><strong>KAFKA, L.<\/strong>: Obr\u00e1zky na skle v severn\u00edch a severoz\u00e1padn\u00edch \u010cech\u00e1ch.&nbsp;<em>\u010cesk\u00fd lid<\/em>, 83, 1996, \u010d. 4, s. 313-334.<\/p>\n\n\n\n<p><strong>KALINOV\u00e1, A. &#8211; NOV\u00e1KOV\u00e1, L.<\/strong>: Sb\u00edrka lidov\u00fdch maleb na skle a lidov\u00e9ho textilu z muzea v Jev\u00ed\u010dku : p\u0159\u00edsp\u011bvek k v\u00fdvoji region\u00e1ln\u00edho muzejnictv\u00ed. In:&nbsp;<em>Folia ethnographica<\/em>, 22, 1988, s. 25-44.<\/p>\n\n\n\n<p><strong>KALINOV\u00e1, A.<\/strong>: Lidov\u00e1 malba na skle na Morav\u011b.&nbsp;<em>Malovan\u00fd kraj<\/em>, 38, 2002, \u010d. 1, s. 3.<\/p>\n\n\n\n<p><strong>KUBE\u010cKOV\u00e1, I. &#8211; LENDEROV\u00e1, Z.<\/strong>:&nbsp;<em>Lidov\u00e9 podmalby<\/em>. Praha, W-servis Nadace kulturn\u00edho d\u011bdictv\u00ed 1995. 52 s., [16] s. barev. il.<\/p>\n\n\n\n<p><strong>KUNZ, L. &#8211; LUDV\u00edKOV\u00e1, M.<\/strong>:&nbsp;<em>Lidov\u00e1 malba na skle 16.-19. stolet\u00ed<\/em>&nbsp;: katalog v\u00fdstavy v Etnografick\u00e9m \u00fastavu Moravsk\u00e9ho musea v Brn\u011b. Brno, Mor. museum 1970. 23 s., 31 s. fot. p\u0159\u00edl. Publikace Etnografick\u00e9ho \u00fastavu Moravsk\u00e9ho musea v Brn\u011b, sv. 13. Mal\u00e9 tisky sv. 8.<\/p>\n\n\n\n<p><strong>MELNIKOV\u00e1-Papou\u0161kov\u00e1, N.<\/strong>:&nbsp;<em>\u010ceskoslovensk\u00e9 lidov\u00e9 mal\u00ed\u0159stv\u00ed na skle<\/em>. Praha, St\u00e1tn\u00ed grafick\u00e1 \u0161kola 1938. 35 s.: 29 obr.<\/p>\n\n\n\n<p><strong>VACHOV\u00e1, Z.<\/strong>: Slezsk\u00e1 lidov\u00e1 malba na skle ve vztahu k st\u0159edoevropsk\u00fdm provenien\u010dn\u00edm oblastem.&nbsp;<em>\u010casopis Slezsk\u00e9ho muzea<\/em>, 28, 1979, B, s. 140-152.<\/p>\n\n\n\n<p><strong>VYDRA, J.<\/strong>:&nbsp;<em>Die Hinterglasmalerei<\/em>&nbsp;: Volkskunst aus tschechoslowakischen Sammlungen. Praha, Artia 1957. 63 s.: 112 s. obr. p\u0159\u00edl., 40 s. barev. obr. p\u0159\u00edl.<\/p>\n\n\n\n<h3 class=\"wp-block-heading\">N\u00e1st\u011bnn\u00e9 malby<\/h3>\n\n\n\n<p>[<a href=\"https:\/\/www.lidovaremesla.cz\/?page=bibliografie\/ruzne#top\">nahoru<\/a>]<\/p>\n\n\n\n<p><strong>AD\u00e1MEK, J.<\/strong>: Str\u00e1\u017enick\u00fd ornament.&nbsp;<em>Malovan\u00fd kraj<\/em>, 35, 1999, \u010d. 1, s. 26-27.<\/p>\n\n\n\n<p><strong>BENE\u0161, J.<\/strong>: Inflace ornamentu znehodnocuje d\u00edlo.&nbsp;<em>Malovan\u00fd kraj<\/em>, 36, 2000, \u010d. 3, s. 41.<\/p>\n\n\n\n<p><strong>JE\u0158\u00e1BEK, R.<\/strong>: Determinanty v\u00fdvoje lidov\u00e9 malby a grafiky v Karpatech. In:&nbsp;<em>Sborn\u00edk prac\u00ed filozofick\u00e9 fakulty brn\u011bnsk\u00e9 univerzity<\/em>, 29, 1980, s. 305-313.<\/p>\n\n\n\n<p><strong>JE\u0158\u00e1BEK, R.<\/strong>: Rajd\u00e1ky, paz\u00fare, ratatule aneb lidov\u00e1 sgrafita.&nbsp;<em>Um\u011bn\u00ed a \u0159emesla<\/em>, 1977, \u010d. 4, s. 36-43, obr.<\/p>\n\n\n\n<p><strong>KOULA, J.<\/strong>: Malby domk\u016f v nejji\u017en\u011bj\u0161\u00ed Morav\u011b.&nbsp;<em>\u010cesk\u00fd lid<\/em>, 3, 1894, s. 112-122, 243-249.<\/p>\n\n\n\n<p><strong>LANDSFELDOV\u00e1, A.<\/strong>: Jak jsem malovala v z\u00e1vodn\u00edm klubu.&nbsp;<em>Lidov\u00e1 tvo\u0159ivost<\/em>, 8, 1957, \u010d. 2, s. 32-33.<\/p>\n\n\n\n<p><strong>LANDSFELDOV\u00e1, A.<\/strong>: K lidov\u00e9 v\u00fdzdob\u011b ve\u0159ejn\u00fdch budov.&nbsp;<em>Lidov\u00e1 tvo\u0159ivost<\/em>, 9, 1958, \u010d. 4, s. 90.<\/p>\n\n\n\n<p><strong>LANDSFELDOV\u00e1, A.<\/strong>: N\u00e1vod k lidov\u00e9 malb\u011b na zd\u00edch.&nbsp;<em>Lidov\u00e1 tvo\u0159ivost<\/em>, 10, 1959, \u010d. 4, s. 84-86, obr.<\/p>\n\n\n\n<p><strong>LANDSFELDOV\u00e1, A.<\/strong>: N\u00e1vod k lidov\u00e9 malb\u011b na zd\u00edch.&nbsp;<em>Lidov\u00e1 tvo\u0159ivost<\/em>, 9, 1958, \u010d. 6, s. 142, obr.<\/p>\n\n\n\n<p><strong>SEVEROV\u00e1, D.<\/strong>: N\u00e1st\u011bnn\u00e9 malby v hor\u0148\u00e1ck\u00fdch interi\u00e9rech.&nbsp;<em>Lidov\u00e1 kultura v\u00fdchodn\u00ed Moravy<\/em>, 2, 1961, s. 39-54.<\/p>\n\n\n\n<h3 class=\"wp-block-heading\">No\u017e\u00ed\u0159stv\u00ed<\/h3>\n\n\n\n<p>[<a href=\"https:\/\/www.lidovaremesla.cz\/?page=bibliografie\/ruzne#top\">nahoru<\/a>]<\/p>\n\n\n\n<p><strong>JARO\u0161EK, J.<\/strong>: Tov\u00e1rn\u00ed v\u00fdroba vznikl\u00e1 z dom\u00e1c\u00edho no\u017e\u00ed\u0159stv\u00ed vala\u0161sk\u00e9ho.&nbsp;<em>Na\u0161e Vala\u0161sko<\/em>, 3, 1932, s. 157-159.<\/p>\n\n\n\n<p><strong>ORSZ\u00e1G-Vraneck\u00fd, J.<\/strong>:&nbsp;<em>K\u0159iv\u00e1\u010dk\u00e1\u0159stv\u00ed na Vala\u0161sku<\/em>&nbsp;: katalog Vala\u0161sk\u00e9ho muzea v p\u0159\u00edrod\u011b v Ro\u017enov\u011b p. R., edice Mal\u00e9 tisky, 1976, sv. 8, 74 s.<\/p>\n\n\n\n<p><strong>ROUS, J.<\/strong>: V\u00fdroba k\u0159iv\u00e1k\u016f a no\u017e\u016f na Vala\u0161sku : druhy k\u0159iv\u00e1k\u016f a no\u017e\u016f.&nbsp;<em>Na\u0161e Vala\u0161sko<\/em>, 3, 1932, s. 122-123.<\/p>\n\n\n\n<p><strong>ROUS, J.<\/strong>: V\u00fdroba k\u0159iv\u00e1k\u016f na Vala\u0161sku.&nbsp;<em>Na\u0161e Vala\u0161sko<\/em>, 2, 1931, s. 71-80, 199.<\/p>\n\n\n\n<h3 class=\"wp-block-heading\">Pe\u010divo<\/h3>\n\n\n\n<p>[<a href=\"https:\/\/www.lidovaremesla.cz\/?page=bibliografie\/ruzne#top\">nahoru<\/a>]<\/p>\n\n\n\n<p><strong>HABUSTOV\u00e1, Milena &#8211; VESELSK\u00e1, Ji\u0159ina:&nbsp;<em>Tradi\u010dn\u00ed pe\u010divo<\/em>. Praha, Grada 2004. 162 s.<\/strong>: il.<\/p>\n\n\n\n<p><strong>MELNIKOV\u00e1-Papou\u0161kov\u00e1, N.<\/strong>: Pern\u00edk a zdoben\u00e9 pe\u010divo. In: Hasalov\u00e1, V\u011bra:&nbsp;<em>Tvo\u0159ivost \u010desk\u00e9ho lidu v tradi\u010dn\u00ed um\u011bleck\u00e9 v\u00fdrob\u011b<\/em>&nbsp;: sborn\u00edk stat\u00ed. Praha, Orbis 1953. s. 163-168.<\/p>\n\n\n\n<p><strong>MELNIKOV\u00e1-Papou\u0161kov\u00e1, N.<\/strong>: T\u011bsto jako socha\u0159sk\u00fd materi\u00e1l.&nbsp;<em>Tvar<\/em>, 2, 1949, s. 220-226.<\/p>\n\n\n\n<p><strong>MELZER, M.<\/strong>: Ars dulcis (Pernik\u00e1\u0159i.)&nbsp;<em>Um\u011bn\u00ed a \u0159emesla<\/em>, 1979, \u010d. 3, s. 61-63.<\/p>\n\n\n\n<p><strong>NEZBEDA, V.<\/strong>: O choce\u0148sk\u00e9m pernik\u00e1\u0159stv\u00ed.&nbsp;<em>Listy Orlick\u00e9ho muzea<\/em>, 1969, \u010d. 1, s. 2-20.<\/p>\n\n\n\n<p><strong>SCHEYBALOV\u00e1, J.<\/strong>: Pernik\u00e1\u0159stv\u00ed.&nbsp;<em>Muzejn\u00ed a vlastiv\u011bdn\u00e1 pr\u00e1ce<\/em>, 12, 1975, s. 146-172.<\/p>\n\n\n\n<p><strong>SOUKUPOV\u00e1, Z.<\/strong>:&nbsp;<em>Lidov\u00e9 pe\u010divo z ji\u017en\u00edch \u010cech<\/em>&nbsp;; Lidov\u00fd nemalovan\u00fd n\u00e1bytek z ji\u017en\u00edch \u010cech ; Motivy lidov\u00fdch v\u00fd\u0161ivek z ji\u017en\u00edch \u010cech : Met. sborn\u00edk. \u010ces. Bud\u011bjovice, Kraj. kult. st\u0159edisko 1984. 83 s.: obr.<\/p>\n\n\n\n<p><strong>SUR\u00fdN, M.<\/strong>: Pe\u010den\u00ed chleba.&nbsp;<em>Na\u0161e Vala\u0161sko<\/em>, 10, 1947, s. 37-40.<\/p>\n\n\n\n<p><strong>\u0161\u0164ASTN\u00e1, J. &#8211; PRACHA\u0158OV\u00e1, L.<\/strong>:&nbsp;<em>Lidov\u00e9 pe\u010divo v \u010cech\u00e1ch a na Morav\u011b<\/em>. Praha, SNTL 1988. 227 s., obr. v p\u0159\u00edl. Technologie lidov\u00e9 v\u00fdroby, \u010d. 7.<\/p>\n\n\n\n<p><strong>\u00daLEHLOV\u00e1-TILSCHOV\u00e1, M.<\/strong>:&nbsp;<em>\u010cesk\u00e1 strava lidov\u00e1<\/em>. Praha, Dru\u017estevn\u00ed pr\u00e1ce 1945. 631 s.<\/p>\n\n\n\n<p><strong>ZBAVITELOV\u00e1, Z.<\/strong>: Sklenovsk\u00e9 pe\u010divo.&nbsp;<em>Radostn\u00e1 zem\u011b<\/em>, 2, 1952, s. 104-107.<\/p>\n\n\n\n<p><strong>Z\u00edBRT, \u010c.<\/strong>:&nbsp;<em>Staro\u010desk\u00fd pern\u00edk<\/em>&nbsp;: 170 n\u00e1vod\u016f z rukopis\u016f a knih kucha\u0159sk\u00fdch staro\u010desk\u00fdch. Praha-Karl\u00edn, Emil \u0161olc 1916. 88 s.<\/p>\n\n\n\n<h3 class=\"wp-block-heading\">Perle\u0165\u00e1\u0159stv\u00ed<\/h3>\n\n\n\n<p>[<a href=\"https:\/\/www.lidovaremesla.cz\/?page=bibliografie\/ruzne#top\">nahoru<\/a>]<\/p>\n\n\n\n<p><strong>BARTO\u0161\u00edKOV\u00e1, A.<\/strong>: Knofl\u00edky z perleti [vyr\u00e1b\u011bn\u00e9 v Bojkovic\u00edch].&nbsp;<em>Malovan\u00fd kraj<\/em>, 27, 1991, \u010d. 5, s. 10.<\/p>\n\n\n\n<p><strong>GOTTWALD, K.<\/strong>: Perle\u0165\u00e1\u0159stv\u00ed na Drahansku.&nbsp;<em>Vlastiv\u011bdn\u00e9 zpr\u00e1vy z Adamova a okol\u00ed<\/em>, 16, 1972, \u010d. 1, s. 6-8.<\/p>\n\n\n\n<p><strong>HLA\u010eOV\u00e1, V.<\/strong>: \u017dirovnick\u00e9 perle\u0165\u00e1\u0159stv\u00ed.&nbsp;<em>Um\u011bn\u00ed a \u0159emesla<\/em>, 1980, \u010d. 3, s. 41-45.<\/p>\n\n\n\n<p><strong>K\u0158\u00ed\u017d, V.<\/strong>: Perle\u0165\u00e1\u0159stv\u00ed v Byst\u0159ici nad Pern\u0161tejnem.&nbsp;<em>\u010cesk\u00fd lid<\/em>, 48, 1961, s. 282-283.<\/p>\n\n\n\n<p><strong>M\u00e1LEK, R.<\/strong>: \u010ceskomoravsk\u00e9 perle\u0165\u00e1\u0159stv\u00ed. In:&nbsp;<em>Sborn\u00edk \u010cesk\u00e9 spole\u010dnosti zem\u011bpisn\u00e9<\/em>, 49, 1944, s. 43-48.<\/p>\n\n\n\n<p><strong>MINA\u0158\u00edKOV\u00e1, B.<\/strong>:&nbsp;<em>Drobn\u00e9 um\u011bn\u00ed<\/em>. \u010d\u00e1st 1.: skripta ke stejnojmenn\u00e9 videokazet\u011b. Str\u00e1\u017enice, \u00dastav lidov\u00e9 kultury 1998. 63 s.: obr + videokazeta. (Lidov\u00e1 \u0159emesla a lidov\u00e1 um\u011bleck\u00e1 v\u00fdroba v \u010cesk\u00e9 republice)<\/p>\n\n\n\n<p><strong>ORL\u00ed\u010cEK, Z.<\/strong>: O perleti a perle\u0165\u00e1\u0159stv\u00ed.&nbsp;<em>Um\u011bn\u00ed a \u0159emesla<\/em>, 1961, s. 152-157.<\/p>\n\n\n\n<p><strong>VOR\u00e1\u010cEK, J.<\/strong>: Perle\u0165\u00e1\u0159stv\u00ed na Jind\u0159ichohradecku.&nbsp;<em>\u010cesk\u00fd lid<\/em>, 48, 1961, s. 118-126.<\/p>\n\n\n\n<h3 class=\"wp-block-heading\">Provaznictv\u00ed<\/h3>\n\n\n\n<p>[<a href=\"https:\/\/www.lidovaremesla.cz\/?page=bibliografie\/ruzne#top\">nahoru<\/a>]<\/p>\n\n\n\n<p><strong>MARTONOV\u00e1, T.<\/strong>: Provaznictv\u00ed v Kyjov\u011b. In:&nbsp;<em>Muzejn\u00ed ob\u010dasn\u00edk Masarykova muzea v Hodon\u00edn\u011b<\/em>, 1995, s. 12.<\/p>\n\n\n\n<p><strong>STA\u0147KOV\u00e1, J.<\/strong>: Provaznictv\u00ed na \u017d\u010f\u00e1rsku. [Popis v\u00fdroby provaz\u016f.]&nbsp;<em>\u010cesk\u00fd lid<\/em>, 39, 1952, s. 176-181.<\/p>\n\n\n\n<h3 class=\"wp-block-heading\">Voska\u0159stv\u00ed<\/h3>\n\n\n\n<p>[<a href=\"https:\/\/www.lidovaremesla.cz\/?page=bibliografie\/ruzne#top\">nahoru<\/a>]<\/p>\n\n\n\n<p><strong>KUNZ, L.<\/strong>: Zanikl\u00e1 v\u00fdroba voskov\u00fdch ob\u011btin v Byst\u0159ici pod Host\u00fdnem.&nbsp;<em>Na\u0161e Vala\u0161sko<\/em>, 13, 1950, s. 170-172.<\/p>\n\n\n\n<p><strong>TIT\u011aROV\u00e1, J.<\/strong>:&nbsp;<em>Dom\u00e1c\u00ed v\u00fdroba sv\u00ed\u010dek ze v\u010del\u00edho vosku<\/em>. Praha, Aves ; Olomouc, T.A.V.A. 1999. 63 s.: il.<\/p>\n","protected":false},"excerpt":{"rendered":"<p>betl\u00e9my&nbsp;&#8211;&nbsp;dr\u00e1tenictv\u00ed&nbsp;&#8211;&nbsp;d\u00fdmka\u0159stv\u00ed&nbsp;&#8211;&nbsp;kraslice&nbsp;&#8211;&nbsp;malba na skle&nbsp;&#8211;&nbsp;n\u00e1st\u011bnn\u00e9 malby&nbsp;&#8211;&nbsp;no\u017e\u00ed\u0159stv\u00ed&nbsp;&#8211;&nbsp;pe\u010divo&nbsp;&#8211;&nbsp;perle\u0165\u00e1\u0159stv\u00ed&nbsp;&#8211;&nbsp;provaznictv\u00ed&nbsp;&#8211;&nbsp;voska\u0159stv\u00ed Betl\u00e9my HANZL, Z.: Boskovick\u00fd betl\u00e9m Jaroslava Koutn\u00e9ho.&nbsp;Um\u011bn\u00ed a \u0159emesla, 1988, \u010d. 3, s. 51-55. JE\u0158\u00e1BEK, R.:&nbsp;Moravsk\u00e9 malovan\u00e9 betl\u00e9my jako etnografick\u00fd pramen.&nbsp;N\u00e1rodopisn\u00e9 &hellip; <\/p>\n","protected":false},"author":1,"featured_media":0,"parent":22,"menu_order":0,"comment_status":"closed","ping_status":"closed","template":"","meta":{"footnotes":""},"class_list":["post-38","page","type-page","status-publish","hentry"],"_links":{"self":[{"href":"https:\/\/lidovaremesla.cz\/web\/wp-json\/wp\/v2\/pages\/38","targetHints":{"allow":["GET"]}}],"collection":[{"href":"https:\/\/lidovaremesla.cz\/web\/wp-json\/wp\/v2\/pages"}],"about":[{"href":"https:\/\/lidovaremesla.cz\/web\/wp-json\/wp\/v2\/types\/page"}],"author":[{"embeddable":true,"href":"https:\/\/lidovaremesla.cz\/web\/wp-json\/wp\/v2\/users\/1"}],"replies":[{"embeddable":true,"href":"https:\/\/lidovaremesla.cz\/web\/wp-json\/wp\/v2\/comments?post=38"}],"version-history":[{"count":1,"href":"https:\/\/lidovaremesla.cz\/web\/wp-json\/wp\/v2\/pages\/38\/revisions"}],"predecessor-version":[{"id":39,"href":"https:\/\/lidovaremesla.cz\/web\/wp-json\/wp\/v2\/pages\/38\/revisions\/39"}],"up":[{"embeddable":true,"href":"https:\/\/lidovaremesla.cz\/web\/wp-json\/wp\/v2\/pages\/22"}],"wp:attachment":[{"href":"https:\/\/lidovaremesla.cz\/web\/wp-json\/wp\/v2\/media?parent=38"}],"curies":[{"name":"wp","href":"https:\/\/api.w.org\/{rel}","templated":true}]}}