{"id":40,"date":"2021-04-13T08:40:16","date_gmt":"2021-04-13T06:40:16","guid":{"rendered":"https:\/\/lidovaremesla.cz\/web\/?page_id=40"},"modified":"2021-04-13T08:40:16","modified_gmt":"2021-04-13T06:40:16","slug":"sklo","status":"publish","type":"page","link":"https:\/\/lidovaremesla.cz\/web\/bibliografie\/sklo\/","title":{"rendered":"Sklo"},"content":{"rendered":"\n<p><strong>DUDA, J.<\/strong>: Pr\u00e1ce a \u017eivot ve &#8222;Franti\u0161kov\u011b huti&#8220; ve Velk\u00fdch Karlovic\u00edch.&nbsp;<em>D\u011bdina pod Beskydem<\/em>, 1955, \u010d. 5, s. 30-31.<\/p>\n\n\n\n<p><strong>414 FIALA, J.<\/strong>:&nbsp;<em>Skl\u00e1\u0159stv\u00ed na b\u00fdval\u00e9m panstv\u00ed novom\u011bstsk\u00e9m<\/em>. Nov\u00e9 M\u011bsto na Mor., Hor\u00e1ck\u00e9 museum a galerie 1970. [24] s. Ref.: Sk. \u010cesk\u00fd lid, 58, 1971, s. 189.<\/p>\n\n\n\n<p><strong>HERAIN, K.<\/strong>: Lidov\u00fd projev v \u010desk\u00e9m skl\u00e1\u0159stv\u00ed.&nbsp;<em>V\u011bci a lid\u00e9<\/em>, 4, 1952\/53, s. 1-17.<\/p>\n\n\n\n<p><strong>CHYL\u00cdK, J.<\/strong>: Skl\u00e1\u0159sk\u00e1 hu\u0165 ve Svat\u00e9m \u0160t\u011bp\u00e1n\u011b.&nbsp;<em>Zpr\u00e1vy OM v Gottwaldov\u011b<\/em>, 1960, \u010d. 1-2, s. 36-38.<\/p>\n\n\n\n<p><strong>KAPUSTA, J.<\/strong>:&nbsp;<em>Skl\u00e1\u0159stv\u00ed na Hor\u00e1cku<\/em>. Poli\u010dka, M\u011bstsk\u00e9 muzeum 1971. 68 s.<\/p>\n\n\n\n<p><strong>KOBLIHA, K.<\/strong>: Skl\u00e1\u0159stv\u00ed na Vsacku.&nbsp;<em>Na\u0161e Vala\u0161sko<\/em>, 1, 129-30, s. 161-163.<\/p>\n\n\n\n<p><strong>KOR\u00c1L, A.<\/strong>:&nbsp;<em>Dom\u00e1ck\u00e1 pr\u00e1ce v \u010deskoslovensk\u00e9m skl\u00e1\u0159stv\u00ed<\/em>. Hradec Kr\u00e1lov\u00e9, Skl\u00e1\u0159sk\u00fd \u00fastav 1928. 280 s.<\/p>\n\n\n\n<p><strong>MELNIKOV\u00c1-Papou\u0161kov\u00e1, N.<\/strong>: Lidov\u00e9 a perifern\u00ed sklo.&nbsp;<em>V\u011bci a lid\u00e9<\/em>, 4, 1952, s. 18-57.<\/p>\n\n\n\n<p><strong>NOHAVICA, K.<\/strong>: O skl\u00e1\u0159stv\u00ed ve Velk\u00fdch Karlovic\u00edch.&nbsp;<em>DPB<\/em>, 1955, \u010d. 5, s. 25-27.<\/p>\n\n\n\n<p><strong>SVOBODA, J. F.<\/strong>: Hor\u00e1ck\u00e9 sklo. P\u0159\u00edsp\u011bvek k d\u011bjin\u00e1m moravsk\u00e9ho skl\u00e1\u0159stv\u00ed.&nbsp;<em>N\u00e1rodopisn\u00fd v\u011bstn\u00edk \u010deskoslovansk\u00fd<\/em>, 21, 1928, s. 64-93.<\/p>\n\n\n\n<p><strong>\u0160ULE\u0158, O.<\/strong>: Vala\u0161t\u00ed skl\u00e1\u0159i.&nbsp;<em>Um\u011bn\u00ed a \u0159emesla<\/em>, 1985, \u010d. 1, s. 61-62.<\/p>\n\n\n\n<p><strong>VONDRU\u0160KA, V. &#8211; LANGHAMER, A.<\/strong>:&nbsp;<em>\u010cesk\u00e9 sklo<\/em>&nbsp;: tradice a sou\u010dasnost. Nov\u00fd Bor, Crystalex [1992]. 192 s.: fotogr.<\/p>\n\n\n\n<p><strong>VONDRU\u0160KA, V.<\/strong>:&nbsp;<em>Skl\u00e1\u0159stv\u00ed. Praha<\/em>, Grada 2002. 273 s., [8] s. barev. obr. p\u0159\u00edl.<\/p>\n\n\n\n<p><strong>VONDRU\u0160KOV\u00c1, A.<\/strong>:&nbsp;<em>Sklo<\/em>. \u010d\u00e1st 1.: skripta ke stejnojmenn\u00e9 videokazet\u011b. Str\u00e1\u017enice, \u00dastav lidov\u00e9 kultury 1999. 43 s.: obr. + videokazeta. (Lidov\u00e1 \u0159emesla a lidov\u00e1 um\u011bleck\u00e1 v\u00fdroba v \u010cesk\u00e9 republice).<\/p>\n\n\n\n<p><strong>VONDRU\u0160KOV\u00c1, A.<\/strong>:&nbsp;<em>Sklo<\/em>. \u010d\u00e1st 2.: skripta ke stejnojmenn\u00e9 videokazet\u011b. Str\u00e1\u017enice, \u00dastav lidov\u00e9 kultury 1999. 27 s.: obr. + videokazeta. (Lidov\u00e1 \u0159emesla a lidov\u00e1 um\u011bleck\u00e1 v\u00fdroba v \u010cesk\u00e9 republice).<\/p>\n","protected":false},"excerpt":{"rendered":"<p>DUDA, J.: Pr\u00e1ce a \u017eivot ve &#8222;Franti\u0161kov\u011b huti&#8220; ve Velk\u00fdch Karlovic\u00edch.&nbsp;D\u011bdina pod Beskydem, 1955, \u010d. 5, s. 30-31. 414 FIALA, J.:&nbsp;Skl\u00e1\u0159stv\u00ed na b\u00fdval\u00e9m panstv\u00ed novom\u011bstsk\u00e9m. &hellip; <\/p>\n","protected":false},"author":1,"featured_media":0,"parent":22,"menu_order":0,"comment_status":"closed","ping_status":"closed","template":"","meta":{"footnotes":""},"class_list":["post-40","page","type-page","status-publish","hentry"],"_links":{"self":[{"href":"https:\/\/lidovaremesla.cz\/web\/wp-json\/wp\/v2\/pages\/40","targetHints":{"allow":["GET"]}}],"collection":[{"href":"https:\/\/lidovaremesla.cz\/web\/wp-json\/wp\/v2\/pages"}],"about":[{"href":"https:\/\/lidovaremesla.cz\/web\/wp-json\/wp\/v2\/types\/page"}],"author":[{"embeddable":true,"href":"https:\/\/lidovaremesla.cz\/web\/wp-json\/wp\/v2\/users\/1"}],"replies":[{"embeddable":true,"href":"https:\/\/lidovaremesla.cz\/web\/wp-json\/wp\/v2\/comments?post=40"}],"version-history":[{"count":1,"href":"https:\/\/lidovaremesla.cz\/web\/wp-json\/wp\/v2\/pages\/40\/revisions"}],"predecessor-version":[{"id":41,"href":"https:\/\/lidovaremesla.cz\/web\/wp-json\/wp\/v2\/pages\/40\/revisions\/41"}],"up":[{"embeddable":true,"href":"https:\/\/lidovaremesla.cz\/web\/wp-json\/wp\/v2\/pages\/22"}],"wp:attachment":[{"href":"https:\/\/lidovaremesla.cz\/web\/wp-json\/wp\/v2\/media?parent=40"}],"curies":[{"name":"wp","href":"https:\/\/api.w.org\/{rel}","templated":true}]}}