{"id":5,"date":"2021-04-13T08:26:10","date_gmt":"2021-04-13T06:26:10","guid":{"rendered":"https:\/\/lidovaremesla.cz\/web\/?page_id=5"},"modified":"2021-04-16T13:29:34","modified_gmt":"2021-04-16T11:29:34","slug":"uvod","status":"publish","type":"page","link":"https:\/\/lidovaremesla.cz\/web\/","title":{"rendered":""},"content":{"rendered":"\n<h2 class=\"wp-block-heading\">V\u00edtejte na str\u00e1nce v\u011bnovan\u00e9 lidov\u00fdm \u0159emesl\u016fm<\/h2>\n\n\n\n<div class=\"wp-block-image\"><figure class=\"alignright size-large is-resized\"><img loading=\"lazy\" decoding=\"async\" src=\"https:\/\/lidovaremesla.cz\/web\/wp-content\/uploads\/2021\/04\/nositel-tradice.jpg\" alt=\"\" class=\"wp-image-250\" width=\"164\" height=\"164\" srcset=\"https:\/\/lidovaremesla.cz\/web\/wp-content\/uploads\/2021\/04\/nositel-tradice.jpg 590w, https:\/\/lidovaremesla.cz\/web\/wp-content\/uploads\/2021\/04\/nositel-tradice-300x300.jpg 300w, https:\/\/lidovaremesla.cz\/web\/wp-content\/uploads\/2021\/04\/nositel-tradice-150x150.jpg 150w, https:\/\/lidovaremesla.cz\/web\/wp-content\/uploads\/2021\/04\/nositel-tradice-60x60.jpg 60w\" sizes=\"auto, (max-width: 164px) 100vw, 164px\" \/><\/figure><\/div>\n\n\n\n<p>Stroje, kter\u00e9 v 19. stolet\u00ed za\u010daly nahrazovat \u0159emeslnou v\u00fdrobu, p\u0159inesly nejen neoby\u010dejn\u00e9 zv\u00fd\u0161en\u00ed produktivity pr\u00e1ce, ale i zm\u011bny \u017eivotn\u00edho rytmu v\u0161ude tam kde vznikala tov\u00e1rn\u00ed v\u00fdroba.<\/p>\n\n\n\n<p>Rozvoj v\u011bdeck\u00fdch v\u00fdzkum\u016f a jejich praktick\u00e1 aplikace vytv\u00e1\u0159ely kvalitativn\u011b vy\u0161\u0161\u00ed stupe\u0148 civilizace, v n\u00ed\u017e tradi\u010dn\u00ed \u0159emesln\u00e1 pr\u00e1ce byla st\u00e1le m\u00e9n\u011b schopn\u00e1 vzdorovat tov\u00e1rn\u00ed velkov\u00fdrob\u011b. Stala se kulturn\u00edm d\u011bdictv\u00edm, kter\u00e9 zahrnuje \u0161irokou \u0161k\u00e1lu nehmotn\u00fdch i hmotn\u00fdch prvk\u016f, my\u0161lenek a v\u00fdsledk\u016f tvo\u0159iv\u00e9 \u010dinnosti p\u0159edchoz\u00edch generac\u00ed. \u010c\u00edm je spole\u010dnost vysp\u011blej\u0161\u00ed, t\u00edm v\u011bt\u0161\u00ed jsou jej\u00ed pot\u0159eby i mo\u017enosti pozn\u00e1vat a aktualizovat v\u0161echny slo\u017eky tohoto d\u011bdictv\u00ed.<\/p>\n\n\n\n<p>C\u00edlem t\u011bchto webov\u00fdch str\u00e1nek je zachytit tradi\u010dn\u00ed \u0159emesln\u00e9 technologie a znalosti a dovednosti v\u00fdrobc\u016f tak, aby mohly p\u0159isp\u00edvat k obohacen\u00ed kultury a zp\u016fsobu \u017eivota sou\u010dasnosti. P\u0159edm\u011btem t\u011bchto str\u00e1nek je tedy historie lidov\u00fdch \u0159emesel a lidov\u00e9 um\u011bleck\u00e9 v\u00fdroby v \u010cesk\u00e9 republice a vytvo\u0159en\u00ed p\u0159ehledn\u00e9 datab\u00e1ze jejich sou\u010dasn\u00e9ho stavu. Pro srovn\u00e1n\u00ed obsahuje tato datab\u00e1ze tak\u00e9 informace o lidov\u00fdch \u0159emeslech a lidov\u00e9 um\u011bleck\u00e9 v\u00fdrob\u011b ve st\u00e1tech Evropsk\u00e9 Unie.<\/p>\n","protected":false},"excerpt":{"rendered":"<p>V\u00edtejte na str\u00e1nce v\u011bnovan\u00e9 lidov\u00fdm \u0159emesl\u016fm Stroje, kter\u00e9 v 19. stolet\u00ed za\u010daly nahrazovat \u0159emeslnou v\u00fdrobu, p\u0159inesly nejen neoby\u010dejn\u00e9 zv\u00fd\u0161en\u00ed produktivity pr\u00e1ce, ale i zm\u011bny \u017eivotn\u00edho &hellip; <\/p>\n","protected":false},"author":1,"featured_media":0,"parent":0,"menu_order":0,"comment_status":"closed","ping_status":"closed","template":"","meta":{"footnotes":""},"class_list":["post-5","page","type-page","status-publish","hentry"],"_links":{"self":[{"href":"https:\/\/lidovaremesla.cz\/web\/wp-json\/wp\/v2\/pages\/5","targetHints":{"allow":["GET"]}}],"collection":[{"href":"https:\/\/lidovaremesla.cz\/web\/wp-json\/wp\/v2\/pages"}],"about":[{"href":"https:\/\/lidovaremesla.cz\/web\/wp-json\/wp\/v2\/types\/page"}],"author":[{"embeddable":true,"href":"https:\/\/lidovaremesla.cz\/web\/wp-json\/wp\/v2\/users\/1"}],"replies":[{"embeddable":true,"href":"https:\/\/lidovaremesla.cz\/web\/wp-json\/wp\/v2\/comments?post=5"}],"version-history":[{"count":3,"href":"https:\/\/lidovaremesla.cz\/web\/wp-json\/wp\/v2\/pages\/5\/revisions"}],"predecessor-version":[{"id":255,"href":"https:\/\/lidovaremesla.cz\/web\/wp-json\/wp\/v2\/pages\/5\/revisions\/255"}],"wp:attachment":[{"href":"https:\/\/lidovaremesla.cz\/web\/wp-json\/wp\/v2\/media?parent=5"}],"curies":[{"name":"wp","href":"https:\/\/api.w.org\/{rel}","templated":true}]}}