{"id":51,"date":"2021-04-13T08:44:19","date_gmt":"2021-04-13T06:44:19","guid":{"rendered":"https:\/\/lidovaremesla.cz\/web\/?page_id=51"},"modified":"2021-04-13T08:44:19","modified_gmt":"2021-04-13T06:44:19","slug":"ochrana-navrharske-tvorby","status":"publish","type":"page","link":"https:\/\/lidovaremesla.cz\/web\/ochrana-navrharske-tvorby\/","title":{"rendered":"Ochrana n\u00e1vrh\u00e1\u0159sk\u00e9 tvorby"},"content":{"rendered":"\n<p>Pod pojem Pr\u00e1vn\u00ed ochrana pr\u016fmyslov\u00fdch vzor\u016f na z\u00e1klad\u011b z\u00e1kona \u010d. 207\/2000 Sb. spad\u00e1 i ochrana n\u00e1vrh\u00e1\u0159sk\u00e9 \u010di design\u00e9rsk\u00e9 tvorby. To znamen\u00e1, \u017ee vzor v\u00fdrobku, zapsan\u00fd do rejst\u0159\u00edku pr\u016fmyslov\u00fdch vzor\u016f, z\u00edsk\u00e1v\u00e1 pr\u00e1vn\u00ed ochranu p\u0159ed jeho zneu\u017eit\u00edm nebo vyu\u017eit\u00edm jin\u00fdmi osobami nebo v\u00fdrobn\u00edmi podniky. Tato ochrana se net\u00fdk\u00e1 technick\u00e9 konstrukce nebo materi\u00e1lov\u00e9 podstaty v\u00fdrobku, n\u00fdbr\u017e jeho vzhledu, p\u0159edev\u0161\u00edm barev, tvaru nebo v\u00fdzdoby, kter\u00e9 dal v\u00fdrobku jeho p\u016fvodce. Vyobrazen\u00ed takov\u00e9ho v\u00fdrobku mus\u00ed b\u00fdt uvedeno v&nbsp;rejst\u0159\u00edku pr\u016fmyslov\u00fdch vzor\u016f, veden\u00e9m \u00da\u0159adem pr\u016fmyslov\u00e9ho vlastnictv\u00ed.<\/p>\n\n\n\n<p>P\u0159ihl\u00e1\u0161ku vzoru je opr\u00e1vn\u011bna podat fyzick\u00e1 osoba, kter\u00e1 vzor vytvo\u0159ila jako nov\u00fd, pop\u0159\u00edpad\u011b pr\u00e1vn\u00ed n\u00e1stupce, pokud p\u0159edlo\u017e\u00ed doklad o nabyt\u00ed pr\u00e1va na pr\u016fmyslov\u00fd vzor. Formul\u00e1\u0159 p\u0159ihl\u00e1\u0161ky lze z\u00edskat v&nbsp;podateln\u011b \u00da\u0159adu pro pr\u016fmyslov\u00e9 vlastnictv\u00ed nebo na Internetu. Nejd\u016fle\u017eit\u011bj\u0161\u00ed sou\u010d\u00e1st\u00ed p\u0159ihl\u00e1\u0161ky je vyobrazen\u00ed vzoru. \u00da\u0159ad prov\u011b\u0159\u00ed, zda p\u0159edm\u011bt p\u0159ihl\u00e1\u0161ky spl\u0148uje podm\u00ednky po\u017eadovan\u00e9 z\u00e1konem, po z\u00e1pise do rejst\u0159\u00edku zve\u0159ejn\u00ed vzor ve V\u011bstn\u00edku \u00da\u0159adu a po zaplacen\u00ed spr\u00e1vn\u00edho poplatku vyd\u00e1 osv\u011bd\u010den\u00ed o z\u00e1pisu.<\/p>\n\n\n\n<p>Z\u00e1pis plat\u00ed 5 let ode dne pod\u00e1n\u00ed p\u0159ihl\u00e1\u0161ky a vlastn\u00edk (p\u016fvodce) vzoru m\u016f\u017ee tuto dobu ochrany obnovit v\u017edy za p\u011bt let, nejd\u00e9le na celkovou dobu 25 let. Podle Sazebn\u00edku v&nbsp;p\u0159\u00edloze z\u00e1kona \u010d.368\/1992 Sb. o spr\u00e1vn\u00edch poplatc\u00edch se za p\u0159ihl\u00e1\u0161ku plat\u00ed 500.-K\u010d za jeden vzor, za ka\u017ed\u00fd dal\u0161\u00ed v&nbsp;p\u0159ihl\u00e1\u0161ce pak 200.-K\u010d, a za z\u00e1pis licence do rejst\u0159\u00edku 200.-K\u010d.<\/p>\n\n\n\n<p>P\u016fvodcovstv\u00ed k&nbsp;pr\u016fmyslov\u00e9mu vzoru je osobn\u00edm pr\u00e1vem, kter\u00e9 je nezciziteln\u00e9 a nep\u0159evoditeln\u00e9. P\u0159evoditeln\u00e1 jsou pouze pr\u00e1va majetkov\u00e1. P\u0159ihla\u0161uje-li vzor nap\u0159\u00edklad v\u00fdrobn\u00ed organizace, mus\u00ed b\u00fdt k&nbsp;p\u0159ihl\u00e1\u0161ce p\u0159ilo\u017een doklad o nabyt\u00ed pr\u00e1va na p\u0159ihla\u0161ovan\u00fd vzor. Ve slo\u017eit\u011bj\u0161\u00edch p\u0159\u00edpadech vztah\u016f p\u016fvodce a p\u0159ihla\u0161ovatele, pop\u0159\u00edpad\u011b p\u0159evodu licenc\u00ed jin\u00e9mu subjektu, je vhodn\u00e9 se poradit s&nbsp;odborn\u011b erudovan\u00fdm pr\u00e1vn\u00edkem.<\/p>\n\n\n\n<p>Nezbytnou podm\u00ednkou zaps\u00e1n\u00ed do rejst\u0159\u00edku pr\u016fmyslov\u00fdch vzor\u016f je hlavn\u011b novost vzoru, kter\u00e1 se v\u00fdznamn\u011b li\u0161\u00ed od vzor\u016f dosud v&nbsp;rejst\u0159\u00edku uveden\u00fdch. Mezi podstatn\u00e9 n\u00e1le\u017eitosti p\u0159ihl\u00e1\u0161ky pat\u0159\u00ed zejm\u00e9na stru\u010dn\u00fd n\u00e1zev vzoru, vyjad\u0159uj\u00edc\u00ed obecn\u00e9 ozna\u010den\u00ed druhu v\u00fdrobku, a fotografie nebo jin\u00e9 vyobrazen\u00ed vzoru, z&nbsp;nich\u017e mus\u00ed b\u00fdt patrn\u00e9 jeho charakteristick\u00e9 znaky.<\/p>\n\n\n\n<p>Ochran\u011b vzor\u016f, vytvo\u0159en\u00fdch pracovn\u00edky lidov\u00e9 um\u011bleck\u00e9 v\u00fdroby a lidov\u00fdch \u0159emesel dosud nebyla v\u011bnov\u00e1na p\u0159\u00edli\u0161 velk\u00e1 pozornost. M\u00e1-li se zv\u00fd\u0161it \u00farove\u0148 \u010desk\u00e9 lidov\u00e9 um\u011bleck\u00e9 v\u00fdroby a lidov\u00fdch \u0159emesel, je p\u00e9\u010de o tvorbu nov\u00fdch vzor\u016f na z\u00e1klad\u011b osv\u011bd\u010den\u00fdch technik a materi\u00e1l\u016f pot\u0159ebou nanejv\u00fd\u0161 aktu\u00e1ln\u00ed.<\/p>\n","protected":false},"excerpt":{"rendered":"<p>Pod pojem Pr\u00e1vn\u00ed ochrana pr\u016fmyslov\u00fdch vzor\u016f na z\u00e1klad\u011b z\u00e1kona \u010d. 207\/2000 Sb. spad\u00e1 i ochrana n\u00e1vrh\u00e1\u0159sk\u00e9 \u010di design\u00e9rsk\u00e9 tvorby. To znamen\u00e1, \u017ee vzor v\u00fdrobku, zapsan\u00fd &hellip; <\/p>\n","protected":false},"author":1,"featured_media":0,"parent":0,"menu_order":0,"comment_status":"closed","ping_status":"closed","template":"","meta":{"footnotes":""},"class_list":["post-51","page","type-page","status-publish","hentry"],"_links":{"self":[{"href":"https:\/\/lidovaremesla.cz\/web\/wp-json\/wp\/v2\/pages\/51","targetHints":{"allow":["GET"]}}],"collection":[{"href":"https:\/\/lidovaremesla.cz\/web\/wp-json\/wp\/v2\/pages"}],"about":[{"href":"https:\/\/lidovaremesla.cz\/web\/wp-json\/wp\/v2\/types\/page"}],"author":[{"embeddable":true,"href":"https:\/\/lidovaremesla.cz\/web\/wp-json\/wp\/v2\/users\/1"}],"replies":[{"embeddable":true,"href":"https:\/\/lidovaremesla.cz\/web\/wp-json\/wp\/v2\/comments?post=51"}],"version-history":[{"count":1,"href":"https:\/\/lidovaremesla.cz\/web\/wp-json\/wp\/v2\/pages\/51\/revisions"}],"predecessor-version":[{"id":52,"href":"https:\/\/lidovaremesla.cz\/web\/wp-json\/wp\/v2\/pages\/51\/revisions\/52"}],"wp:attachment":[{"href":"https:\/\/lidovaremesla.cz\/web\/wp-json\/wp\/v2\/media?parent=51"}],"curies":[{"name":"wp","href":"https:\/\/api.w.org\/{rel}","templated":true}]}}