{"id":53,"date":"2021-04-13T08:52:51","date_gmt":"2021-04-13T06:52:51","guid":{"rendered":"https:\/\/lidovaremesla.cz\/web\/?page_id=53"},"modified":"2021-04-13T08:52:51","modified_gmt":"2021-04-13T06:52:51","slug":"remeslna-sdruzeni","status":"publish","type":"page","link":"https:\/\/lidovaremesla.cz\/web\/remeslna-sdruzeni\/","title":{"rendered":"\u0158emesln\u00e1 sdru\u017een\u00ed"},"content":{"rendered":"\n<p><\/p>\n\n\n\n<ul class=\"wp-block-list\"><li>Cech \u010daloun\u00edk\u016f a dekorat\u00e9r\u016f<\/li><li>Rudolfinea<\/li><li>Cech kamn\u00e1\u0159\u016f \u010cesk\u00e9 republiky<\/li><li>Svaz v\u00fdrobc\u016f bi\u017euterie<\/li><li>Vzd\u011bl\u00e1vac\u00ed spolek um\u011bleck\u00fdch \u0159emesel\u00a0<\/li><li>Spolek \u0159emesel ru\u010dn\u00edch<\/li><li>Cech \u010desko &#8211; moravsk\u00fdch um\u011bleck\u00fdch dr\u00e1ten\u00edk\u016f<\/li><li>Studio lidov\u00fdch um\u011bleck\u00fdch \u0159emesel<\/li><li>Sdru\u017een\u00ed lidov\u00fdch \u0159emesln\u00edk\u016f a v\u00fdrobc\u016f<\/li><\/ul>\n\n\n\n<p><\/p>\n","protected":false},"excerpt":{"rendered":"<p>Cech \u010daloun\u00edk\u016f a dekorat\u00e9r\u016f Rudolfinea Cech kamn\u00e1\u0159\u016f \u010cesk\u00e9 republiky Svaz v\u00fdrobc\u016f bi\u017euterie Vzd\u011bl\u00e1vac\u00ed spolek um\u011bleck\u00fdch \u0159emesel\u00a0 Spolek \u0159emesel ru\u010dn\u00edch Cech \u010desko &#8211; moravsk\u00fdch um\u011bleck\u00fdch dr\u00e1ten\u00edk\u016f &hellip; <\/p>\n","protected":false},"author":1,"featured_media":0,"parent":0,"menu_order":0,"comment_status":"closed","ping_status":"closed","template":"","meta":{"footnotes":""},"class_list":["post-53","page","type-page","status-publish","hentry"],"_links":{"self":[{"href":"https:\/\/lidovaremesla.cz\/web\/wp-json\/wp\/v2\/pages\/53","targetHints":{"allow":["GET"]}}],"collection":[{"href":"https:\/\/lidovaremesla.cz\/web\/wp-json\/wp\/v2\/pages"}],"about":[{"href":"https:\/\/lidovaremesla.cz\/web\/wp-json\/wp\/v2\/types\/page"}],"author":[{"embeddable":true,"href":"https:\/\/lidovaremesla.cz\/web\/wp-json\/wp\/v2\/users\/1"}],"replies":[{"embeddable":true,"href":"https:\/\/lidovaremesla.cz\/web\/wp-json\/wp\/v2\/comments?post=53"}],"version-history":[{"count":1,"href":"https:\/\/lidovaremesla.cz\/web\/wp-json\/wp\/v2\/pages\/53\/revisions"}],"predecessor-version":[{"id":54,"href":"https:\/\/lidovaremesla.cz\/web\/wp-json\/wp\/v2\/pages\/53\/revisions\/54"}],"wp:attachment":[{"href":"https:\/\/lidovaremesla.cz\/web\/wp-json\/wp\/v2\/media?parent=53"}],"curies":[{"name":"wp","href":"https:\/\/api.w.org\/{rel}","templated":true}]}}