{"id":572,"date":"2023-09-14T08:31:55","date_gmt":"2023-09-14T06:31:55","guid":{"rendered":"https:\/\/lidovaremesla.cz\/web\/?page_id=572"},"modified":"2023-09-14T08:31:56","modified_gmt":"2023-09-14T06:31:56","slug":"soubory-ke-stazeni","status":"publish","type":"page","link":"https:\/\/lidovaremesla.cz\/web\/soubory-ke-stazeni\/","title":{"rendered":"Soubory ke sta\u017een\u00ed"},"content":{"rendered":"\n<p><strong><a href=\"https:\/\/lidovaremesla.cz\/web\/wp-content\/uploads\/2023\/09\/Souhlas_databaze.docx\">Souhlas se zpracov\u00e1n\u00edm osobn\u00edch \u00fadaj\u016f a pou\u010den\u00ed Subjektu \u00fadaj\u016f<\/a><\/strong><\/p>\n","protected":false},"excerpt":{"rendered":"<p>Souhlas se zpracov\u00e1n\u00edm osobn\u00edch \u00fadaj\u016f a pou\u010den\u00ed Subjektu \u00fadaj\u016f<\/p>\n","protected":false},"author":1,"featured_media":0,"parent":0,"menu_order":0,"comment_status":"closed","ping_status":"closed","template":"","meta":{"footnotes":""},"class_list":["post-572","page","type-page","status-publish","hentry"],"_links":{"self":[{"href":"https:\/\/lidovaremesla.cz\/web\/wp-json\/wp\/v2\/pages\/572","targetHints":{"allow":["GET"]}}],"collection":[{"href":"https:\/\/lidovaremesla.cz\/web\/wp-json\/wp\/v2\/pages"}],"about":[{"href":"https:\/\/lidovaremesla.cz\/web\/wp-json\/wp\/v2\/types\/page"}],"author":[{"embeddable":true,"href":"https:\/\/lidovaremesla.cz\/web\/wp-json\/wp\/v2\/users\/1"}],"replies":[{"embeddable":true,"href":"https:\/\/lidovaremesla.cz\/web\/wp-json\/wp\/v2\/comments?post=572"}],"version-history":[{"count":1,"href":"https:\/\/lidovaremesla.cz\/web\/wp-json\/wp\/v2\/pages\/572\/revisions"}],"predecessor-version":[{"id":574,"href":"https:\/\/lidovaremesla.cz\/web\/wp-json\/wp\/v2\/pages\/572\/revisions\/574"}],"wp:attachment":[{"href":"https:\/\/lidovaremesla.cz\/web\/wp-json\/wp\/v2\/media?parent=572"}],"curies":[{"name":"wp","href":"https:\/\/api.w.org\/{rel}","templated":true}]}}