{"id":71,"date":"2021-04-13T08:57:52","date_gmt":"2021-04-13T06:57:52","guid":{"rendered":"https:\/\/lidovaremesla.cz\/web\/?page_id=71"},"modified":"2021-04-13T08:57:52","modified_gmt":"2021-04-13T06:57:52","slug":"sdruzeni-lidovych-remeslniku-a-vyrobcu","status":"publish","type":"page","link":"https:\/\/lidovaremesla.cz\/web\/remeslna-sdruzeni\/sdruzeni-lidovych-remeslniku-a-vyrobcu\/","title":{"rendered":"Sdru\u017een\u00ed lidov\u00fdch \u0159emesln\u00edk\u016f a v\u00fdrobc\u016f"},"content":{"rendered":"\n<figure class=\"wp-block-table\"><table><tbody><tr><th>Adresa:<\/th><td>Hav\u00ed\u0159sk\u00e1 956665 01 Rosice u Brna<\/td><\/tr><tr><th>WWW:<\/th><td><a href=\"http:\/\/www.czechfolkart.cz\/?page=1\" target=\"_blank\" rel=\"noreferrer noopener\">http:\/\/www.czechfolkart.cz\/?page=1<\/a><\/td><\/tr><\/tbody><\/table><\/figure>\n\n\n\n<p>Sdru\u017een\u00ed lidov\u00fdch \u0159emesln\u00edk\u016f a v\u00fdrobc\u016f se p\u0159edstavuje: Sdru\u017een\u00ed lidov\u00fdch \u0159emesln\u00edk\u016f a v\u00fdrobc\u016f je dobrovolnou, nez\u00e1vislou spole\u010denskou organizac\u00ed, kter\u00e1 sdru\u017euje \u0159emesn\u00edky a v\u00fdrobce, jejich\u017e \u010dinnost vych\u00e1z\u00ed z tradi\u010dn\u00ed lidov\u00e9 \u0159emesln\u00e9 v\u00fdroby a lidov\u00e9 kultury p\u0159\u00edslu\u0161n\u00fdch region\u016f, nebo zab\u00fdvaj\u00edc\u00edch se um\u011bleckou tvorbou vych\u00e1zej\u00edc\u00ed z evropsk\u00fdch tradic.<\/p>\n\n\n\n<p>Prezentuje v\u00fdrobu lidov\u00fdch \u0159ezb\u00e1\u0159\u016f, ko\u0161\u00edk\u00e1\u0159\u016f, v\u00fdrobc\u016f lidov\u00fdch textili\u00ed a textiln\u00edch technik, kov\u00e1\u0159\u016f, kovolijc\u016f, ko\u017eed\u011bln\u00fdch v\u00fdrobk\u016f, keramiky, kraslic, pern\u00edk\u00e1\u0159\u016f, medoviny, no\u017e\u00ed\u0159\u016f, brouska\u0159\u016f a pod.<\/p>\n\n\n\n<p>V sou\u010dasn\u00e9 dob\u011b sdru\u017eujeme 80 \u0159emesln\u00edk\u016f z cel\u00e9 \u010cesk\u00e9 republiky. Sdru\u017een\u00ed ji\u017e od sv\u00e9ho vzniku v roce 1992 organizuje, nebo se jeho \u010dlenov\u00e9 \u00fa\u010dastn\u00ed na \u0159emesln\u00fdch jarmarc\u00edch v r\u00e1mci r\u016fzn\u00fdch lidov\u00fdch slavnost\u00ed, m\u011bstsk\u00fdch oslav, st\u0159edov\u011bk\u00fdch slavnost\u00ed a podobn\u011b.<\/p>\n\n\n\n<p>P\u0159i t\u011bchto akc\u00edch zaji\u0161\u0165ujeme \u00fa\u010dast \u0159emesn\u00edk\u016f prod\u00e1vaj\u00edc\u00edch sv\u00e9 v\u00fdrobky, p\u0159edv\u00e1d\u011bn\u00ed uk\u00e1zek lidov\u00e9ho \u0159emesla. Jednotliv\u00ed \u0159emesln\u00edci vlastn\u00ed svoje d\u0159ev\u011bn\u00e9 st\u00e1nky v jednotn\u00e9m proveden\u00ed a vystupuj\u00ed v lidov\u00fdch kroj\u00edch, nebo dobov\u00e9m oble\u010den\u00ed dle po\u017eadavk\u016f organiz\u00e1tor\u016f slavnost\u00ed.Spolupr\u00e1ci s na\u0161\u00edm sdru\u017een\u00edm je mo\u017eno nav\u00e1zat bu\u010f individu\u00e1ln\u011b s jednotliv\u00fdmi \u010dleny sdru\u017een\u00ed dle p\u0159ilo\u017een\u00e9ho adres\u00e1\u0159e, nebo zajist\u00edme kompletn\u00ed zorganizov\u00e1n\u00ed \u0159emesln\u00e9ho jarmarku v\u010detn\u011b uk\u00e1zek v\u00fdroby.<\/p>\n","protected":false},"excerpt":{"rendered":"<p>Adresa: Hav\u00ed\u0159sk\u00e1 956665 01 Rosice u Brna WWW: http:\/\/www.czechfolkart.cz\/?page=1 Sdru\u017een\u00ed lidov\u00fdch \u0159emesln\u00edk\u016f a v\u00fdrobc\u016f se p\u0159edstavuje: Sdru\u017een\u00ed lidov\u00fdch \u0159emesln\u00edk\u016f a v\u00fdrobc\u016f je dobrovolnou, nez\u00e1vislou spole\u010denskou &hellip; <\/p>\n","protected":false},"author":1,"featured_media":0,"parent":53,"menu_order":0,"comment_status":"closed","ping_status":"closed","template":"","meta":{"footnotes":""},"class_list":["post-71","page","type-page","status-publish","hentry"],"_links":{"self":[{"href":"https:\/\/lidovaremesla.cz\/web\/wp-json\/wp\/v2\/pages\/71","targetHints":{"allow":["GET"]}}],"collection":[{"href":"https:\/\/lidovaremesla.cz\/web\/wp-json\/wp\/v2\/pages"}],"about":[{"href":"https:\/\/lidovaremesla.cz\/web\/wp-json\/wp\/v2\/types\/page"}],"author":[{"embeddable":true,"href":"https:\/\/lidovaremesla.cz\/web\/wp-json\/wp\/v2\/users\/1"}],"replies":[{"embeddable":true,"href":"https:\/\/lidovaremesla.cz\/web\/wp-json\/wp\/v2\/comments?post=71"}],"version-history":[{"count":1,"href":"https:\/\/lidovaremesla.cz\/web\/wp-json\/wp\/v2\/pages\/71\/revisions"}],"predecessor-version":[{"id":72,"href":"https:\/\/lidovaremesla.cz\/web\/wp-json\/wp\/v2\/pages\/71\/revisions\/72"}],"up":[{"embeddable":true,"href":"https:\/\/lidovaremesla.cz\/web\/wp-json\/wp\/v2\/pages\/53"}],"wp:attachment":[{"href":"https:\/\/lidovaremesla.cz\/web\/wp-json\/wp\/v2\/media?parent=71"}],"curies":[{"name":"wp","href":"https:\/\/api.w.org\/{rel}","templated":true}]}}