{"id":73,"date":"2021-04-13T08:58:31","date_gmt":"2021-04-13T06:58:31","guid":{"rendered":"https:\/\/lidovaremesla.cz\/web\/?page_id=73"},"modified":"2021-05-13T16:05:27","modified_gmt":"2021-05-13T14:05:27","slug":"prehled-remeslnych-oboru-a-moznosti-jejich-studia-na-umeleckoprumyslovych-skolach-strednich-odbornych-skolach-strednich-odbornych-ucilistich-a-ucilistich-v-cr","status":"publish","type":"page","link":"https:\/\/lidovaremesla.cz\/web\/prehled-remeslnych-oboru-a-moznosti-jejich-studia-na-umeleckoprumyslovych-skolach-strednich-odbornych-skolach-strednich-odbornych-ucilistich-a-ucilistich-v-cr\/","title":{"rendered":"P\u0159ehled \u0159emesln\u00fdch obor\u016f a mo\u017enosti jejich studia na Um\u011bleckopr\u016fmyslov\u00fdch \u0161kol\u00e1ch, St\u0159edn\u00edch odborn\u00fdch \u0161kol\u00e1ch, St\u0159edn\u00edch odborn\u00fdch u\u010dili\u0161t\u00edch a u\u010dili\u0161t\u00edch v \u010cR"},"content":{"rendered":"\n<p><strong>KOV<\/strong><\/p>\n\n\n\n<p>Kov\u00e1\u0159 a podkov\u00e1\u0159 &#8211;&nbsp;<a href=\"https:\/\/www.lidovaremesla.cz\/skoly.html#top\">St\u0159edn\u00edm odborn\u00e9m u\u010dili\u0161ti v Jarom\u011b\u0159i<\/a>, Studni\u010dkova 260, 551 01 Jarom\u011b\u0159<\/p>\n\n\n\n<p>Um\u011bleck\u00fd kov\u00e1\u0159 a z\u00e1me\u010dn\u00edk &#8211;&nbsp;<a href=\"https:\/\/www.lidovaremesla.cz\/skoly.html#top\">St\u0159edn\u00edm odborn\u00e9m u\u010dili\u0161ti v Jarom\u011b\u0159i<\/a>, Studni\u010dkova 260, 551 01 Jarom\u011b\u0159<\/p>\n\n\n\n<p>Um\u011bleck\u00fd kov\u00e1\u0159 a z\u00e1me\u010dn\u00edk &#8211;&nbsp;<a href=\"https:\/\/www.lidovaremesla.cz\/skoly.html#01\">St\u0159edn\u00ed odborn\u00e9 u\u010dili\u0161t\u011b um\u011blecko\u0159emesln\u00e9<\/a>, Podkov\u00e1\u0159sk\u00e1 4, 190 00 Praha 9<\/p>\n\n\n\n<p>Um\u011bleck\u00fd pas\u00ed\u0159 &#8211;&nbsp;<a href=\"https:\/\/www.lidovaremesla.cz\/skoly.html#01\">St\u0159edn\u00ed odborn\u00e9 u\u010dili\u0161t\u011b um\u011blecko\u0159emesln\u00e9<\/a>, Podkov\u00e1\u0159sk\u00e1 4, 190 00 Praha 9<\/p>\n\n\n\n<p>Um\u011blecko\u0159emesln\u00e9 zpracov\u00e1n\u00ed kov\u016f &#8211;&nbsp;<a href=\"https:\/\/www.lidovaremesla.cz\/skoly.html#top\">St\u0159edn\u00edm odborn\u00e9m u\u010dili\u0161ti v Jarom\u011b\u0159i<\/a>, Studni\u010dkova 260, 551 01 Jarom\u011b\u0159<\/p>\n\n\n\n<p>V\u00fdtvarn\u00e9 zpracov\u00e1n\u00ed kov\u016f a drah\u00fdch kamen\u016f &#8211; um\u011bleck\u00e9 z\u00e1me\u010dnictv\u00ed a kov\u00e1\u0159stv\u00ed &#8211;&nbsp;<a href=\"https:\/\/www.lidovaremesla.cz\/skoly.html#03\">Soukrom\u00e1 st\u0159edn\u00ed um\u011bleck\u00e1 \u0161kola Ostrava<\/a>, Hasi\u010dsk\u00e1 44, 700 30 Ostrava &#8211; Hrab\u016fvka<\/p>\n\n\n\n<p>Um\u011bleck\u00fd kov\u00e1\u0159 a z\u00e1me\u010dn\u00edk &#8211;&nbsp;<a href=\"https:\/\/www.lidovaremesla.cz\/skoly.html#08\">St\u0159edn\u00ed odborn\u00e9 u\u010dili\u0161t\u011b n\u00e1bytk\u00e1\u0159sk\u00e9 a technick\u00e9<\/a>, Nov\u00fd Zl\u00edchov 1, 150 00 Praha 5<\/p>\n\n\n\n<p>Um\u011bleck\u00fd pas\u00ed\u0159 &#8211;\u00a0<a href=\"https:\/\/www.lidovaremesla.cz\/skoly.html#08\">St\u0159edn\u00ed odborn\u00e9 u\u010dili\u0161t\u011b n\u00e1bytk\u00e1\u0159sk\u00e9 a technick\u00e9<\/a>, Nov\u00fd Zl\u00edchov 1, 150 00 Praha 5<\/p>\n\n\n\n<p><\/p>\n\n\n\n<p><strong>SILIK\u00c1TY<\/strong>&nbsp;[<a href=\"https:\/\/www.lidovaremesla.cz\/?page=skoly\/organizace2#top\">nahoru<\/a>]<\/p>\n\n\n\n<p>Um\u011bleck\u00fd keramik &#8211;&nbsp;<a href=\"https:\/\/www.lidovaremesla.cz\/skoly.html#top\">St\u0159edn\u00edm odborn\u00e9m u\u010dili\u0161ti v Jarom\u011b\u0159i<\/a>, Studni\u010dkova 260, 551 01 Jarom\u011b\u0159<\/p>\n\n\n\n<p>Um\u011bleck\u00fd keramik &#8211;&nbsp;<a href=\"https:\/\/www.lidovaremesla.cz\/skoly.html#01\">St\u0159edn\u00ed odborn\u00e9 u\u010dili\u0161t\u011b um\u011blecko\u0159emesln\u00e9<\/a>, Podkov\u00e1\u0159sk\u00e1 4, 190 00 Praha 9<\/p>\n\n\n\n<p>Um\u011bleck\u00fd keramik &#8211;&nbsp;<a href=\"https:\/\/www.lidovaremesla.cz\/skoly.html#19\">St\u0159edn\u00ed odborn\u00e1 \u0161kola a st\u0159edn\u00ed odborn\u00e9 u\u010dili\u0161t\u011b tradi\u010dn\u00edch \u0159emesel<\/a>, Ml\u00e1de\u017enick\u00e1 430, 679 63 Opava<\/p>\n\n\n\n<p>V\u00fdtvarn\u00e9 zpracov\u00e1n\u00ed keramiky a porcel\u00e1nu &#8211; vytv\u00e1\u0159en\u00ed keramiky &#8211;<a href=\"https:\/\/www.lidovaremesla.cz\/skoly.html#03\">Soukrom\u00e1 st\u0159edn\u00ed um\u011bleck\u00e1 \u0161kola Ostrava<\/a>, Hasi\u010dsk\u00e1 44, 700 30 Ostrava &#8211; Hrab\u016fvka<\/p>\n\n\n\n<p>V\u00fdtvarn\u00e9 zpracov\u00e1n\u00ed keramiky a porcel\u00e1nu &#8211;&nbsp;<a href=\"https:\/\/www.lidovaremesla.cz\/skoly.html#04\">St\u0159edn\u00ed pr\u016fmyslov\u00e1 \u0161kola keramick\u00e1<\/a>, &nbsp;P\u00edseck\u00e1 203, 391 65 Bechyn\u011b<\/p>\n\n\n\n<p>V\u00fdtvarn\u00e9 zpracov\u00e1n\u00ed keramiky a porcel\u00e1nu &#8211;&nbsp;<a href=\"https:\/\/www.lidovaremesla.cz\/skoly.html#16\">St\u0159edn\u00ed pr\u016fmyslov\u00e1 \u0161kola a vy\u0161\u0161\u00ed odborn\u00e1 \u0161kola<\/a>, Brandlova 32, 695 01 Hodon\u00edn<\/p>\n\n\n\n<p>Um\u011blecko\u0159emesln\u00e9 zpracov\u00e1n\u00ed kamene a keramiky &#8211; pr\u00e1ce keramick\u00e9&nbsp;&#8211;&nbsp;<a href=\"https:\/\/www.lidovaremesla.cz\/skoly.html#19\">St\u0159edn\u00ed odborn\u00e1 \u0161kola a st\u0159edn\u00ed odborn\u00e9 u\u010dili\u0161t\u011b tradi\u010dn\u00edch \u0159emesel<\/a>, Ml\u00e1de\u017enick\u00e1 430, 679 63 Opava<\/p>\n\n\n\n<p>Vytv\u00e1\u0159en\u00ed keramiky &#8211;&nbsp;<a href=\"https:\/\/www.lidovaremesla.cz\/skoly.html#16\">St\u0159edn\u00ed pr\u016fmyslov\u00e1 \u0161kola a vy\u0161\u0161\u00ed odborn\u00e1 \u0161kola<\/a>, Brandlova 32, 695 01 Hodon\u00edn<\/p>\n\n\n\n<p>Mal\u00ed\u0159 skla a keramiky &#8211;&nbsp;<a href=\"https:\/\/www.lidovaremesla.cz\/skoly.html#13\">St\u0159edn\u00ed um\u011bleckopr\u016fmyslov\u00e1 \u0161kola skl\u00e1\u0159sk\u00e1 a St\u0159edn\u00ed odborn\u00e9 u\u010dili\u0161t\u011b skl\u00e1\u0159sk\u00e9<\/a>, Za\u0161ovsk\u00e1 100, 757 01 Vala\u0161sk\u00e9 Mezi\u0159\u00ed\u010d\u00ed<\/p>\n\n\n\n<p>Zdoben\u00ed porcel\u00e1nu &#8211;&nbsp;<a href=\"https:\/\/www.lidovaremesla.cz\/skoly.html#18\">St\u0159edn\u00ed pr\u016fmyslov\u00e1 \u0161kola keramick\u00e1<\/a>, n\u00e1m\u011bst\u00ed 17. listopadu 12, 360 05 Karlovy Vary<\/p>\n\n\n\n<p>Keramik pro porcel\u00e1n a keramiku &#8211;&nbsp;<a href=\"https:\/\/www.lidovaremesla.cz\/skoly.html#19\">St\u0159edn\u00ed odborn\u00e1 \u0161kola a st\u0159edn\u00ed odborn\u00e9 u\u010dili\u0161t\u011b tradi\u010dn\u00edch \u0159emesel<\/a>, Ml\u00e1de\u017enick\u00e1 430, 679 63 Opava<\/p>\n\n\n\n<p>Technologie keramiky &#8211;&nbsp;<a href=\"https:\/\/www.lidovaremesla.cz\/skoly.html#04\">St\u0159edn\u00ed pr\u016fmyslov\u00e1 \u0161kola keramick\u00e1<\/a>,&nbsp;P\u00edseck\u00e1 203, 391 65 Bechyn\u011b<\/p>\n\n\n\n<p>Vytv\u00e1\u0159en\u00ed keramiky &#8211; kamn\u00e1\u0159stv\u00ed &#8211;&nbsp;<a href=\"https:\/\/www.lidovaremesla.cz\/skoly.html#04\">St\u0159edn\u00ed pr\u016fmyslov\u00e1 \u0161kola keramick\u00e1<\/a>,&nbsp;P\u00edseck\u00e1 203, 391 65 Bechyn\u011b<\/p>\n\n\n\n<p>Keramick\u00e9 pr\u00e1ce &#8211;&nbsp;<a href=\"https:\/\/www.lidovaremesla.cz\/skoly.html#05\">Speci\u00e1ln\u00ed \u0161koly Aloyse Klara, Fakultn\u00ed \u0161kola FTVS UK<\/a>, V\u00edde\u0148sk\u00e1 756\/28, 142 00Praha 4<\/p>\n\n\n\n<p>Keramik &#8211;&nbsp;<a href=\"https:\/\/www.lidovaremesla.cz\/skoly.html#05\">Speci\u00e1ln\u00ed \u0161koly Aloyse Klara, Fakultn\u00ed \u0161kola FTVS UK<\/a>, V\u00edde\u0148sk\u00e1 756\/28, 142 00 Praha 4<\/p>\n\n\n\n<p>Model\u00e1\u0159stv\u00ed &#8211;&nbsp;<a href=\"https:\/\/www.lidovaremesla.cz\/skoly.html#18\">St\u0159edn\u00ed pr\u016fmyslov\u00e1 \u0161kola keramick\u00e1<\/a>, n\u00e1m\u011bst\u00ed 17. listopadu 12, 360 05 Karlovy Vary<\/p>\n\n\n\n<p>Konzervov\u00e1n\u00ed a restaurov\u00e1n\u00ed keramiky &#8211;\u00a0<a href=\"https:\/\/www.lidovaremesla.cz\/skoly.html#06\">St\u0159edn\u00ed \u0161kola um\u011bleck\u00fdch \u0159emesel v Brn\u011b<\/a>, Husova 10, 602 00 Brno<\/p>\n\n\n\n<p><\/p>\n\n\n\n<p><strong>SKLO<\/strong>&nbsp;[<a href=\"https:\/\/www.lidovaremesla.cz\/?page=skoly\/organizace2#top\">nahoru<\/a>]<\/p>\n\n\n\n<p>Brou\u0161en\u00ed a vzorov\u00e1n\u00ed brou\u0161en\u00e9ho skla &#8211;&nbsp;<a href=\"https:\/\/www.lidovaremesla.cz\/skoly.html#10\">St\u0159edn\u00ed um\u011bleckopr\u016fmyslov\u00e1 \u0161kola skl\u00e1\u0159sk\u00e1 Kamenick\u00fd \u0160enov<\/a>, Havl\u00ed\u010dkova 57, 471 14 Kamenick\u00fd \u0160enov<\/p>\n\n\n\n<p>Brusi\u010d skla &#8211;&nbsp;<a href=\"https:\/\/www.lidovaremesla.cz\/skoly.html#13\">St\u0159edn\u00ed um\u011bleckopr\u016fmyslov\u00e1 \u0161kola skl\u00e1\u0159sk\u00e1 a St\u0159edn\u00ed odborn\u00e9 u\u010dili\u0161t\u011b skl\u00e1\u0159sk\u00e9<\/a>, Za\u0161ovsk\u00e1 100, 757 01 Vala\u0161sk\u00e9 Mezi\u0159\u00ed\u010d\u00ed<\/p>\n\n\n\n<p>Brou\u0161en\u00ed a vzorov\u00e1n\u00ed brou\u0161en\u00e9ho skla &#8211;&nbsp;<a href=\"https:\/\/www.lidovaremesla.cz\/skoly.html#17\">St\u0159edn\u00ed um\u011bleckopr\u016fmyslov\u00e1 \u0161kola skl\u00e1\u0159sk\u00e1<\/a>, Smetanovo z\u00e1ti\u0161\u00ed 470, 468 22 \u017delezn\u00fd Brod<\/p>\n\n\n\n<p>Tvarov\u00e1n\u00ed a malov\u00e1n\u00ed skla &#8211;&nbsp;<a href=\"https:\/\/www.lidovaremesla.cz\/skoly.html#10\">St\u0159edn\u00ed um\u011bleckopr\u016fmyslov\u00e1 \u0161kola skl\u00e1\u0159sk\u00e1 Kamenick\u00fd \u0160enov<\/a>, Havl\u00ed\u010dkova 57, 471 14 Kamenick\u00fd \u0160enov<\/p>\n\n\n\n<p>Tvarov\u00e1n\u00ed, malov\u00e1n\u00ed a lept\u00e1n\u00ed skla &#8211;&nbsp;<a href=\"https:\/\/www.lidovaremesla.cz\/skoly.html#17\">St\u0159edn\u00ed um\u011bleckopr\u016fmyslov\u00e1 \u0161kola skl\u00e1\u0159sk\u00e1<\/a>, Smetanovo z\u00e1ti\u0161\u00ed 470, 468 22 \u017delezn\u00fd Brod<\/p>\n\n\n\n<p>Mal\u00ed\u0159 skla a keramiky &#8211;&nbsp;<a href=\"https:\/\/www.lidovaremesla.cz\/skoly.html#13\">St\u0159edn\u00ed um\u011bleckopr\u016fmyslov\u00e1 \u0161kola skl\u00e1\u0159sk\u00e1 a St\u0159edn\u00ed odborn\u00e9 u\u010dili\u0161t\u011b skl\u00e1\u0159sk\u00e9<\/a>, Za\u0161ovsk\u00e1 100, 757 01 Vala\u0161sk\u00e9 Mezi\u0159\u00ed\u010d\u00ed<\/p>\n\n\n\n<p>Ryt\u00ed skla &#8211;&nbsp;<a href=\"https:\/\/www.lidovaremesla.cz\/skoly.html#10\">St\u0159edn\u00ed um\u011bleckopr\u016fmyslov\u00e1 \u0161kola skl\u00e1\u0159sk\u00e1 Kamenick\u00fd \u0160enov<\/a>, Havl\u00ed\u010dkova 57, 471 14 Kamenick\u00fd \u0160enov<\/p>\n\n\n\n<p>V\u00fdtvarn\u00e9 zpracov\u00e1n\u00ed skla &#8211;&nbsp;<a href=\"https:\/\/www.lidovaremesla.cz\/skoly.html#13\">St\u0159edn\u00ed um\u011bleckopr\u016fmyslov\u00e1 \u0161kola skl\u00e1\u0159sk\u00e1 a St\u0159edn\u00ed odborn\u00e9 u\u010dili\u0161t\u011b skl\u00e1\u0159sk\u00e9<\/a>, Za\u0161ovsk\u00e1 100, 757 01 Vala\u0161sk\u00e9 Mezi\u0159\u00ed\u010d\u00ed<\/p>\n\n\n\n<p>Skl\u00e1\u0159, skl\u00e1\u0159sk\u00e9 pr\u00e1ce &#8211;&nbsp;<a href=\"https:\/\/www.lidovaremesla.cz\/skoly.html#13\">St\u0159edn\u00ed um\u011bleckopr\u016fmyslov\u00e1 \u0161kola skl\u00e1\u0159sk\u00e1 a St\u0159edn\u00ed odborn\u00e9 u\u010dili\u0161t\u011b skl\u00e1\u0159sk\u00e9<\/a>, Za\u0161ovsk\u00e1 100, 757 01 Vala\u0161sk\u00e9 Mezi\u0159\u00ed\u010d\u00ed<\/p>\n\n\n\n<p>Hutnick\u00e9 tvarov\u00e1n\u00ed skla &#8211;&nbsp;<a href=\"https:\/\/www.lidovaremesla.cz\/skoly.html#17\">St\u0159edn\u00ed um\u011bleckopr\u016fmyslov\u00e1 \u0161kola skl\u00e1\u0159sk\u00e1<\/a>, Smetanovo z\u00e1ti\u0161\u00ed 470, 468 22 \u017delezn\u00fd Brod<\/p>\n\n\n\n<p>Tvorba a v\u00fdroba sklen\u011bn\u00fdch figurek &#8211;&nbsp;<a href=\"https:\/\/www.lidovaremesla.cz\/skoly.html#17\">St\u0159edn\u00ed um\u011bleckopr\u016fmyslov\u00e1 \u0161kola skl\u00e1\u0159sk\u00e1<\/a>, Smetanovo z\u00e1ti\u0161\u00ed 470, 468 22 \u017delezn\u00fd Brod<\/p>\n\n\n\n<p>Vzorka\u0159stv\u00ed sklen\u011bn\u00e9 bi\u017euterie &#8211;\u00a0<a href=\"https:\/\/www.lidovaremesla.cz\/skoly.html#17\">St\u0159edn\u00ed um\u011bleckopr\u016fmyslov\u00e1 \u0161kola skl\u00e1\u0159sk\u00e1<\/a>, Smetanovo z\u00e1ti\u0161\u00ed 470, 468 22 \u017delezn\u00fd Brod<\/p>\n\n\n\n<p><\/p>\n\n\n\n<p><strong>D\u0158EVO<\/strong>&nbsp;[<a href=\"https:\/\/www.lidovaremesla.cz\/?page=skoly\/organizace2#top\">nahoru<\/a>]<\/p>\n\n\n\n<p>Um\u011bleck\u00fd \u0159ezb\u00e1\u0159 \u00ad-&nbsp;<a href=\"https:\/\/www.lidovaremesla.cz\/skoly.html#01\">St\u0159edn\u00ed odborn\u00e9 u\u010dili\u0161t\u011b um\u011blecko\u0159emesln\u00e9<\/a>, Podkov\u00e1\u0159sk\u00e1 4, 190 00 Praha 9<\/p>\n\n\n\n<p>Um\u011bleck\u00fd \u0159ezb\u00e1\u0159 &#8211;&nbsp;<a href=\"https:\/\/www.lidovaremesla.cz\/skoly.html#08\">St\u0159edn\u00ed odborn\u00e9 u\u010dili\u0161t\u011b n\u00e1bytk\u00e1\u0159sk\u00e9 a technick\u00e9<\/a>, Nov\u00fd Zl\u00edchov 1, 150 00 Praha 5<\/p>\n\n\n\n<p>Um\u011blecko\u0159emesln\u00e9 zpracov\u00e1n\u00ed d\u0159eva &#8211; pr\u00e1ce \u0159ezb\u00e1\u0159sk\u00e9 &#8211;&nbsp;<a href=\"https:\/\/www.lidovaremesla.cz\/skoly.html#08\">St\u0159edn\u00ed odborn\u00e9 u\u010dili\u0161t\u011b n\u00e1bytk\u00e1\u0159sk\u00e9 a technick\u00e9<\/a>, Nov\u00fd Zl\u00edchov 1, 150 00 Praha 5<\/p>\n\n\n\n<p>Tvarov\u00e1n\u00ed d\u0159eva a \u0159ezb\u00e1\u0159stv\u00ed &#8211;&nbsp;<a href=\"https:\/\/www.lidovaremesla.cz\/skoly.html#03\">Soukrom\u00e1 st\u0159edn\u00ed um\u011bleck\u00e1 \u0161kola Ostrava<\/a>, Hasi\u010dsk\u00e1 44, 700 30 Ostrava &#8211; Hrab\u016fvka<\/p>\n\n\n\n<p>Um\u011bleck\u00fd truhl\u00e1\u0159 &#8211;&nbsp;<a href=\"https:\/\/www.lidovaremesla.cz\/skoly.html#01\">St\u0159edn\u00ed odborn\u00e9 u\u010dili\u0161t\u011b um\u011blecko\u0159emesln\u00e9<\/a>, Podkov\u00e1\u0159sk\u00e1 4, 190 00 Praha 9<\/p>\n\n\n\n<p>Um\u011bleck\u00fd truhl\u00e1\u0159 &#8211;&nbsp;<a href=\"https:\/\/www.lidovaremesla.cz\/skoly.html#08\">St\u0159edn\u00ed odborn\u00e9 u\u010dili\u0161t\u011b n\u00e1bytk\u00e1\u0159sk\u00e9 a technick\u00e9<\/a>, Nov\u00fd Zl\u00edchov 1, 150 00 Praha 5<\/p>\n\n\n\n<p>Um\u011bleck\u00fd truhl\u00e1\u0159 &#8211;&nbsp;<a href=\"https:\/\/www.lidovaremesla.cz\/skoly.html#12\">Integrovan\u00e1 st\u0159edn\u00ed \u0161kola stavebn\u00ed a U\u010dili\u0161t\u011b<\/a>, \u017di\u017ekova 20, 586 01 Jihlava<\/p>\n\n\n\n<p>Um\u011blecko\u0159emesln\u00e9 zpracov\u00e1n\u00ed d\u0159eva &#8211; pr\u00e1ce truhl\u00e1\u0159sk\u00e9 &#8211;&nbsp;<a href=\"https:\/\/www.lidovaremesla.cz\/skoly.html#08\">St\u0159edn\u00ed odborn\u00e9 u\u010dili\u0161t\u011b n\u00e1bytk\u00e1\u0159sk\u00e9 a technick\u00e9<\/a>, Nov\u00fd Zl\u00edchov 1, 150 00 Praha 5<\/p>\n\n\n\n<p>Um\u011blecko\u0159emesln\u00e9 zpracov\u00e1n\u00ed d\u0159eva &#8211;&nbsp;<a href=\"https:\/\/www.lidovaremesla.cz\/skoly.html#top\">St\u0159edn\u00edm odborn\u00e9m u\u010dili\u0161ti v Jarom\u011b\u0159i<\/a>, Studni\u010dkova 260, 551 01 Jarom\u011b\u0159<\/p>\n\n\n\n<p>Konstrukce a tvorba n\u00e1bytku &#8211;&nbsp;<a href=\"https:\/\/www.lidovaremesla.cz\/skoly.html#06\">St\u0159edn\u00ed \u0161kola um\u011bleck\u00fdch \u0159emesel v Brn\u011b<\/a>, Husova 10, 602 00 Brno<\/p>\n\n\n\n<p>Tvorba hra\u010dek a dekorativn\u00edch p\u0159edm\u011bt\u016f &#8211;&nbsp;<a href=\"https:\/\/www.lidovaremesla.cz\/skoly.html#06\">St\u0159edn\u00ed \u0161kola um\u011bleck\u00fdch \u0159emesel v Brn\u011b<\/a>, Husova 10, 602 00 Brno<\/p>\n\n\n\n<p>Obor Hra\u010dka a dekorativn\u00ed p\u0159edm\u011bt &#8211;&nbsp;<a href=\"https:\/\/www.lidovaremesla.cz\/skoly.html#11\">Vy\u0161\u0161\u00ed odborn\u00e1 \u0161kola textiln\u00edch \u0159emesel a St\u0159edn\u00ed um\u011bleck\u00e1 \u0161kola textiln\u00edch \u0159emesel<\/a>, U P\u016fj\u010dovny 9, Praha 1<\/p>\n\n\n\n<p>Tvorba hra\u010dek a dekorativn\u00edch p\u0159edm\u011bt\u016f &#8211;&nbsp;<a href=\"https:\/\/www.lidovaremesla.cz\/skoly.html#14\">St\u0159edn\u00ed pr\u016fmyslov\u00e1 \u0161kola a St\u0159edn\u00ed um\u011bleckopr\u016fmyslov\u00e1 \u0161kola<\/a>, Praskova 8, 746 01 Opava<\/p>\n\n\n\n<p>Um\u011blecko\u0159emesln\u00e1 stavba hudebn\u00edch n\u00e1stroj\u016f (housl\u00ed a kytar) &#8211;&nbsp;<a href=\"https:\/\/www.lidovaremesla.cz\/skoly.html#07\">St\u0159edn\u00ed odborn\u00e9 u\u010dili\u0161t\u011b hudebn\u00edch n\u00e1stroj\u016f a Odborn\u00e1 housla\u0159sk\u00e1 \u0161kola<\/a>, Revolu\u010dn\u00ed 536, 351 37 Luby u Chebu<\/p>\n\n\n\n<p>Konzerv\u00e1torstv\u00ed a restaur\u00e1torstv\u00ed &#8211;&nbsp;<a href=\"https:\/\/www.lidovaremesla.cz\/skoly.html#02\">Vy\u0161\u0161\u00ed odborn\u00e1 \u0161kola grafick\u00e1 a St\u0159edn\u00ed pr\u016fmyslov\u00e1 \u0161kola grafick\u00e1<\/a>, Hellichova 22, 118 00 Praha 1<\/p>\n\n\n\n<p>Konzervov\u00e1n\u00ed a restaurov\u00e1n\u00ed n\u00e1bytku a nepolychromovan\u00e9 d\u0159evo\u0159ezby &#8211;\u00a0<a href=\"https:\/\/www.lidovaremesla.cz\/skoly.html#06\">St\u0159edn\u00ed \u0161kola um\u011bleck\u00fdch \u0159emesel v Brn\u011b<\/a>, Husova 10, 602 00 Brno<\/p>\n\n\n\n<p><\/p>\n\n\n\n<p><strong>PLETIVA<\/strong>&nbsp;[<a href=\"https:\/\/www.lidovaremesla.cz\/?page=skoly\/organizace2#top\">nahoru<\/a>]<\/p>\n\n\n\n<p>Ko\u0161\u00edk\u00e1\u0159 &#8211;&nbsp;<a href=\"https:\/\/www.lidovaremesla.cz\/skoly.html#01\">St\u0159edn\u00ed odborn\u00e9 u\u010dili\u0161t\u011b um\u011blecko\u0159emesln\u00e9<\/a>, Podkov\u00e1\u0159sk\u00e1 4, 190 00 Praha 9<\/p>\n\n\n\n<p>Kart\u00e1\u010dnick\u00e9 a ko\u0161\u00edk\u00e1\u0159sk\u00e9 pr\u00e1ce &#8211;\u00a0<a href=\"https:\/\/www.lidovaremesla.cz\/skoly.html#05\">Speci\u00e1ln\u00ed \u0161koly Aloyse Klara<\/a>, Fakultn\u00ed \u0161kola FTVS UK,V\u00edde\u0148sk\u00e1 756\/28, 142 00 Praha 4<\/p>\n\n\n\n<p><\/p>\n\n\n\n<p><strong>TEXTIL<\/strong>&nbsp;[<a href=\"https:\/\/www.lidovaremesla.cz\/?page=skoly\/organizace2#top\">nahoru<\/a>]<\/p>\n\n\n\n<p>Textiln\u00ed v\u00fdtvarnictv\u00ed &#8211; tvorba dekorativn\u00edch p\u0159edm\u011bt\u016f z textiln\u00edch a p\u0159\u00edrodn\u00edch materi\u00e1l\u016f &#8211;&nbsp;<a href=\"https:\/\/www.lidovaremesla.cz\/skoly.html#05\">Speci\u00e1ln\u00ed \u0161koly Aloyse Klara<\/a>, Fakultn\u00ed \u0161kola FTVS UK, V\u00edde\u0148sk\u00e1 756\/28, 142 00 Praha 4<\/p>\n\n\n\n<p>Tvorba hra\u010dek a dekorativn\u00edch p\u0159edm\u011bt\u016f &#8211;&nbsp;<a href=\"https:\/\/www.lidovaremesla.cz\/skoly.html#06\">St\u0159edn\u00ed \u0161kola um\u011bleck\u00fdch \u0159emesel v Brn\u011b<\/a>, Husova 10, 602 00 Brno<\/p>\n\n\n\n<p>Tvorba hra\u010dek a dekorativn\u00edch p\u0159edm\u011bt\u016f &#8211;&nbsp;<a href=\"https:\/\/www.lidovaremesla.cz\/skoly.html#14\">St\u0159edn\u00ed pr\u016fmyslov\u00e1 \u0161kola a St\u0159edn\u00ed m\u011bleckopr\u016fmyslov\u00e1 \u0161kola<\/a>, Praskova 8, 746 01 Opava<\/p>\n\n\n\n<p>Obor Hra\u010dka a dekorativn\u00ed p\u0159edm\u011bt &#8211;&nbsp;<a href=\"https:\/\/www.lidovaremesla.cz\/skoly.html#11\">Vy\u0161\u0161\u00ed odborn\u00e1 \u0161kola textiln\u00edch \u0159emesel a St\u0159edn\u00ed um\u011bleck\u00e1 \u0161kola textiln\u00edch \u0159emesel<\/a>, U P\u016fj\u010dovny 9, Praha 1<\/p>\n\n\n\n<p>Tkalcovsk\u00e1 a tiska\u0159sk\u00e1 tvorba &#8211;&nbsp;<a href=\"https:\/\/www.lidovaremesla.cz\/skoly.html#08\">St\u0159edn\u00ed pr\u016fmyslov\u00e1 \u0161kola textiln\u00ed a Vy\u0161\u0161\u00ed odborn\u00e1 \u0161kola textiln\u00ed v Brn\u011b<\/a>, Francouzsk\u00e1 101, Brno 602 00<\/p>\n\n\n\n<p>Pleta\u0159sk\u00e1 tvorba &#8211;&nbsp;<a href=\"https:\/\/www.lidovaremesla.cz\/skoly.html#08\">St\u0159edn\u00ed pr\u016fmyslov\u00e1 \u0161kola textiln\u00ed a Vy\u0161\u0161\u00ed odborn\u00e1 \u0161kola textiln\u00ed v Brn\u011b<\/a>, Francouzsk\u00e1 101, Brno 602 00<\/p>\n\n\n\n<p>Krajk\u00e1\u0159sk\u00e1 a vy\u0161\u00edva\u010dsk\u00e1 tvorba &#8211;&nbsp;<a href=\"https:\/\/www.lidovaremesla.cz\/skoly.html#08\">St\u0159edn\u00ed pr\u016fmyslov\u00e1 \u0161kola textiln\u00ed a Vy\u0161\u0161\u00ed odborn\u00e1 \u0161kola textiln\u00ed v Brn\u011b<\/a>&nbsp;Francouzsk\u00e1 101, Brno 602 00<\/p>\n\n\n\n<p>Obor Krajk\u00e1\u0159sk\u00e1 a vy\u0161\u00edva\u010dsk\u00e1 tvorba &#8211;&nbsp;<a href=\"https:\/\/www.lidovaremesla.cz\/skoly.html#11\">Vy\u0161\u0161\u00ed odborn\u00e1 \u0161kola textiln\u00edch \u0159emesel a St\u0159edn\u00ed um\u011bleck\u00e1 \u0161kola textiln\u00edch \u0159emesel<\/a>, U P\u016fj\u010dovny 9, Praha 1<\/p>\n\n\n\n<p>Ru\u010dn\u00ed v\u00fdtvarn\u00e9 zpracov\u00e1n\u00ed textili\u00ed&nbsp;&#8211;&nbsp;<a href=\"https:\/\/www.lidovaremesla.cz\/skoly.html#08\">St\u0159edn\u00ed pr\u016fmyslov\u00e1 \u0161kola textiln\u00ed a Vy\u0161\u0161\u00ed odborn\u00e1 \u0161kola textiln\u00ed v Brn\u011b<\/a>&nbsp;Francouzsk\u00e1 101, Brno 602 00<\/p>\n\n\n\n<p>Model\u00e1\u0159stv\u00ed a n\u00e1vrh\u00e1\u0159stv\u00ed od\u011bv\u016f &#8211;&nbsp;<a href=\"https:\/\/www.lidovaremesla.cz\/skoly.html#08\">St\u0159edn\u00ed pr\u016fmyslov\u00e1 \u0161kola textiln\u00ed a Vy\u0161\u0161\u00ed odborn\u00e1 \u0161kola textiln\u00ed v Brn\u011b<\/a>&nbsp;Francouzsk\u00e1 101, Brno 602 00<\/p>\n\n\n\n<p>Obor Model\u00e1\u0159stv\u00ed a n\u00e1vrh\u00e1\u0159stv\u00ed od\u011bvu-&nbsp;<a href=\"https:\/\/www.lidovaremesla.cz\/skoly.html#11\">Vy\u0161\u0161\u00ed odborn\u00e1 \u0161kola textiln\u00edch \u0159emesel a St\u0159edn\u00ed um\u011bleck\u00e1 \u0161kola textiln\u00edch \u0159emesel<\/a>, U P\u016fj\u010dovny 9, Praha 1<\/p>\n\n\n\n<p>Model\u00e1\u0159stv\u00ed a n\u00e1vrh\u00e1\u0159stv\u00ed od\u011bv\u016f &#8211;&nbsp;<a href=\"https:\/\/www.lidovaremesla.cz\/skoly.html#20\">St\u0159edn\u00ed \u0161kola um\u011bleck\u00fdch \u0159emesel<\/a>, s.r.o., Gurt\u011bvova 8, Ostrava &#8211; Z\u00e1b\u0159eh<\/p>\n\n\n\n<p>Obor Konzervov\u00e1n\u00ed a restaurov\u00e1n\u00ed textili\u00ed &#8211;\u00a0<a href=\"https:\/\/www.lidovaremesla.cz\/skoly.html#11\">Vy\u0161\u0161\u00ed odborn\u00e1 \u0161kola textiln\u00edch \u0159emesel a St\u0159edn\u00ed um\u011bleck\u00e1 \u0161kola textiln\u00edch \u0159emesel<\/a>, U P\u016fj\u010dovny 9, Praha 1<\/p>\n\n\n\n<p><\/p>\n\n\n\n<p><strong>K\u016e\u017dE<\/strong>&nbsp;[<a href=\"https:\/\/www.lidovaremesla.cz\/?page=skoly\/organizace2#top\">nahoru<\/a>]<\/p>\n\n\n\n<p>Obuvn\u00edk &#8211;&nbsp;<a href=\"https:\/\/www.lidovaremesla.cz\/skoly.html#21\">St\u0159edn\u00ed odborn\u00e1 \u0161kola, St\u0159edn\u00ed odborn\u00e9 u\u010dili\u0161t\u011b a u\u010dili\u0161t\u011b Zl\u00edn s. r. o.<\/a>, n\u00e1m. T. G. Masaryka 1279, 760 01 ZL\u00cdN<\/p>\n","protected":false},"excerpt":{"rendered":"<p>KOV Kov\u00e1\u0159 a podkov\u00e1\u0159 &#8211;&nbsp;St\u0159edn\u00edm odborn\u00e9m u\u010dili\u0161ti v Jarom\u011b\u0159i, Studni\u010dkova 260, 551 01 Jarom\u011b\u0159 Um\u011bleck\u00fd kov\u00e1\u0159 a z\u00e1me\u010dn\u00edk &#8211;&nbsp;St\u0159edn\u00edm odborn\u00e9m u\u010dili\u0161ti v Jarom\u011b\u0159i, Studni\u010dkova 260, &hellip; <\/p>\n","protected":false},"author":1,"featured_media":0,"parent":0,"menu_order":0,"comment_status":"closed","ping_status":"closed","template":"","meta":{"footnotes":""},"class_list":["post-73","page","type-page","status-publish","hentry"],"_links":{"self":[{"href":"https:\/\/lidovaremesla.cz\/web\/wp-json\/wp\/v2\/pages\/73","targetHints":{"allow":["GET"]}}],"collection":[{"href":"https:\/\/lidovaremesla.cz\/web\/wp-json\/wp\/v2\/pages"}],"about":[{"href":"https:\/\/lidovaremesla.cz\/web\/wp-json\/wp\/v2\/types\/page"}],"author":[{"embeddable":true,"href":"https:\/\/lidovaremesla.cz\/web\/wp-json\/wp\/v2\/users\/1"}],"replies":[{"embeddable":true,"href":"https:\/\/lidovaremesla.cz\/web\/wp-json\/wp\/v2\/comments?post=73"}],"version-history":[{"count":2,"href":"https:\/\/lidovaremesla.cz\/web\/wp-json\/wp\/v2\/pages\/73\/revisions"}],"predecessor-version":[{"id":292,"href":"https:\/\/lidovaremesla.cz\/web\/wp-json\/wp\/v2\/pages\/73\/revisions\/292"}],"wp:attachment":[{"href":"https:\/\/lidovaremesla.cz\/web\/wp-json\/wp\/v2\/media?parent=73"}],"curies":[{"name":"wp","href":"https:\/\/api.w.org\/{rel}","templated":true}]}}