{"id":81,"date":"2021-04-13T09:02:25","date_gmt":"2021-04-13T07:02:25","guid":{"rendered":"https:\/\/lidovaremesla.cz\/web\/?page_id=81"},"modified":"2021-04-13T09:05:09","modified_gmt":"2021-04-13T07:05:09","slug":"estonsko-historie","status":"publish","type":"page","link":"https:\/\/lidovaremesla.cz\/web\/evropska-federace-remesel\/estonsko-historie\/","title":{"rendered":"Estonsko &#8211; historie"},"content":{"rendered":"\n<figure class=\"wp-block-image\"><img decoding=\"async\" src=\"https:\/\/www.lidovaremesla.cz\/images\/estonsko.png\" alt=\"Estonko\"\/><\/figure>\n\n\n\n<h2 class=\"wp-block-heading\">Estonsk\u00e1 unie ru\u010dn\u00edch prac\u00ed<\/h2>\n\n\n\n<p>Je mou velkou ct\u00ed V\u00e1m p\u0159edat v\u0159el\u00e9 pozdravy od Estonsk\u00e9 unie ru\u010dn\u00edch prac\u00ed v\u0161em \u010dlen\u016fm Kongresu. Ze v\u0161eho nejd\u0159\u00edve bych r\u00e1d pod\u011bkoval gener. sekret. Finsk\u00e9 unie ru\u010dn\u00edch prac\u00ed pan\u00ed Markett\u011b Luutonenov\u00e9, kter\u00e1 n\u00e1s spojila s&nbsp;Evropskou federac\u00ed a pak&nbsp;<a href=\"http:\/\/gener.sekret.\/\">gener.sekret.<\/a>&nbsp;Martinovi St\u00fcssimu, kter\u00fd n\u00e1s v&nbsp;pr\u016fb\u011bhu posledn\u00edho p\u016fl roku po\u0161tou informoval o c\u00edlech a aktivit\u00e1ch federace.<\/p>\n\n\n\n<p>V&nbsp;prezentaci na\u0161eho st\u00e1tu v&nbsp;r\u016fzn\u00fdch evropsk\u00fdch a sv\u011btov\u00fdch organizac\u00edch jsme nov\u00e1\u010dci. Ale jsme vd\u011b\u010dn\u00ed za podporu na\u0161ich aktivit ze strany siln\u00fdch a vit\u00e1ln\u00edch organizac\u00ed skandin\u00e1vsk\u00fdch zem\u00ed a dal\u0161\u00edch evropsk\u00fdch p\u0159\u00e1tel. N\u00e1\u0161 nov\u011b zalo\u017een\u00fd st\u00e1t je znovu-uznan\u00fd teprve t\u0159i roky po pades\u00e1tilet\u00e9 period\u011b okupace. Estonsko je mal\u00e1 zem\u011b, ale svou rozlohou je v\u011bt\u0161\u00ed ne\u017e Holandsko \u010di \u0160v\u00fdcarsko. M\u00e1 asi jeden a p\u016fl milionu obyvatel, z&nbsp;\u010deho\u017e Estonci tvo\u0159\u00ed asi jeden milion. Pat\u0159\u00edme mezi nejmen\u0161\u00ed n\u00e1rody, kter\u00e9 disponuj\u00ed vy\u0161\u0161\u00edm vzd\u011bl\u00e1n\u00edm v&nbsp;n\u00e1rodn\u00edm jazyce. Na\u0161imi p\u0159\u00edbuzn\u00fdmi n\u00e1rody jsou Finov\u00e9 a Ma\u010fa\u0159i: na\u0161e jazyky pat\u0159\u00ed do stejn\u00e9 rodiny a maj\u00ed podobn\u00e9 ko\u0159eny. Hlavn\u00edm m\u011bstem Estonska je Talin, historick\u00e9 hanzovn\u00ed m\u011bsto ze st\u0159edov\u011bku.<\/p>\n\n\n\n<p>P\u0159edstavuji unii ru\u010dn\u00edch prac\u00ed, kter\u00e1 byla znovuzalo\u017eena v&nbsp;roce 1992. B\u011bhem nez\u00e1visl\u00e9 Estonsk\u00e9 republiky p\u0159ed druhou sv\u011btovou v\u00e1lkou fungovala na\u0161e unie od roku 1927 do roku 1940 d\u00edky povinn\u00e9mu uzav\u0159en\u00ed ze strany sov\u011btsk\u00fdch autorit. Toho \u010dasu byla na\u0161e unie \u010dlenem Skandin\u00e1vsk\u00e9 unie ru\u010dn\u00edch prac\u00ed, kter\u00e1 m\u011bla kontakty s&nbsp;Evropskou uni\u00ed t\u00e9 doby. Samoz\u0159ejm\u011b, \u017ee n\u00e1rodn\u00ed tradice ru\u010dn\u00edch prac\u00ed p\u0159e\u017eila i v\u0161echna l\u00e9ta okupace, ale pod veden\u00edm autorit. V&nbsp;sou\u010dasnosti to podl\u00e9h\u00e1 dobrovoln\u00e9 \u010dinnosti. Na\u0161e unie p\u0159edstavuje sou\u010d\u00e1st t\u011bchto b\u00fdval\u00fdch uni\u00ed, kter\u00e1 se v&nbsp;posledn\u00edch letech v&nbsp;Estonsku znovu zrodila.<\/p>\n\n\n\n<p>Hlavn\u00edm c\u00edlem na\u0161\u00ed unie je zachovat n\u00e1rodn\u00ed tradici ru\u010dn\u00edch prac\u00ed a jej\u00ed obnoven\u00ed. Samoz\u0159ejm\u011b, \u017ee nezavrhujeme i nov\u00e9, s&nbsp;\u010d\u00edm um\u011bn\u00ed ru\u010dn\u00edch prac\u00ed p\u0159i\u0161lo. V&nbsp;na\u0161\u00ed unii jsou zastoupeny t\u0159i hlavn\u00ed v\u011btve aktivit. Za prv\u00e9 &#8211; spole\u010dn\u00e9 aktivity \u010dlen\u016f unie, za druh\u00e9 &#8211; v\u00fduka prost\u0159ednictv\u00edm kurz\u016f a konzultac\u00ed a za t\u0159et\u00ed v\u00fdstavy a v\u00fdm\u011bnn\u00fd obchod.<\/p>\n\n\n\n<p>Do t\u00e9to doby jsme nedost\u00e1vali \u017e\u00e1dnou pravidelnou finan\u010dn\u00ed podporu od st\u00e1tu nebo m\u00edstn\u00edch samospr\u00e1v.<\/p>\n\n\n\n<p>Na\u0161e aktivity schvaluje Ministerstvo \u0161kolstv\u00ed a kultury a obdr\u017eeli jsme ojedin\u011bl\u00e9 granty. Ale jsme optimisti\u010dt\u00ed a douf\u00e1me, \u017ee jakmile se ekonomick\u00e1 situace na\u0161eho st\u00e1tu zlep\u0161\u00ed, projev\u00ed se to i v&nbsp;ofici\u00e1ln\u00ed podpo\u0159e lidov\u00e9ho um\u011bn\u00ed.<\/p>\n\n\n\n<p>Na\u0161e unie m\u00e1 v&nbsp;sou\u010dasnosti v\u00edce ne\u017e \u010dty\u0159i sta \u010dlen\u016f, a to p\u0159edev\u0161\u00edm z&nbsp;Talinu a jeho okol\u00ed. Ale nyn\u00ed se k&nbsp;n\u00e1m hl\u00e1s\u00ed spousta nov\u00fdch \u010dlen\u016f a z\u00e1jem o na\u0161e aktivity vzr\u016fst\u00e1 v&nbsp;cel\u00e9m Estonsku. \u010clenov\u00e9 na\u0161\u00ed organizace jsou \u0159emesln\u00edci, d\u00e1le pak etnografov\u00e9 a soci\u00e1ln\u00ed v\u011bdci, jejich\u017e z\u00e1jmy se soust\u0159ed\u00ed na estonskou kulturu. P\u0159irozen\u011b spolupracujeme s&nbsp;Estonsk\u00fdm n\u00e1rodn\u00edm muzeem a Skanzenem lidov\u00e9ho um\u011bn\u00ed a \u0159adou dal\u0161\u00edch organizac\u00edch zab\u00fdvaj\u00edc\u00edch se lidov\u00fdm um\u011bn\u00edm. V\u00fdrazn\u00fdm bodem na\u0161\u00ed unie byla \u00fa\u010dast na Hanzovn\u00edch dnech v&nbsp;Talinu, tradi\u010dn\u00edch Dnech star\u00e9ho m\u011bsta Talinu a d\u00e1le pak v\u00e1no\u010dn\u00ed a velikono\u010dn\u00ed v\u00fdstavy ru\u010dn\u00edch prac\u00ed \u010dlen\u016f na m\u011bstsk\u00e9 radnici Talinu.<\/p>\n\n\n\n<p>A\u017e doposud se v\u00fdukov\u00e9 kurzy a semin\u00e1\u0159e organizovaly pouze pro \u010dleny na\u0161\u00ed spole\u010dnosti. Mezi na\u0161e sny do budoucnosti pat\u0159\u00ed \u0161kola zalo\u017een\u00e1 na etnografii s&nbsp;praktickou v\u00fdukou tradi\u010dn\u00edch i modern\u00edch ru\u010dn\u00edch prac\u00ed. Sledujeme vzor popul\u00e1rn\u00edch \u0161kol ve Skandin\u00e1vii.<\/p>\n\n\n\n<p>Prodej zbo\u017e\u00ed lidov\u00e9ho um\u011bn\u00ed se zat\u00edm odehr\u00e1val pouze na v\u00fdstavn\u00edch trz\u00edch, ale nyn\u00ed m\u00e1me v&nbsp;Talinu dva obchody na Star\u00e9m m\u011bst\u011b. Druh\u00fd je p\u0159itom zbrusu nov\u00fd, byl otev\u0159en teprve p\u0159ed dvaceti dny. M\u00e1m velk\u00fd z\u00e1jem o organizaci obchodu i tady v&nbsp;Ma\u010farsku a m\u00e1m pocit, \u017ee se od na\u0161ich koleg\u016f m\u00e1me mnoho co u\u010dit.<\/p>\n\n\n\n<p>Zat\u00edm jsme je\u0161t\u011b nezalo\u017eili vlastn\u00ed periodickou publikaci. Ale m\u00e1me dobr\u00e9 vztahy s&nbsp;n\u011bkter\u00fdmi \u017eensk\u00fdmi a rodinn\u00fdmi \u010dasopisy, kter\u00e9 jsou v\u016f\u010di na\u0161im p\u0159\u00edsp\u011bvk\u016fm vst\u0159\u00edcn\u00e9 a otev\u0159en\u00e9. Z\u00e1jem o na\u0161i unii rovn\u011b\u017e podn\u00edtilo vys\u00edl\u00e1n\u00ed estonsk\u00e9 televize a r\u00e1dia.<\/p>\n\n\n\n<p>Tak\u017ee jsme vyv\u00edjej\u00edc\u00ed se organizace v&nbsp;rozvojov\u00e9 zemi, kter\u00e1 se sna\u017e\u00ed nal\u00e9zt si vlastn\u00ed cestu a bojuje o p\u0159e\u017eit\u00ed.<\/p>\n\n\n\n<p>Koment\u00e1\u0159 k&nbsp;estonsk\u00e9mu lidov\u00e9mu um\u011bn\u00ed prezentovan\u00fd b\u011bhem p\u0159edn\u00e1\u0161ky:<\/p>\n\n\n\n<ol class=\"wp-block-list\"><li>Textilie. V&nbsp;estonsk\u00e9m lidov\u00e9m textiln\u00edm um\u011bn\u00ed byla v\u017edy pestrost a radost z&nbsp;barev. De\u010dky hotoven\u00e9 na tkalcovsk\u00fdch stroj\u00edch jsou velmi dekorativn\u00ed a p\u0159edev\u0161\u00edm pruhovan\u00e9. V&nbsp;r\u016fzn\u00fdch \u010d\u00e1stech Estonska se pou\u017e\u00edvaj\u00ed r\u016fzn\u00e9 techniky. Do dne\u0161n\u00ed doby jsou velmi popul\u00e1rn\u00ed vy\u0161\u00edvan\u00e9 kv\u011btinov\u00e9 vzory na koberc\u00edch z&nbsp;ostrova Muhu a v\u00fdchodn\u00edho Estonska.<\/li><li>Pleten\u00e9 zbo\u017e\u00ed. Nem\u016f\u017eeme s&nbsp;ur\u010ditost\u00ed \u0159\u00edci, kdy se na\u0161i p\u0159edkov\u00e9 stali mist\u0159i v&nbsp;um\u011bn\u00ed pleten\u00ed, ale pleten\u00e9 zbo\u017e\u00ed se objevilo ji\u017e v&nbsp;n\u00e1lezech ze sedmn\u00e1ct\u00e9ho stolet\u00ed. V&nbsp;estonsk\u00e9m um\u011bn\u00ed jsou obvykl\u00e9 p\u0159edev\u0161\u00edm pleten\u00e9 svetry, svr\u0161ky, pono\u017eky a rukavice. Na\u0161i p\u0159edkov\u00e9 nenosili rukavice pouze k&nbsp;tomu, aby si zah\u0159\u00e1li ruce. Ve starod\u00e1vn\u00e9 dob\u011b v&nbsp;oby\u010dej\u00edch a zvyc\u00edch na\u0161\u00ed kultury hr\u00e1li z&nbsp;objekt\u016f lidov\u00e9ho um\u011bn\u00ed snad nejv\u011bt\u0161\u00ed roli. Lid\u00e9 v\u011b\u0159ili, \u017ee rukavice sv\u00e9ho majitele ochr\u00e1n\u00ed od zl\u00fdch lid\u00ed a v\u0161ech druh\u016f ne\u0161t\u011bst\u00ed. Rovn\u011b\u017e byly d\u016fle\u017eitou sou\u010d\u00e1st\u00ed n\u00e1mluv a svatebn\u00edch ceremoni\u00ed. A tento respekt k&nbsp;rukavic\u00edm se zachoval a\u017e dodnes. Zvl\u00e1\u0161tn\u00ed skupinu estonsk\u00e9ho pleten\u00e9ho zbo\u017e\u00ed tvo\u0159\u00ed vln\u011bn\u00e9 \u0161\u00e1ly z&nbsp;p\u0159\u00edmo\u0159sk\u00e9ho letoviska Haapsalu, zn\u00e1m\u00e9 po cel\u00e9 republice jako haapsalsk\u00e9 \u0161\u00e1ly. Jsou velmi vzdu\u0161n\u00e9 a jemn\u00e9, tak\u017ee \u0161\u00e1la obvykl\u00e9 velikosti se d\u00e1 prot\u00e1hnout oby\u010dejn\u00fdm svatebn\u00edm prstenem.<\/li><li>N\u00e1rodn\u00ed kroje. Estonsk\u00e9 n\u00e1rodn\u00ed kroje jsou d\u016fle\u017eitou sou\u010d\u00e1st\u00ed na\u0161ich n\u00e1rodn\u00edch slavnost\u00ed a motivy n\u00e1rodn\u00edch kroj\u016f se \u010dasto u\u017e\u00edvaj\u00ed v&nbsp;ka\u017edodenn\u00edm obl\u00e9k\u00e1n\u00ed. Ale jako b\u011b\u017en\u00e9 oble\u010den\u00ed se n\u00e1rodn\u00ed kroje nepou\u017e\u00edvaj\u00ed tak\u0159ka v\u016fbec. Jedin\u00fdm p\u0159\u00edkladem je mal\u00fd ostrov Kihnu.<\/li><\/ol>\n\n\n\n<p>Krom\u011b t\u011bchto p\u0159\u00edklad\u016f modern\u00edho um\u011bn\u00ed ru\u010dn\u00edch \u0159emesel zalo\u017een\u00fdch na tradic\u00edch lidov\u00e9 kultury, kter\u00e9 jste mohli vid\u011bt na sn\u00edmc\u00edch, je hodn\u011b roz\u0161\u00ed\u0159en\u00e1 tak\u00e9 pr\u00e1ce se d\u0159evem, kov\u00e1\u0159stv\u00ed a dal\u0161\u00ed pr\u00e1ce s&nbsp;kovy, a to p\u0159edev\u0161\u00edm u mu\u017e\u016f, stejn\u011b jako mezi mu\u017ei i \u017eenami popul\u00e1rn\u00ed keramika a pr\u00e1ce s&nbsp;k\u016f\u017eemi. Nyn\u00ed bych r\u00e1d v\u011bnoval pozornost kompozic\u00edm vytvo\u0159en\u00fdm Aino Pajupuu. Ta ji\u017e od roku 1978 popularizuje estonsk\u00e9 etnografick\u00e9 dekorace pokoj\u016f a m\u00e1 unik\u00e1tn\u00ed \u0161kolu kv\u011btinov\u00fdch dekorac\u00ed. Autor\u010din\u00fdm z\u00e1m\u011brem je vytvo\u0159it celou kompozici z&nbsp;rostlin jednoho a t\u00e9\u017e druhu.<\/p>\n\n\n\n<p>Mimo ru\u010dn\u00edch \u0159emesel zalo\u017een\u00fdch na n\u00e1rodn\u00edch tradic\u00edch pova\u017euje na\u0161e unie za d\u016fle\u017eit\u00e9 slavit v\u00fdznamn\u00e9 dny estonsk\u00e9ho lidov\u00e9ho kalend\u00e1\u0159e. \u010cerven\u011b zna\u010den\u00e9 dny estonsk\u00e9ho lidov\u00e9ho kalend\u00e1\u0159e ji\u017e tradi\u010dn\u011b ozna\u010duj\u00ed konec periody ur\u010dit\u00e9ho typu pr\u00e1ce a znamenaj\u00ed p\u00e1r dn\u00ed volna p\u0159ed dal\u0161\u00ed periodou pr\u00e1ce na poli \u010di v&nbsp;lese. Nejd\u016fle\u017eit\u011bj\u0161\u00edmi z&nbsp;nich jsou p\u0159itom sv\u00e1tky uprost\u0159ed l\u00e9ta a uprost\u0159ed zimy &#8211; V\u00e1noce a Jaanp\u00e4ev (Svatoj\u00e1nsk\u00fd den). Tento den se slav\u00ed jako sv\u00e1tek letn\u00edho slunovratu. Je to nejdel\u0161\u00ed den a nejkrat\u0161\u00ed noci Estonsku, kde jdou ruku v&nbsp;ruce p\u016flnoc a sv\u00edt\u00e1n\u00ed. Nap\u0159\u00ed\u010d cel\u00fdm Estonskem lze sledovat spoustu velk\u00fdch \u010di mal\u00fdch oh\u0148\u016f, kolem nich\u017e se shroma\u017e\u010fuj\u00ed lid\u00e9, aby oslavili nejkrat\u0161\u00ed noc roku.<\/p>\n\n\n\n<p>Bereme jako samoz\u0159ejmost, \u017ee n\u00e1rodn\u00ed ru\u010dn\u00ed pr\u00e1ce, lidov\u00e9 p\u00edsn\u011b a tance vystupuj\u00ed jako jednotn\u00fd celek. V&nbsp;pobaltsk\u00fdch st\u00e1tech to lze nejv\u00edce poznat b\u011bhem folklorn\u00edch festival\u016f &#8222;Baltica&#8220;. Dal\u0161\u00ed festival se bude konat p\u0159\u00ed\u0161t\u00ed rok v&nbsp;Talinu a na\u0161e unie zam\u00fd\u0161l\u00ed prezentaci nov\u00e9 v\u00fdstavy n\u00e1rodn\u00edch ru\u010dn\u00edch prac\u00ed, kter\u00e1 bude zahrnovat v\u0161echny hlavn\u00ed typy ru\u010dn\u00edho \u0159emesla.<\/p>\n\n\n\n<p>Folklorn\u00ed festivaly jsou schopny zas\u00e1hnout du\u0161i a mysl ka\u017ed\u00e9ho Estonce, a p\u0159edpokl\u00e1d\u00e1m, \u017ee je tomu tak v\u0161ude, a \u017ee festivaly n\u00e1rodn\u00edch p\u00edsn\u00ed jsou pro Estonce od roku 1869 silou sdru\u017euj\u00edc\u00ed cel\u00fd n\u00e1rod. Proto naz\u00fdv\u00e1me revoluci osvobozen\u00ed od sov\u011btsk\u00e9 okupace &#8222;zp\u00edvaj\u00edc\u00ed revoluc\u00ed&#8220;. R\u00e1d bych sv\u00e9 vystoupen\u00ed zakon\u010dil videoklipem z&nbsp;festivalu p\u00edsn\u00ed z&nbsp;roku 1990, kde m\u016f\u017eete sledovat barevn\u00fd pr\u016fvod na\u0161ich n\u00e1dhern\u00fdch n\u00e1rodn\u00edch kroj\u016f. Na festivalech p\u00edsn\u00ed vystupuje obrovsk\u00fd ch\u00f3r dvaceti tis\u00edc zp\u011bv\u00e1k\u016f a setk\u00e1v\u00e1 se tu um\u011bn\u00ed textiln\u00ed ale i \u0161perka\u0159sk\u00e9. Na festivalech se obvykle setk\u00e1 ohromn\u00fd dav, \u010dasto v\u00edce ne\u017e dv\u011b st\u011b tis\u00edc lid\u00ed na m\u00edst\u011b, co\u017e znamen\u00e1, \u017ee je p\u0159\u00edtomen asi ka\u017ed\u00e9 p\u00e1t\u00fd Estonec.<\/p>\n\n\n\n<h2 class=\"wp-block-heading\">Estonsk\u00e1 unie ru\u010dn\u00edch prac\u00ed<\/h2>\n\n\n\n<p>Perspektivn\u00ed projekty<\/p>\n\n\n\n<ol class=\"wp-block-list\"><li>Popul\u00e1rn\u00ed \u0161kola: r\u016fzn\u00e9 kurzy trvaj\u00edc\u00ed od dvou t\u00fddn\u016f do \u0161esti m\u011bs\u00edc\u016f. z\u00e1kladn\u00ed p\u0159edm\u011bty &#8211; estonsk\u00e1 n\u00e1rodn\u00ed kultura a etnografie praktick\u00e1 \u0161koln\u00ed v\u00fduka praktick\u00e1 v\u00fduka od zru\u010dn\u00fdch \u0159emesln\u00edk\u016f p\u0159\u00edmo na m\u00edst\u011b Centrum ru\u010dn\u00edch prac\u00ed na \u0161kole- poradensk\u00e1 \u010dinnost ur\u010den\u00e1 z\u00e1jemc\u016fm o n\u00e1rodn\u00ed um\u011bn\u00ed ru\u010dn\u00edho \u0159emeslnictv\u00ed a permanentn\u00ed exhibice nejlep\u0161\u00edch exempl\u00e1\u0159\u016f estonsk\u00e9ho lidov\u00e9ho um\u011bn\u00ed.<\/li><li>Datab\u00e1ze: soubor dat ohledn\u011b \u0159emesln\u00edk\u016f r\u016fzn\u00fdch typ\u016f \u0159emesel s&nbsp;fotografiemi sv\u00fdch prac\u00ed.<\/li><li>Elaborace vzork\u016f suven\u00fdr\u016f p\u0159edstavuj\u00edc\u00ed Estonsko ve sv\u011bt\u011b prost\u0159ednictv\u00edm spolupr\u00e1ce etnograf\u016f a \u0159emesln\u00edk\u016f.<\/li><\/ol>\n\n\n\n<p>D\u016fle\u017eit\u00e9 informace:<\/p>\n\n\n\n<ol class=\"wp-block-list\"><li>Jm\u00e9no spole\u010dnosti: Eesti Kodut\u00f6\u00f6stuse Endendamise Keskselts Estonian Handicraft Union<\/li><li>Adresa: Raua 4-17j, Tallinn, EE0001<\/li><li>Telefon a fax: (372 2) 423 692, Fax: (172 2) 442 296<\/li><li>Kontaktn\u00ed osoba: Liivi Soova<\/li><li>C\u00edl organizace: Neziskov\u00e1 organizace, kter\u00e1 podporuje estonsk\u00e9 tradi\u010dn\u00ed a modern\u00ed ru\u010dn\u00ed \u0159emesla. Spojuje etnografy a sociology s&nbsp;\u0159emesln\u00edky.<\/li><li>Struktura organizace: na n\u00e1rodn\u00ed \u00farovni: p\u0159edstavenstvo unie, na region\u00e1ln\u00ed \u00farovni: lok\u00e1ln\u00ed organizace. P\u0159idru\u017een\u00ed \u010dlenov\u00e9: um\u011bleck\u00e1 studia, \u0159emeslnick\u00e9 spole\u010dnosti.<\/li><li>Obchody: 2 obchody v&nbsp;Talinu<\/li><li>Centrum pro vzd\u011bl\u00e1v\u00e1n\u00ed: v\u00fdukov\u00e9 kurzy v&nbsp;oboru \u0159emesel a um\u011bn\u00ed<\/li><li>Publikace: Zvl\u00e1\u0161tn\u00ed str\u00e1nky v&nbsp;\u010dasopisech &#8222;Maakodu&#8220; (Domov na venkov\u011b) a &#8222;Kodukiri&#8220; (Magaz\u00edn Domov)<\/li><li>P\u0159ijat\u00e1 vl\u00e1dn\u00ed podpora: ojedin\u011bl\u00e9 granty<\/li><\/ol>\n","protected":false},"excerpt":{"rendered":"<p>Estonsk\u00e1 unie ru\u010dn\u00edch prac\u00ed Je mou velkou ct\u00ed V\u00e1m p\u0159edat v\u0159el\u00e9 pozdravy od Estonsk\u00e9 unie ru\u010dn\u00edch prac\u00ed v\u0161em \u010dlen\u016fm Kongresu. Ze v\u0161eho nejd\u0159\u00edve bych r\u00e1d &hellip; <\/p>\n","protected":false},"author":1,"featured_media":0,"parent":18,"menu_order":0,"comment_status":"closed","ping_status":"closed","template":"","meta":{"footnotes":""},"class_list":["post-81","page","type-page","status-publish","hentry"],"_links":{"self":[{"href":"https:\/\/lidovaremesla.cz\/web\/wp-json\/wp\/v2\/pages\/81","targetHints":{"allow":["GET"]}}],"collection":[{"href":"https:\/\/lidovaremesla.cz\/web\/wp-json\/wp\/v2\/pages"}],"about":[{"href":"https:\/\/lidovaremesla.cz\/web\/wp-json\/wp\/v2\/types\/page"}],"author":[{"embeddable":true,"href":"https:\/\/lidovaremesla.cz\/web\/wp-json\/wp\/v2\/users\/1"}],"replies":[{"embeddable":true,"href":"https:\/\/lidovaremesla.cz\/web\/wp-json\/wp\/v2\/comments?post=81"}],"version-history":[{"count":1,"href":"https:\/\/lidovaremesla.cz\/web\/wp-json\/wp\/v2\/pages\/81\/revisions"}],"predecessor-version":[{"id":82,"href":"https:\/\/lidovaremesla.cz\/web\/wp-json\/wp\/v2\/pages\/81\/revisions\/82"}],"up":[{"embeddable":true,"href":"https:\/\/lidovaremesla.cz\/web\/wp-json\/wp\/v2\/pages\/18"}],"wp:attachment":[{"href":"https:\/\/lidovaremesla.cz\/web\/wp-json\/wp\/v2\/media?parent=81"}],"curies":[{"name":"wp","href":"https:\/\/api.w.org\/{rel}","templated":true}]}}