{"id":89,"date":"2021-04-13T09:06:25","date_gmt":"2021-04-13T07:06:25","guid":{"rendered":"https:\/\/lidovaremesla.cz\/web\/?page_id=89"},"modified":"2021-04-13T09:06:25","modified_gmt":"2021-04-13T07:06:25","slug":"finsko-adresar","status":"publish","type":"page","link":"https:\/\/lidovaremesla.cz\/web\/evropska-federace-remesel\/finsko-adresar\/","title":{"rendered":"Finsko adres\u00e1\u0159"},"content":{"rendered":"\n<figure class=\"wp-block-image\"><img decoding=\"async\" src=\"https:\/\/www.lidovaremesla.cz\/images\/Finland.gif\" alt=\"Finsko\"\/><\/figure>\n\n\n\n<p>Finsk\u00e1 organizace lidov\u00fdch \u0159emesel Taito byla zalo\u017eena roku 1913 a je n\u00e1rodn\u00ed dvojjazy\u010dnou organizac\u00ed \u0159emesel a um\u011bn\u00ed, kter\u00e1 sdru\u017euje 22 region\u00e1ln\u00edch um\u011bleck\u00fdch a \u0159emeslnick\u00fdch asociac\u00ed, 20 obchod\u016f, 14 center \u0159emesel a um\u011bn\u00ed a 150 ryze \u0159emeslnick\u00fdch center. Organizace zam\u011bstn\u00e1v\u00e1 300 profesion\u00e1l\u016f a expert\u016f, kte\u0159\u00ed se uplat\u0148uj\u00ed na poli p\u00e9\u010de o \u0159emesla. Obchodn\u00ed my\u0161lenkou je propagace finsk\u00fdch dovednost\u00ed v&nbsp;oblasti \u0159emesel a lidov\u00e9ho um\u011bn\u00ed, propagace kultury, schopnost\u00ed a v&nbsp;neposledn\u00ed \u0159ad\u011b mo\u017enost\u00ed podnik\u00e1n\u00ed. Hlavn\u00edmi slu\u017ebami jsou v\u00fduka, marketing a poskytov\u00e1n\u00ed informac\u00ed.<\/p>\n\n\n\n<p>D\u00e1le tato str\u00e1nka obsahuje adresu, telefon, fax, e-mail a adresu ofici\u00e1ln\u00edch str\u00e1nek Finsk\u00e9 organizace \u0159emesel Taito.<\/p>\n\n\n\n<figure class=\"wp-block-table\"><table><tbody><tr><th>adresa:<\/th><td>K\u00e4SI &#8211; Ja TaIDETEOLLISUUSLIITTO TaITOKalevankatu 6100180 HelsinkiFinland<\/td><\/tr><tr><th>Telefon:<\/th><td>+358 9 7519 1900<\/td><\/tr><tr><th>Fax:<\/th><td>+358 9 7519 1950<\/td><\/tr><tr><th>Email:<\/th><td><a href=\"mailto:ktl@ktl-taito.fi\">ktl@ktl-taito.fi<\/a><\/td><\/tr><tr><th>WWW:<\/th><td><a href=\"http:\/\/www.suomentaitoverkko.fi\/\" target=\"_blank\" rel=\"noreferrer noopener\">www.suomentaitoverkko.fi<\/a><\/td><\/tr><\/tbody><\/table><\/figure>\n\n\n\n<p>Na spodn\u00ed \u010d\u00e1sti str\u00e1nky je rovn\u011b\u017e uveden seznam r\u016fzn\u00fdch finsk\u00fdch asociac\u00ed \u0159emesel a lidov\u00e9ho um\u011bn\u00ed.<\/p>\n\n\n\n<h2 class=\"wp-block-heading\">Ofici\u00e1ln\u00ed str\u00e1nky Finsk\u00e9 organizace \u0159emesel Taito<\/h2>\n\n\n\n<p>adresa t\u011bchto str\u00e1nek je&nbsp;<a href=\"http:\/\/www.suomentaitoverkko.fi\/\" target=\"_blank\" rel=\"noreferrer noopener\">www.suomentaitoverkko.fi<\/a>. Finsk\u00e9 str\u00e1nky m\u00e1me mo\u017enost proch\u00e1zet dokonce ve t\u0159ech jazyc\u00edch &#8211; fin\u0161tin\u011b, \u0161v\u00e9d\u0161tin\u011b a angli\u010dtin\u011b. Najdeme tu p\u011bt odkaz\u016f:Um\u011ble\u010dt\u00ed \u0159emesln\u00edciNa t\u00e9to str\u00e1nce je formul\u00e1\u0159, pomoc\u00ed kter\u00e9ho m\u016f\u017eeme vyhled\u00e1vat produkty a slu\u017eby v&nbsp;oblasti um\u011bn\u00ed a \u0159emesel. Ve formul\u00e1\u0159i n\u00e1v\u0161t\u011bvn\u00edci str\u00e1nek mohou zad\u00e1vat obchody, \u0159emesln\u00edky, experty, po\u017eadovan\u00e9 slu\u017eby, oblast, produkty, materi\u00e1ly, z&nbsp;nich\u017e maj\u00ed b\u00fdt p\u0159edm\u011bty jejich z\u00e1jmu zhotoveny \u010di techniky jejich v\u00fdroby. Samoz\u0159ejm\u011b lze vyhled\u00e1vat i bez takov\u00fdchto konkr\u00e9tn\u00edch informac\u00ed pouze zad\u00e1n\u00edm hesla do full-textov\u00e9ho vyhled\u00e1v\u00e1n\u00ed.ProduktyNa t\u00e9to str\u00e1nce je fotka a odkaz na bli\u017e\u0161\u00ed informace ohledn\u011b v\u00fdrobku m\u011bs\u00edce. D\u00e1le je tu n\u00e1sleduj\u00edc\u00ed seznam aktivn\u00edch hesel: sv\u00ed\u010dky, pohlednice a dal\u0161\u00ed tiskoviny, oble\u010den\u00ed a jeho dopl\u0148ky, p\u0159\u00edbory, n\u00e1bytek, p\u0159edm\u011bty k&nbsp;dekoraci interi\u00e9r\u016f, \u0161perky, lampy, materi\u00e1ly, hudebn\u00ed n\u00e1stroje, n\u00e1rodn\u00ed kroje, dal\u0161\u00ed v\u00fdrobky, v\u00fdrobky k&nbsp;venkovn\u00edmu pou\u017eit\u00ed\/pou\u017eit\u00ed na lodi, malby, koberce a roho\u017ee, v\u00fdrobky do sauny, prost\u00edr\u00e1n\u00ed, n\u00e1dob\u00ed, n\u00e1\u0159ad\u00ed, hra\u010dky, jedine\u010dn\u00e9 produkty.Slu\u017eby craftnetuCraftnet je speci\u00e1ln\u00ed s\u00ed\u0165, na n\u00ed\u017e najdeme informace a reklamy r\u016fzn\u00fdch p\u0159edm\u011bt\u016f lidov\u00e9 um\u011bleck\u00e9 v\u00fdroby. Na t\u00e9to str\u00e1nce nalezneme je\u0161t\u011b dva pododkazy &#8211; Popis slu\u017eeb a Kontakt. Popis slu\u017eeb &#8211; Craftnet nab\u00edz\u00ed inzer\u010dn\u00ed slu\u017eby (p\u0159\u00edstupn\u00e9 pouze pro spole\u010dnosti se s\u00eddlem ve Finsku). Uv\u00e1d\u00ed ceny a mo\u017enosti inzer\u00e1t\u016f (velikost obr\u00e1zku, rozsah textu, uveden\u00ed odkazu a kontakt, apod.), d\u00e1le pak v\u00fdhody \u010dlenstv\u00ed.KontaktTaina Tervonen, the Finnish Crafts Organization, e-mail&nbsp;<a href=\"mailto:info@suomentaitoverkko.fi\">info@suomentaitoverkko.fi<\/a>&nbsp;, tel. +358 9 7519 1929Bulletin \u010dlen\u016fStr\u00e1nka uv\u00e1d\u00ed vybran\u00fd v\u00fdrobek m\u011bs\u00edce a jeho v\u00fdrobce se stru\u010dn\u00fdm \u010dl\u00e1nkem a fotkami a seznam odkaz\u016f na nejzn\u00e1m\u011bj\u0161\u00ed finsk\u00e9 um\u011bleck\u00e9 \u0159emesln\u00edky.NovinkyTady najdeme \u0161ablonu, do kter\u00e9 zad\u00e1me oblast, t\u00e9ma \u010di obdob\u00ed, kter\u00e9 n\u00e1s zaj\u00edm\u00e1.<\/p>\n","protected":false},"excerpt":{"rendered":"<p>Finsk\u00e1 organizace lidov\u00fdch \u0159emesel Taito byla zalo\u017eena roku 1913 a je n\u00e1rodn\u00ed dvojjazy\u010dnou organizac\u00ed \u0159emesel a um\u011bn\u00ed, kter\u00e1 sdru\u017euje 22 region\u00e1ln\u00edch um\u011bleck\u00fdch a \u0159emeslnick\u00fdch asociac\u00ed, &hellip; <\/p>\n","protected":false},"author":1,"featured_media":0,"parent":18,"menu_order":0,"comment_status":"closed","ping_status":"closed","template":"","meta":{"footnotes":""},"class_list":["post-89","page","type-page","status-publish","hentry"],"_links":{"self":[{"href":"https:\/\/lidovaremesla.cz\/web\/wp-json\/wp\/v2\/pages\/89","targetHints":{"allow":["GET"]}}],"collection":[{"href":"https:\/\/lidovaremesla.cz\/web\/wp-json\/wp\/v2\/pages"}],"about":[{"href":"https:\/\/lidovaremesla.cz\/web\/wp-json\/wp\/v2\/types\/page"}],"author":[{"embeddable":true,"href":"https:\/\/lidovaremesla.cz\/web\/wp-json\/wp\/v2\/users\/1"}],"replies":[{"embeddable":true,"href":"https:\/\/lidovaremesla.cz\/web\/wp-json\/wp\/v2\/comments?post=89"}],"version-history":[{"count":1,"href":"https:\/\/lidovaremesla.cz\/web\/wp-json\/wp\/v2\/pages\/89\/revisions"}],"predecessor-version":[{"id":90,"href":"https:\/\/lidovaremesla.cz\/web\/wp-json\/wp\/v2\/pages\/89\/revisions\/90"}],"up":[{"embeddable":true,"href":"https:\/\/lidovaremesla.cz\/web\/wp-json\/wp\/v2\/pages\/18"}],"wp:attachment":[{"href":"https:\/\/lidovaremesla.cz\/web\/wp-json\/wp\/v2\/media?parent=89"}],"curies":[{"name":"wp","href":"https:\/\/api.w.org\/{rel}","templated":true}]}}