{"id":91,"date":"2021-04-13T09:06:59","date_gmt":"2021-04-13T07:06:59","guid":{"rendered":"https:\/\/lidovaremesla.cz\/web\/?page_id=91"},"modified":"2021-04-13T09:06:59","modified_gmt":"2021-04-13T07:06:59","slug":"italie-historie","status":"publish","type":"page","link":"https:\/\/lidovaremesla.cz\/web\/evropska-federace-remesel\/italie-historie\/","title":{"rendered":"It\u00e1lie &#8211; historie"},"content":{"rendered":"\n<figure class=\"wp-block-image\"><img decoding=\"async\" src=\"https:\/\/www.lidovaremesla.cz\/images\/Italy.gif\" alt=\"It\u00e1lie\"\/><\/figure>\n\n\n\n<h2 class=\"wp-block-heading\">Evropsk\u00e1 federace lidov\u00fdch um\u011bn\u00ed a \u0159emesel<\/h2>\n\n\n\n<p>Pokud se na str\u00e1nk\u00e1ch Federace&nbsp;<a href=\"http:\/\/www.folkartandcraft.net\/\">www.folkartandcraft.net<\/a>&nbsp;chceme dozv\u011bd\u011bt n\u011bjak\u00e9 bli\u017e\u0161\u00ed informace o organizaci lidov\u00e9ho um\u011bn\u00ed a \u0159emeslnictv\u00ed v&nbsp;It\u00e1lii &#8211; Sardegna Villanuova, m\u00e1me sm\u016flu, proto\u017ee str\u00e1nky jsou je\u0161t\u011b ve v\u00fdvoji, tak\u017ee o n\u00ed nem\u00e1me ani z\u00e1kladn\u00ed \u00fadaje jako kontakt, adresu www \u010di telefon.<\/p>\n\n\n\n<h2 class=\"wp-block-heading\">Ofici\u00e1ln\u00ed str\u00e1nky Sardegna Villanuova<\/h2>\n\n\n\n<p>Ofici\u00e1ln\u00ed str\u00e1nky I.S.O.L.A. (Istituto Sardo Oraganizzazione Lavoro Artigiano) jsou \u0161patn\u011b dostupn\u00e9. Zad\u00e1n\u00edm Sardegna Villanuova do vyhled\u00e1va\u010de vcelku nic d\u016fle\u017eit\u00e9ho nezjist\u00edme a p\u0159es nedokon\u010den\u00e9 str\u00e1nky Federace se tak\u00e9 nikam nedostaneme. Nejsch\u016fdn\u011bj\u0161\u00ed cesta vede p\u0159es str\u00e1nky slovensk\u00e9, kde pod odkazem Medzin\u00e1rodn\u00e9 organiz\u00e1cie najdeme aktivn\u00ed odkaz Sardinie\/It\u00e1lie, po jeho\u017e ozna\u010den\u00ed se dostaneme pr\u00e1v\u011b na str\u00e1nky I.S.O.L.A. Z\u00e1kladn\u00ed str\u00e1nky jsou dv\u011b &#8211; domovsk\u00e1 obsahuje \u00favodn\u00ed slogan a aktivn\u00ed vlajky jin\u00fdch zem\u00ed, jejich\u017e ozna\u010den\u00edm si vyb\u00edr\u00e1me jazyk. Na druh\u00e9 str\u00e1nce nach\u00e1z\u00edme n\u011bkolik odkaz\u016f: keramika, pleten\u00ed, d\u0159evo, vypl\u00e9t\u00e1n\u00ed ko\u0161\u016f, kovy, \u0161perky. Pokud na n\u011b klikneme, dostaneme se k&nbsp;bli\u017e\u0161\u00edm informac\u00edm.<\/p>\n\n\n\n<p>Rovn\u011b\u017e je zde uveden kontakt:<\/p>\n\n\n\n<figure class=\"wp-block-table\"><table><tbody><tr><th>Adresa:<\/th><td>I.S.O.L.A.Via Bacaredda184 Cagliari<\/td><\/tr><tr><th>Telefon:<\/th><td>070&nbsp;404&nbsp;791<\/td><\/tr><tr><th>Email:<\/th><td><a href=\"mailto:ISOLA@regione.sardegna.it\">ISOLA@regione.sardegna.it<\/a><\/td><\/tr><tr><th>WWW:<\/th><td><a href=\"http:\/\/www.regione.sardegna.it\/isola\/inglese\/home.html\" target=\"_blank\" rel=\"noreferrer noopener\">http:\/\/www.regione.sardegna.it\/isola\/inglese\/home.html<\/a><\/td><\/tr><\/tbody><\/table><\/figure>\n\n\n\n<h2 class=\"wp-block-heading\">Iniciativy I.S.O.L.A na podporu \u0159emesel na sardinii<\/h2>\n\n\n\n<p>Projekty sm\u011b\u0159uj\u00edc\u00ed k&nbsp;asistenci produkce a distribuce ohro\u017een\u00fdch um\u011bleck\u00fdch v\u00fdrobk\u016f<\/p>\n\n\n\n<p>L.I.S.O.L.A &#8211; Sardinsk\u00fd institut pro Organizaci um\u011bleck\u00fdch \u0159emesel &#8211; je sdru\u017een\u00ed, kter\u00e9 vytvo\u0159ily region\u00e1ln\u00ed sardinsk\u00e9 autority, aby propagovaly a asistovaly technick\u00e9mu, um\u011bleck\u00e9mu a komer\u010dn\u00edmu v\u00fdvoji sardinsk\u00fdch um\u011bleck\u00fdch \u0159emesel.<\/p>\n\n\n\n<p>P\u0159i sledov\u00e1n\u00ed t\u011bchto c\u00edl\u016f I.S.O.L.A organizuje v\u00fdukov\u00e9 kurzy, formuje \u010detn\u00e9 um\u011bleck\u00e9 spolupr\u00e1ce, organizuje prezentaci sardinsk\u00fdch v\u00fdrobk\u016f na n\u00e1rodn\u00edch i mezin\u00e1rodn\u00edch p\u0159ehl\u00eddk\u00e1ch a trz\u00edch a tiskne a distribuuje katalogy, kter\u00e9 napom\u00e1haj\u00ed reklam\u011b v\u00fdznamn\u011bj\u0161\u00edho zbo\u017e\u00ed.<\/p>\n\n\n\n<p>Aby p\u0159isp\u011bla ke konsolidaci organizovan\u00e9 struktury pro um\u011bleck\u00e1 \u0159emesla, vytvo\u0159ila I.S.O.L.A. v&nbsp;posledn\u00edch letech \u0159adu tzv. &#8222;pilotn\u00edch center&#8220; v&nbsp;n\u011bkolika okresech, kter\u00e9 maj\u00ed dlouhou tradici um\u011bleck\u00e9ho \u0159emesla. Tato samostatn\u011b operuj\u00edc\u00ed centra funguj\u00ed jako workshopy, \u0161koly a p\u0159ehl\u00eddkov\u00e9 m\u00edstnosti, \u010d\u00edm\u017e v\u00fdznamn\u011b p\u0159isp\u00edvaj\u00ed k&nbsp;roz\u0161i\u0159ov\u00e1n\u00ed sardinsk\u00e9ho popul\u00e1rn\u00edho um\u011bn\u00ed a kultury. I.S.O.L.A. se zaru\u010duje za design a kvalitu v\u0161ech v\u00fdrobk\u016f, jich\u017e se to t\u00fdk\u00e1.<\/p>\n\n\n\n<p>Ekonomick\u00e1 krize posledn\u00edch let a n\u00e1sledn\u00e9 zv\u00fd\u0161en\u00ed dan\u00ed m\u011bla tvrd\u00fd dopad na men\u0161\u00ed venkovsk\u00e1 pr\u016fmyslov\u00e1 odv\u011btv\u00ed, a to obzvl\u00e1\u0161t\u011b ta zab\u00fdvaj\u00edc\u00ed se um\u011bleck\u00fdmi \u0159emesln\u00fdmi produkty.<\/p>\n\n\n\n<p>Nejrizikov\u011bj\u0161\u00ed oblasti jsou ty, jejich\u017e dom\u00e9nou jsou tkan\u00e9 v\u00fdrobky, vypl\u00e9t\u00e1n\u00ed ko\u0161\u016f a vy\u0161\u00edv\u00e1n\u00ed.<\/p>\n\n\n\n<p>Pole tradi\u010dn\u00edho tkan\u00ed p\u0159edstavuje nejroz\u0161\u00ed\u0159en\u011bj\u0161\u00ed um\u011bleck\u00fd koncern na Sardinii a zam\u011bstn\u00e1v\u00e1 324 lid\u00ed, z&nbsp;\u010deho\u017e 90 % tvo\u0159\u00ed \u017eeny: tito lid\u00e9 svou pr\u00e1ci vykon\u00e1vaj\u00ed p\u0159ibli\u017en\u011b v 90 workshopech.<\/p>\n\n\n\n<p>Tato rizikov\u00e1 situace nen\u00ed zp\u016fsobena jen v\u0161eobecnou kriz\u00ed, ale tak\u00e9 konkurenc\u00ed z&nbsp;dal\u0161\u00edch evropsk\u00fdch zem\u00ed, kter\u00e9 na trhu nab\u00edz\u00ed podobn\u00e9 zbo\u017e\u00ed, kter\u00e9 m\u00e1 \u010dasto \u0161patnou kvalitu, ale zato extr\u00e9mn\u011b n\u00edzkou cenu.<\/p>\n\n\n\n<p>Na z\u00e1klad\u011b c\u00edl\u016f I.S.O.L.A. formulovan\u00fdch v&nbsp;jej\u00edch Stanov\u00e1ch a obzvl\u00e1\u0161t\u011b, i kdy\u017e ne zcela v\u00fdhradn\u011b, pro&nbsp;oblasti, v&nbsp;nich\u017e I.S.O.L.A. p\u016fsob\u00ed \u0159adu let, a to konkr\u00e9tn\u011b asistence produkce a s&nbsp;n\u00edm \u00fazce spojen\u00e9 pole marketingov\u00e9 asistence lze nast\u00ednit jej\u00ed program pro rok 1994 n\u00e1sledovn\u011b:<\/p>\n\n\n\n<h2 class=\"wp-block-heading\">Asistence produkce<\/h2>\n\n\n\n<p>Tento z\u00e1sadn\u00ed \u00fakol je jedn\u00edm z&nbsp;hlavn\u00edch c\u00edl\u016f I.S.O.L.A. a orientuje se jak na kolegy spolupracuj\u00edc\u00ed v&nbsp;pilotn\u00edch centrech, tak na jednotliv\u00e9 \u0159emesln\u00edky, jejich skupiny a spolupracovn\u00edky, kte\u0159\u00ed pracuj\u00ed samostatn\u011b.<\/p>\n\n\n\n<p>Doposud byla pilotn\u00ed centra sv\u011b\u0159ena venkovsk\u00fdm v\u00fdrobc\u016fm, kte\u0159\u00ed operuj\u00ed na stejn\u00e9m poli. I.S.O.L.A. m\u00e1 na starost \u00fadr\u017ebu budov a nakupuje a obnovuje za\u0159\u00edzen\u00ed a n\u00e1bytek. V&nbsp;sou\u010dasnosti poskytuje I.S.O.L.A. grant ve v\u00fd\u0161i 5 000 000 italsk\u00fdch lir ka\u017ed\u00e9mu centru za \u00fa\u010delem hrazen\u00ed managementu; co\u017e bylo v&nbsp;posledn\u00ed dob\u011b integrov\u00e1no novou formou p\u0159\u00edsp\u011bvku &#8222;ad personam&#8220; zam\u011b\u0159en\u00e9ho na podporu permanentn\u00edho zam\u011bstn\u00e1n\u00ed pracovn\u00edk\u016f a sn\u00ed\u017een\u00ed da\u0148ov\u00e9 z\u00e1t\u011b\u017ee.<\/p>\n\n\n\n<p>Posledn\u011b zm\u00edn\u011bn\u00e9 se odehr\u00e1v\u00e1 v&nbsp;pilotn\u00edch centrech v&nbsp;Atza\u0159e, Bonorv\u011b, Mogoru, Paulilatinu, Sant\u00b4s Antiocu, Sarule a Tona\u0159e, z&nbsp;nich\u017e jsou v\u0161echny zapojeny do tkan\u00ed a v&nbsp;Castelsardu, kde se zam\u011b\u0159uj\u00ed na vypl\u00e9t\u00e1n\u00ed ko\u0161\u016f.<\/p>\n\n\n\n<p>Zaveden\u00edm toho, kter\u00e9 privilegovan\u00e9 struktury jsou p\u0159edn\u00edmi mecen\u00e1\u0161i v\u00fd\u0161e zm\u00edn\u011bn\u00fdch forem asistence produkce, m\u011bli bychom stru\u010dn\u011b nast\u00ednit povahu a prost\u0159edky prov\u00e1d\u011bn\u00ed posledn\u011b zm\u00edn\u011bn\u00e9ho.<\/p>\n\n\n\n<p>Na jedn\u00e9 stran\u011b se I.S.O.L.A. pokou\u0161\u00ed chr\u00e1nit formy tradi\u010dn\u00edho \u0159emesla, kter\u00e9 by jinak nebyly schopny p\u0159e\u017e\u00edt, na druh\u00e9 stran\u011b se sna\u017e\u00ed inovovat v\u00fdrobky t\u00edm, \u017ee za\u010dlen\u00ed sardinsk\u00e9 um\u011blce, a to obzvl\u00e1\u0161\u0165 p\u0159i p\u0159\u00edle\u017eitosti Biennialsk\u00fdch p\u0159ehl\u00eddek a v\u00fdrobn\u00edch experimentech, kter\u00e9, jak se uk\u00e1zalo, maj\u00ed zna\u010dnou tr\u017en\u00ed hodnotu.<\/p>\n\n\n\n<h2 class=\"wp-block-heading\">Projekt Textilie<\/h2>\n\n\n\n<p>Ve v\u00fd\u0161e zm\u00edn\u011bn\u00e9m bylo uvedeno, \u017ee projekt Textilie byl financov\u00e1n; v&nbsp;prvn\u00edch dvou letech z\u00edskal p\u0159\u00edsp\u011bvky z&nbsp;fond\u016f ve v\u00fd\u0161i 800 milion\u016f lir.<\/p>\n\n\n\n<p>Projekt se zam\u011b\u0159uje na obnovu staro\u017eitn\u00fdch z\u00e1v\u011bs\u016f a koberc\u016f, kter\u00e9 pat\u0159\u00ed jak do soukrom\u00fdch, tak ve\u0159ejn\u00fdch sb\u00edrek (F\u00e1ze 1). Sestav\u00ed se v\u00fdkonn\u00e9 pl\u00e1ny a p\u0159edm\u011bty se fotografuj\u00ed a zan\u00e1\u0161ej\u00ed do katalog\u016f, p\u0159ipravuj\u00ed se jednotliv\u00e9 karty do archiv\u016f (F\u00e1ze 2). Vyhledaj\u00ed se produk\u010dn\u00ed centra schopn\u00e1 vykon\u00e1vat po\u017eadovan\u00e9 pr\u00e1ce a p\u0159edm\u011bty se pak reprodukuj\u00ed prost\u0159ednictv\u00edm realizace prototypu a n\u00e1sledn\u00e9ho komer\u010dn\u00edho vzorku, definuje se v\u00fdrobn\u00ed cena (F\u00e1ze 3).<\/p>\n\n\n\n<p>Prvn\u00ed dv\u011b f\u00e1ze prov\u00e1d\u00ed um\u011ble\u010dt\u00ed asistenti I.S.O.L.A. s&nbsp;pomoc\u00ed deseti dr\u017eitel\u016f grant\u016f, kter\u00e9 I.S.O.L.A. nab\u00edz\u00ed b\u00fdval\u00fdm student\u016fm um\u011bleck\u00fdch Institut\u016f a \u0160kol v&nbsp;Sardinii.<\/p>\n\n\n\n<p>F\u00e1ze v\u00fdrobn\u00ed se sv\u011b\u0159uje p\u0159edev\u0161\u00edm spolupracovn\u00edk\u016fm, kte\u0159\u00ed svou \u010dinnost koordinuj\u00ed z&nbsp;pilotn\u00edch center I.S.O.L.A. a \u0159emesln\u00edk\u016fm nebo skupin\u00e1m \u0159emesln\u00edk\u016f, kte\u0159\u00ed disponuj\u00ed jednak pot\u0159ebn\u00fdm talentem a jednak k&nbsp;vykon\u00e1v\u00e1n\u00ed t\u00e9to pr\u00e1ce nezbytn\u00fdm vybaven\u00edm a n\u00e1\u0159ad\u00edm.<\/p>\n\n\n\n<p>Tento projekt je ji\u017e dob\u0159e zaveden\u00fd a o\u010dek\u00e1v\u00e1 se zv\u00fd\u0161en\u00fd z\u00e1jem trhu o tyto vysoce kvalitn\u00ed v\u00fdrobky.<\/p>\n\n\n\n<h2 class=\"wp-block-heading\">Granty I.S.O.L.A.<\/h2>\n\n\n\n<p>Jak u\u017e jsme zm\u00ednili, ud\u011blila I.S.O.L.A. deset ro\u010dn\u00edch grant\u016f mlad\u00fdm absolvent\u016fm sardinsk\u00e9ho Institutu a \u0161kol um\u011bn\u00ed.<\/p>\n\n\n\n<p>Dr\u017eitel\u00e9 grant\u016f budou s&nbsp;projektem spolupracovat a vykon\u00e1vat \u010dinnosti jako pl\u00e1nov\u00e1n\u00ed, katalogizaci a asistenci um\u011bleck\u00e9 v\u00fdroby. Tyto aktivity budou provozovat po cel\u00e9m ostrov\u011b a absolventy budou kontrolovat um\u011ble\u010dt\u00ed asistenti I.S.O.L.A.<\/p>\n\n\n\n<p>V&nbsp;pr\u016fb\u011bhu 12 m\u011bs\u00edc\u016f z\u00edskaj\u00ed absolventi profesn\u00ed zku\u0161enosti od expert\u016f a z&nbsp;kr\u00e1tk\u00fdch semin\u00e1\u0159\u016f, kter\u00e9 se budou organizovat.<\/p>\n\n\n\n<h2 class=\"wp-block-heading\">Technologick\u00e9 inovace<\/h2>\n\n\n\n<p>Pokusy o inovace se nezam\u011b\u0159uj\u00ed v\u00fdhradn\u011b na v\u00fdrobek, ale rovn\u011b\u017e na proces v\u00fdroby tak, aby se sn\u00ed\u017eili n\u00e1klady, samoz\u0159ejm\u011b pouze do omezen\u00e9 m\u00edry.<\/p>\n\n\n\n<p>Po sedmi letech postupn\u00e9 adaptace a experimentov\u00e1n\u00ed s&nbsp;prototypem tkalcovsk\u00e9ho stavu, kter\u00fd si zachov\u00e1val svou um\u011bleckou charakteristiku, p\u0159i\u010dem\u017e se v\u0161ak v\u00fdrazn\u011b zkr\u00e1tila v\u00fdrobn\u00ed doba a p\u0159edev\u0161\u00edm po\u017eadovan\u00e9 fyzick\u00e9 \u00fasil\u00ed se I.S.O.L.A. rozhodla experiment roz\u0161\u00ed\u0159it tak, \u017ee zakoupila prvn\u00ed skupinu deseti tkalcovsk\u00fdch stav\u016f, kter\u00e9 byly speci\u00e1ln\u011b navr\u017een\u00e9 tak, aby se snadno odhalily pozitivn\u00ed i negativn\u00ed aspekty b\u011bhem testov\u00e1n\u00ed, aby se tak zajistila pro pracovn\u00edka maxim\u00e1ln\u00ed bezpe\u010dnost.<\/p>\n\n\n\n<p>Tyto poloautomatick\u00e9 tkalcovsk\u00e9 stavy mohou pou\u017e\u00edvat i handicapovan\u00ed lid\u00e9, \u010d\u00edm\u017e se vytvo\u0159\u00ed nov\u00e9 pracovn\u00ed p\u0159\u00edle\u017eitosti i pro zdravotn\u011b posti\u017een\u00e9.<\/p>\n\n\n\n<p>S&nbsp;v\u00fdrobcem se ji\u017e uzav\u0159ela smlouva na z\u00e1sobov\u00e1n\u00ed nov\u00fdmi tkalcovsk\u00fdmi stavy a uva\u017euje cenu okolo 350 milion\u016f lir. Stavy budou dod\u00e1ny p\u0159ed koncem tohoto roku.<\/p>\n\n\n\n<h2 class=\"wp-block-heading\">V\u00fdukov\u00e9 kurzy<\/h2>\n\n\n\n<p>Do programu I.S.O.L.A. 1993\/94, kter\u00fd I.S.O.L.A. odevzdala region\u00e1ln\u00edm \u00fa\u0159ad\u016fm k&nbsp;financov\u00e1n\u00ed, byly zahrnuty i v\u00fdukov\u00e9 kurzy, kter\u00e9 se p\u0159edev\u0161\u00edm, i kdy\u017e ne zcela v\u00fdhradn\u011b, zab\u00fdvaj\u00ed profesion\u00e1ln\u00edmi aspekty v\u00fdroby.<\/p>\n\n\n\n<p>Program zahrnuje v\u00fdukov\u00e9 kurzy pro nezam\u011bstnan\u00e9, d\u00e1le pak kurzy specializace a zdokonalov\u00e1n\u00ed pro pracovn\u00edky, co\u017e se po obdr\u017een\u00ed v\u00fdsledk\u016f studie I.S.O.L.A. jednotliv\u00fdch vesnick\u00fdch pr\u016fmysl\u016f uk\u00e1zalo b\u00fdt nezbytn\u00e9. Celkov\u00e9 n\u00e1klady by nem\u011bly p\u0159ekro\u010dit 2 biliony lir.<\/p>\n\n\n\n<p>I.S.O.L.A. ji\u017e \u010d\u00e1st v\u00fdukov\u00fdch program\u016f spustila a financovala: zorganizovala kurzy pro st\u0159\u00edbrn\u00edky v&nbsp;Iglesiasu, pro tkalce v&nbsp;Tona\u0159e a kr\u00e1tk\u00fd zdokonalovac\u00ed kurz pro keramiky ze spolupracuj\u00edc\u00ed spole\u010dnosti v&nbsp;Ilbonu.<\/p>\n\n\n\n<p>S&nbsp;ohledem na marketing produkt\u016f bude uspo\u0159\u00e1d\u00e1na i t\u0159et\u00ed skupina kr\u00e1tk\u00fdch kurz\u016f k&nbsp;aktualizaci r\u016fzn\u00fdch aspekt\u016f, s&nbsp;c\u00edlem umo\u017enit \u0159emesln\u00edk\u016fm, aby se stali samostatn\u00fdmi podnikateli.<\/p>\n\n\n\n<p>Za zm\u00ednku taky stoj\u00ed, \u017ee v&nbsp;roce 1994 I.S.O.L.A. zorganizovala v\u00fdukov\u00e9 kurzy ohledn\u011b aktualizace v&nbsp;r\u016fzn\u00fdch aspektech jako regulace a procedury \u010di u\u017e\u00edv\u00e1n\u00ed sofistikovan\u00fdch po\u010d\u00edta\u010dov\u00fdch technologi\u00ed.<\/p>\n\n\n\n<h2 class=\"wp-block-heading\">Studie v\u00fddaj\u016f produkce<\/h2>\n\n\n\n<p>I.S.O.L.A. po\u017e\u00e1dala experta z&nbsp;oboru o p\u0159edlo\u017een\u00ed studie v\u00fddaj\u016f produkce na poli tkan\u00ed, vypl\u00e9t\u00e1n\u00ed ko\u0161\u016f a dal\u0161\u00edch typ\u016f um\u011bleck\u00e9ho \u0159emeslnictv\u00ed.<\/p>\n\n\n\n<p>Studie se bude prov\u00e1d\u011bt v&nbsp;pr\u016fb\u011bhu p\u011bti m\u011bs\u00edc\u016f a \u00favodn\u00ed refer\u00e1t bude p\u0159ednesen po t\u0159ech m\u011bs\u00edc\u00edch od po\u010d\u00e1tku. Studie se bude zab\u00fdvat p\u0159edev\u0161\u00edm t\u0159emi typy<\/p>\n\n\n\n<h2 class=\"wp-block-heading\">P\u0159ehl\u00eddky a trhy<\/h2>\n\n\n\n<p>I.S.O.L.A. um\u011bleck\u00fdm \u0159emesln\u00edk\u016fm poskytuje dal\u0161\u00ed asistenci prost\u0159ednictv\u00edm marketingu jejich produkt\u016f skrz \u00fa\u010dast na rozli\u010dn\u00fdch p\u0159ehl\u00eddk\u00e1ch a trz\u00edch.<\/p>\n\n\n\n<p>Zdokonalov\u00e1n\u00ed a vylep\u0161ov\u00e1n\u00ed \u0159emeslnick\u00fdch technik a vytvo\u0159en\u00ed \u00fasp\u011b\u0161n\u00e9 reklamn\u00ed kampan\u011b umo\u017enilo, aby byly produkty prezentov\u00e1ny ve spr\u00e1vn\u00e9m historick\u00e9m a tradi\u010dn\u00edm kontextu. I.S.O.L.A se nyn\u00ed \u00fa\u010dastn\u00ed specializovan\u011bj\u0161\u00edch akc\u00ed jako nap\u0159. t\u011bch v\u011bnovan\u00fdch ryze prodeji d\u00e1rkov\u00fdch p\u0159edm\u011bt\u016f nebo \u010dist\u011b textiln\u00edmu pr\u016fmyslu nebo, a to je je\u0161t\u011b d\u016fle\u017eit\u011bj\u0161\u00ed, akc\u00ed, na n\u011b\u017e maj\u00ed p\u0159\u00edstup pouze trhovce.<\/p>\n\n\n\n<p>B\u011bhem t\u011bchto akc\u00ed dost\u00e1v\u00e1 I.S.O.L.A. objedn\u00e1vky a n\u00e1sledn\u011b obdr\u017e\u00ed v\u00fdrobky od r\u016fzn\u00fdch \u0159emesln\u00edk\u016f a t\u011bmito pot\u0159ebami z\u00e1sobuje trhovce za velkoobchodn\u00ed cenu. Samoz\u0159ejm\u011b kupec rovn\u011b\u017e hrad\u00ed po\u0161tovn\u00e9 a baln\u00e9.<\/p>\n\n\n\n<p>Na ostatn\u00edch akc\u00edch mohou b\u00fdt vystavovan\u00e9 v\u00fdrobky osobn\u00edm vlastnictv\u00edm jednotliv\u00fdch \u0159emesln\u00edk\u016f a toto zbo\u017e\u00ed pak prod\u00e1vaj\u00ed z\u0159\u00edzenci I.S.O.L.A. p\u0159\u00edmo na st\u00e1nc\u00edch bez jak\u00e9hokoli poplatku majiteli.<\/p>\n\n\n\n<p>A kone\u010dn\u011b se I.S.O.L.A. \u00fa\u010dastn\u00ed dal\u0161\u00edch p\u0159ehl\u00eddek kulturn\u00ed nebo reklamn\u00ed povahy, kter\u00e9 jsou organizov\u00e1ny bu\u010f intern\u011b nebo ve spolupr\u00e1ci s&nbsp;dal\u0161\u00edmi institucemi. V&nbsp;sou\u010dasnosti jsou tyto aktivity spojeny s&nbsp;komer\u010dn\u00edmi iniciativami.<\/p>\n\n\n\n<p>O\u010dividn\u011b je \u00fa\u010delem v\u00fd\u0161e zm\u00edn\u011bn\u00fdch aktivit postupn\u011b umo\u017enit \u0159emesln\u00edk\u016fm, aby se takov\u00fdchto akc\u00ed \u00fa\u010dastnili a tak p\u0159\u00edmo prov\u00e1d\u011bli marketing sv\u00fdch vlastn\u00edch produkt\u016f.<\/p>\n\n\n\n<h2 class=\"wp-block-heading\">P\u0159\u00edm\u00fd prodej<\/h2>\n\n\n\n<p>Marketing se rovn\u011b\u017e prov\u00e1d\u00ed prost\u0159ednictv\u00edm v\u00fdb\u011bru kupc\u016f z&nbsp;obecn\u00e9ho katalogu I.S.O.L.A. Objedn\u00e1vky se zas\u00edlaj\u00ed p\u0159\u00edmo do kancel\u00e1\u0159e I.S.O.L.A. Ceny se r\u016fzn\u00ed v&nbsp;z\u00e1vislosti na faktu, je-li objednavatel s\u00e1m obchodn\u00edkem \u010di nikoli.<\/p>\n\n\n\n<h2 class=\"wp-block-heading\">Sklad<\/h2>\n\n\n\n<p>Ve skladu, jeho\u017e management je p\u0159edm\u011btem smlouvy, se objevuje ve\u0161ker\u00e9 zbo\u017e\u00ed sm\u011b\u0159uj\u00edc\u00ed do r\u016fzn\u00fdch maloobchodn\u00edch prodejn\u00edch m\u00edst, z\u00e1soby ur\u010den\u00e9 k&nbsp;rozes\u00edl\u00e1n\u00ed objedn\u00e1vek a v\u00fdrobky ur\u010den\u00e9 k&nbsp;prezentaci na trz\u00edch a dal\u0161\u00edch akc\u00edch. I.S.O.L.A. chyst\u00e1 p\u0159esunut\u00ed skladu do prostorn\u011bj\u0161\u00edch a funk\u010dn\u011bj\u0161\u00edch prostor.<\/p>\n\n\n\n<h2 class=\"wp-block-heading\">Operace &#8222;I.S.O.L.A. d\u00e1rky&#8220;<\/h2>\n\n\n\n<p>Konvence ustanoven\u00e1 mezi I.S.O.L.A. a spole\u010dnost\u00ed SELL p\u0159edstavuje dal\u0161\u00ed prost\u0159edek propagace distribuce sardinsk\u00fdch um\u011bleck\u00fdch p\u0159edm\u011bt\u016f. To vy\u00fastilo v&nbsp;pe\u010dliv\u00e9 zkoum\u00e1n\u00ed mo\u017en\u00fdch \u0159e\u0161en\u00ed, p\u0159i\u010dem\u017e zvl\u00e1\u0161tn\u00ed pozornost se v\u011bnovala poli d\u00e1rk\u016f spole\u010dnost\u00ed. Toto posledn\u011b zm\u00edn\u011bn\u00e9 je trh s&nbsp;reklamn\u00edmi artikly se zv\u00fd\u0161en\u00fdm z\u00e1jmem o vysoce kvalitn\u00ed, origin\u00e1ln\u00ed v\u00fdrobky, kde by se ale m\u011bl l\u00e9pe vyu\u017e\u00edt vztah mezi kvalitou a cenou.<\/p>\n\n\n\n<p>Tento projekt pokra\u010duje ve organiza\u010dn\u00edch sledech 180 dn\u016f, kter\u00e9 si nezbytn\u011b mus\u00ed dovolit v\u00fdsledky operace.<\/p>\n\n\n\n<h2 class=\"wp-block-heading\">Reklama a propagace<\/h2>\n\n\n\n<p>Je dob\u0159e zn\u00e1m\u00fdm faktem, \u017ee by m\u011bla b\u00fdt ka\u017ed\u00e1 komer\u010dn\u00ed aktivita podporov\u00e1na reklamn\u00ed kampan\u00ed nebo propagac\u00ed, co\u017e je zcela z\u00e1sadn\u00ed pro napln\u011bn\u00ed n\u00e1sleduj\u00edc\u00edch podm\u00ednek:<\/p>\n\n\n\n<ul class=\"wp-block-list\"><li>aby se dostaly &#8222;sardinsk\u00e1 um\u011bleck\u00e1 \u0159emesla&#8220; do pov\u011bdom\u00ed potenci\u00e1ln\u00edch kupc\u016f, s&nbsp;c\u00edlem dostat se i do nov\u00fdch oblast\u00ed trhu<\/li><li>zd\u016fraznit autentick\u00fd lidov\u00fd p\u016fvod um\u011bleck\u00fdch v\u00fdrobk\u016f, dolo\u017een\u00ed spojen\u00ed s histori\u00ed a tradic\u00ed Sardinie jako hlavn\u00ed c\u00edl m\u00e1 propagaci, konsolidaci a vzr\u016fst prodeje.<\/li><li>Klienti a potenci\u00e1ln\u00ed kupci na\u0161ich v\u00fdrobk\u016f obecn\u011b pat\u0159\u00ed do st\u0159edn\u00ed a\u017e vy\u0161\u0161\u00ed st\u0159edn\u00ed vrstvy.<\/li><\/ul>\n\n\n\n<h2 class=\"wp-block-heading\">Obchodn\u00ed zna\u010dka p\u016fvodu a kvality<\/h2>\n\n\n\n<p>Na Sardinii se vyv\u00edjela typick\u00e1 um\u011bleck\u00e1 \u0159emesla, p\u0159i\u010dem\u017e si zachov\u00e1vala prav\u011bk\u00e9 techniky a metody. Produkty necharakterizuje ztr\u00e1ta kulturn\u00ed identity, jak tomu je na mnoh\u00fdch jin\u00fdch m\u00edstech, nejsou p\u0159ev\u00e1lcov\u00e1ny procesy industrializovan\u00e9 produkce. Evoluci sardinsk\u00fdch um\u011bleck\u00fdch \u0159emesel monitoruje a podporuje speci\u00e1ln\u00ed instituce I.S.O.L.A., kter\u00e1 poskytuje asistenci v&nbsp;marketingu produkt\u016f a technick\u00e9 a um\u011bleck\u00e9 poradenstv\u00ed na poli v\u00fdrobn\u00edm. Tak\u017ee se autentick\u00e9 tradi\u010dn\u00ed designy interpretovaly a nab\u00edzely bez jak\u00e9hokoli odklonu od hluboko zako\u0159en\u011bn\u00fdch kulturn\u00edch tradic. Ale sardinsk\u00e9 um\u011bleck\u00e9 \u0159emeslo se muselo pot\u00fdkat se zna\u010dnou konkurenc\u00ed na trhu, a to ze strany napodobenin a plagi\u00e1t\u016f, jak jsme ji\u017e v&nbsp;p\u0159edchoz\u00edm zm\u00ednili.<\/p>\n\n\n\n<p>Tak\u017ee jsme dosp\u011bli k&nbsp;rozhodnut\u00ed tato um\u011bleck\u00e1 \u0159emesla chr\u00e1nit prost\u0159ednictv\u00edm ochrann\u00e9 zn\u00e1mky, kter\u00e1 bude zaru\u010dovat kvalitu a originalitu produktu, kter\u00fd byl vytvo\u0159en na z\u00e1klad\u011b hluboce zako\u0159en\u011bn\u00fdch tradic. Tato v\u00fdzva na jedn\u00e9 stran\u011b pomohla ochr\u00e1nit sardinsk\u00e9 \u0159emesln\u00edky proti nef\u00e9rov\u00e9 konkurenci a na druh\u00e9 stran\u011b by vystupovala jako z\u00e1ruka vysoce kvalitn\u00edho propracovan\u00e9ho v\u00fdrobku.<\/p>\n\n\n\n<p>Ochrann\u00e1 zn\u00e1mka nese ozna\u010den\u00ed &#8222;Artigianato Sardegna&#8220; a zobrazuje stylizovan\u00e9ho kon\u011b; jej\u00edm \u00fa\u010delem je kontrola p\u016fvodu produkt\u016f a m\u00e1 zabr\u00e1nit pracovn\u00edk\u016fm a um\u011blc\u016fm ze zahrani\u010d\u00ed p\u0159ed pou\u017eit\u00edm t\u00e9ho\u017e ozna\u010den\u00ed.<\/p>\n\n\n\n<p>Pou\u017eit\u00ed ochrann\u00e9 zn\u00e1mky se povoluje ka\u017ed\u00e9mu v\u00fdrobku zvl\u00e1\u0161\u0165 a bere se ohled na procedury u\u017eit\u00e9 p\u0159i jeho v\u00fdrob\u011b jako nap\u0159. vyu\u017eit\u00ed stroj\u016f. Um\u011bleck\u00e1 povaha v\u00fdrobku je v\u0161ak zaji\u0161t\u011bna.<\/p>\n\n\n\n<p>Je t\u00edm p\u00e1dem jasn\u00e9, \u017ee z&nbsp;aplikace ochrann\u00e9 zn\u00e1mky, kter\u00e1 potvrzuje jak originalitu, tak kvalitu v\u00fdrobk\u016f, mohou \u0159emesln\u00edci jen z\u00edskat.<\/p>\n\n\n\n<p>Tato v\u00fdhoda je spojen\u00e1 s&nbsp;vz\u00e1jemn\u00fdm z\u00e1jmem o produkci dobr\u00e9 kvality podle vysok\u00e9ho standardu zaji\u0161t\u011bn\u00e9ho ochrannou zn\u00e1mkou, kter\u00e1 v&nbsp;tomto sm\u011bru hraje sp\u00ed\u0161e roli efektivn\u00edho prost\u0159edku reklamy.<\/p>\n\n\n\n<h2 class=\"wp-block-heading\">Katalog<\/h2>\n\n\n\n<p>Postupn\u011b bude I.S.O.L.A. propagovat v&nbsp;z\u00e1sad\u011b ty produkty nesouc\u00ed jej\u00ed obchodn\u00ed zna\u010dku, kter\u00e1 bude slou\u017eit jako z\u00e1ruka pro neznal\u00e9ho kupce kupuj\u00edc\u00edho sardinsk\u00e9 um\u011bleck\u00e9 p\u0159edm\u011bty.<\/p>\n\n\n\n<p>Nov\u00fd katalog se skl\u00e1d\u00e1 z&nbsp;voln\u00fdch list\u016f, dodnes v\u0161ak pouze ilustruj\u00edc\u00edch sardinsk\u00e9 um\u011bleck\u00e9 tkan\u00e9 p\u0159edm\u011bty, a byl pr\u00e1v\u011b vytisknut a byl sestaven p\u0159esn\u011b tak, aby obsahoval pe\u010dliv\u011b vybran\u00e9 p\u0159edm\u011bty.<\/p>\n\n\n\n<p><em>Luigi Stagno<\/em><\/p>\n","protected":false},"excerpt":{"rendered":"<p>Evropsk\u00e1 federace lidov\u00fdch um\u011bn\u00ed a \u0159emesel Pokud se na str\u00e1nk\u00e1ch Federace&nbsp;www.folkartandcraft.net&nbsp;chceme dozv\u011bd\u011bt n\u011bjak\u00e9 bli\u017e\u0161\u00ed informace o organizaci lidov\u00e9ho um\u011bn\u00ed a \u0159emeslnictv\u00ed v&nbsp;It\u00e1lii &#8211; Sardegna Villanuova, &hellip; <\/p>\n","protected":false},"author":1,"featured_media":0,"parent":18,"menu_order":0,"comment_status":"closed","ping_status":"closed","template":"","meta":{"footnotes":""},"class_list":["post-91","page","type-page","status-publish","hentry"],"_links":{"self":[{"href":"https:\/\/lidovaremesla.cz\/web\/wp-json\/wp\/v2\/pages\/91","targetHints":{"allow":["GET"]}}],"collection":[{"href":"https:\/\/lidovaremesla.cz\/web\/wp-json\/wp\/v2\/pages"}],"about":[{"href":"https:\/\/lidovaremesla.cz\/web\/wp-json\/wp\/v2\/types\/page"}],"author":[{"embeddable":true,"href":"https:\/\/lidovaremesla.cz\/web\/wp-json\/wp\/v2\/users\/1"}],"replies":[{"embeddable":true,"href":"https:\/\/lidovaremesla.cz\/web\/wp-json\/wp\/v2\/comments?post=91"}],"version-history":[{"count":1,"href":"https:\/\/lidovaremesla.cz\/web\/wp-json\/wp\/v2\/pages\/91\/revisions"}],"predecessor-version":[{"id":92,"href":"https:\/\/lidovaremesla.cz\/web\/wp-json\/wp\/v2\/pages\/91\/revisions\/92"}],"up":[{"embeddable":true,"href":"https:\/\/lidovaremesla.cz\/web\/wp-json\/wp\/v2\/pages\/18"}],"wp:attachment":[{"href":"https:\/\/lidovaremesla.cz\/web\/wp-json\/wp\/v2\/media?parent=91"}],"curies":[{"name":"wp","href":"https:\/\/api.w.org\/{rel}","templated":true}]}}