{"id":93,"date":"2021-04-13T09:07:46","date_gmt":"2021-04-13T07:07:46","guid":{"rendered":"https:\/\/lidovaremesla.cz\/web\/?page_id=93"},"modified":"2021-04-13T09:07:46","modified_gmt":"2021-04-13T07:07:46","slug":"madarsko-adresar","status":"publish","type":"page","link":"https:\/\/lidovaremesla.cz\/web\/evropska-federace-remesel\/madarsko-adresar\/","title":{"rendered":"Ma\u010farsko &#8211; adres\u00e1\u0159"},"content":{"rendered":"\n<figure class=\"wp-block-image\"><img decoding=\"async\" src=\"https:\/\/www.lidovaremesla.cz\/images\/madarsko.png\" alt=\"Ma\u010farsko\"\/><\/figure>\n\n\n\n<p>Pokud se na domovsk\u00e9 str\u00e1nce Evropsk\u00e9 federace lidov\u00fdch um\u011bn\u00ed a \u0159emesel&nbsp;<a href=\"http:\/\/www.folkartandcraft.net\/\">www.folkartandcraft.net<\/a>&nbsp;klikne na vlajku Ma\u010farska, objev\u00ed se n\u011bkolik z\u00e1kladn\u00edch \u00fadaj\u016f o organizaci lidov\u00e9ho um\u011bn\u00ed a \u0159emesel v&nbsp;t\u00e9to zemi.<\/p>\n\n\n\n<p><strong>Hungarian Handicraft and Folkart association<\/strong><\/p>\n\n\n\n<p>(asociace ma\u010farsk\u00e9ho lidov\u00e9ho um\u011bn\u00ed a \u0159emeslnictv\u00ed)<\/p>\n\n\n\n<p>C\u00edlem asociace je vytv\u00e1\u0159et a rozv\u00edjet ma\u010farsk\u00e9 lidov\u00e9 um\u011bn\u00ed prost\u0159ednictv\u00edm tradic a jejich p\u0159ibl\u00ed\u017een\u00edm \u017eivotn\u00edmu stylu mlad\u0161\u00edch generac\u00ed. Je obzvl\u00e1\u0161\u0165 d\u016fle\u017eit\u00e9 vzbudit z\u00e1jem mlad\u0161\u00edch generac\u00ed o tradice na\u0161eho lidov\u00e9ho um\u011bn\u00ed, nebo\u0165 pokra\u010dov\u00e1n\u00ed na\u0161eho bohat\u00e9ho a cenn\u00e9ho kulturn\u00edho d\u011bdictv\u00ed bude jejich \u00falohou.<\/p>\n\n\n\n<p>V\u00fduka mlad\u00e9 generace prob\u00edh\u00e1 na r\u016fzn\u00fdch \u00farovn\u00edch od z\u00e1kladn\u00edch studijn\u00edch krou\u017ek\u016f p\u0159es specializovan\u00e9 \u0159emeslnick\u00e9 \u0161koly a\u017e k&nbsp;Univerzit\u011b aplikovan\u00fdch um\u011bn\u00ed a postgradu\u00e1ln\u00edm kurz\u016fm.<\/p>\n\n\n\n<p>Nejd\u016fle\u017eit\u011bj\u0161\u00ed oblasti na\u0161\u00ed v\u00fdroby jsou keramika, pleten\u00ed, vy\u0161\u00edv\u00e1n\u00ed, d\u0159evo\u0159ezba.<\/p>\n\n\n\n<p>tradi\u010dn\u00ed lidov\u00e9 um\u011bn\u00ed a nov\u011b vyvinut\u00e9 \u0159emeslnick\u00e9 v\u00fdrobky lze zakoupit v&nbsp;n\u00e1sleduj\u00edc\u00edch prodejn\u00e1ch:Exclusive Shop of the Folkart CooperativesBudapest, R\u00e9giposta utca 12Shops of the Folkart and Handicraft Cooperatives of HevesHeves, Koss\u00fath ut. 28 a dal\u0161\u00edch<\/p>\n\n\n\n<p><strong>MaGYaR N\u00c9PMUV\u00c9SZET<\/strong><\/p>\n\n\n\n<p>(Hungarian Handicraft and Folkart association)<\/p>\n\n\n\n<figure class=\"wp-block-table\"><table><tbody><tr><th>adresa:<\/th><td>Magyar N\u00e9pmuv\u00e9szetHungarian Handicraft and Folkart associationKossuth Lajos utca 4.1053 BudapestHungary<\/td><\/tr><\/tbody><\/table><\/figure>\n\n\n\n<p>:Telefon:0036 1 2668043 :Fax: 0036 1 2668043<\/p>\n\n\n\n<figure class=\"wp-block-table\"><table><tbody><tr><th>Email:<\/th><td><a href=\"mailto:scanmed@elendet.hu\">scanmed@elendet.hu<\/a><\/td><\/tr><tr><th>WWW:<\/th><td><a href=\"http:\/\/www.folkinfo.net\/\" target=\"_blank\" rel=\"noreferrer noopener\">www.folkinfo.net<\/a><\/td><\/tr><\/tbody><\/table><\/figure>\n\n\n\n<p>Ofici\u00e1ln\u00ed str\u00e1nky Magyar N\u00e9pmuv\u00e9szet<\/p>\n\n\n\n<p>Tyto str\u00e1nky z\u0159ejm\u011b existuj\u00ed, ale v&nbsp;sou\u010dasnosti je patrn\u011b&nbsp;<a href=\"http:\/\/www.folkinfo.net\/\">http:\/\/www.folkinfo.net<\/a>&nbsp;do\u010dasn\u011b mimo provoz, je mo\u017en\u00e9, \u017ee prob\u00edh\u00e1 jejich roz\u0161\u00ed\u0159en\u00ed, rekonstrukce \u010di jin\u00e9 \u00fapravy. Proto je moment\u00e1ln\u011b nelze zobrazit.<\/p>\n","protected":false},"excerpt":{"rendered":"<p>Pokud se na domovsk\u00e9 str\u00e1nce Evropsk\u00e9 federace lidov\u00fdch um\u011bn\u00ed a \u0159emesel&nbsp;www.folkartandcraft.net&nbsp;klikne na vlajku Ma\u010farska, objev\u00ed se n\u011bkolik z\u00e1kladn\u00edch \u00fadaj\u016f o organizaci lidov\u00e9ho um\u011bn\u00ed a \u0159emesel &hellip; <\/p>\n","protected":false},"author":1,"featured_media":0,"parent":18,"menu_order":0,"comment_status":"closed","ping_status":"closed","template":"","meta":{"footnotes":""},"class_list":["post-93","page","type-page","status-publish","hentry"],"_links":{"self":[{"href":"https:\/\/lidovaremesla.cz\/web\/wp-json\/wp\/v2\/pages\/93","targetHints":{"allow":["GET"]}}],"collection":[{"href":"https:\/\/lidovaremesla.cz\/web\/wp-json\/wp\/v2\/pages"}],"about":[{"href":"https:\/\/lidovaremesla.cz\/web\/wp-json\/wp\/v2\/types\/page"}],"author":[{"embeddable":true,"href":"https:\/\/lidovaremesla.cz\/web\/wp-json\/wp\/v2\/users\/1"}],"replies":[{"embeddable":true,"href":"https:\/\/lidovaremesla.cz\/web\/wp-json\/wp\/v2\/comments?post=93"}],"version-history":[{"count":1,"href":"https:\/\/lidovaremesla.cz\/web\/wp-json\/wp\/v2\/pages\/93\/revisions"}],"predecessor-version":[{"id":94,"href":"https:\/\/lidovaremesla.cz\/web\/wp-json\/wp\/v2\/pages\/93\/revisions\/94"}],"up":[{"embeddable":true,"href":"https:\/\/lidovaremesla.cz\/web\/wp-json\/wp\/v2\/pages\/18"}],"wp:attachment":[{"href":"https:\/\/lidovaremesla.cz\/web\/wp-json\/wp\/v2\/media?parent=93"}],"curies":[{"name":"wp","href":"https:\/\/api.w.org\/{rel}","templated":true}]}}