{"id":97,"date":"2021-04-13T09:09:36","date_gmt":"2021-04-13T07:09:36","guid":{"rendered":"https:\/\/lidovaremesla.cz\/web\/?page_id=97"},"modified":"2021-04-13T09:09:36","modified_gmt":"2021-04-13T07:09:36","slug":"norsko-adresar","status":"publish","type":"page","link":"https:\/\/lidovaremesla.cz\/web\/evropska-federace-remesel\/norsko-adresar\/","title":{"rendered":"Norsko &#8211; adres\u00e1\u0159"},"content":{"rendered":"\n<figure class=\"wp-block-image\"><img decoding=\"async\" src=\"https:\/\/www.lidovaremesla.cz\/images\/Norway.gif\" alt=\"Norsko\"\/><\/figure>\n\n\n\n<p>Norges Husflidslag je nekomer\u010dn\u00ed organizace s&nbsp;21&nbsp;000 \u010dleny. Organizace byla zalo\u017eena v&nbsp;roce 1910. Norges Husflidslag si klade za c\u00edl pos\u00edlit \u017eivouc\u00ed tradici \u0159emesel v&nbsp;Norsku, a to prost\u0159ednictv\u00edm organizace aktivit a projekt\u016f, kter\u00e9 vzbuzuj\u00ed z\u00e1jem a poskytuj\u00ed v\u011bdomosti, na jejich\u017e z\u00e1klad\u011b m\u016f\u017ee prob\u00edhat v\u00fdroba a prodej modern\u00edch \u0159emeslnick\u00fdch produkt\u016f.<\/p>\n\n\n\n<p>Organizace m\u00e1 po cel\u00e9 zemi 38 obchod\u016f. V&nbsp;nich jsou vysoce kvalitn\u00ed \u0159emeslnick\u00e9 produkty a \u0161irok\u00fd v\u00fdb\u011br n\u00e1rodn\u00edch kroj\u016f. Pro bli\u017e\u0161\u00ed informace slou\u017e\u00ed ofici\u00e1ln\u00ed str\u00e1nky:<\/p>\n\n\n\n<figure class=\"wp-block-table\"><table><tbody><tr><th>WWW:<\/th><td><a href=\"http:\/\/www.husfliden.no\/\">www.husfliden.no<\/a><\/td><\/tr><\/tbody><\/table><\/figure>\n\n\n\n<p>Informace o ve\u010dern\u00edch nebo t\u00fddenn\u00edch kurzech v\u0161ech druh\u016f tradi\u010dn\u00edch \u0159emeslnick\u00fdch prac\u00ed:<\/p>\n\n\n\n<figure class=\"wp-block-table\"><table><tbody><tr><th>WWW:<\/th><td><a href=\"http:\/\/www.folkekultur.no\/\" target=\"_blank\" rel=\"noreferrer noopener\">www.folkekultur.no<\/a><\/td><\/tr><tr><th>Email:<\/th><td><a href=\"mailto:Holmen@husflid.no\">Holmen@husflid.no<\/a><\/td><\/tr><\/tbody><\/table><\/figure>\n\n\n\n<p>Norges Husflidslag publikuj\u00ed \u0161estkr\u00e1t do roka \u010dasopis, kter\u00fd se jmenuje Norsk Husflid.<\/p>\n\n\n\n<p>Kontakty na Norges Husflidslag.<\/p>\n\n\n\n<figure class=\"wp-block-table\"><table><tbody><tr><th>Adresa:<\/th><td>Norges HusflidslagKirkegaten 32P.O. Box 860Centrum 0104 OsloN &#8211; Norway<\/td><\/tr><tr><th>Telefon:<\/th><td>+47 22 00 87 00<\/td><\/tr><tr><th>WWW:<\/th><td><a href=\"http:\/\/www.husflid.no\/\" target=\"_blank\" rel=\"noreferrer noopener\">www.husflid.no<\/a><\/td><\/tr><tr><th>Email:<\/th><td><a href=\"mailto:post@husflid.no\">post@husflid.no<\/a>,&nbsp;<a href=\"mailto:Tove@husflid.no\">Tove@husflid.no<\/a><\/td><\/tr><\/tbody><\/table><\/figure>\n\n\n\n<h2 class=\"wp-block-heading\">Ofici\u00e1ln\u00ed str\u00e1nky Norges Husflidslag<\/h2>\n\n\n\n<p>Pozn. Str\u00e1nky&nbsp;<a href=\"http:\/\/www.husflid.no\/\">www.husflid.no<\/a>&nbsp;uveden\u00e9 Federac\u00ed ne\u0161lo zobrazit, proto jsem zpracovala ofici\u00e1ln\u00ed str\u00e1nky norsk\u00fdch kroj\u016f.<\/p>\n\n\n\n<p>Na adrese ofici\u00e1ln\u00edch str\u00e1nek&nbsp;<a href=\"http:\/\/www.husfliden.no\/\" target=\"_blank\" rel=\"noreferrer noopener\">www.husfliden.no<\/a>&nbsp;jsou uvedeny v\u0161echny tradi\u010dn\u00ed bunady (kroje) Norska a d\u00e1le dva hlavn\u00ed pododkazy &#8211; Bunady v&nbsp;Norsku a Historie a bunady.<\/p>\n\n\n\n<p><strong>Bunady v&nbsp;Norsku<\/strong><\/p>\n\n\n\n<p>Pro v\u011bt\u0161inu lid\u00ed je bunad druh druh \u0161at\u016f, kter\u00fd odr\u00e1\u017e\u00ed identitu toho, kdo jej obl\u00e9k\u00e1. I kdy\u017e si n\u011bkte\u0159\u00ed vyberou bunad podle jeho vzez\u0159en\u00ed, shled\u00e1v\u00e1me, \u017ee lid\u00e9 si v\u011bt\u0161inou vyb\u00edraj\u00ed tento lidov\u00fd kroj podle geografick\u00e9 p\u0159\u00edslu\u0161nosti. Pokud si pro sebe bunad kupujete, nesty\u010fte se pokl\u00e1dat &#8222;hloup\u00e9&#8220; dotazy o tradic\u00edch star\u00e9ho lidov\u00e9ho kroje a pozad\u00ed bundu. Husfliden V\u00e1m v\u0161echny dotazy ohledn\u011b bunad ochotn\u011b zodpov\u00ed.<\/p>\n\n\n\n<p><strong>Historie a bunady<\/strong><\/p>\n\n\n\n<p>Nejenom nor\u0161t\u00ed nad\u0161enci projevuj\u00ed z\u00e1jem o bunady a tradi\u010dn\u00ed lidov\u00e9 o\u0161acen\u00ed. Zaj\u00edmaj\u00ed se o n\u011b i mlad\u00ed lid\u00e9. Popt\u00e1vka po informac\u00edch a expert\u00edze je tak\u0159ka v\u011bt\u0161\u00ed ne\u017e nab\u00eddka. Na Husflidenu se neust\u00e1le zvy\u0161uje pot\u0159eba informovanosti person\u00e1lu, aby mohl z\u00e1kazn\u00edk\u016fm poskytovat co nejodborn\u011bj\u0161\u00ed poradenstv\u00ed. Proto se Husfliden chopil iniciativy vydat knihu zobrazuj\u00edc\u00ed v\u0161echny bunady, kter\u00e9 jsou k&nbsp;m\u00e1n\u00ed v&nbsp;prodejn\u00e1ch po cel\u00e9m Norsku. Tyto webov\u00e9 str\u00e1nky jsou internetovou verz\u00ed zm\u00edn\u011bn\u00e9 knihy. Nyn\u00ed v\u0161ichni, co maj\u00ed p\u0159\u00edstup na internet se na na\u0161ich str\u00e1nk\u00e1ch mohou dozv\u011bd\u011bt v\u0161e o bunad\u00e1ch , a\u0165 u\u017e jsou na sv\u011bt\u011b kdekoli.<\/p>\n","protected":false},"excerpt":{"rendered":"<p>Norges Husflidslag je nekomer\u010dn\u00ed organizace s&nbsp;21&nbsp;000 \u010dleny. Organizace byla zalo\u017eena v&nbsp;roce 1910. Norges Husflidslag si klade za c\u00edl pos\u00edlit \u017eivouc\u00ed tradici \u0159emesel v&nbsp;Norsku, a to &hellip; <\/p>\n","protected":false},"author":1,"featured_media":0,"parent":18,"menu_order":0,"comment_status":"closed","ping_status":"closed","template":"","meta":{"footnotes":""},"class_list":["post-97","page","type-page","status-publish","hentry"],"_links":{"self":[{"href":"https:\/\/lidovaremesla.cz\/web\/wp-json\/wp\/v2\/pages\/97","targetHints":{"allow":["GET"]}}],"collection":[{"href":"https:\/\/lidovaremesla.cz\/web\/wp-json\/wp\/v2\/pages"}],"about":[{"href":"https:\/\/lidovaremesla.cz\/web\/wp-json\/wp\/v2\/types\/page"}],"author":[{"embeddable":true,"href":"https:\/\/lidovaremesla.cz\/web\/wp-json\/wp\/v2\/users\/1"}],"replies":[{"embeddable":true,"href":"https:\/\/lidovaremesla.cz\/web\/wp-json\/wp\/v2\/comments?post=97"}],"version-history":[{"count":1,"href":"https:\/\/lidovaremesla.cz\/web\/wp-json\/wp\/v2\/pages\/97\/revisions"}],"predecessor-version":[{"id":98,"href":"https:\/\/lidovaremesla.cz\/web\/wp-json\/wp\/v2\/pages\/97\/revisions\/98"}],"up":[{"embeddable":true,"href":"https:\/\/lidovaremesla.cz\/web\/wp-json\/wp\/v2\/pages\/18"}],"wp:attachment":[{"href":"https:\/\/lidovaremesla.cz\/web\/wp-json\/wp\/v2\/media?parent=97"}],"curies":[{"name":"wp","href":"https:\/\/api.w.org\/{rel}","templated":true}]}}